{"id":1005,"date":"2018-06-29T17:48:30","date_gmt":"2018-06-29T20:48:30","guid":{"rendered":"https:\/\/ensvillaguay-ers.infd.edu.ar\/sitio\/informacion-para-estudiantes-del-instituto\/"},"modified":"2023-03-06T21:30:06","modified_gmt":"2023-03-07T00:30:06","slug":"informacion-para-estudiantes-del-instituto","status":"publish","type":"page","link":"https:\/\/ensvillaguay-ers.infd.edu.ar\/sitio\/informacion-para-estudiantes-del-instituto\/","title":{"rendered":"Informaci\u00f3n para Alumnado &#8211; Nivel Superior"},"content":{"rendered":"<p style=\"text-align: justify;\"><span style=\"text-decoration: underline; color: #0000ff; font-family: 'trebuchet ms', geneva, sans-serif; font-size: 14pt;\"><strong><span style=\"color: #0000ff; text-decoration: underline;\">Mesas evaluadoras especiales turno OCTUBRE 2022 (Res. 5750\/17 CGE)<\/span><\/strong><\/span><\/p>\n<p style=\"text-align: justify;\"><em>La Secretar\u00eda Acad\u00e9mica del\u00a0<span style=\"font-family: 'trebuchet ms', geneva, sans-serif; font-size: 12pt;\">ISFD de la ENS \u00abMartiniano Leguizam\u00f3n\u00bb les informa el\u00a0<\/span>cronograma de mesas evaluadoras del turno <strong>Octubre 2018<\/strong>.\u00a0<\/em><em>Se constituir\u00e1n desde el lunes 8 hasta el jueves 11 de octubre, a partir de las 17:30 hs. y sin suspensi\u00f3n de clases.<\/em><\/p>\n<p>Descargar el <span style=\"color: #0000ff;\"><a style=\"color: #0000ff;\" href=\"https:\/\/ensvillaguay-ers.infd.edu.ar\/sitio\/wp-content\/uploads\/2018\/10\/Mesas-especiales-turno-OCTUBRE-2018.pdf\" target=\"_blank\" rel=\"noopener\"><strong>Cronograma Mesas especiales OCTUBRE 2022<\/strong><\/a><\/span><\/p>\n<div style=\"text-align: justify;\"><em>Saludos<\/em><\/div>\n<div style=\"text-align: justify;\"><em>Valeria Schierloh\u00a0<\/em><\/div>\n<div style=\"text-align: justify;\">\n<p><em><em>Secretaria Acad\u00e9mica<\/em><\/em><\/p>\n<hr \/>\n<\/div>\n<p style=\"text-align: justify;\"><span style=\"text-decoration: underline; color: #0000ff; font-family: 'trebuchet ms', geneva, sans-serif; font-size: 14pt;\"><strong><span style=\"color: #0000ff; text-decoration: underline;\">Informaci\u00f3n para estudiantes del Profesorado de Educaci\u00f3n Secundaria en Biolog\u00eda<\/span><\/strong><\/span><\/p>\n<p style=\"text-align: justify;\"><em><span style=\"font-family: 'trebuchet ms', geneva, sans-serif; font-size: 12pt;\">La Rector\u00eda del ISFD de la ENS \u00abMartiniano Leguizam\u00f3n\u00bb informa\u00a0que\u00a0a partir del lunes 19 de Marzo de 2018, los estudiantes del Profesorado de Educaci\u00f3n Secundaria en Biolog\u00eda podr\u00e1n pasar a retirar las constancias de materias aprobadas solicitadas con anticipaci\u00f3n.<\/span><\/em><\/p>\n<p style=\"text-align: justify;\"><em><span style=\"font-family: 'trebuchet ms', geneva, sans-serif; font-size: 12pt;\">Deber\u00e1n pasar por\u00a0<span style=\"font-size: 14pt; color: #ff6600;\"><strong>ADMINISTRACI\u00d3N\u00a0<\/strong><\/span>en el horario de 17:30 a 22 hs.<\/span><\/em><\/p>\n<hr \/>\n<p style=\"text-align: justify;\"><span style=\"text-decoration: underline; color: #0000ff; font-family: 'trebuchet ms', geneva, sans-serif; font-size: 14pt;\"><strong><span style=\"color: #0000ff; text-decoration: underline;\">Inscripci\u00f3n Mesas Examinadoras Turno NOVIEMBRE\/DICIEMBRE 2017<\/span><\/strong><\/span><\/p>\n<p style=\"text-align: justify;\"><em><span style=\"font-family: 'trebuchet ms', geneva, sans-serif; font-size: 12pt;\">Desde la Rector\u00eda del ISFD de la ENS \u00abMartiniano Leguizam\u00f3n\u00bb se informa que est\u00e1 abierta la inscripci\u00f3n a las mesas examinadoras Turno Noviembre\/Diciembre,\u00a0desde el viernes 10\/11\/17 hasta el\u00a0martes\u00a014\/11\/17 inclusive. Para la inscripci\u00f3n deber\u00e1n sacar fotocopia de la planilla en el kiosko del establecimiento, completarlo y presentarlo en la\u00a0Administraci\u00f3n\u00a0del Instituto. Se podr\u00e1n inscribir en los 2 llamados.<\/span><\/em><\/p>\n<div>\n<p><em><span style=\"font-family: 'trebuchet ms', geneva, sans-serif; font-size: 12pt;\">Las mesas son a partir del 21\/11\/17. Pr\u00f3ximamente se publicar\u00e1n en el sitio web del Instituto.<\/span><\/em><\/p>\n<p><span style=\"color: #ff0000;\"><strong><em><span style=\"font-family: 'trebuchet ms', geneva, sans-serif; font-size: 12pt;\">NO SE ACEPTAR\u00c1N PLANILLAS DE INSCRIPCI\u00d3N FUERA DE LAS FECHAS ESTIPULADAS.<\/span><\/em><\/strong><\/span><\/p>\n<hr \/>\n<p style=\"text-align: justify;\"><span style=\"text-decoration: underline; color: #0000ff; font-family: 'trebuchet ms', geneva, sans-serif; font-size: 14pt;\"><strong><a title=\"MESAS TURNO JULIO AGOSTO 2017\" href=\"upload\/MESAS_TURNO_JULIO_AGOSTO_2017.pdf\" target=\"_blank\" rel=\"noopener\"><span style=\"color: #0000ff; text-decoration: underline;\">Fechas de ex\u00e1menes Turno JULIO\/AGOSTO 2017<\/span><\/a><\/strong><\/span><\/p>\n<p style=\"text-align: justify;\"><em><span style=\"font-family: 'trebuchet ms', geneva, sans-serif; font-size: 12pt;\"><span style=\"color: #000000;\">Se encuentran disponibles las fechas de las mesas de ex\u00e1men para el turno Julio\/Agosto 2017 para todas las carreras del Nivel Superior.<\/span><\/span><\/em><\/p>\n<hr \/>\n<p style=\"text-align: justify;\"><span style=\"text-decoration: underline; font-family: 'trebuchet ms', geneva, sans-serif; font-size: 14pt;\"><span style=\"color: #0000ff;\"><strong>Pr\u00e9stamo de Netbooks a estudiantes del Nivel Superior\u00a0<\/strong><\/span><\/span><\/p>\n<p style=\"text-align: justify;\"><em><span style=\"font-family: 'trebuchet ms', geneva, sans-serif; font-size: 12pt;\">A partir del 19 de octubre de 2016, la Rector\u00eda del ISFD de la ENS \u00abMartiniano Leguizam\u00f3n\u00bb ha emitido una resoluci\u00f3n aprobando la implementaci\u00f3n de un sistema de pr\u00e9stamo de netbooks a aquellos estudiantes del nivel superior que por alg\u00fan motivo no posean computadora para realizar los trabajos solicitados por sus docentes.<\/span><\/em><\/p>\n<p style=\"text-align: justify;\"><em><span style=\"font-family: 'trebuchet ms', geneva, sans-serif; font-size: 12pt;\">En dicha resoluci\u00f3n se presenta adem\u00e1s, el procedimiento a seguir para solicitar el pr\u00e9stamo de una netbook.<\/span><\/em><\/p>\n<p style=\"text-align: justify;\"><em><span style=\"font-family: 'trebuchet ms', geneva, sans-serif; font-size: 12pt;\">Se puede ver\/descargar la resoluci\u00f3n\u00a0<span style=\"color: #0000ff;\"><strong><a title=\"Resoluci\u00f3n Rector\u00eda Pr\u00e9stamo Netbooks\" href=\"upload\/Resolucion_Rectoria_Prestamo_Netbooks_1.pdf\" target=\"_blank\" rel=\"noopener\">aqu\u00ed<\/a><\/strong><\/span><\/span><\/em><\/p>\n<\/div>\n","protected":false},"excerpt":{"rendered":"<p>Mesas evaluadoras especiales turno OCTUBRE 2022 (Res. 5750\/17 CGE) La Secretar\u00eda Acad\u00e9mica del\u00a0ISFD de la ENS \u00abMartiniano Leguizam\u00f3n\u00bb les informa el\u00a0cronograma de mesas evaluadoras del turno Octubre 2018.\u00a0Se constituir\u00e1n desde el lunes 8 hasta el jueves 11 de octubre, a partir de las 17:30 hs. y sin suspensi\u00f3n de clases. Descargar el Cronograma Mesas especiales &#8230; <a title=\"Informaci\u00f3n para Alumnado &#8211; Nivel Superior\" class=\"read-more\" href=\"https:\/\/ensvillaguay-ers.infd.edu.ar\/sitio\/informacion-para-estudiantes-del-instituto\/\" aria-label=\"More on Informaci\u00f3n para Alumnado &#8211; Nivel Superior\">[+]<\/a><\/p>\n","protected":false},"author":1046,"featured_media":0,"parent":0,"menu_order":0,"comment_status":"closed","ping_status":"closed","template":"","meta":[],"acf":[],"_links":{"self":[{"href":"https:\/\/ensvillaguay-ers.infd.edu.ar\/sitio\/wp-json\/wp\/v2\/pages\/1005"}],"collection":[{"href":"https:\/\/ensvillaguay-ers.infd.edu.ar\/sitio\/wp-json\/wp\/v2\/pages"}],"about":[{"href":"https:\/\/ensvillaguay-ers.infd.edu.ar\/sitio\/wp-json\/wp\/v2\/types\/page"}],"author":[{"embeddable":true,"href":"https:\/\/ensvillaguay-ers.infd.edu.ar\/sitio\/wp-json\/wp\/v2\/users\/1046"}],"replies":[{"embeddable":true,"href":"https:\/\/ensvillaguay-ers.infd.edu.ar\/sitio\/wp-json\/wp\/v2\/comments?post=1005"}],"version-history":[{"count":11,"href":"https:\/\/ensvillaguay-ers.infd.edu.ar\/sitio\/wp-json\/wp\/v2\/pages\/1005\/revisions"}],"predecessor-version":[{"id":7882,"href":"https:\/\/ensvillaguay-ers.infd.edu.ar\/sitio\/wp-json\/wp\/v2\/pages\/1005\/revisions\/7882"}],"wp:attachment":[{"href":"https:\/\/ensvillaguay-ers.infd.edu.ar\/sitio\/wp-json\/wp\/v2\/media?parent=1005"}],"curies":[{"name":"wp","href":"https:\/\/api.w.org\/{rel}","templated":true}]}}