{"id":10117,"date":"2023-11-06T19:26:45","date_gmt":"2023-11-06T22:26:45","guid":{"rendered":"https:\/\/ensvillaguay-ers.infd.edu.ar\/sitio\/?page_id=10117"},"modified":"2023-11-06T19:26:47","modified_gmt":"2023-11-06T22:26:47","slug":"iv-jornadas-de-reflexion-del-campo-de-la-practica-docente-2021","status":"publish","type":"page","link":"https:\/\/ensvillaguay-ers.infd.edu.ar\/sitio\/iv-jornadas-de-reflexion-del-campo-de-la-practica-docente-2021\/","title":{"rendered":"IV Jornadas de Reflexi\u00f3n del Campo de la Pr\u00e1ctica Docente &#8211; 2021"},"content":{"rendered":"<h5 style=\"text-align: center;\"><strong><span style=\"color: #ff6600;\">\u00abPedagog\u00eda y Formaci\u00f3n Docente en Pospandemia\u201d. A cien a\u00f1os del natalicio de Paulo Freire<\/span><\/strong><\/h5>\n<h5 style=\"text-align: center;\"><span style=\"color: #ff6600;\"><strong>Agenda<\/strong><\/span><\/h5>\n<h5 style=\"text-align: center;\"><span style=\"color: #ff6600;\">Encuentro Virtual<\/span><\/h5>\n<p><strong><img decoding=\"async\" src=\"https:\/\/ensvillaguay-ers.infd.edu.ar\/sitio\/wp-content\/uploads\/2023\/10\/siguiente-boton.png\" \/> Primer d\u00eda: 03 de noviembre de 17:30 h a 21h<\/strong><\/p>\n<ul>\n<li>17:30 h &#8211; Apertura a cargo de las autoridades de la Instituci\u00f3n<\/li>\n<li>18 h &#8211; \u00abRedes de conocimiento e interdisciplina, nuevas alternativas para la ense\u00f1anza\u00bb a cargo del Lic. Pablo Tenaglia.<br \/>Coordinan Mg. Jorgelina Chale y Dra. Alejandra Barbar.<\/li>\n<li>19:30 h &#8211; \u00abSujeto, Pandemia y las problem\u00e1ticas contempor\u00e1neas\u00bb a cargo de la Lic. Mariana Dimotta y la Lic. Mar\u00eda Rosa Demonte. Coordina Prof. Ren\u00e9 Escudero<\/li>\n<\/ul>\n<p><strong><img decoding=\"async\" src=\"https:\/\/ensvillaguay-ers.infd.edu.ar\/sitio\/wp-content\/uploads\/2023\/10\/siguiente-boton.png\" \/> Segundo d\u00eda: 04 de noviembre de 17:30 h a 21h<\/strong><\/p>\n<ul>\n<li>17:30 h \u2013 Apertura a cargo de las autoridades de la Instituci\u00f3n<\/li>\n<li>18 h \u2013 \u00abResignificar la Pedagog\u00eda de Paulo Freire para pensar la educaci\u00f3n actual\u00bb, a cargo del Prof. Orlando \u00abNano\u00bb Balbo.<br \/>Coordinan Lic. Luciana Tourn y Prof. Leticia Perrouchoud.<\/li>\n<li>19:30 h \u2013 \u00abEvaluaci\u00f3n: di\u00e1logo y reflexi\u00f3n\u00bb, a cargo de la Dra. Milagros Rafaghelli. Coordinan Prof. Leonor Ortiz y Prof. Ver\u00f3nica Barcos.<\/li>\n<\/ul>\n\n\n<figure class=\"wp-block-gallery has-nested-images columns-default is-cropped wp-block-gallery-1 is-layout-flex\">\n<figure class=\"wp-block-image size-large\"><img decoding=\"async\" loading=\"lazy\" width=\"729\" height=\"429\" data-id=\"10119\"  src=\"https:\/\/ensvillaguay-ers.infd.edu.ar\/sitio\/wp-content\/uploads\/2023\/11\/1.png\" alt=\"\" class=\"wp-image-10119\"\/><\/figure>\n\n\n\n<figure class=\"wp-block-image size-large\"><img decoding=\"async\" loading=\"lazy\" width=\"732\" height=\"426\" data-id=\"10118\"  src=\"https:\/\/ensvillaguay-ers.infd.edu.ar\/sitio\/wp-content\/uploads\/2023\/11\/2.png\" alt=\"\" class=\"wp-image-10118\"\/><\/figure>\n\n\n\n<figure class=\"wp-block-image size-large\"><img decoding=\"async\" loading=\"lazy\" width=\"727\" height=\"401\" data-id=\"10124\"  src=\"https:\/\/ensvillaguay-ers.infd.edu.ar\/sitio\/wp-content\/uploads\/2023\/11\/3.png\" alt=\"\" class=\"wp-image-10124\"\/><\/figure>\n\n\n\n<figure class=\"wp-block-image size-large\"><img decoding=\"async\" loading=\"lazy\" width=\"719\" height=\"411\" data-id=\"10120\"  src=\"https:\/\/ensvillaguay-ers.infd.edu.ar\/sitio\/wp-content\/uploads\/2023\/11\/4.png\" alt=\"\" class=\"wp-image-10120\"\/><\/figure>\n\n\n\n<figure class=\"wp-block-image size-large\"><img decoding=\"async\" loading=\"lazy\" width=\"719\" height=\"403\" data-id=\"10122\"  src=\"https:\/\/ensvillaguay-ers.infd.edu.ar\/sitio\/wp-content\/uploads\/2023\/11\/5.png\" alt=\"\" class=\"wp-image-10122\"\/><\/figure>\n\n\n\n<figure class=\"wp-block-image size-large\"><img decoding=\"async\" loading=\"lazy\" width=\"719\" height=\"409\" data-id=\"10123\"  src=\"https:\/\/ensvillaguay-ers.infd.edu.ar\/sitio\/wp-content\/uploads\/2023\/11\/6.png\" alt=\"\" class=\"wp-image-10123\"\/><\/figure>\n\n\n\n<figure class=\"wp-block-image size-large\"><img decoding=\"async\" loading=\"lazy\" width=\"721\" height=\"409\" data-id=\"10126\"  src=\"https:\/\/ensvillaguay-ers.infd.edu.ar\/sitio\/wp-content\/uploads\/2023\/11\/7.png\" alt=\"\" class=\"wp-image-10126\"\/><\/figure>\n\n\n\n<figure class=\"wp-block-image size-large\"><img decoding=\"async\" loading=\"lazy\" width=\"723\" height=\"407\" data-id=\"10121\"  src=\"https:\/\/ensvillaguay-ers.infd.edu.ar\/sitio\/wp-content\/uploads\/2023\/11\/8.png\" alt=\"\" class=\"wp-image-10121\"\/><\/figure>\n\n\n\n<figure class=\"wp-block-image size-large\"><img decoding=\"async\" loading=\"lazy\" width=\"717\" height=\"415\" data-id=\"10130\"  src=\"https:\/\/ensvillaguay-ers.infd.edu.ar\/sitio\/wp-content\/uploads\/2023\/11\/9.png\" alt=\"\" class=\"wp-image-10130\"\/><\/figure>\n\n\n\n<figure class=\"wp-block-image size-large\"><img decoding=\"async\" loading=\"lazy\" width=\"721\" height=\"411\" data-id=\"10125\"  src=\"https:\/\/ensvillaguay-ers.infd.edu.ar\/sitio\/wp-content\/uploads\/2023\/11\/10.png\" alt=\"\" class=\"wp-image-10125\"\/><\/figure>\n\n\n\n<figure class=\"wp-block-image size-large\"><img decoding=\"async\" loading=\"lazy\" width=\"725\" height=\"409\" data-id=\"10127\"  src=\"https:\/\/ensvillaguay-ers.infd.edu.ar\/sitio\/wp-content\/uploads\/2023\/11\/11.png\" alt=\"\" class=\"wp-image-10127\"\/><\/figure>\n\n\n\n<figure class=\"wp-block-image size-large\"><img decoding=\"async\" loading=\"lazy\" width=\"717\" height=\"403\" data-id=\"10129\"  src=\"https:\/\/ensvillaguay-ers.infd.edu.ar\/sitio\/wp-content\/uploads\/2023\/11\/12.png\" alt=\"\" class=\"wp-image-10129\"\/><\/figure>\n\n\n\n<figure class=\"wp-block-image size-large\"><img decoding=\"async\" loading=\"lazy\" width=\"723\" height=\"411\" data-id=\"10133\"  src=\"https:\/\/ensvillaguay-ers.infd.edu.ar\/sitio\/wp-content\/uploads\/2023\/11\/13.png\" alt=\"\" class=\"wp-image-10133\"\/><\/figure>\n\n\n\n<figure class=\"wp-block-image size-large\"><img decoding=\"async\" loading=\"lazy\" width=\"717\" height=\"411\" data-id=\"10128\"  src=\"https:\/\/ensvillaguay-ers.infd.edu.ar\/sitio\/wp-content\/uploads\/2023\/11\/14.png\" alt=\"\" class=\"wp-image-10128\"\/><\/figure>\n\n\n\n<figure class=\"wp-block-image size-large\"><img decoding=\"async\" loading=\"lazy\" width=\"723\" height=\"401\" data-id=\"10131\"  src=\"https:\/\/ensvillaguay-ers.infd.edu.ar\/sitio\/wp-content\/uploads\/2023\/11\/15.png\" alt=\"\" class=\"wp-image-10131\"\/><\/figure>\n\n\n\n<figure class=\"wp-block-image size-large\"><img decoding=\"async\" loading=\"lazy\" width=\"719\" height=\"405\" data-id=\"10132\"  src=\"https:\/\/ensvillaguay-ers.infd.edu.ar\/sitio\/wp-content\/uploads\/2023\/11\/16.png\" alt=\"\" class=\"wp-image-10132\"\/><\/figure>\n\n\n\n<figure class=\"wp-block-image size-large\"><img decoding=\"async\" loading=\"lazy\" width=\"719\" height=\"411\" data-id=\"10135\"  src=\"https:\/\/ensvillaguay-ers.infd.edu.ar\/sitio\/wp-content\/uploads\/2023\/11\/17.png\" alt=\"\" class=\"wp-image-10135\"\/><\/figure>\n\n\n\n<figure class=\"wp-block-image size-large\"><img decoding=\"async\" loading=\"lazy\" width=\"719\" height=\"397\" data-id=\"10134\"  src=\"https:\/\/ensvillaguay-ers.infd.edu.ar\/sitio\/wp-content\/uploads\/2023\/11\/18.png\" alt=\"\" class=\"wp-image-10134\"\/><\/figure>\n<\/figure>\n\n\n<p style=\"text-align: center;\"><span style=\"color: #ff6600;\"><strong>1\u00b0 Videoconferencia realizada el 03\/11\/2021<\/strong><\/span><\/p>\n\n\n<figure class=\"wp-block-embed is-type-video is-provider-youtube wp-block-embed-youtube wp-embed-aspect-16-9 wp-has-aspect-ratio\"><div class=\"wp-block-embed__wrapper\">\n<iframe loading=\"lazy\" title=\"IV Jornadas de Reflexi\u00f3n del Campo de la Pr\u00e1ctica Docente\" width=\"1200\" height=\"675\" src=\"https:\/\/www.youtube.com\/embed\/sH1wtbz-BRU?start=10488&#038;feature=oembed\" frameborder=\"0\" allow=\"accelerometer; autoplay; clipboard-write; encrypted-media; gyroscope; picture-in-picture; web-share\" allowfullscreen><\/iframe>\n<\/div><\/figure>\n\n\n<p style=\"text-align: center;\"><span style=\"color: #ff6600;\"><strong>2\u00b0 Videoconferencia realizada el 04\/11\/2021<\/strong><\/span><\/p>\n\n\n<figure class=\"wp-block-embed is-type-video is-provider-youtube wp-block-embed-youtube wp-embed-aspect-16-9 wp-has-aspect-ratio\"><div class=\"wp-block-embed__wrapper\">\n<iframe loading=\"lazy\" title=\"IV Jornadas de Reflexi\u00f3n del Campo de la Pr\u00e1ctica Docente\" width=\"1200\" height=\"675\" src=\"https:\/\/www.youtube.com\/embed\/LJXcBXS7vWY?feature=oembed\" frameborder=\"0\" allow=\"accelerometer; autoplay; clipboard-write; encrypted-media; gyroscope; picture-in-picture; web-share\" allowfullscreen><\/iframe>\n<\/div><\/figure>\n","protected":false},"excerpt":{"rendered":"<p>\u00abPedagog\u00eda y Formaci\u00f3n Docente en Pospandemia\u201d. A cien a\u00f1os del natalicio de Paulo Freire Agenda Encuentro Virtual Primer d\u00eda: 03 de noviembre de 17:30 h a 21h 17:30 h &#8211; Apertura a cargo de las autoridades de la Instituci\u00f3n 18 h &#8211; \u00abRedes de conocimiento e interdisciplina, nuevas alternativas para la ense\u00f1anza\u00bb a cargo del &#8230; <a title=\"IV Jornadas de Reflexi\u00f3n del Campo de la Pr\u00e1ctica Docente &#8211; 2021\" class=\"read-more\" href=\"https:\/\/ensvillaguay-ers.infd.edu.ar\/sitio\/iv-jornadas-de-reflexion-del-campo-de-la-practica-docente-2021\/\" aria-label=\"More on IV Jornadas de Reflexi\u00f3n del Campo de la Pr\u00e1ctica Docente &#8211; 2021\">[+]<\/a><\/p>\n","protected":false},"author":1427,"featured_media":0,"parent":0,"menu_order":0,"comment_status":"closed","ping_status":"closed","template":"","meta":[],"acf":[],"_links":{"self":[{"href":"https:\/\/ensvillaguay-ers.infd.edu.ar\/sitio\/wp-json\/wp\/v2\/pages\/10117"}],"collection":[{"href":"https:\/\/ensvillaguay-ers.infd.edu.ar\/sitio\/wp-json\/wp\/v2\/pages"}],"about":[{"href":"https:\/\/ensvillaguay-ers.infd.edu.ar\/sitio\/wp-json\/wp\/v2\/types\/page"}],"author":[{"embeddable":true,"href":"https:\/\/ensvillaguay-ers.infd.edu.ar\/sitio\/wp-json\/wp\/v2\/users\/1427"}],"replies":[{"embeddable":true,"href":"https:\/\/ensvillaguay-ers.infd.edu.ar\/sitio\/wp-json\/wp\/v2\/comments?post=10117"}],"version-history":[{"count":1,"href":"https:\/\/ensvillaguay-ers.infd.edu.ar\/sitio\/wp-json\/wp\/v2\/pages\/10117\/revisions"}],"predecessor-version":[{"id":10137,"href":"https:\/\/ensvillaguay-ers.infd.edu.ar\/sitio\/wp-json\/wp\/v2\/pages\/10117\/revisions\/10137"}],"wp:attachment":[{"href":"https:\/\/ensvillaguay-ers.infd.edu.ar\/sitio\/wp-json\/wp\/v2\/media?parent=10117"}],"curies":[{"name":"wp","href":"https:\/\/api.w.org\/{rel}","templated":true}]}}