{"id":1013,"date":"2018-06-29T17:48:34","date_gmt":"2018-06-29T20:48:34","guid":{"rendered":"https:\/\/ensvillaguay-ers.infd.edu.ar\/sitio\/jornadas-de-ddhh\/"},"modified":"2023-11-01T15:39:24","modified_gmt":"2023-11-01T18:39:24","slug":"jornadas-de-ddhh","status":"publish","type":"page","link":"https:\/\/ensvillaguay-ers.infd.edu.ar\/sitio\/jornadas-de-ddhh\/","title":{"rendered":"I Jornadas de debate estudiantil respecto de los DDHH &#8211; 2017"},"content":{"rendered":"<h4 style=\"text-align: center;\"><span style=\"color: #ff6600;\"><strong>Agenda<\/strong><\/span><\/h4>\n<p><strong> <img decoding=\"async\" loading=\"lazy\" class=\"alignnone size-full wp-image-8991\" src=\"https:\/\/ensvillaguay-ers.infd.edu.ar\/sitio\/wp-content\/uploads\/2023\/10\/siguiente-boton.png\" alt=\"\" width=\"16\" height=\"16\" \/> Martes 14\/9\/17: Jornada de mesa de debate<\/strong><\/p>\n<ul>\n<li>Jornada de mesa de debate a cargo de Juan Carlos Romero, sobreviviente de La noche del Mime\u00f3grafo de Concepci\u00f3n del Uruguay, junto a su compa\u00f1era Miriam Loschkin.<\/li>\n<li>Patricia Lia representante de Ni una menos de Paran\u00e1.<\/li>\n<li>Mat\u00edas Ayastuy, militante de H.I.J.O.S que lleva a cabo la campa\u00f1a \u201cVos pod\u00e9s ser quien buscamos\u201d.<\/li>\n<\/ul>\n<p><strong><img decoding=\"async\" loading=\"lazy\" class=\"alignnone size-full wp-image-8991\" src=\"https:\/\/ensvillaguay-ers.infd.edu.ar\/sitio\/wp-content\/uploads\/2023\/10\/siguiente-boton.png\" alt=\"\" width=\"16\" height=\"16\" \/> Mi\u00e9rcoles 13\/9\/17<\/strong>: <strong>Jornada de cine debate para todos los estudiantes. Pel\u00edcula \u201cMirar morir\u201d.<\/strong><\/p>\n<ul>\n<li>17:30 hs proyecci\u00f3n para 1ero y 2do a\u00f1o.<\/li>\n<li>20:20 hs proyecci\u00f3n para estudiantes de 3ero y 4to a\u00f1o.<\/li>\n<\/ul>\n<p>Luego de ver la pel\u00edcula cada grupo va a participar de un debate con los coordinadores.<\/p>\n<p><strong><img decoding=\"async\" loading=\"lazy\" class=\"alignnone size-full wp-image-8991\" src=\"https:\/\/ensvillaguay-ers.infd.edu.ar\/sitio\/wp-content\/uploads\/2023\/10\/siguiente-boton.png\" alt=\"\" width=\"16\" height=\"16\" \/> Jueves 14\/9\/17: Jornada art\u00edstica. <\/strong><\/p>\n<p>Los estudiantes van a expresarse a trav\u00e9s del arte en el patio del colegio, por medio de pinturas, poes\u00edas, grafitis, dibujos, caricaturas, etc., cada profesorado contar\u00e1 con una tela donde deber\u00e1n dialogar y llegar a un acuerdo sobre qu\u00e9 realizar juntos. Una vez finalizada la actividad los estudiantes del centro de estudiantes van a cantar canciones referidas a las tem\u00e1ticas trabajadas.<\/p>\n<table style=\"width: 1210px; height: 2211px;\" border=\"0\">\n<tbody>\n<tr>\n<td><img decoding=\"async\" title=\"1\" src=\"https:\/\/ensvillaguay-ers.infd.edu.ar\/sitio\/wp-content\/uploads\/2018\/06\/1_1_1.jpg\" alt=\"1\" border=\"0\" \/><\/td>\n<td><img decoding=\"async\" title=\"2\" src=\"https:\/\/ensvillaguay-ers.infd.edu.ar\/sitio\/wp-content\/uploads\/2018\/06\/2_2.jpg\" alt=\"2\" border=\"0\" \/><\/td>\n<td><img decoding=\"async\" title=\"3\" src=\"https:\/\/ensvillaguay-ers.infd.edu.ar\/sitio\/wp-content\/uploads\/2018\/06\/3_2.jpg\" alt=\"3\" border=\"0\" \/><\/td>\n<td><img decoding=\"async\" title=\"4\" src=\"https:\/\/ensvillaguay-ers.infd.edu.ar\/sitio\/wp-content\/uploads\/2018\/06\/4_2.jpg\" alt=\"4\" border=\"0\" \/><\/td>\n<\/tr>\n<tr>\n<td><img decoding=\"async\" title=\"5\" src=\"https:\/\/ensvillaguay-ers.infd.edu.ar\/sitio\/wp-content\/uploads\/2018\/06\/5_2.jpg\" alt=\"5\" border=\"0\" \/><\/td>\n<td><img decoding=\"async\" title=\"6\" src=\"https:\/\/ensvillaguay-ers.infd.edu.ar\/sitio\/wp-content\/uploads\/2018\/06\/9_2.jpg\" alt=\"6\" border=\"0\" \/><\/td>\n<td><img decoding=\"async\" title=\"7\" src=\"https:\/\/ensvillaguay-ers.infd.edu.ar\/sitio\/wp-content\/uploads\/2018\/06\/IMG_0011_1.jpg\" alt=\"7\" border=\"0\" \/><\/td>\n<td><img decoding=\"async\" title=\"8\" src=\"https:\/\/ensvillaguay-ers.infd.edu.ar\/sitio\/wp-content\/uploads\/2018\/06\/IMG_0012_1.jpg\" alt=\"8\" border=\"0\" \/><\/td>\n<\/tr>\n<tr>\n<td><img decoding=\"async\" title=\"8\" src=\"https:\/\/ensvillaguay-ers.infd.edu.ar\/sitio\/wp-content\/uploads\/2018\/06\/IMG_0014_4.jpg\" alt=\"8\" border=\"0\" \/><\/td>\n<td><img decoding=\"async\" title=\"10\" src=\"https:\/\/ensvillaguay-ers.infd.edu.ar\/sitio\/wp-content\/uploads\/2018\/06\/IMG_0021_1.jpg\" alt=\"10\" border=\"0\" \/><\/td>\n<td><img decoding=\"async\" title=\"11\" src=\"https:\/\/ensvillaguay-ers.infd.edu.ar\/sitio\/wp-content\/uploads\/2018\/06\/IMG_0022.jpg\" alt=\"11\" border=\"0\" \/><\/td>\n<td><img decoding=\"async\" title=\"12\" src=\"https:\/\/ensvillaguay-ers.infd.edu.ar\/sitio\/wp-content\/uploads\/2018\/06\/IMG_0024.jpg\" alt=\"12\" border=\"0\" \/><\/td>\n<\/tr>\n<tr>\n<td><img decoding=\"async\" title=\"13\" src=\"https:\/\/ensvillaguay-ers.infd.edu.ar\/sitio\/wp-content\/uploads\/2018\/06\/IMG_0025_1.jpg\" alt=\"13\" border=\"0\" \/><\/td>\n<td><img decoding=\"async\" title=\"14\" src=\"https:\/\/ensvillaguay-ers.infd.edu.ar\/sitio\/wp-content\/uploads\/2018\/06\/IMG_0026.jpg\" alt=\"14\" border=\"0\" \/><\/td>\n<td><img decoding=\"async\" title=\"15\" src=\"https:\/\/ensvillaguay-ers.infd.edu.ar\/sitio\/wp-content\/uploads\/2018\/06\/IMG_0035_2.jpg\" alt=\"15\" border=\"0\" \/><\/td>\n<td><img decoding=\"async\" title=\"16\" src=\"https:\/\/ensvillaguay-ers.infd.edu.ar\/sitio\/wp-content\/uploads\/2018\/06\/IMG_0036.jpg\" alt=\"16\" border=\"0\" \/><\/td>\n<\/tr>\n<tr>\n<td><img decoding=\"async\" title=\"17\" src=\"https:\/\/ensvillaguay-ers.infd.edu.ar\/sitio\/wp-content\/uploads\/2018\/06\/IMG_0038_1.jpg\" alt=\"17\" border=\"0\" \/><\/td>\n<td><img decoding=\"async\" title=\"18\" src=\"https:\/\/ensvillaguay-ers.infd.edu.ar\/sitio\/wp-content\/uploads\/2018\/06\/IMG_0039.jpg\" alt=\"18\" border=\"0\" \/><\/td>\n<td><img decoding=\"async\" title=\"19\" src=\"https:\/\/ensvillaguay-ers.infd.edu.ar\/sitio\/wp-content\/uploads\/2018\/06\/IMG_0040.jpg\" alt=\"19\" border=\"0\" \/><\/td>\n<td><img decoding=\"async\" title=\"20\" src=\"https:\/\/ensvillaguay-ers.infd.edu.ar\/sitio\/wp-content\/uploads\/2018\/06\/IMG_0042_2.jpg\" alt=\"20\" border=\"0\" \/><\/td>\n<\/tr>\n<tr>\n<td><img decoding=\"async\" title=\"21\" src=\"https:\/\/ensvillaguay-ers.infd.edu.ar\/sitio\/wp-content\/uploads\/2018\/06\/IMG_0046.jpg\" alt=\"21\" border=\"0\" \/><\/td>\n<td><img decoding=\"async\" title=\"22\" src=\"https:\/\/ensvillaguay-ers.infd.edu.ar\/sitio\/wp-content\/uploads\/2018\/06\/IMG_0047.jpg\" alt=\"22\" border=\"0\" \/><\/td>\n<td><img decoding=\"async\" title=\"23\" src=\"https:\/\/ensvillaguay-ers.infd.edu.ar\/sitio\/wp-content\/uploads\/2018\/06\/IMG_0048.jpg\" alt=\"23\" border=\"0\" \/><\/td>\n<td><img decoding=\"async\" title=\"24\" src=\"https:\/\/ensvillaguay-ers.infd.edu.ar\/sitio\/wp-content\/uploads\/2018\/06\/IMG_0050.jpg\" alt=\"24\" border=\"0\" \/><\/td>\n<\/tr>\n<tr>\n<td><img decoding=\"async\" title=\"25\" src=\"https:\/\/ensvillaguay-ers.infd.edu.ar\/sitio\/wp-content\/uploads\/2018\/06\/IMG_0051_1.jpg\" alt=\"25\" border=\"0\" \/><\/td>\n<td><img decoding=\"async\" title=\"26\" src=\"https:\/\/ensvillaguay-ers.infd.edu.ar\/sitio\/wp-content\/uploads\/2018\/06\/IMG_0055.jpg\" alt=\"26\" border=\"0\" \/><\/td>\n<td><img decoding=\"async\" title=\"27\" src=\"https:\/\/ensvillaguay-ers.infd.edu.ar\/sitio\/wp-content\/uploads\/2018\/06\/IMG_0060_1.jpg\" alt=\"27\" border=\"0\" \/><\/td>\n<td><img decoding=\"async\" title=\"28\" src=\"https:\/\/ensvillaguay-ers.infd.edu.ar\/sitio\/wp-content\/uploads\/2018\/06\/IMG_0062_1.jpg\" alt=\"28\" border=\"0\" \/><\/td>\n<\/tr>\n<tr>\n<td><img decoding=\"async\" title=\"29\" src=\"https:\/\/ensvillaguay-ers.infd.edu.ar\/sitio\/wp-content\/uploads\/2018\/06\/IMG_0067_1.jpg\" alt=\"29\" border=\"0\" \/><\/td>\n<td><img decoding=\"async\" title=\"30\" src=\"https:\/\/ensvillaguay-ers.infd.edu.ar\/sitio\/wp-content\/uploads\/2018\/06\/IMG_0068.jpg\" alt=\"30\" border=\"0\" \/><\/td>\n<td><img decoding=\"async\" title=\"31\" src=\"https:\/\/ensvillaguay-ers.infd.edu.ar\/sitio\/wp-content\/uploads\/2018\/06\/IMG_0072.jpg\" alt=\"31\" border=\"0\" \/><\/td>\n<td><img decoding=\"async\" title=\"32\" src=\"https:\/\/ensvillaguay-ers.infd.edu.ar\/sitio\/wp-content\/uploads\/2018\/06\/IMG_0075.jpg\" alt=\"32\" border=\"0\" \/><\/td>\n<\/tr>\n<tr>\n<td><img decoding=\"async\" title=\"33\" src=\"https:\/\/ensvillaguay-ers.infd.edu.ar\/sitio\/wp-content\/uploads\/2018\/06\/IMG_0076.jpg\" alt=\"33\" border=\"0\" \/><\/td>\n<td><img decoding=\"async\" title=\"34\" src=\"https:\/\/ensvillaguay-ers.infd.edu.ar\/sitio\/wp-content\/uploads\/2018\/06\/IMG_0078.jpg\" alt=\"34\" border=\"0\" \/><\/td>\n<td><\/td>\n<td><\/td>\n<\/tr>\n<\/tbody>\n<\/table>\n","protected":false},"excerpt":{"rendered":"<p>Agenda Martes 14\/9\/17: Jornada de mesa de debate Jornada de mesa de debate a cargo de Juan Carlos Romero, sobreviviente de La noche del Mime\u00f3grafo de Concepci\u00f3n del Uruguay, junto a su compa\u00f1era Miriam Loschkin. Patricia Lia representante de Ni una menos de Paran\u00e1. Mat\u00edas Ayastuy, militante de H.I.J.O.S que lleva a cabo la campa\u00f1a &#8230; <a title=\"I Jornadas de debate estudiantil respecto de los DDHH &#8211; 2017\" class=\"read-more\" href=\"https:\/\/ensvillaguay-ers.infd.edu.ar\/sitio\/jornadas-de-ddhh\/\" aria-label=\"More on I Jornadas de debate estudiantil respecto de los DDHH &#8211; 2017\">[+]<\/a><\/p>\n","protected":false},"author":1046,"featured_media":0,"parent":0,"menu_order":0,"comment_status":"closed","ping_status":"closed","template":"","meta":[],"acf":[],"_links":{"self":[{"href":"https:\/\/ensvillaguay-ers.infd.edu.ar\/sitio\/wp-json\/wp\/v2\/pages\/1013"}],"collection":[{"href":"https:\/\/ensvillaguay-ers.infd.edu.ar\/sitio\/wp-json\/wp\/v2\/pages"}],"about":[{"href":"https:\/\/ensvillaguay-ers.infd.edu.ar\/sitio\/wp-json\/wp\/v2\/types\/page"}],"author":[{"embeddable":true,"href":"https:\/\/ensvillaguay-ers.infd.edu.ar\/sitio\/wp-json\/wp\/v2\/users\/1046"}],"replies":[{"embeddable":true,"href":"https:\/\/ensvillaguay-ers.infd.edu.ar\/sitio\/wp-json\/wp\/v2\/comments?post=1013"}],"version-history":[{"count":5,"href":"https:\/\/ensvillaguay-ers.infd.edu.ar\/sitio\/wp-json\/wp\/v2\/pages\/1013\/revisions"}],"predecessor-version":[{"id":9156,"href":"https:\/\/ensvillaguay-ers.infd.edu.ar\/sitio\/wp-json\/wp\/v2\/pages\/1013\/revisions\/9156"}],"wp:attachment":[{"href":"https:\/\/ensvillaguay-ers.infd.edu.ar\/sitio\/wp-json\/wp\/v2\/media?parent=1013"}],"curies":[{"name":"wp","href":"https:\/\/api.w.org\/{rel}","templated":true}]}}