{"id":10181,"date":"2023-11-06T20:02:22","date_gmt":"2023-11-06T23:02:22","guid":{"rendered":"https:\/\/ensvillaguay-ers.infd.edu.ar\/sitio\/?page_id=10181"},"modified":"2023-11-06T20:04:45","modified_gmt":"2023-11-06T23:04:45","slug":"articulacion-intra-e-interniveles","status":"publish","type":"page","link":"https:\/\/ensvillaguay-ers.infd.edu.ar\/sitio\/articulacion-intra-e-interniveles\/","title":{"rendered":"Articulaci\u00f3n Intra e Interniveles"},"content":{"rendered":"\n<figure class=\"wp-block-image size-large\"><img decoding=\"async\" loading=\"lazy\" width=\"1900\" height=\"890\" src=\"https:\/\/ensvillaguay-ers.infd.edu.ar\/sitio\/wp-content\/uploads\/2023\/11\/Propuestas-de-Formacion-Docente-Inicial-3-1-1900x890.jpg\" alt=\"\" class=\"wp-image-10182\" srcset=\"https:\/\/ensvillaguay-ers.infd.edu.ar\/sitio\/wp-content\/uploads\/2023\/11\/Propuestas-de-Formacion-Docente-Inicial-3-1-1900x890.jpg 1900w, https:\/\/ensvillaguay-ers.infd.edu.ar\/sitio\/wp-content\/uploads\/2023\/11\/Propuestas-de-Formacion-Docente-Inicial-3-1-1000x468.jpg 1000w, https:\/\/ensvillaguay-ers.infd.edu.ar\/sitio\/wp-content\/uploads\/2023\/11\/Propuestas-de-Formacion-Docente-Inicial-3-1-768x360.jpg 768w, https:\/\/ensvillaguay-ers.infd.edu.ar\/sitio\/wp-content\/uploads\/2023\/11\/Propuestas-de-Formacion-Docente-Inicial-3-1-1536x719.jpg 1536w, https:\/\/ensvillaguay-ers.infd.edu.ar\/sitio\/wp-content\/uploads\/2023\/11\/Propuestas-de-Formacion-Docente-Inicial-3-1.jpg 1915w\" sizes=\"(max-width: 1900px) 100vw, 1900px\" \/><\/figure>\n\n\n\n<p>La Escuela Normal Superior Martiniano Leguizam\u00f3n1 de la ciudad de Villaguay, provincia de Entre R\u00edos, constituyen una unidad acad\u00e9mica, organizacional y administrativa integrada por los niveles de Educaci\u00f3n Inicial, Educaci\u00f3n Primaria, Educaci\u00f3n Secundaria y Educaci\u00f3n Superior, la cual tienen como objetivo formar profesores para para los diferentes niveles del Sistema Educativo.<\/p>\n\n\n\n<p>Actualmente la instituci\u00f3n cuenta con todos los niveles, Nivel Inicial, Primario, Secundario y Superior, en este \u00faltimo, se mantienen 6 carreras de Formaci\u00f3n Docente, Profesorado de Educaci\u00f3n Inicial, Profesorado de Educaci\u00f3n Primaria, Profesorado de Educaci\u00f3n Secundaria en Lengua y Literatura, Profesorado de Educaci\u00f3n Secundaria en Geograf\u00eda, Profesorado de Educaci\u00f3n Secundaria en Matem\u00e1tica y el Profesorado de Ingl\u00e9s, por lo que todos los a\u00f1os cuenta con una matr\u00edcula de m\u00e1s de mil estudiantes.<\/p>\n\n\n\n<p>En este marco, la articulaci\u00f3n intra e interniveles que supone el trabajo institucional de la unidad acad\u00e9mica, organizacional y administrativa de la Escuela Normal Superior Martiniano Leguizam\u00f3n, implica la interpelaci\u00f3n de la comunidad plena para reflexionar sobre el pasaje de los estudiantes dentro del sistema educativo, la transici\u00f3n a una nueva cultura acad\u00e9mica, un nuevo rol, nuevas alternativas, que requieren de acciones concretas que lo faciliten.<\/p>\n","protected":false},"excerpt":{"rendered":"<p>La Escuela Normal Superior Martiniano Leguizam\u00f3n1 de la ciudad de Villaguay, provincia de Entre R\u00edos, constituyen una unidad acad\u00e9mica, organizacional y administrativa integrada por los niveles de Educaci\u00f3n Inicial, Educaci\u00f3n Primaria, Educaci\u00f3n Secundaria y Educaci\u00f3n Superior, la cual tienen como objetivo formar profesores para para los diferentes niveles del Sistema Educativo. Actualmente la instituci\u00f3n cuenta &#8230; <a title=\"Articulaci\u00f3n Intra e Interniveles\" class=\"read-more\" href=\"https:\/\/ensvillaguay-ers.infd.edu.ar\/sitio\/articulacion-intra-e-interniveles\/\" aria-label=\"More on Articulaci\u00f3n Intra e Interniveles\">[+]<\/a><\/p>\n","protected":false},"author":1427,"featured_media":0,"parent":0,"menu_order":0,"comment_status":"closed","ping_status":"closed","template":"","meta":[],"acf":[],"_links":{"self":[{"href":"https:\/\/ensvillaguay-ers.infd.edu.ar\/sitio\/wp-json\/wp\/v2\/pages\/10181"}],"collection":[{"href":"https:\/\/ensvillaguay-ers.infd.edu.ar\/sitio\/wp-json\/wp\/v2\/pages"}],"about":[{"href":"https:\/\/ensvillaguay-ers.infd.edu.ar\/sitio\/wp-json\/wp\/v2\/types\/page"}],"author":[{"embeddable":true,"href":"https:\/\/ensvillaguay-ers.infd.edu.ar\/sitio\/wp-json\/wp\/v2\/users\/1427"}],"replies":[{"embeddable":true,"href":"https:\/\/ensvillaguay-ers.infd.edu.ar\/sitio\/wp-json\/wp\/v2\/comments?post=10181"}],"version-history":[{"count":1,"href":"https:\/\/ensvillaguay-ers.infd.edu.ar\/sitio\/wp-json\/wp\/v2\/pages\/10181\/revisions"}],"predecessor-version":[{"id":10184,"href":"https:\/\/ensvillaguay-ers.infd.edu.ar\/sitio\/wp-json\/wp\/v2\/pages\/10181\/revisions\/10184"}],"wp:attachment":[{"href":"https:\/\/ensvillaguay-ers.infd.edu.ar\/sitio\/wp-json\/wp\/v2\/media?parent=10181"}],"curies":[{"name":"wp","href":"https:\/\/api.w.org\/{rel}","templated":true}]}}