{"id":10185,"date":"2023-11-06T21:32:57","date_gmt":"2023-11-07T00:32:57","guid":{"rendered":"https:\/\/ensvillaguay-ers.infd.edu.ar\/sitio\/?page_id=10185"},"modified":"2023-11-06T21:52:40","modified_gmt":"2023-11-07T00:52:40","slug":"taller-de-acompanamiento-y-articulacion-entre-el-nivel-secundario-y-el-nivel-superior","status":"publish","type":"page","link":"https:\/\/ensvillaguay-ers.infd.edu.ar\/sitio\/taller-de-acompanamiento-y-articulacion-entre-el-nivel-secundario-y-el-nivel-superior\/","title":{"rendered":"Taller de acompa\u00f1amiento y articulaci\u00f3n entre el Nivel Secundario y el Nivel Superior"},"content":{"rendered":"<p>En el marco de la Ley de Educaci\u00f3n Nacional n\u00b0 26206 (CN, 2006), en su Cap\u00edtulo VI, Art\u00edculo n\u00b0 126, inciso G, el Campo Vocacional se constituye como un derecho de los alumnos\/as a recibir orientaci\u00f3n vocacional, tanto acad\u00e9mica como profesional, que posibilite su inserci\u00f3n en el mundo laboral y la prosecuci\u00f3n de los estudios.<br \/>En la provincia de Entre R\u00edos, siguiendo los aportes de Ulloa Costa y Lenarduzzi (2005), se pueden distinguir tres momentos respecto del dise\u00f1o e implementaci\u00f3n de pol\u00edticas educativas que reconocen la orientaci\u00f3n vocacional como un dispositivo articulador entre la educaci\u00f3n y el trabajo.<\/p>\n<p>El primer momento, corresponde a la d\u00e9cada del 70, cuando se crearon los Departamentos de Orientaci\u00f3n junto con los cargos de Asesor Pedag\u00f3gico, Psicopedagogo y Profesores Consejeros. El segundo momento, se relaciona con el curriculum, dado que se incorpora en el a\u00f1o 1992 para el Ciclo Superior del Nivel Medio, el \u00c1rea de Orientaci\u00f3n y Laboral. El tercer momento, se corresponde con la sanci\u00f3n de la Ley de Educaci\u00f3n Provincial n\u00b0 9890, la cual establece en su Cap\u00edtulo III, Art\u00edculo n\u00b0 133, inciso K, que los estudiantes tienen derecho a recibir orientaci\u00f3n vocacional o laboral.<\/p>\n<p>En tal sentido, y siguiendo lo establecido en el R\u00e9gimen Org\u00e1nico Marco para la Educaci\u00f3n Superior (Resoluci\u00f3n n\u00b0 4789\/15 CGE), el cual instituye en su Art\u00edculo n\u00b0 33, que la Secretar\u00eda Acad\u00e9mica es la unidad responsable de la organizaci\u00f3n de los aspectos did\u00e1ctico y pedag\u00f3gicos. Del mismo modo, en su Art\u00edculo n\u00b0 34, inciso N, establece la articulaci\u00f3n entre Secretar\u00eda Acad\u00e9mica y el \u00c1rea de Estudiantes, para atender el acompa\u00f1amiento integral a las trayectorias formativas del estudiante.<\/p>\n<p>En cuanto al \u00c1rea de Estudiante, constituida por Preceptor\u00eda, el Art\u00edculo n\u00b0 41, dispone que su finalidad es acompa\u00f1ar a los\/as estudiantes en su trayectoria formativa, fortaleciendo las condiciones organizacionales que colaboren en el ingreso, permanencia y egreso.<\/p>\n<p><strong><img decoding=\"async\" loading=\"lazy\" class=\"alignnone size-full wp-image-8991\" src=\"https:\/\/ensvillaguay-ers.infd.edu.ar\/sitio\/wp-content\/uploads\/2023\/10\/siguiente-boton.png\" alt=\"\" width=\"16\" height=\"16\" \/>\u00a0 Objetivos:<\/strong><\/p>\n<ul>\n<li>Desarrollar estrategias de acompa\u00f1amiento para las Escuelas Secundarias respecto de la orientaci\u00f3n educacional y ocupacional profesional.<\/li>\n<li><strong>Q<\/strong>ue los estudiantes del \u00faltimo a\u00f1o de la Escuela Secundaria puedan elegir una carrera u oficio, a partir de la identificaci\u00f3n de sus propios intereses.<\/li>\n<li>Generar el inter\u00e9s por las carreras de formaci\u00f3n docente inicial que integran el Nivel Superior de la Escuela Normal Superior Martiniano Leguizam\u00f3n.<\/li>\n<\/ul>\n<p><strong><img decoding=\"async\" loading=\"lazy\" class=\"alignnone size-full wp-image-8991\" src=\"https:\/\/ensvillaguay-ers.infd.edu.ar\/sitio\/wp-content\/uploads\/2023\/10\/siguiente-boton.png\" alt=\"\" width=\"16\" height=\"16\" \/> Prop\u00f3sitos:<\/strong><\/p>\n<ul>\n<li>Construir un espacio de trabajo com\u00fan entre Secretar\u00eda Acad\u00e9mica y el \u00c1rea de Estudiantes del Nivel Superior de la Escuela Normal Superior Martiniano Leguizam\u00f3n.<\/li>\n<li>Ofrecer informaci\u00f3n acerca de las caracter\u00edsticas de las carreras de formaci\u00f3n docente inicial y del oficio de ser estudiante en el Nivel Superior.<\/li>\n<li>Promover la iniciaci\u00f3n a la docencia como campo educacional y\/o profesional.<\/li>\n<\/ul>\n\n\n<figure class=\"wp-block-gallery has-nested-images columns-default is-cropped wp-block-gallery-1 is-layout-flex\">\n<figure class=\"wp-block-image size-large\"><img decoding=\"async\" loading=\"lazy\" width=\"1200\" height=\"1600\" data-id=\"10202\"  src=\"https:\/\/ensvillaguay-ers.infd.edu.ar\/sitio\/wp-content\/uploads\/2023\/11\/WhatsApp-Image-2023-10-24-at-16.24.54-1.jpeg\" alt=\"\" class=\"wp-image-10202\" srcset=\"https:\/\/ensvillaguay-ers.infd.edu.ar\/sitio\/wp-content\/uploads\/2023\/11\/WhatsApp-Image-2023-10-24-at-16.24.54-1.jpeg 1200w, https:\/\/ensvillaguay-ers.infd.edu.ar\/sitio\/wp-content\/uploads\/2023\/11\/WhatsApp-Image-2023-10-24-at-16.24.54-1-750x1000.jpeg 750w, https:\/\/ensvillaguay-ers.infd.edu.ar\/sitio\/wp-content\/uploads\/2023\/11\/WhatsApp-Image-2023-10-24-at-16.24.54-1-768x1024.jpeg 768w, https:\/\/ensvillaguay-ers.infd.edu.ar\/sitio\/wp-content\/uploads\/2023\/11\/WhatsApp-Image-2023-10-24-at-16.24.54-1-1152x1536.jpeg 1152w\" sizes=\"(max-width: 1200px) 100vw, 1200px\" \/><\/figure>\n\n\n\n<figure class=\"wp-block-image size-large\"><img decoding=\"async\" loading=\"lazy\" width=\"1600\" height=\"1200\" data-id=\"10190\"  src=\"https:\/\/ensvillaguay-ers.infd.edu.ar\/sitio\/wp-content\/uploads\/2023\/11\/IMG-20230726-WA0045.jpg\" alt=\"\" class=\"wp-image-10190\" srcset=\"https:\/\/ensvillaguay-ers.infd.edu.ar\/sitio\/wp-content\/uploads\/2023\/11\/IMG-20230726-WA0045.jpg 1600w, https:\/\/ensvillaguay-ers.infd.edu.ar\/sitio\/wp-content\/uploads\/2023\/11\/IMG-20230726-WA0045-1000x750.jpg 1000w, https:\/\/ensvillaguay-ers.infd.edu.ar\/sitio\/wp-content\/uploads\/2023\/11\/IMG-20230726-WA0045-768x576.jpg 768w, https:\/\/ensvillaguay-ers.infd.edu.ar\/sitio\/wp-content\/uploads\/2023\/11\/IMG-20230726-WA0045-1536x1152.jpg 1536w\" sizes=\"(max-width: 1600px) 100vw, 1600px\" \/><\/figure>\n\n\n\n<figure class=\"wp-block-image size-large\"><img decoding=\"async\" loading=\"lazy\" width=\"1600\" height=\"1200\" data-id=\"10192\"  src=\"https:\/\/ensvillaguay-ers.infd.edu.ar\/sitio\/wp-content\/uploads\/2023\/11\/IMG-20230726-WA0044.jpg\" alt=\"\" class=\"wp-image-10192\" srcset=\"https:\/\/ensvillaguay-ers.infd.edu.ar\/sitio\/wp-content\/uploads\/2023\/11\/IMG-20230726-WA0044.jpg 1600w, https:\/\/ensvillaguay-ers.infd.edu.ar\/sitio\/wp-content\/uploads\/2023\/11\/IMG-20230726-WA0044-1000x750.jpg 1000w, https:\/\/ensvillaguay-ers.infd.edu.ar\/sitio\/wp-content\/uploads\/2023\/11\/IMG-20230726-WA0044-768x576.jpg 768w, https:\/\/ensvillaguay-ers.infd.edu.ar\/sitio\/wp-content\/uploads\/2023\/11\/IMG-20230726-WA0044-1536x1152.jpg 1536w\" sizes=\"(max-width: 1600px) 100vw, 1600px\" \/><\/figure>\n\n\n\n<figure class=\"wp-block-image size-large\"><img decoding=\"async\" loading=\"lazy\" width=\"1600\" height=\"1200\" data-id=\"10191\"  src=\"https:\/\/ensvillaguay-ers.infd.edu.ar\/sitio\/wp-content\/uploads\/2023\/11\/IMG-20230726-WA0043.jpg\" alt=\"\" class=\"wp-image-10191\" srcset=\"https:\/\/ensvillaguay-ers.infd.edu.ar\/sitio\/wp-content\/uploads\/2023\/11\/IMG-20230726-WA0043.jpg 1600w, https:\/\/ensvillaguay-ers.infd.edu.ar\/sitio\/wp-content\/uploads\/2023\/11\/IMG-20230726-WA0043-1000x750.jpg 1000w, https:\/\/ensvillaguay-ers.infd.edu.ar\/sitio\/wp-content\/uploads\/2023\/11\/IMG-20230726-WA0043-768x576.jpg 768w, https:\/\/ensvillaguay-ers.infd.edu.ar\/sitio\/wp-content\/uploads\/2023\/11\/IMG-20230726-WA0043-1536x1152.jpg 1536w\" sizes=\"(max-width: 1600px) 100vw, 1600px\" \/><\/figure>\n\n\n\n<figure class=\"wp-block-image size-large\"><img decoding=\"async\" loading=\"lazy\" width=\"1600\" height=\"1200\" data-id=\"10193\"  src=\"https:\/\/ensvillaguay-ers.infd.edu.ar\/sitio\/wp-content\/uploads\/2023\/11\/IMG-20230726-WA0042.jpg\" alt=\"\" class=\"wp-image-10193\" srcset=\"https:\/\/ensvillaguay-ers.infd.edu.ar\/sitio\/wp-content\/uploads\/2023\/11\/IMG-20230726-WA0042.jpg 1600w, https:\/\/ensvillaguay-ers.infd.edu.ar\/sitio\/wp-content\/uploads\/2023\/11\/IMG-20230726-WA0042-1000x750.jpg 1000w, https:\/\/ensvillaguay-ers.infd.edu.ar\/sitio\/wp-content\/uploads\/2023\/11\/IMG-20230726-WA0042-768x576.jpg 768w, https:\/\/ensvillaguay-ers.infd.edu.ar\/sitio\/wp-content\/uploads\/2023\/11\/IMG-20230726-WA0042-1536x1152.jpg 1536w\" sizes=\"(max-width: 1600px) 100vw, 1600px\" \/><\/figure>\n\n\n\n<figure class=\"wp-block-image size-large\"><img decoding=\"async\" loading=\"lazy\" width=\"1600\" height=\"1200\" data-id=\"10194\"  src=\"https:\/\/ensvillaguay-ers.infd.edu.ar\/sitio\/wp-content\/uploads\/2023\/11\/IMG-20230726-WA0041.jpg\" alt=\"\" class=\"wp-image-10194\" srcset=\"https:\/\/ensvillaguay-ers.infd.edu.ar\/sitio\/wp-content\/uploads\/2023\/11\/IMG-20230726-WA0041.jpg 1600w, https:\/\/ensvillaguay-ers.infd.edu.ar\/sitio\/wp-content\/uploads\/2023\/11\/IMG-20230726-WA0041-1000x750.jpg 1000w, https:\/\/ensvillaguay-ers.infd.edu.ar\/sitio\/wp-content\/uploads\/2023\/11\/IMG-20230726-WA0041-768x576.jpg 768w, https:\/\/ensvillaguay-ers.infd.edu.ar\/sitio\/wp-content\/uploads\/2023\/11\/IMG-20230726-WA0041-1536x1152.jpg 1536w\" sizes=\"(max-width: 1600px) 100vw, 1600px\" \/><\/figure>\n\n\n\n<figure class=\"wp-block-image size-large\"><img decoding=\"async\" loading=\"lazy\" width=\"1600\" height=\"1200\" data-id=\"10195\"  src=\"https:\/\/ensvillaguay-ers.infd.edu.ar\/sitio\/wp-content\/uploads\/2023\/11\/IMG-20230726-WA0040.jpg\" alt=\"\" class=\"wp-image-10195\" srcset=\"https:\/\/ensvillaguay-ers.infd.edu.ar\/sitio\/wp-content\/uploads\/2023\/11\/IMG-20230726-WA0040.jpg 1600w, https:\/\/ensvillaguay-ers.infd.edu.ar\/sitio\/wp-content\/uploads\/2023\/11\/IMG-20230726-WA0040-1000x750.jpg 1000w, https:\/\/ensvillaguay-ers.infd.edu.ar\/sitio\/wp-content\/uploads\/2023\/11\/IMG-20230726-WA0040-768x576.jpg 768w, https:\/\/ensvillaguay-ers.infd.edu.ar\/sitio\/wp-content\/uploads\/2023\/11\/IMG-20230726-WA0040-1536x1152.jpg 1536w\" sizes=\"(max-width: 1600px) 100vw, 1600px\" \/><\/figure>\n\n\n\n<figure class=\"wp-block-image size-large\"><img decoding=\"async\" loading=\"lazy\" width=\"1600\" height=\"1200\" data-id=\"10198\"  src=\"https:\/\/ensvillaguay-ers.infd.edu.ar\/sitio\/wp-content\/uploads\/2023\/11\/IMG-20230726-WA0039.jpg\" alt=\"\" class=\"wp-image-10198\" srcset=\"https:\/\/ensvillaguay-ers.infd.edu.ar\/sitio\/wp-content\/uploads\/2023\/11\/IMG-20230726-WA0039.jpg 1600w, https:\/\/ensvillaguay-ers.infd.edu.ar\/sitio\/wp-content\/uploads\/2023\/11\/IMG-20230726-WA0039-1000x750.jpg 1000w, https:\/\/ensvillaguay-ers.infd.edu.ar\/sitio\/wp-content\/uploads\/2023\/11\/IMG-20230726-WA0039-768x576.jpg 768w, https:\/\/ensvillaguay-ers.infd.edu.ar\/sitio\/wp-content\/uploads\/2023\/11\/IMG-20230726-WA0039-1536x1152.jpg 1536w\" sizes=\"(max-width: 1600px) 100vw, 1600px\" \/><\/figure>\n\n\n\n<figure class=\"wp-block-image size-large\"><img decoding=\"async\" loading=\"lazy\" width=\"1600\" height=\"720\" data-id=\"10196\"  src=\"https:\/\/ensvillaguay-ers.infd.edu.ar\/sitio\/wp-content\/uploads\/2023\/11\/IMG-20230726-WA0036.jpg\" alt=\"\" class=\"wp-image-10196\" srcset=\"https:\/\/ensvillaguay-ers.infd.edu.ar\/sitio\/wp-content\/uploads\/2023\/11\/IMG-20230726-WA0036.jpg 1600w, https:\/\/ensvillaguay-ers.infd.edu.ar\/sitio\/wp-content\/uploads\/2023\/11\/IMG-20230726-WA0036-1000x450.jpg 1000w, https:\/\/ensvillaguay-ers.infd.edu.ar\/sitio\/wp-content\/uploads\/2023\/11\/IMG-20230726-WA0036-768x346.jpg 768w, https:\/\/ensvillaguay-ers.infd.edu.ar\/sitio\/wp-content\/uploads\/2023\/11\/IMG-20230726-WA0036-1536x691.jpg 1536w\" sizes=\"(max-width: 1600px) 100vw, 1600px\" \/><\/figure>\n\n\n\n<figure class=\"wp-block-image size-large\"><img decoding=\"async\" loading=\"lazy\" width=\"1600\" height=\"720\" data-id=\"10197\"  src=\"https:\/\/ensvillaguay-ers.infd.edu.ar\/sitio\/wp-content\/uploads\/2023\/11\/IMG-20230726-WA0034.jpg\" alt=\"\" class=\"wp-image-10197\" srcset=\"https:\/\/ensvillaguay-ers.infd.edu.ar\/sitio\/wp-content\/uploads\/2023\/11\/IMG-20230726-WA0034.jpg 1600w, https:\/\/ensvillaguay-ers.infd.edu.ar\/sitio\/wp-content\/uploads\/2023\/11\/IMG-20230726-WA0034-1000x450.jpg 1000w, https:\/\/ensvillaguay-ers.infd.edu.ar\/sitio\/wp-content\/uploads\/2023\/11\/IMG-20230726-WA0034-768x346.jpg 768w, https:\/\/ensvillaguay-ers.infd.edu.ar\/sitio\/wp-content\/uploads\/2023\/11\/IMG-20230726-WA0034-1536x691.jpg 1536w\" sizes=\"(max-width: 1600px) 100vw, 1600px\" \/><\/figure>\n\n\n\n<figure class=\"wp-block-image size-large\"><img decoding=\"async\" loading=\"lazy\" width=\"1600\" height=\"1204\" data-id=\"10205\"  src=\"https:\/\/ensvillaguay-ers.infd.edu.ar\/sitio\/wp-content\/uploads\/2023\/11\/IMG-20230726-WA0033.jpg\" alt=\"\" class=\"wp-image-10205\" srcset=\"https:\/\/ensvillaguay-ers.infd.edu.ar\/sitio\/wp-content\/uploads\/2023\/11\/IMG-20230726-WA0033.jpg 1600w, https:\/\/ensvillaguay-ers.infd.edu.ar\/sitio\/wp-content\/uploads\/2023\/11\/IMG-20230726-WA0033-1000x753.jpg 1000w, https:\/\/ensvillaguay-ers.infd.edu.ar\/sitio\/wp-content\/uploads\/2023\/11\/IMG-20230726-WA0033-768x578.jpg 768w, https:\/\/ensvillaguay-ers.infd.edu.ar\/sitio\/wp-content\/uploads\/2023\/11\/IMG-20230726-WA0033-1536x1156.jpg 1536w\" sizes=\"(max-width: 1600px) 100vw, 1600px\" \/><\/figure>\n\n\n\n<figure class=\"wp-block-image size-large\"><img decoding=\"async\" loading=\"lazy\" width=\"1600\" height=\"1204\" data-id=\"10201\"  src=\"https:\/\/ensvillaguay-ers.infd.edu.ar\/sitio\/wp-content\/uploads\/2023\/11\/IMG-20230726-WA0032.jpg\" alt=\"\" class=\"wp-image-10201\" srcset=\"https:\/\/ensvillaguay-ers.infd.edu.ar\/sitio\/wp-content\/uploads\/2023\/11\/IMG-20230726-WA0032.jpg 1600w, https:\/\/ensvillaguay-ers.infd.edu.ar\/sitio\/wp-content\/uploads\/2023\/11\/IMG-20230726-WA0032-1000x753.jpg 1000w, https:\/\/ensvillaguay-ers.infd.edu.ar\/sitio\/wp-content\/uploads\/2023\/11\/IMG-20230726-WA0032-768x578.jpg 768w, https:\/\/ensvillaguay-ers.infd.edu.ar\/sitio\/wp-content\/uploads\/2023\/11\/IMG-20230726-WA0032-1536x1156.jpg 1536w\" sizes=\"(max-width: 1600px) 100vw, 1600px\" \/><\/figure>\n\n\n\n<figure class=\"wp-block-image size-large\"><img decoding=\"async\" loading=\"lazy\" width=\"1600\" height=\"1204\" data-id=\"10203\"  src=\"https:\/\/ensvillaguay-ers.infd.edu.ar\/sitio\/wp-content\/uploads\/2023\/11\/IMG-20230628-WA0091.jpg\" alt=\"\" class=\"wp-image-10203\" srcset=\"https:\/\/ensvillaguay-ers.infd.edu.ar\/sitio\/wp-content\/uploads\/2023\/11\/IMG-20230628-WA0091.jpg 1600w, https:\/\/ensvillaguay-ers.infd.edu.ar\/sitio\/wp-content\/uploads\/2023\/11\/IMG-20230628-WA0091-1000x753.jpg 1000w, https:\/\/ensvillaguay-ers.infd.edu.ar\/sitio\/wp-content\/uploads\/2023\/11\/IMG-20230628-WA0091-768x578.jpg 768w, https:\/\/ensvillaguay-ers.infd.edu.ar\/sitio\/wp-content\/uploads\/2023\/11\/IMG-20230628-WA0091-1536x1156.jpg 1536w\" sizes=\"(max-width: 1600px) 100vw, 1600px\" \/><\/figure>\n\n\n\n<figure class=\"wp-block-image size-large\"><img decoding=\"async\" loading=\"lazy\" width=\"1600\" height=\"1204\" data-id=\"10200\"  src=\"https:\/\/ensvillaguay-ers.infd.edu.ar\/sitio\/wp-content\/uploads\/2023\/11\/IMG-20230628-WA0090.jpg\" alt=\"\" class=\"wp-image-10200\" srcset=\"https:\/\/ensvillaguay-ers.infd.edu.ar\/sitio\/wp-content\/uploads\/2023\/11\/IMG-20230628-WA0090.jpg 1600w, https:\/\/ensvillaguay-ers.infd.edu.ar\/sitio\/wp-content\/uploads\/2023\/11\/IMG-20230628-WA0090-1000x753.jpg 1000w, https:\/\/ensvillaguay-ers.infd.edu.ar\/sitio\/wp-content\/uploads\/2023\/11\/IMG-20230628-WA0090-768x578.jpg 768w, https:\/\/ensvillaguay-ers.infd.edu.ar\/sitio\/wp-content\/uploads\/2023\/11\/IMG-20230628-WA0090-1536x1156.jpg 1536w\" sizes=\"(max-width: 1600px) 100vw, 1600px\" \/><\/figure>\n\n\n\n<figure class=\"wp-block-image size-large\"><img decoding=\"async\" loading=\"lazy\" width=\"1600\" height=\"1204\" data-id=\"10204\"  src=\"https:\/\/ensvillaguay-ers.infd.edu.ar\/sitio\/wp-content\/uploads\/2023\/11\/IMG-20230628-WA0089.jpg\" alt=\"\" class=\"wp-image-10204\" srcset=\"https:\/\/ensvillaguay-ers.infd.edu.ar\/sitio\/wp-content\/uploads\/2023\/11\/IMG-20230628-WA0089.jpg 1600w, https:\/\/ensvillaguay-ers.infd.edu.ar\/sitio\/wp-content\/uploads\/2023\/11\/IMG-20230628-WA0089-1000x753.jpg 1000w, https:\/\/ensvillaguay-ers.infd.edu.ar\/sitio\/wp-content\/uploads\/2023\/11\/IMG-20230628-WA0089-768x578.jpg 768w, https:\/\/ensvillaguay-ers.infd.edu.ar\/sitio\/wp-content\/uploads\/2023\/11\/IMG-20230628-WA0089-1536x1156.jpg 1536w\" sizes=\"(max-width: 1600px) 100vw, 1600px\" \/><\/figure>\n\n\n\n<figure class=\"wp-block-image size-large\"><img decoding=\"async\" loading=\"lazy\" width=\"1020\" height=\"768\" data-id=\"10206\"  src=\"https:\/\/ensvillaguay-ers.infd.edu.ar\/sitio\/wp-content\/uploads\/2023\/11\/IMG-20230628-WA0049.jpg\" alt=\"\" class=\"wp-image-10206\" srcset=\"https:\/\/ensvillaguay-ers.infd.edu.ar\/sitio\/wp-content\/uploads\/2023\/11\/IMG-20230628-WA0049.jpg 1020w, https:\/\/ensvillaguay-ers.infd.edu.ar\/sitio\/wp-content\/uploads\/2023\/11\/IMG-20230628-WA0049-1000x753.jpg 1000w, https:\/\/ensvillaguay-ers.infd.edu.ar\/sitio\/wp-content\/uploads\/2023\/11\/IMG-20230628-WA0049-768x578.jpg 768w\" sizes=\"(max-width: 1020px) 100vw, 1020px\" \/><\/figure>\n\n\n\n<figure class=\"wp-block-image size-large\"><img decoding=\"async\" loading=\"lazy\" width=\"1600\" height=\"1204\" data-id=\"10207\"  src=\"https:\/\/ensvillaguay-ers.infd.edu.ar\/sitio\/wp-content\/uploads\/2023\/11\/IMG-20230628-WA0054.jpg\" alt=\"\" class=\"wp-image-10207\" srcset=\"https:\/\/ensvillaguay-ers.infd.edu.ar\/sitio\/wp-content\/uploads\/2023\/11\/IMG-20230628-WA0054.jpg 1600w, https:\/\/ensvillaguay-ers.infd.edu.ar\/sitio\/wp-content\/uploads\/2023\/11\/IMG-20230628-WA0054-1000x753.jpg 1000w, https:\/\/ensvillaguay-ers.infd.edu.ar\/sitio\/wp-content\/uploads\/2023\/11\/IMG-20230628-WA0054-768x578.jpg 768w, https:\/\/ensvillaguay-ers.infd.edu.ar\/sitio\/wp-content\/uploads\/2023\/11\/IMG-20230628-WA0054-1536x1156.jpg 1536w\" sizes=\"(max-width: 1600px) 100vw, 1600px\" \/><\/figure>\n\n\n\n<figure class=\"wp-block-image size-large\"><img decoding=\"async\" loading=\"lazy\" width=\"1900\" height=\"924\" data-id=\"10210\"  src=\"https:\/\/ensvillaguay-ers.infd.edu.ar\/sitio\/wp-content\/uploads\/2023\/11\/20230628_202931-1900x924.jpg\" alt=\"\" class=\"wp-image-10210\" srcset=\"https:\/\/ensvillaguay-ers.infd.edu.ar\/sitio\/wp-content\/uploads\/2023\/11\/20230628_202931-1900x924.jpg 1900w, https:\/\/ensvillaguay-ers.infd.edu.ar\/sitio\/wp-content\/uploads\/2023\/11\/20230628_202931-1000x486.jpg 1000w, https:\/\/ensvillaguay-ers.infd.edu.ar\/sitio\/wp-content\/uploads\/2023\/11\/20230628_202931-768x374.jpg 768w, https:\/\/ensvillaguay-ers.infd.edu.ar\/sitio\/wp-content\/uploads\/2023\/11\/20230628_202931-1536x747.jpg 1536w, https:\/\/ensvillaguay-ers.infd.edu.ar\/sitio\/wp-content\/uploads\/2023\/11\/20230628_202931-2048x996.jpg 2048w\" sizes=\"(max-width: 1900px) 100vw, 1900px\" \/><\/figure>\n\n\n\n<figure class=\"wp-block-image size-large\"><img decoding=\"async\" loading=\"lazy\" width=\"1900\" height=\"924\" data-id=\"10208\"  src=\"https:\/\/ensvillaguay-ers.infd.edu.ar\/sitio\/wp-content\/uploads\/2023\/11\/20230628_192636-1900x924.jpg\" alt=\"\" class=\"wp-image-10208\" srcset=\"https:\/\/ensvillaguay-ers.infd.edu.ar\/sitio\/wp-content\/uploads\/2023\/11\/20230628_192636-1900x924.jpg 1900w, https:\/\/ensvillaguay-ers.infd.edu.ar\/sitio\/wp-content\/uploads\/2023\/11\/20230628_192636-1000x486.jpg 1000w, https:\/\/ensvillaguay-ers.infd.edu.ar\/sitio\/wp-content\/uploads\/2023\/11\/20230628_192636-768x374.jpg 768w, https:\/\/ensvillaguay-ers.infd.edu.ar\/sitio\/wp-content\/uploads\/2023\/11\/20230628_192636-1536x747.jpg 1536w, https:\/\/ensvillaguay-ers.infd.edu.ar\/sitio\/wp-content\/uploads\/2023\/11\/20230628_192636-2048x996.jpg 2048w\" sizes=\"(max-width: 1900px) 100vw, 1900px\" \/><\/figure>\n\n\n\n<figure class=\"wp-block-image size-large\"><img decoding=\"async\" loading=\"lazy\" width=\"1900\" height=\"924\" data-id=\"10211\"  src=\"https:\/\/ensvillaguay-ers.infd.edu.ar\/sitio\/wp-content\/uploads\/2023\/11\/20230628_202200-1900x924.jpg\" alt=\"\" class=\"wp-image-10211\" srcset=\"https:\/\/ensvillaguay-ers.infd.edu.ar\/sitio\/wp-content\/uploads\/2023\/11\/20230628_202200-1900x924.jpg 1900w, https:\/\/ensvillaguay-ers.infd.edu.ar\/sitio\/wp-content\/uploads\/2023\/11\/20230628_202200-1000x486.jpg 1000w, https:\/\/ensvillaguay-ers.infd.edu.ar\/sitio\/wp-content\/uploads\/2023\/11\/20230628_202200-768x374.jpg 768w, https:\/\/ensvillaguay-ers.infd.edu.ar\/sitio\/wp-content\/uploads\/2023\/11\/20230628_202200-1536x747.jpg 1536w, https:\/\/ensvillaguay-ers.infd.edu.ar\/sitio\/wp-content\/uploads\/2023\/11\/20230628_202200-2048x996.jpg 2048w\" sizes=\"(max-width: 1900px) 100vw, 1900px\" \/><\/figure>\n\n\n\n<figure class=\"wp-block-image size-large\"><img decoding=\"async\" loading=\"lazy\" width=\"1900\" height=\"924\" data-id=\"10209\"  src=\"https:\/\/ensvillaguay-ers.infd.edu.ar\/sitio\/wp-content\/uploads\/2023\/11\/20230628_202329-1900x924.jpg\" alt=\"\" class=\"wp-image-10209\" srcset=\"https:\/\/ensvillaguay-ers.infd.edu.ar\/sitio\/wp-content\/uploads\/2023\/11\/20230628_202329-1900x924.jpg 1900w, https:\/\/ensvillaguay-ers.infd.edu.ar\/sitio\/wp-content\/uploads\/2023\/11\/20230628_202329-1000x486.jpg 1000w, https:\/\/ensvillaguay-ers.infd.edu.ar\/sitio\/wp-content\/uploads\/2023\/11\/20230628_202329-768x374.jpg 768w, https:\/\/ensvillaguay-ers.infd.edu.ar\/sitio\/wp-content\/uploads\/2023\/11\/20230628_202329-1536x747.jpg 1536w, https:\/\/ensvillaguay-ers.infd.edu.ar\/sitio\/wp-content\/uploads\/2023\/11\/20230628_202329-2048x996.jpg 2048w\" sizes=\"(max-width: 1900px) 100vw, 1900px\" \/><\/figure>\n<\/figure>\n","protected":false},"excerpt":{"rendered":"<p>En el marco de la Ley de Educaci\u00f3n Nacional n\u00b0 26206 (CN, 2006), en su Cap\u00edtulo VI, Art\u00edculo n\u00b0 126, inciso G, el Campo Vocacional se constituye como un derecho de los alumnos\/as a recibir orientaci\u00f3n vocacional, tanto acad\u00e9mica como profesional, que posibilite su inserci\u00f3n en el mundo laboral y la prosecuci\u00f3n de los estudios.En &#8230; <a title=\"Taller de acompa\u00f1amiento y articulaci\u00f3n entre el Nivel Secundario y el Nivel Superior\" class=\"read-more\" href=\"https:\/\/ensvillaguay-ers.infd.edu.ar\/sitio\/taller-de-acompanamiento-y-articulacion-entre-el-nivel-secundario-y-el-nivel-superior\/\" aria-label=\"More on Taller de acompa\u00f1amiento y articulaci\u00f3n entre el Nivel Secundario y el Nivel Superior\">[+]<\/a><\/p>\n","protected":false},"author":1427,"featured_media":0,"parent":0,"menu_order":0,"comment_status":"closed","ping_status":"closed","template":"","meta":[],"acf":[],"_links":{"self":[{"href":"https:\/\/ensvillaguay-ers.infd.edu.ar\/sitio\/wp-json\/wp\/v2\/pages\/10185"}],"collection":[{"href":"https:\/\/ensvillaguay-ers.infd.edu.ar\/sitio\/wp-json\/wp\/v2\/pages"}],"about":[{"href":"https:\/\/ensvillaguay-ers.infd.edu.ar\/sitio\/wp-json\/wp\/v2\/types\/page"}],"author":[{"embeddable":true,"href":"https:\/\/ensvillaguay-ers.infd.edu.ar\/sitio\/wp-json\/wp\/v2\/users\/1427"}],"replies":[{"embeddable":true,"href":"https:\/\/ensvillaguay-ers.infd.edu.ar\/sitio\/wp-json\/wp\/v2\/comments?post=10185"}],"version-history":[{"count":2,"href":"https:\/\/ensvillaguay-ers.infd.edu.ar\/sitio\/wp-json\/wp\/v2\/pages\/10185\/revisions"}],"predecessor-version":[{"id":10216,"href":"https:\/\/ensvillaguay-ers.infd.edu.ar\/sitio\/wp-json\/wp\/v2\/pages\/10185\/revisions\/10216"}],"wp:attachment":[{"href":"https:\/\/ensvillaguay-ers.infd.edu.ar\/sitio\/wp-json\/wp\/v2\/media?parent=10185"}],"curies":[{"name":"wp","href":"https:\/\/api.w.org\/{rel}","templated":true}]}}