{"id":1021,"date":"2018-06-29T17:48:37","date_gmt":"2018-06-29T20:48:37","guid":{"rendered":"https:\/\/ensvillaguay-ers.infd.edu.ar\/sitio\/autoridades\/"},"modified":"2025-05-13T10:55:57","modified_gmt":"2025-05-13T13:55:57","slug":"autoridades","status":"publish","type":"page","link":"https:\/\/ensvillaguay-ers.infd.edu.ar\/sitio\/autoridades\/","title":{"rendered":"Autoridades"},"content":{"rendered":"\n<figure class=\"wp-block-image size-full is-resized\"><img decoding=\"async\" loading=\"lazy\" src=\"https:\/\/ensvillaguay-ers.infd.edu.ar\/sitio\/wp-content\/uploads\/2023\/03\/Propuestas-de-Formacion-Docente-Inicial-2-1.jpg\" alt=\"\" class=\"wp-image-7940\" width=\"1020\" height=\"522\" srcset=\"https:\/\/ensvillaguay-ers.infd.edu.ar\/sitio\/wp-content\/uploads\/2023\/03\/Propuestas-de-Formacion-Docente-Inicial-2-1.jpg 1729w, https:\/\/ensvillaguay-ers.infd.edu.ar\/sitio\/wp-content\/uploads\/2023\/03\/Propuestas-de-Formacion-Docente-Inicial-2-1-1000x512.jpg 1000w, https:\/\/ensvillaguay-ers.infd.edu.ar\/sitio\/wp-content\/uploads\/2023\/03\/Propuestas-de-Formacion-Docente-Inicial-2-1-768x393.jpg 768w, https:\/\/ensvillaguay-ers.infd.edu.ar\/sitio\/wp-content\/uploads\/2023\/03\/Propuestas-de-Formacion-Docente-Inicial-2-1-1536x786.jpg 1536w\" sizes=\"(max-width: 1020px) 100vw, 1020px\" \/><\/figure>\n\n\n\n<figure class=\"wp-block-table is-style-stripes\"><table><tbody><tr><td class=\"has-text-align-center\" data-align=\"center\"><strong>Rector<\/strong><\/td><td class=\"has-text-align-center\" data-align=\"center\"><strong>Prof. Dr. Ra\u00fal PIAZZENTINO<\/strong><\/td><\/tr><tr><td class=\"has-text-align-center\" data-align=\"center\"><strong>Vice Rector de Nivel Superior<\/strong><\/td><td class=\"has-text-align-center\" data-align=\"center\"><strong>Mg.\u00a0Augusto MANZATO<\/strong><\/td><\/tr><tr><td class=\"has-text-align-center\" data-align=\"center\"><strong>Vice Rector<\/strong> <strong>de Nivel Secundario<\/strong><\/td><td class=\"has-text-align-center\" data-align=\"center\"><strong>Prof. Miguel \u00c1ngel FERN\u00c1NDEZ<\/strong><\/td><\/tr><tr><td class=\"has-text-align-center\" data-align=\"center\"><strong>Secretaria<\/strong><\/td><td class=\"has-text-align-center\" data-align=\"center\"><strong>Prof. Anal\u00eda KRANEVITTER<\/strong><\/td><\/tr><tr><td class=\"has-text-align-center\" data-align=\"center\"><strong>Directora de Unidad Educativa de Nivel Inicial<\/strong><\/td><td class=\"has-text-align-center\" data-align=\"center\"><strong>Lic.&nbsp;Alejandra ZALAZAR<\/strong><\/td><\/tr><tr><td class=\"has-text-align-center\" data-align=\"center\"><strong>Directora de Nivel Primario<\/strong><\/td><td class=\"has-text-align-center\" data-align=\"center\"><strong>Prof. Ofelia DUARTE<\/strong><\/td><\/tr><tr><td class=\"has-text-align-center\" data-align=\"center\"><strong>Vice Directora de Nivel Primario<\/strong><\/td><td class=\"has-text-align-center\" data-align=\"center\"><strong>Prof. Silvana RIBALTA<\/strong><\/td><\/tr><tr><td class=\"has-text-align-center\" data-align=\"center\"><strong><strong>Vice Directora de Nivel Primario<\/strong><\/strong><\/td><td class=\"has-text-align-center\" data-align=\"center\"><strong>Prof. Sonia MATHEY DORET<\/strong><\/td><\/tr><tr><td class=\"has-text-align-center\" data-align=\"center\"><strong>Secretaria <strong>de Nivel Primario<\/strong><\/strong><\/td><td class=\"has-text-align-center\" data-align=\"center\"><strong>Prof. Mariana PESOA<\/strong><\/td><\/tr><tr><td class=\"has-text-align-center\" data-align=\"center\"><strong>Secretaria Acad\u00e9mica<\/strong><\/td><td class=\"has-text-align-center\" data-align=\"center\"><strong>Mg. Luciana TOURN<\/strong><\/td><\/tr><\/tbody><\/table><\/figure>\n\n\n<h4 style=\"text-align: center;\"><span style=\"color: #ff6600;\"><strong>Consejo Directivo 2024-2026<\/strong><\/span><\/h4>\n<hr>\n<p><span style=\"color: #ff6600;\"><strong>PROFESORADO DE EDUCACI\u00d3N INICIAL<\/strong><\/span><\/p>\n<p><strong>Estamento Docente<\/strong><\/p>\n\n\n<figure class=\"wp-block-table is-style-stripes\"><table><tbody><tr><td><em>Titular:&nbsp;<strong>Prof<\/strong>. <strong><strong>VENTAVOLI<\/strong>, Marina Ver\u00f3nica<\/strong><\/em><\/td><\/tr><tr><td><em>Suplente: Prof. ECHEVERR\u00cdA, Silvana Andrea<\/em><\/td><\/tr><\/tbody><\/table><\/figure>\n\n\n<p><strong>Estamento Estudiante<\/strong><\/p>\n\n\n<figure class=\"wp-block-table is-style-stripes\"><table><tbody><tr><td><em>Suplente: Est. RAUSCH, Melina Pamela<\/em><\/td><\/tr><\/tbody><\/table><\/figure>\n\n\n<p><span style=\"color: #ff6600;\"><strong>PROFESORADO DE EDUCACI\u00d3N PRIMARIA<\/strong><\/span><\/p>\n<p><strong>Estamento Docente<\/strong><\/p>\n\n\n<figure class=\"wp-block-table is-style-stripes\"><table><tbody><tr><td><em>Titular:&nbsp;<strong><strong>Prof. <strong>ACOSTA<\/strong>, \u00c9velyn<\/strong><\/strong><\/em><\/td><\/tr><tr><td><em>Suplente: Prof. PIZZINI, Diana Mariela<\/em><\/td><\/tr><\/tbody><\/table><\/figure>\n\n\n\n\n<p><span style=\"color: #ff6600;\"><strong>PROFESORADO DE EDUCACI\u00d3N SECUNDARIA EN MATEM\u00c1TICA<\/strong><\/span><\/p>\n<p><strong>Estamento Docente<\/strong><\/p>\n\n\n<figure class=\"wp-block-table is-style-stripes\"><table><tbody><tr><td><em>Titular:&nbsp;<strong>Prof. <strong>VERBAUWEDE<\/strong>, L\u00e1zaro Jes\u00fas<\/strong><\/em><\/td><\/tr><tr><td><em>Suplente: Prof. PACCOR, Silvana Carina<\/em><\/td><\/tr><\/tbody><\/table><\/figure>\n\n\n<p><strong>Estamento Estudiante<\/strong><\/p>\n\n\n<figure class=\"wp-block-table is-style-stripes\"><table><tbody><tr><td><em>Titular:&nbsp;<strong>Est. <strong>DEGREGORI<\/strong>, Jazm\u00edn<\/strong><\/em><\/td><\/tr><\/tbody><\/table><\/figure>\n\n\n<p><span style=\"color: #ff6600;\"><strong>PROFESORADO DE EDUCACI\u00d3N SECUNDARIA EN LENGUA Y LITERATURA<\/strong><\/span><\/p>\n<p><strong>Estamento Docente<\/strong><\/p>\n\n\n<figure class=\"wp-block-table is-style-stripes\"><table><tbody><tr><td><em>Titular:&nbsp;<strong>Prof. <strong>CUBERLI<\/strong>, Gisela Carina<\/strong><\/em><\/td><\/tr><tr><td><em>Suplente: Prof. Z\u00c1RATE, Mar\u00eda Ivana<\/em><\/td><\/tr><\/tbody><\/table><\/figure>\n\n\n\n\n<p><span style=\"color: #ff6600;\"><strong>PROFESORADO DE EDUCACI\u00d3N SECUNDARIA EN BIOLOG\u00cdA<\/strong><\/span><\/p>\n<p><strong>Estamento Docente<\/strong><\/p>\n\n\n<figure class=\"wp-block-table is-style-stripes\"><table><tbody><tr><td><em>Titular:&nbsp;<strong>Prof. <strong>LARROSA<\/strong>, Natalia Soledad<\/strong><\/em><\/td><\/tr><tr><td><em>Suplente: Prof. GAUNA, Camila Anah\u00ed<\/em><\/td><\/tr><\/tbody><\/table><\/figure>\n\n\n\n\n<p><span style=\"color: #ff6600;\"><strong>PROFESORADO DE INGL\u00c9S<\/strong><\/span><\/p>\n<p><strong>Estamento Docente<\/strong><\/p>\n\n\n<figure class=\"wp-block-table is-style-stripes\"><table><tbody><tr><td><em>Titular:&nbsp;<strong><strong>Prof. <strong>VUOTO<\/strong>, Emilio Amadeo<\/strong><\/strong><\/em><\/td><\/tr><tr><td><em>Suplente: Prof. BARCOS, Ver\u00f3nica<\/em><\/td><\/tr><\/tbody><\/table><\/figure>\n\n\n<p><strong>Estamento Estudiante<\/strong><\/p>\n\n\n<figure class=\"wp-block-table is-style-stripes\"><table><tbody><tr><td><em>Titular:&nbsp;<strong>Est. <strong>BARRIONUEVO<\/strong>, Santiago Gast\u00f3n<\/strong><\/em><\/td><\/tr><tr><td><em>Suplente: Est. MAKARUK, Sof\u00eda Bel\u00e9n<\/em><\/td><\/tr><\/tbody><\/table><\/figure>\n\n\n<p><span style=\"color: #ff6600;\"><strong>PROFESORADO DE EDUCACI\u00d3N SECUNDARIA EN GEOGRAF\u00cdA<\/strong><\/span><\/p>\n<p><strong>Estamento Docente<\/strong><\/p>\n\n\n<figure class=\"wp-block-table is-style-stripes\"><table><tbody><tr><td><em>Titular:&nbsp;<\/em><strong><em>Prof. PERROUCHOUD, Andrea Leticia<\/em><\/strong><\/td><td><\/td><\/tr><tr><td><em>Suplente: Prof. ZURDO, Patricia Ver\u00f3nica<\/em><\/td><td><\/td><\/tr><\/tbody><\/table><\/figure>\n\n\n<p><strong>Estamento Estudiante<\/strong><\/p>\n\n\n<figure class=\"wp-block-table is-style-stripes\"><table><tbody><tr><td><em>Titular:&nbsp;<\/em><strong><em>Est. <strong>KUXHAUS<\/strong>, Juan Carlos<\/em><\/strong><\/td><td><\/td><\/tr><tr><td><em>Suplente: Est. FRANCO, Jes\u00fas Gabriel<\/em><\/td><td><\/td><\/tr><\/tbody><\/table><\/figure>\n\n\n<p><span style=\"color: #ff6600;\"><strong>ESTAMENTO GRADUADO<\/strong><\/span><\/p>\n\n\n<figure class=\"wp-block-table is-style-stripes\"><table><tbody><tr><td><em>Titular:&nbsp;<strong>Prof. <strong>MERCIER<\/strong>, Dana Micaela<\/strong><\/em><\/td><\/tr><tr><td><em>Suplente: Prof. RETAMAR, Gast\u00f3n Lautaro<\/em><\/td><\/tr><\/tbody><\/table><\/figure>\n","protected":false},"excerpt":{"rendered":"<p>Rector Prof. Dr. Ra\u00fal PIAZZENTINO Vice Rector de Nivel Superior Mg.\u00a0Augusto MANZATO Vice Rector de Nivel Secundario Prof. Miguel \u00c1ngel FERN\u00c1NDEZ Secretaria Prof. Anal\u00eda KRANEVITTER Directora de Unidad Educativa de Nivel Inicial Lic.&nbsp;Alejandra ZALAZAR Directora de Nivel Primario Prof. Ofelia DUARTE Vice Directora de Nivel Primario Prof. Silvana RIBALTA Vice Directora de Nivel Primario Prof. &#8230; <a title=\"Autoridades\" class=\"read-more\" href=\"https:\/\/ensvillaguay-ers.infd.edu.ar\/sitio\/autoridades\/\" aria-label=\"More on Autoridades\">[+]<\/a><\/p>\n","protected":false},"author":1046,"featured_media":0,"parent":0,"menu_order":0,"comment_status":"closed","ping_status":"closed","template":"","meta":[],"acf":[],"_links":{"self":[{"href":"https:\/\/ensvillaguay-ers.infd.edu.ar\/sitio\/wp-json\/wp\/v2\/pages\/1021"}],"collection":[{"href":"https:\/\/ensvillaguay-ers.infd.edu.ar\/sitio\/wp-json\/wp\/v2\/pages"}],"about":[{"href":"https:\/\/ensvillaguay-ers.infd.edu.ar\/sitio\/wp-json\/wp\/v2\/types\/page"}],"author":[{"embeddable":true,"href":"https:\/\/ensvillaguay-ers.infd.edu.ar\/sitio\/wp-json\/wp\/v2\/users\/1046"}],"replies":[{"embeddable":true,"href":"https:\/\/ensvillaguay-ers.infd.edu.ar\/sitio\/wp-json\/wp\/v2\/comments?post=1021"}],"version-history":[{"count":58,"href":"https:\/\/ensvillaguay-ers.infd.edu.ar\/sitio\/wp-json\/wp\/v2\/pages\/1021\/revisions"}],"predecessor-version":[{"id":11576,"href":"https:\/\/ensvillaguay-ers.infd.edu.ar\/sitio\/wp-json\/wp\/v2\/pages\/1021\/revisions\/11576"}],"wp:attachment":[{"href":"https:\/\/ensvillaguay-ers.infd.edu.ar\/sitio\/wp-json\/wp\/v2\/media?parent=1021"}],"curies":[{"name":"wp","href":"https:\/\/api.w.org\/{rel}","templated":true}]}}