{"id":10217,"date":"2023-11-06T22:06:44","date_gmt":"2023-11-07T01:06:44","guid":{"rendered":"https:\/\/ensvillaguay-ers.infd.edu.ar\/sitio\/?page_id=10217"},"modified":"2023-11-06T22:06:45","modified_gmt":"2023-11-07T01:06:45","slug":"proyecto-de-articulacion-entre-el-nivel-primario-y-el-nivel-secundario","status":"publish","type":"page","link":"https:\/\/ensvillaguay-ers.infd.edu.ar\/sitio\/proyecto-de-articulacion-entre-el-nivel-primario-y-el-nivel-secundario\/","title":{"rendered":"Proyecto de articulaci\u00f3n entre el Nivel Primario y el Nivel Secundario"},"content":{"rendered":"<p>La Resoluci\u00f3n n\u00b0 4950\/22 CGE que establece el Calendario Escolar 2023, prev\u00e9 para esta etapa del a\u00f1o que todas las instituciones de la provincia de Entre R\u00edos planifiquen instancias espec\u00edficas, en las que se garanticen procesos sostenidos en torno de la articulaci\u00f3n, en tanto es una dimensi\u00f3n central en la garant\u00eda del derecho a la educaci\u00f3n. Por lo tanto cada nivel y modalidad podr\u00e1 organizar institucionalmente y coordinar con otras instituciones este tr\u00e1nsito que implica el pasaje de un nivel\/modalidad a otro\/a.<\/p>\n<p><strong><img decoding=\"async\" src=\"https:\/\/ensvillaguay-ers.infd.edu.ar\/sitio\/wp-content\/uploads\/2023\/10\/siguiente-boton.png\" \/>Prop\u00f3sitos de la Jornada:<\/strong><\/p>\n<ul>\n<li>Propiciar la reflexi\u00f3n en torno a los procesos concretos de articulaci\u00f3n intra e interniveles.<\/li>\n<li>Recuperar las l\u00edneas de acci\u00f3n implementadas institucional e interinstitucionales.<\/li>\n<li>Dise\u00f1ar estrategias contextualizadas que favorezcan la continuidad pedag\u00f3gica en el tr\u00e1nsito de un nivel\/modalidad a otro\/a del sistema educativo.<\/li>\n<li>Dise\u00f1ar acciones tendientes a fortalecer las trayectorias escolares entre secciones, a\u00f1os, ciclos, niveles y modalidades.<\/li>\n<\/ul>\n<p><strong><img decoding=\"async\" src=\"https:\/\/ensvillaguay-ers.infd.edu.ar\/sitio\/wp-content\/uploads\/2023\/10\/siguiente-boton.png\" \/> Situaci\u00f3n actual y escuelas a articular<\/strong><\/p>\n<p>En la escuela secundaria actual, y en especial la ENSML, recibimos alumnos de las escuelas cercanas al establecimiento, como las escuelas N\u00b03 \u201cFrancisco Podest\u00e1\u201d, N\u00b0 107 \u201cNarciso Laprida\u201d, N\u00b0 1\u201d Bartolom\u00e9 Mitre\u201d, N\u00b0 108 \u201cSargento Cabral\u201d y en mayor n\u00famero alumnos de nuestra instituci\u00f3n nivel primario, en los \u00faltimos dos a\u00f1os en especial pos pandemia se not\u00f3 un gran brecha en los conocimientos adquiridos y h\u00e1bitos de convivencia y estudio, de\u00a0 los diferentes establecimientos, teniendo en cuenta estas observaciones se articular\u00e1 con trabajos situado en nuestra instituci\u00f3n y trabajo colaborativo entre los docentes de los dos niveles para intentar coordinar y acordar objetivos en com\u00fan para la inserci\u00f3n de los alumnos al nivel secundario sea una experiencia satisfactoria.<\/p>\n\n\n<figure class=\"wp-block-gallery has-nested-images columns-default is-cropped wp-block-gallery-1 is-layout-flex\">\n<figure class=\"wp-block-image size-large\"><img decoding=\"async\" loading=\"lazy\" width=\"1200\" height=\"1600\" data-id=\"10220\"  src=\"https:\/\/ensvillaguay-ers.infd.edu.ar\/sitio\/wp-content\/uploads\/2023\/11\/WhatsApp-Image-2023-11-06-at-21.53.09.jpeg\" alt=\"\" class=\"wp-image-10220\" srcset=\"https:\/\/ensvillaguay-ers.infd.edu.ar\/sitio\/wp-content\/uploads\/2023\/11\/WhatsApp-Image-2023-11-06-at-21.53.09.jpeg 1200w, https:\/\/ensvillaguay-ers.infd.edu.ar\/sitio\/wp-content\/uploads\/2023\/11\/WhatsApp-Image-2023-11-06-at-21.53.09-750x1000.jpeg 750w, https:\/\/ensvillaguay-ers.infd.edu.ar\/sitio\/wp-content\/uploads\/2023\/11\/WhatsApp-Image-2023-11-06-at-21.53.09-768x1024.jpeg 768w, https:\/\/ensvillaguay-ers.infd.edu.ar\/sitio\/wp-content\/uploads\/2023\/11\/WhatsApp-Image-2023-11-06-at-21.53.09-1152x1536.jpeg 1152w\" sizes=\"(max-width: 1200px) 100vw, 1200px\" \/><\/figure>\n\n\n\n<figure class=\"wp-block-image size-large\"><img decoding=\"async\" loading=\"lazy\" width=\"1496\" height=\"1496\" data-id=\"10221\"  src=\"https:\/\/ensvillaguay-ers.infd.edu.ar\/sitio\/wp-content\/uploads\/2023\/11\/WhatsApp-Image-2023-11-06-at-21.53.08-2.jpeg\" alt=\"\" class=\"wp-image-10221\" srcset=\"https:\/\/ensvillaguay-ers.infd.edu.ar\/sitio\/wp-content\/uploads\/2023\/11\/WhatsApp-Image-2023-11-06-at-21.53.08-2.jpeg 1496w, https:\/\/ensvillaguay-ers.infd.edu.ar\/sitio\/wp-content\/uploads\/2023\/11\/WhatsApp-Image-2023-11-06-at-21.53.08-2-1000x1000.jpeg 1000w, https:\/\/ensvillaguay-ers.infd.edu.ar\/sitio\/wp-content\/uploads\/2023\/11\/WhatsApp-Image-2023-11-06-at-21.53.08-2-500x500.jpeg 500w, https:\/\/ensvillaguay-ers.infd.edu.ar\/sitio\/wp-content\/uploads\/2023\/11\/WhatsApp-Image-2023-11-06-at-21.53.08-2-768x768.jpeg 768w\" sizes=\"(max-width: 1496px) 100vw, 1496px\" \/><\/figure>\n\n\n\n<figure class=\"wp-block-image size-large\"><img decoding=\"async\" loading=\"lazy\" width=\"1200\" height=\"1600\" data-id=\"10218\"  src=\"https:\/\/ensvillaguay-ers.infd.edu.ar\/sitio\/wp-content\/uploads\/2023\/11\/WhatsApp-Image-2023-11-06-at-21.53.08-1.jpeg\" alt=\"\" class=\"wp-image-10218\" srcset=\"https:\/\/ensvillaguay-ers.infd.edu.ar\/sitio\/wp-content\/uploads\/2023\/11\/WhatsApp-Image-2023-11-06-at-21.53.08-1.jpeg 1200w, https:\/\/ensvillaguay-ers.infd.edu.ar\/sitio\/wp-content\/uploads\/2023\/11\/WhatsApp-Image-2023-11-06-at-21.53.08-1-750x1000.jpeg 750w, https:\/\/ensvillaguay-ers.infd.edu.ar\/sitio\/wp-content\/uploads\/2023\/11\/WhatsApp-Image-2023-11-06-at-21.53.08-1-768x1024.jpeg 768w, https:\/\/ensvillaguay-ers.infd.edu.ar\/sitio\/wp-content\/uploads\/2023\/11\/WhatsApp-Image-2023-11-06-at-21.53.08-1-1152x1536.jpeg 1152w\" sizes=\"(max-width: 1200px) 100vw, 1200px\" \/><\/figure>\n\n\n\n<figure class=\"wp-block-image size-large\"><img decoding=\"async\" loading=\"lazy\" width=\"1200\" height=\"1600\" data-id=\"10219\"  src=\"https:\/\/ensvillaguay-ers.infd.edu.ar\/sitio\/wp-content\/uploads\/2023\/11\/WhatsApp-Image-2023-11-06-at-21.53.08.jpeg\" alt=\"\" class=\"wp-image-10219\" srcset=\"https:\/\/ensvillaguay-ers.infd.edu.ar\/sitio\/wp-content\/uploads\/2023\/11\/WhatsApp-Image-2023-11-06-at-21.53.08.jpeg 1200w, https:\/\/ensvillaguay-ers.infd.edu.ar\/sitio\/wp-content\/uploads\/2023\/11\/WhatsApp-Image-2023-11-06-at-21.53.08-750x1000.jpeg 750w, https:\/\/ensvillaguay-ers.infd.edu.ar\/sitio\/wp-content\/uploads\/2023\/11\/WhatsApp-Image-2023-11-06-at-21.53.08-768x1024.jpeg 768w, https:\/\/ensvillaguay-ers.infd.edu.ar\/sitio\/wp-content\/uploads\/2023\/11\/WhatsApp-Image-2023-11-06-at-21.53.08-1152x1536.jpeg 1152w\" sizes=\"(max-width: 1200px) 100vw, 1200px\" \/><\/figure>\n\n\n\n<figure class=\"wp-block-image size-large\"><img decoding=\"async\" loading=\"lazy\" width=\"1496\" height=\"1496\" data-id=\"10224\"  src=\"https:\/\/ensvillaguay-ers.infd.edu.ar\/sitio\/wp-content\/uploads\/2023\/11\/WhatsApp-Image-2023-11-06-at-21.53.07-1.jpeg\" alt=\"\" class=\"wp-image-10224\" srcset=\"https:\/\/ensvillaguay-ers.infd.edu.ar\/sitio\/wp-content\/uploads\/2023\/11\/WhatsApp-Image-2023-11-06-at-21.53.07-1.jpeg 1496w, https:\/\/ensvillaguay-ers.infd.edu.ar\/sitio\/wp-content\/uploads\/2023\/11\/WhatsApp-Image-2023-11-06-at-21.53.07-1-1000x1000.jpeg 1000w, https:\/\/ensvillaguay-ers.infd.edu.ar\/sitio\/wp-content\/uploads\/2023\/11\/WhatsApp-Image-2023-11-06-at-21.53.07-1-500x500.jpeg 500w, https:\/\/ensvillaguay-ers.infd.edu.ar\/sitio\/wp-content\/uploads\/2023\/11\/WhatsApp-Image-2023-11-06-at-21.53.07-1-768x768.jpeg 768w\" sizes=\"(max-width: 1496px) 100vw, 1496px\" \/><\/figure>\n\n\n\n<figure class=\"wp-block-image size-large\"><img decoding=\"async\" loading=\"lazy\" width=\"1496\" height=\"1496\" data-id=\"10223\"  src=\"https:\/\/ensvillaguay-ers.infd.edu.ar\/sitio\/wp-content\/uploads\/2023\/11\/WhatsApp-Image-2023-11-06-at-21.53.07.jpeg\" alt=\"\" class=\"wp-image-10223\" srcset=\"https:\/\/ensvillaguay-ers.infd.edu.ar\/sitio\/wp-content\/uploads\/2023\/11\/WhatsApp-Image-2023-11-06-at-21.53.07.jpeg 1496w, https:\/\/ensvillaguay-ers.infd.edu.ar\/sitio\/wp-content\/uploads\/2023\/11\/WhatsApp-Image-2023-11-06-at-21.53.07-1000x1000.jpeg 1000w, https:\/\/ensvillaguay-ers.infd.edu.ar\/sitio\/wp-content\/uploads\/2023\/11\/WhatsApp-Image-2023-11-06-at-21.53.07-500x500.jpeg 500w, https:\/\/ensvillaguay-ers.infd.edu.ar\/sitio\/wp-content\/uploads\/2023\/11\/WhatsApp-Image-2023-11-06-at-21.53.07-768x768.jpeg 768w\" sizes=\"(max-width: 1496px) 100vw, 1496px\" \/><\/figure>\n\n\n\n<figure class=\"wp-block-image size-large\"><img decoding=\"async\" loading=\"lazy\" width=\"1200\" height=\"1600\" data-id=\"10222\"  src=\"https:\/\/ensvillaguay-ers.infd.edu.ar\/sitio\/wp-content\/uploads\/2023\/11\/WhatsApp-Image-2023-11-06-at-21.53.06-1.jpeg\" alt=\"\" class=\"wp-image-10222\" srcset=\"https:\/\/ensvillaguay-ers.infd.edu.ar\/sitio\/wp-content\/uploads\/2023\/11\/WhatsApp-Image-2023-11-06-at-21.53.06-1.jpeg 1200w, https:\/\/ensvillaguay-ers.infd.edu.ar\/sitio\/wp-content\/uploads\/2023\/11\/WhatsApp-Image-2023-11-06-at-21.53.06-1-750x1000.jpeg 750w, https:\/\/ensvillaguay-ers.infd.edu.ar\/sitio\/wp-content\/uploads\/2023\/11\/WhatsApp-Image-2023-11-06-at-21.53.06-1-768x1024.jpeg 768w, https:\/\/ensvillaguay-ers.infd.edu.ar\/sitio\/wp-content\/uploads\/2023\/11\/WhatsApp-Image-2023-11-06-at-21.53.06-1-1152x1536.jpeg 1152w\" sizes=\"(max-width: 1200px) 100vw, 1200px\" \/><\/figure>\n\n\n\n<figure class=\"wp-block-image size-large\"><img decoding=\"async\" loading=\"lazy\" width=\"1600\" height=\"1200\" data-id=\"10225\"  src=\"https:\/\/ensvillaguay-ers.infd.edu.ar\/sitio\/wp-content\/uploads\/2023\/11\/WhatsApp-Image-2023-11-06-at-21.53.06.jpeg\" alt=\"\" class=\"wp-image-10225\" srcset=\"https:\/\/ensvillaguay-ers.infd.edu.ar\/sitio\/wp-content\/uploads\/2023\/11\/WhatsApp-Image-2023-11-06-at-21.53.06.jpeg 1600w, https:\/\/ensvillaguay-ers.infd.edu.ar\/sitio\/wp-content\/uploads\/2023\/11\/WhatsApp-Image-2023-11-06-at-21.53.06-1000x750.jpeg 1000w, https:\/\/ensvillaguay-ers.infd.edu.ar\/sitio\/wp-content\/uploads\/2023\/11\/WhatsApp-Image-2023-11-06-at-21.53.06-768x576.jpeg 768w, https:\/\/ensvillaguay-ers.infd.edu.ar\/sitio\/wp-content\/uploads\/2023\/11\/WhatsApp-Image-2023-11-06-at-21.53.06-1536x1152.jpeg 1536w\" sizes=\"(max-width: 1600px) 100vw, 1600px\" \/><\/figure>\n\n\n\n<figure class=\"wp-block-image size-large\"><img decoding=\"async\" loading=\"lazy\" width=\"1600\" height=\"1200\" data-id=\"10226\"  src=\"https:\/\/ensvillaguay-ers.infd.edu.ar\/sitio\/wp-content\/uploads\/2023\/11\/WhatsApp-Image-2023-11-06-at-21.53.05-2.jpeg\" alt=\"\" class=\"wp-image-10226\" srcset=\"https:\/\/ensvillaguay-ers.infd.edu.ar\/sitio\/wp-content\/uploads\/2023\/11\/WhatsApp-Image-2023-11-06-at-21.53.05-2.jpeg 1600w, https:\/\/ensvillaguay-ers.infd.edu.ar\/sitio\/wp-content\/uploads\/2023\/11\/WhatsApp-Image-2023-11-06-at-21.53.05-2-1000x750.jpeg 1000w, https:\/\/ensvillaguay-ers.infd.edu.ar\/sitio\/wp-content\/uploads\/2023\/11\/WhatsApp-Image-2023-11-06-at-21.53.05-2-768x576.jpeg 768w, https:\/\/ensvillaguay-ers.infd.edu.ar\/sitio\/wp-content\/uploads\/2023\/11\/WhatsApp-Image-2023-11-06-at-21.53.05-2-1536x1152.jpeg 1536w\" sizes=\"(max-width: 1600px) 100vw, 1600px\" \/><\/figure>\n\n\n\n<figure class=\"wp-block-image size-large\"><img decoding=\"async\" loading=\"lazy\" width=\"1600\" height=\"1200\" data-id=\"10227\"  src=\"https:\/\/ensvillaguay-ers.infd.edu.ar\/sitio\/wp-content\/uploads\/2023\/11\/WhatsApp-Image-2023-11-06-at-21.53.05-1.jpeg\" alt=\"\" class=\"wp-image-10227\" srcset=\"https:\/\/ensvillaguay-ers.infd.edu.ar\/sitio\/wp-content\/uploads\/2023\/11\/WhatsApp-Image-2023-11-06-at-21.53.05-1.jpeg 1600w, https:\/\/ensvillaguay-ers.infd.edu.ar\/sitio\/wp-content\/uploads\/2023\/11\/WhatsApp-Image-2023-11-06-at-21.53.05-1-1000x750.jpeg 1000w, https:\/\/ensvillaguay-ers.infd.edu.ar\/sitio\/wp-content\/uploads\/2023\/11\/WhatsApp-Image-2023-11-06-at-21.53.05-1-768x576.jpeg 768w, https:\/\/ensvillaguay-ers.infd.edu.ar\/sitio\/wp-content\/uploads\/2023\/11\/WhatsApp-Image-2023-11-06-at-21.53.05-1-1536x1152.jpeg 1536w\" sizes=\"(max-width: 1600px) 100vw, 1600px\" \/><\/figure>\n\n\n\n<figure class=\"wp-block-image size-large\"><img decoding=\"async\" loading=\"lazy\" width=\"1600\" height=\"1200\" data-id=\"10229\"  src=\"https:\/\/ensvillaguay-ers.infd.edu.ar\/sitio\/wp-content\/uploads\/2023\/11\/WhatsApp-Image-2023-11-06-at-21.53.05.jpeg\" alt=\"\" class=\"wp-image-10229\" srcset=\"https:\/\/ensvillaguay-ers.infd.edu.ar\/sitio\/wp-content\/uploads\/2023\/11\/WhatsApp-Image-2023-11-06-at-21.53.05.jpeg 1600w, https:\/\/ensvillaguay-ers.infd.edu.ar\/sitio\/wp-content\/uploads\/2023\/11\/WhatsApp-Image-2023-11-06-at-21.53.05-1000x750.jpeg 1000w, https:\/\/ensvillaguay-ers.infd.edu.ar\/sitio\/wp-content\/uploads\/2023\/11\/WhatsApp-Image-2023-11-06-at-21.53.05-768x576.jpeg 768w, https:\/\/ensvillaguay-ers.infd.edu.ar\/sitio\/wp-content\/uploads\/2023\/11\/WhatsApp-Image-2023-11-06-at-21.53.05-1536x1152.jpeg 1536w\" sizes=\"(max-width: 1600px) 100vw, 1600px\" \/><\/figure>\n\n\n\n<figure class=\"wp-block-image size-large\"><img decoding=\"async\" loading=\"lazy\" width=\"1600\" height=\"1200\" data-id=\"10228\"  src=\"https:\/\/ensvillaguay-ers.infd.edu.ar\/sitio\/wp-content\/uploads\/2023\/11\/WhatsApp-Image-2023-11-06-at-21.53.04-2.jpeg\" alt=\"\" class=\"wp-image-10228\" srcset=\"https:\/\/ensvillaguay-ers.infd.edu.ar\/sitio\/wp-content\/uploads\/2023\/11\/WhatsApp-Image-2023-11-06-at-21.53.04-2.jpeg 1600w, https:\/\/ensvillaguay-ers.infd.edu.ar\/sitio\/wp-content\/uploads\/2023\/11\/WhatsApp-Image-2023-11-06-at-21.53.04-2-1000x750.jpeg 1000w, https:\/\/ensvillaguay-ers.infd.edu.ar\/sitio\/wp-content\/uploads\/2023\/11\/WhatsApp-Image-2023-11-06-at-21.53.04-2-768x576.jpeg 768w, https:\/\/ensvillaguay-ers.infd.edu.ar\/sitio\/wp-content\/uploads\/2023\/11\/WhatsApp-Image-2023-11-06-at-21.53.04-2-1536x1152.jpeg 1536w\" sizes=\"(max-width: 1600px) 100vw, 1600px\" \/><\/figure>\n\n\n\n<figure class=\"wp-block-image size-large\"><img decoding=\"async\" loading=\"lazy\" width=\"1600\" height=\"1200\" data-id=\"10230\"  src=\"https:\/\/ensvillaguay-ers.infd.edu.ar\/sitio\/wp-content\/uploads\/2023\/11\/WhatsApp-Image-2023-11-06-at-21.53.04-1.jpeg\" alt=\"\" class=\"wp-image-10230\" srcset=\"https:\/\/ensvillaguay-ers.infd.edu.ar\/sitio\/wp-content\/uploads\/2023\/11\/WhatsApp-Image-2023-11-06-at-21.53.04-1.jpeg 1600w, https:\/\/ensvillaguay-ers.infd.edu.ar\/sitio\/wp-content\/uploads\/2023\/11\/WhatsApp-Image-2023-11-06-at-21.53.04-1-1000x750.jpeg 1000w, https:\/\/ensvillaguay-ers.infd.edu.ar\/sitio\/wp-content\/uploads\/2023\/11\/WhatsApp-Image-2023-11-06-at-21.53.04-1-768x576.jpeg 768w, https:\/\/ensvillaguay-ers.infd.edu.ar\/sitio\/wp-content\/uploads\/2023\/11\/WhatsApp-Image-2023-11-06-at-21.53.04-1-1536x1152.jpeg 1536w\" sizes=\"(max-width: 1600px) 100vw, 1600px\" \/><\/figure>\n\n\n\n<figure class=\"wp-block-image size-large\"><img decoding=\"async\" loading=\"lazy\" width=\"1600\" height=\"1200\" data-id=\"10232\"  src=\"https:\/\/ensvillaguay-ers.infd.edu.ar\/sitio\/wp-content\/uploads\/2023\/11\/WhatsApp-Image-2023-11-06-at-21.53.04.jpeg\" alt=\"\" class=\"wp-image-10232\" srcset=\"https:\/\/ensvillaguay-ers.infd.edu.ar\/sitio\/wp-content\/uploads\/2023\/11\/WhatsApp-Image-2023-11-06-at-21.53.04.jpeg 1600w, https:\/\/ensvillaguay-ers.infd.edu.ar\/sitio\/wp-content\/uploads\/2023\/11\/WhatsApp-Image-2023-11-06-at-21.53.04-1000x750.jpeg 1000w, https:\/\/ensvillaguay-ers.infd.edu.ar\/sitio\/wp-content\/uploads\/2023\/11\/WhatsApp-Image-2023-11-06-at-21.53.04-768x576.jpeg 768w, https:\/\/ensvillaguay-ers.infd.edu.ar\/sitio\/wp-content\/uploads\/2023\/11\/WhatsApp-Image-2023-11-06-at-21.53.04-1536x1152.jpeg 1536w\" sizes=\"(max-width: 1600px) 100vw, 1600px\" \/><\/figure>\n\n\n\n<figure class=\"wp-block-image size-large\"><img decoding=\"async\" loading=\"lazy\" width=\"1288\" height=\"966\" data-id=\"10231\"  src=\"https:\/\/ensvillaguay-ers.infd.edu.ar\/sitio\/wp-content\/uploads\/2023\/11\/WhatsApp-Image-2023-11-06-at-21.57.18.jpeg\" alt=\"\" class=\"wp-image-10231\" srcset=\"https:\/\/ensvillaguay-ers.infd.edu.ar\/sitio\/wp-content\/uploads\/2023\/11\/WhatsApp-Image-2023-11-06-at-21.57.18.jpeg 1288w, https:\/\/ensvillaguay-ers.infd.edu.ar\/sitio\/wp-content\/uploads\/2023\/11\/WhatsApp-Image-2023-11-06-at-21.57.18-1000x750.jpeg 1000w, https:\/\/ensvillaguay-ers.infd.edu.ar\/sitio\/wp-content\/uploads\/2023\/11\/WhatsApp-Image-2023-11-06-at-21.57.18-768x576.jpeg 768w\" sizes=\"(max-width: 1288px) 100vw, 1288px\" \/><\/figure>\n<\/figure>\n","protected":false},"excerpt":{"rendered":"<p>La Resoluci\u00f3n n\u00b0 4950\/22 CGE que establece el Calendario Escolar 2023, prev\u00e9 para esta etapa del a\u00f1o que todas las instituciones de la provincia de Entre R\u00edos planifiquen instancias espec\u00edficas, en las que se garanticen procesos sostenidos en torno de la articulaci\u00f3n, en tanto es una dimensi\u00f3n central en la garant\u00eda del derecho a la &#8230; <a title=\"Proyecto de articulaci\u00f3n entre el Nivel Primario y el Nivel Secundario\" class=\"read-more\" href=\"https:\/\/ensvillaguay-ers.infd.edu.ar\/sitio\/proyecto-de-articulacion-entre-el-nivel-primario-y-el-nivel-secundario\/\" aria-label=\"More on Proyecto de articulaci\u00f3n entre el Nivel Primario y el Nivel Secundario\">[+]<\/a><\/p>\n","protected":false},"author":1427,"featured_media":0,"parent":0,"menu_order":0,"comment_status":"closed","ping_status":"closed","template":"","meta":[],"acf":[],"_links":{"self":[{"href":"https:\/\/ensvillaguay-ers.infd.edu.ar\/sitio\/wp-json\/wp\/v2\/pages\/10217"}],"collection":[{"href":"https:\/\/ensvillaguay-ers.infd.edu.ar\/sitio\/wp-json\/wp\/v2\/pages"}],"about":[{"href":"https:\/\/ensvillaguay-ers.infd.edu.ar\/sitio\/wp-json\/wp\/v2\/types\/page"}],"author":[{"embeddable":true,"href":"https:\/\/ensvillaguay-ers.infd.edu.ar\/sitio\/wp-json\/wp\/v2\/users\/1427"}],"replies":[{"embeddable":true,"href":"https:\/\/ensvillaguay-ers.infd.edu.ar\/sitio\/wp-json\/wp\/v2\/comments?post=10217"}],"version-history":[{"count":1,"href":"https:\/\/ensvillaguay-ers.infd.edu.ar\/sitio\/wp-json\/wp\/v2\/pages\/10217\/revisions"}],"predecessor-version":[{"id":10234,"href":"https:\/\/ensvillaguay-ers.infd.edu.ar\/sitio\/wp-json\/wp\/v2\/pages\/10217\/revisions\/10234"}],"wp:attachment":[{"href":"https:\/\/ensvillaguay-ers.infd.edu.ar\/sitio\/wp-json\/wp\/v2\/media?parent=10217"}],"curies":[{"name":"wp","href":"https:\/\/api.w.org\/{rel}","templated":true}]}}