{"id":1032,"date":"2018-07-26T14:09:59","date_gmt":"2018-07-26T17:09:59","guid":{"rendered":"https:\/\/ensvillaguay-ers.infd.edu.ar\/sitio\/?page_id=1032"},"modified":"2026-02-05T18:06:00","modified_gmt":"2026-02-05T21:06:00","slug":"profesorado-de-educacion-inicial","status":"publish","type":"page","link":"https:\/\/ensvillaguay-ers.infd.edu.ar\/sitio\/profesorado-de-educacion-inicial\/","title":{"rendered":"Profesorado de Educaci\u00f3n Inicial"},"content":{"rendered":"\n<p><\/p>\n\n\n\n<h2 class=\"wp-block-heading\" style=\"font-size:30px\"><strong>T\u00edtulo que otorga:&nbsp;<em>Profesor\/a de Educaci\u00f3n Inicial<\/em><\/strong><\/h2>\n\n\n\n<hr class=\"wp-block-separator has-alpha-channel-opacity\"\/>\n\n\n\n<div class=\"wp-block-columns is-layout-flex wp-container-3\">\n<div class=\"wp-block-column is-layout-flow\" style=\"flex-basis:33.33%\">\n<figure class=\"wp-block-image size-full\"><img decoding=\"async\" loading=\"lazy\" width=\"452\" height=\"640\" src=\"https:\/\/ensvillaguay-ers.infd.edu.ar\/sitio\/wp-content\/uploads\/2023\/02\/INICIAL.jpeg\" alt=\"\" class=\"wp-image-7469\"\/><\/figure>\n<\/div>\n\n\n\n<div class=\"wp-block-column is-layout-flow\" style=\"flex-basis:66.66%\">\n<figure class=\"wp-block-table is-style-stripes\"><table><tbody><tr><td><strong>Campo Profesional:<\/strong> Podr\u00e1 dise\u00f1ar, desarrollar y evaluar procesos de ense\u00f1anza para la Educaci\u00f3n Inicial (Educaci\u00f3n Maternal y Jard\u00edn de Infantes) en sus diferentes modalidades. Participar en la elaboraci\u00f3n y evaluaci\u00f3n de planes, programas y proyectos en instituciones formales y no formales.<\/td><\/tr><tr><td><strong>Campos de Formaci\u00f3n:<\/strong><br><strong>Formaci\u00f3n General: <\/strong>Did\u00e1ctica General; Pedagog\u00eda<strong>; <\/strong>Historia de la Educaci\u00f3n Argentina; Psicolog\u00eda Educacional; Instituciones Educativas; entre otras.<br><strong>Formaci\u00f3n Espec\u00edfica: <\/strong>Lengua, Literatura y su Did\u00e1ctica; Matem\u00e1tica y su Did\u00e1ctica; Ciencias Sociales y su Did\u00e1ctica; Ciencias Naturales y su Did\u00e1ctica; Sujetos de la Educaci\u00f3n Inicial; Alfabetizaci\u00f3n en la Educaci\u00f3n Inicial; TIC y Educaci\u00f3n Inicial; entre otras.<br><strong>Formaci\u00f3n del Campo de la Pr\u00e1ctica Docente: <\/strong>Pr\u00e1ctica Docente I; II; III y IV.<\/td><\/tr><tr><td><strong>Duraci\u00f3n 4 a\u00f1os<\/strong><\/td><\/tr><tr><td><a href=\"https:\/\/ensvillaguay-ers.infd.edu.ar\/sitio\/profesorado-de-educacion-inicial\/upload\/Dis_Curricular_Inicial.pdf\"><strong>Plan de Estudio<\/strong><\/a><\/td><\/tr><tr><td><strong><a href=\"https:\/\/ensvillaguay-ers.infd.edu.ar\/sitio\/wp-content\/uploads\/2021\/10\/4165-14_CGE_Disen_o_Curricular_para_la_Formacion_Docente_de_Educacion_Inicial_compressed.pdf\">Res. N\u00b0 4165\/14 CGE<\/a>; <a href=\"https:\/\/ensvillaguay-ers.infd.edu.ar\/sitio\/wp-content\/uploads\/2021\/10\/3518-15_CGE-Rectificacion-de-PEI.pdf\">Retificatoria Res. N\u00b0 3518\/15 CGE.<\/a><\/strong><\/td><\/tr><\/tbody><\/table><\/figure>\n<\/div>\n<\/div>\n\n\n\n<figure class=\"wp-block-table is-style-stripes\"><table><tbody><tr><td><strong>Perfil del egresado: <\/strong>La construcci\u00f3n de un dise\u00f1o curricular para la formaci\u00f3n docente inicial, nos posibilita resignificar la tarea docente, de manera tal de pensarla y concebirla como una pr\u00e1ctica reflexiva y critica. En este sentido pretendemos que el egresado del Profesorado en Educaci\u00f3n Inicial sea un docente comprometido \u00e9tico y pol\u00edticamente con los procesos culturales, sociales, est\u00e9ticos de la sociedad en la que vive. <br>Por lo expuesto se aspira a formar un docente con capacidad de: <br>&#8211; Asumirse como sujeto aut\u00f3nomo, creativo, con responsabilidad profesional para la toma de decisiones.<br>&#8211; Contextualizar las intervenciones de ense\u00f1anza en pos de encontrar diferentes y mejores formas de posibilitar los aprendizajes de los ni\u00f1os y ni\u00f1as, apoyando procesos democr\u00e1ticos al interior de las instituciones educativas y de las salas.<br>&#8211; Posicionarse comprometidamente en la configuraci\u00f3n y consolidaci\u00f3n de su identidad como profesional docente.<br>&#8211; Construir espacios de trabajo compartido y colaborativo en las instituciones educativas.<br>&#8211; Comprender determinados marcos te\u00f3ricos que lo habiliten para seguir profundizando en los diferentes campos de conocimiento.<br>&#8211; Seleccionar, dise\u00f1ar y utilizar diversos recursos did\u00e1cticos, en situaciones de ense\u00f1anza formal y no formal.<br>&#8211; Implementar reflexivamente en el Jard\u00edn maternal y de infantes, los lineamientos curriculares del nivel de Educaci\u00f3n Inicial vigentes en los diferentes contextos.<br>&#8211; Construir y desarrollar dispositivos pedag\u00f3gicos-disciplinares para atender la integraci\u00f3n de las ni\u00f1as y ni\u00f1os, desde la confianza en sus posibilidades de aprender y desarrollarse.<br>&#8211; Comprometerse con una concepci\u00f3n de evaluaci\u00f3n multidimensional y multirreferencial tanto de los aprendizajes, la ense\u00f1anza y la gesti\u00f3n institucional.<\/td><\/tr><\/tbody><\/table><\/figure>\n","protected":false},"excerpt":{"rendered":"<p>T\u00edtulo que otorga:&nbsp;Profesor\/a de Educaci\u00f3n Inicial Campo Profesional: Podr\u00e1 dise\u00f1ar, desarrollar y evaluar procesos de ense\u00f1anza para la Educaci\u00f3n Inicial (Educaci\u00f3n Maternal y Jard\u00edn de Infantes) en sus diferentes modalidades. Participar en la elaboraci\u00f3n y evaluaci\u00f3n de planes, programas y proyectos en instituciones formales y no formales. Campos de Formaci\u00f3n:Formaci\u00f3n General: Did\u00e1ctica General; Pedagog\u00eda; Historia &#8230; <a title=\"Profesorado de Educaci\u00f3n Inicial\" class=\"read-more\" href=\"https:\/\/ensvillaguay-ers.infd.edu.ar\/sitio\/profesorado-de-educacion-inicial\/\" aria-label=\"More on Profesorado de Educaci\u00f3n Inicial\">[+]<\/a><\/p>\n","protected":false},"author":1046,"featured_media":0,"parent":0,"menu_order":0,"comment_status":"closed","ping_status":"closed","template":"","meta":[],"acf":[],"_links":{"self":[{"href":"https:\/\/ensvillaguay-ers.infd.edu.ar\/sitio\/wp-json\/wp\/v2\/pages\/1032"}],"collection":[{"href":"https:\/\/ensvillaguay-ers.infd.edu.ar\/sitio\/wp-json\/wp\/v2\/pages"}],"about":[{"href":"https:\/\/ensvillaguay-ers.infd.edu.ar\/sitio\/wp-json\/wp\/v2\/types\/page"}],"author":[{"embeddable":true,"href":"https:\/\/ensvillaguay-ers.infd.edu.ar\/sitio\/wp-json\/wp\/v2\/users\/1046"}],"replies":[{"embeddable":true,"href":"https:\/\/ensvillaguay-ers.infd.edu.ar\/sitio\/wp-json\/wp\/v2\/comments?post=1032"}],"version-history":[{"count":4,"href":"https:\/\/ensvillaguay-ers.infd.edu.ar\/sitio\/wp-json\/wp\/v2\/pages\/1032\/revisions"}],"predecessor-version":[{"id":12130,"href":"https:\/\/ensvillaguay-ers.infd.edu.ar\/sitio\/wp-json\/wp\/v2\/pages\/1032\/revisions\/12130"}],"wp:attachment":[{"href":"https:\/\/ensvillaguay-ers.infd.edu.ar\/sitio\/wp-json\/wp\/v2\/media?parent=1032"}],"curies":[{"name":"wp","href":"https:\/\/api.w.org\/{rel}","templated":true}]}}