{"id":10343,"date":"2024-10-31T07:00:00","date_gmt":"2024-10-31T10:00:00","guid":{"rendered":"https:\/\/ensvillaguay-ers.infd.edu.ar\/sitio\/?page_id=10343"},"modified":"2025-02-07T15:59:51","modified_gmt":"2025-02-07T18:59:51","slug":"inscripcion-a-mesa","status":"publish","type":"page","link":"https:\/\/ensvillaguay-ers.infd.edu.ar\/sitio\/inscripcion-a-mesa\/","title":{"rendered":"Comisiones Evaluadoras Regulares Febrero 2025"},"content":{"rendered":"<div class=\"wp-block-image\">\n<figure class=\"aligncenter size-full\"><img decoding=\"async\" loading=\"lazy\" width=\"320\" height=\"222\" src=\"https:\/\/ensvillaguay-ers.infd.edu.ar\/sitio\/wp-content\/uploads\/2025\/02\/exam-1.jpg\" alt=\"\" class=\"wp-image-11291\"\/><\/figure><\/div>\n\n\n<p class=\"has-text-align-left\">Aqu\u00ed podr\u00e1s descargar los d\u00edas y horarios de las Comisiones Evaluadoras de febrero .  <\/p>\n\n\n\n<div class=\"wp-block-file alignleft\"><a id=\"wp-block-file--media-c8597ae5-7403-43e5-848f-2d9c8603bbf3\" href=\"https:\/\/ensvillaguay-ers.infd.edu.ar\/sitio\/wp-content\/uploads\/2025\/02\/COMISIONES-EVALUADORAS-REGULARES-FEBRERO-2025.docx\">                                                                                          COMISIONES EVALUADORAS REGULARES FEBRERO 2025<\/a><a href=\"https:\/\/ensvillaguay-ers.infd.edu.ar\/sitio\/wp-content\/uploads\/2025\/02\/COMISIONES-EVALUADORAS-REGULARES-FEBRERO-2025.docx\" class=\"wp-block-file__button wp-element-button\" download aria-describedby=\"wp-block-file--media-c8597ae5-7403-43e5-848f-2d9c8603bbf3\">Descarga<\/a><\/div>\n","protected":false},"excerpt":{"rendered":"<p>Aqu\u00ed podr\u00e1s descargar los d\u00edas y horarios de las Comisiones Evaluadoras de febrero .<\/p>\n","protected":false},"author":2601,"featured_media":0,"parent":0,"menu_order":0,"comment_status":"closed","ping_status":"closed","template":"","meta":[],"acf":[],"_links":{"self":[{"href":"https:\/\/ensvillaguay-ers.infd.edu.ar\/sitio\/wp-json\/wp\/v2\/pages\/10343"}],"collection":[{"href":"https:\/\/ensvillaguay-ers.infd.edu.ar\/sitio\/wp-json\/wp\/v2\/pages"}],"about":[{"href":"https:\/\/ensvillaguay-ers.infd.edu.ar\/sitio\/wp-json\/wp\/v2\/types\/page"}],"author":[{"embeddable":true,"href":"https:\/\/ensvillaguay-ers.infd.edu.ar\/sitio\/wp-json\/wp\/v2\/users\/2601"}],"replies":[{"embeddable":true,"href":"https:\/\/ensvillaguay-ers.infd.edu.ar\/sitio\/wp-json\/wp\/v2\/comments?post=10343"}],"version-history":[{"count":25,"href":"https:\/\/ensvillaguay-ers.infd.edu.ar\/sitio\/wp-json\/wp\/v2\/pages\/10343\/revisions"}],"predecessor-version":[{"id":11293,"href":"https:\/\/ensvillaguay-ers.infd.edu.ar\/sitio\/wp-json\/wp\/v2\/pages\/10343\/revisions\/11293"}],"wp:attachment":[{"href":"https:\/\/ensvillaguay-ers.infd.edu.ar\/sitio\/wp-json\/wp\/v2\/media?parent=10343"}],"curies":[{"name":"wp","href":"https:\/\/api.w.org\/{rel}","templated":true}]}}