{"id":10384,"date":"2023-11-29T19:56:02","date_gmt":"2023-11-29T22:56:02","guid":{"rendered":"https:\/\/ensvillaguay-ers.infd.edu.ar\/sitio\/?page_id=10384"},"modified":"2023-11-29T20:06:43","modified_gmt":"2023-11-29T23:06:43","slug":"biblioteca-nuestra-escuela","status":"publish","type":"page","link":"https:\/\/ensvillaguay-ers.infd.edu.ar\/sitio\/biblioteca-nuestra-escuela\/","title":{"rendered":"<strong>Biblioteca Nuestra Escuela<\/strong>"},"content":{"rendered":"\n<figure class=\"wp-block-image size-large\"><img decoding=\"async\" loading=\"lazy\" width=\"1900\" height=\"969\" src=\"https:\/\/ensvillaguay-ers.infd.edu.ar\/sitio\/wp-content\/uploads\/2023\/11\/Propuestas-de-Formacion-Docente-Inicial-4-1900x969.jpg\" alt=\"\" class=\"wp-image-10385\" srcset=\"https:\/\/ensvillaguay-ers.infd.edu.ar\/sitio\/wp-content\/uploads\/2023\/11\/Propuestas-de-Formacion-Docente-Inicial-4-1900x969.jpg 1900w, https:\/\/ensvillaguay-ers.infd.edu.ar\/sitio\/wp-content\/uploads\/2023\/11\/Propuestas-de-Formacion-Docente-Inicial-4-1000x510.jpg 1000w, https:\/\/ensvillaguay-ers.infd.edu.ar\/sitio\/wp-content\/uploads\/2023\/11\/Propuestas-de-Formacion-Docente-Inicial-4-768x392.jpg 768w, https:\/\/ensvillaguay-ers.infd.edu.ar\/sitio\/wp-content\/uploads\/2023\/11\/Propuestas-de-Formacion-Docente-Inicial-4-1536x784.jpg 1536w, https:\/\/ensvillaguay-ers.infd.edu.ar\/sitio\/wp-content\/uploads\/2023\/11\/Propuestas-de-Formacion-Docente-Inicial-4.jpg 1915w\" sizes=\"(max-width: 1900px) 100vw, 1900px\" \/><\/figure>\n\n\n\n<p>La Biblioteca Nuestra Escuela es un repositorio digital desde donde se podr\u00e1 acceder -de manera \u00e1gil y gratuita- a diversos y variados recursos que fueron producidos en las distintas propuestas formativas del Programa Nacional de Formaci\u00f3n Permanente \u201cNuestra Escuela\u201d, tales como:<\/p>\n\n\n\n<ul>\n<li>La colecci\u00f3n de <strong>Actualizaciones Acad\u00e9micas<\/strong> contiene el material de 21 post\u00edtulos docentes dictados durante el 2023. Incluye actualizaciones para profundizar la formaci\u00f3n disciplinar, interdisciplinar y did\u00e1ctica, divididas por niveles educativos.<\/li>\n\n\n\n<li>Los <strong>Tramos de formaci\u00f3n<\/strong> son presentados en dos colecciones: 2021-2022 y 2023. En ellas se compilan cada una de las propuestas organizadas en 3 jornadas. En ellas se combinan videoconferencias con materiales educativos. Destacadas y destacados especialistas abordan diversos ejes tem\u00e1ticos vinculados a saberes y problemas singulares de la pr\u00e1ctica docente y las comunidades educativas.<\/li>\n\n\n\n<li>El material de los <strong>Cursos para estudiantes de formaci\u00f3n docente<\/strong> incluye nueve tem\u00e1ticas imprescindibles de la formaci\u00f3n docente inicial, que presentan marcos te\u00f3ricos actualizados y claves did\u00e1cticas para resignificar el trayecto formativo de las y los estudiantes.<\/li>\n\n\n\n<li>La colecci\u00f3n <strong>J\u00f3venes que miran mundos<\/strong>, que contiene propuestas, para la escuela secundaria, que integran disciplinas. A trav\u00e9s de cada itinerario, se abordan contenidos integrados desde diversas disciplinas, para abordar temas y problemas convocantes del nivel secundario.<\/li>\n\n\n\n<li><strong>La Cajita de m\u00fasica argentina<\/strong>, colecci\u00f3n impulsada por los Ministerios de Cultura y Educaci\u00f3n de la Naci\u00f3n, con materiales de las capacitaciones para docentes de m\u00fasica desarrolladas entre 2021 y 2022. El programa es un amplio repertorio tradicional y actual donde se abordan distintos modos de ejecuci\u00f3n de los instrumentos y sus posibilidades de interacci\u00f3n.<\/li>\n<\/ul>\n\n\n\n<p>El material que nutre la plataforma queda a disposici\u00f3n para que pueda ser consultado a fin de garantizar la gratuidad y la calidad de las herramientas y los materiales que fortalecen la formaci\u00f3n docente en todos los niveles y modalidades, y en todos los campos de conocimiento.<\/p>\n\n\n<h4 style=\"text-align: center;\"><span style=\"color: #0000ff;\">Ingresar<\/span><\/h4>\n\n\n<div class=\"wp-block-buttons alignwide is-content-justification-center is-layout-flex wp-container-1\">\n<div class=\"wp-block-button has-custom-width wp-block-button__width-50 is-style-fill\"><a class=\"wp-block-button__link wp-element-button\" href=\"https:\/\/red.infd.edu.ar\/biblioteca-nuestra-escuela\/\" target=\"_blank\" rel=\"noreferrer noopener\">                   <img decoding=\"async\" loading=\"lazy\" width=\"412\" height=\"100\" class=\"wp-image-10387\" style=\"width: 180px;\" src=\"https:\/\/ensvillaguay-ers.infd.edu.ar\/sitio\/wp-content\/uploads\/2023\/11\/BNE_3.png\" alt=\"\">                    <\/a><\/div>\n<\/div>\n","protected":false},"excerpt":{"rendered":"<p>La Biblioteca Nuestra Escuela es un repositorio digital desde donde se podr\u00e1 acceder -de manera \u00e1gil y gratuita- a diversos y variados recursos que fueron producidos en las distintas propuestas formativas del Programa Nacional de Formaci\u00f3n Permanente \u201cNuestra Escuela\u201d, tales como: El material que nutre la plataforma queda a disposici\u00f3n para que pueda ser consultado &#8230; <a title=\"Biblioteca Nuestra Escuela\" class=\"read-more\" href=\"https:\/\/ensvillaguay-ers.infd.edu.ar\/sitio\/biblioteca-nuestra-escuela\/\" aria-label=\"More on Biblioteca Nuestra Escuela\">[+]<\/a><\/p>\n","protected":false},"author":1427,"featured_media":0,"parent":0,"menu_order":0,"comment_status":"closed","ping_status":"closed","template":"","meta":[],"acf":[],"_links":{"self":[{"href":"https:\/\/ensvillaguay-ers.infd.edu.ar\/sitio\/wp-json\/wp\/v2\/pages\/10384"}],"collection":[{"href":"https:\/\/ensvillaguay-ers.infd.edu.ar\/sitio\/wp-json\/wp\/v2\/pages"}],"about":[{"href":"https:\/\/ensvillaguay-ers.infd.edu.ar\/sitio\/wp-json\/wp\/v2\/types\/page"}],"author":[{"embeddable":true,"href":"https:\/\/ensvillaguay-ers.infd.edu.ar\/sitio\/wp-json\/wp\/v2\/users\/1427"}],"replies":[{"embeddable":true,"href":"https:\/\/ensvillaguay-ers.infd.edu.ar\/sitio\/wp-json\/wp\/v2\/comments?post=10384"}],"version-history":[{"count":7,"href":"https:\/\/ensvillaguay-ers.infd.edu.ar\/sitio\/wp-json\/wp\/v2\/pages\/10384\/revisions"}],"predecessor-version":[{"id":10399,"href":"https:\/\/ensvillaguay-ers.infd.edu.ar\/sitio\/wp-json\/wp\/v2\/pages\/10384\/revisions\/10399"}],"wp:attachment":[{"href":"https:\/\/ensvillaguay-ers.infd.edu.ar\/sitio\/wp-json\/wp\/v2\/media?parent=10384"}],"curies":[{"name":"wp","href":"https:\/\/api.w.org\/{rel}","templated":true}]}}