{"id":1040,"date":"2018-07-26T14:09:59","date_gmt":"2018-07-26T17:09:59","guid":{"rendered":"https:\/\/ensvillaguay-ers.infd.edu.ar\/sitio\/?page_id=1040"},"modified":"2026-02-05T18:07:45","modified_gmt":"2026-02-05T21:07:45","slug":"profesorado-de-ingles","status":"publish","type":"page","link":"https:\/\/ensvillaguay-ers.infd.edu.ar\/sitio\/profesorado-de-ingles\/","title":{"rendered":"Profesorado de Ingl\u00e9s"},"content":{"rendered":"\n<p><\/p>\n\n\n\n<h2 class=\"wp-block-heading\" style=\"font-size:30px\"><strong>T\u00edtulo que otorga:&nbsp;<em>Profesor\/a de Ingl\u00e9s<\/em><\/strong><\/h2>\n\n\n\n<hr class=\"wp-block-separator has-alpha-channel-opacity\"\/>\n\n\n\n<div class=\"wp-block-columns is-layout-flex wp-container-3\">\n<div class=\"wp-block-column is-layout-flow\" style=\"flex-basis:33.33%\">\n<figure class=\"wp-block-image size-full\"><img decoding=\"async\" loading=\"lazy\" width=\"452\" height=\"640\" src=\"https:\/\/ensvillaguay-ers.infd.edu.ar\/sitio\/wp-content\/uploads\/2023\/02\/INGLES.jpeg\" alt=\"\" class=\"wp-image-7468\"\/><\/figure>\n<\/div>\n\n\n\n<div class=\"wp-block-column is-layout-flow\" style=\"flex-basis:66.66%\">\n<figure class=\"wp-block-table is-style-stripes\"><table><tbody><tr><td><strong>Campo Profesional:<\/strong> El\/la profesional que egresa de este profesorado est\u00e1 habilitado para trabajar en escuelas secundarias de gesti\u00f3n estatal y\/o privada.<\/td><\/tr><tr><td><strong>Campos de Formaci\u00f3n:<\/strong><br><strong>Formaci\u00f3n General: <\/strong>Did\u00e1ctica General; Pedagog\u00eda<strong>; <\/strong>Historia de la Educaci\u00f3n Argentina; Psicolog\u00eda Educacional; Instituciones Educativas; entre otras.<br><strong>Formaci\u00f3n Espec\u00edfica: <\/strong>Lengua Inglesa; Gram\u00e1tica; Fon\u00e9tica; Cultura de los Pueblos de Habla Inglesa; Epistemolog\u00eda de la Lengua Inglesa; Ling\u00fc\u00edstica; entre otras.&nbsp;&nbsp;&nbsp; <strong>&nbsp;<\/strong><br><strong>Formaci\u00f3n del Campo de la Pr\u00e1ctica Docente: <\/strong>Pr\u00e1ctica Docente I; II; III y IV.<\/td><\/tr><tr><td><strong>Duraci\u00f3n 4 a\u00f1os<\/strong><\/td><\/tr><tr><td><a href=\"https:\/\/ensvillaguay-ers.infd.edu.ar\/sitio\/profesorado-de-ingles\/upload\/Dis_Curricular_Ingles.pdf\"><strong>Plan de Estudio<\/strong><\/a><\/td><\/tr><tr><td><strong><a href=\"https:\/\/ensvillaguay-ers.infd.edu.ar\/sitio\/wp-content\/uploads\/2021\/10\/0760-14-Disen_o-Curricular-Profesorado-de-Ingles_compressed.pdf\">Res. N\u00b0 0760\/14 CGE<\/a>; <a href=\"https:\/\/ensvillaguay-ers.infd.edu.ar\/sitio\/wp-content\/uploads\/2021\/10\/0311-15_CGE_Rectificacion_Carrera_Prof_Educ_en_Ingles.pdf\">Rectificatoria Res. N\u00b0 0311\/15 CGE.<\/a><\/strong><\/td><\/tr><\/tbody><\/table><\/figure>\n<\/div>\n<\/div>\n\n\n\n<figure class=\"wp-block-table is-style-stripes\"><table><tbody><tr><td><strong>Perfil del egresado:<\/strong> La construcci\u00f3n de un dise\u00f1o curricular para la formaci\u00f3n docente inicial, nos posibilita resignificar la profesi\u00f3n docente, de manera tal de pensarla y concebirla como una pr\u00e1ctica reflexiva y cr\u00edtica. En este sentido pretendemos que el egresado del Profesorado de Educaci\u00f3n Secundaria sea un docente comprometido \u00e9tico y pol\u00edticamente con los procesos culturales, sociales, est\u00e9ticos, de la sociedad en que vive. <br>Por lo expuesto se aspira a formar un docente para la educaci\u00f3n secundaria con capacidad de: <br>&#8211; Asumir un sujeto aut\u00f3nomo, creativo, con responsabilidad profesional para la toma de decisiones. <br>&#8211; Contextualizar las intervenciones de ense\u00f1anza en pos de encontrar diferentes y mejores formas de posibilitar los aprendizajes de los alumnos\/as y apoyar procesos democr\u00e1ticos al interior de las instituciones educativas y de las aulas. <br>&#8211; Posicionarse comprometidamente en la configuraci\u00f3n y consolidaci\u00f3n de su identidad como\u00a0 profesional docente. <br>&#8211; Construir espacios de trabajo compartido y colaborativo en las instituciones educativas. <br>&#8211; Comprender determinados marcos conceptuales que lo habiliten para seguir profundizando en la disciplina, transformando esos conocimientos en contenidos a ser ense\u00f1ados. <br>&#8211; Seleccionar, dise\u00f1ar, y utilizar diversos recursos did\u00e1cticos, como elementos de laboratorio, las TIC, entre otros, en situaciones de ense\u00f1anza formal y no formal. <br>&#8211; Interactuar en diferentes contextos, roles y funciones. <br>&#8211; Implementar reflexivamente los dise\u00f1os curriculares del nivel secundario vigentes en sus diferentes modalidades. <br>&#8211; Construir y desarrollar diferentes dispositivos pedag\u00f3gicos-disciplinares para atender a la diversidad y la integraci\u00f3n de los sujetos, desde la confianza en sus posibilidades de aprender y la comprensi\u00f3n de su comunidad. <br>&#8211; Comprometerse con una concepci\u00f3n de evaluaci\u00f3n multidimensional y multireferencial tanto de los aprendizajes como de la ense\u00f1anza.<\/td><\/tr><\/tbody><\/table><\/figure>\n","protected":false},"excerpt":{"rendered":"<p>T\u00edtulo que otorga:&nbsp;Profesor\/a de Ingl\u00e9s Campo Profesional: El\/la profesional que egresa de este profesorado est\u00e1 habilitado para trabajar en escuelas secundarias de gesti\u00f3n estatal y\/o privada. Campos de Formaci\u00f3n:Formaci\u00f3n General: Did\u00e1ctica General; Pedagog\u00eda; Historia de la Educaci\u00f3n Argentina; Psicolog\u00eda Educacional; Instituciones Educativas; entre otras.Formaci\u00f3n Espec\u00edfica: Lengua Inglesa; Gram\u00e1tica; Fon\u00e9tica; Cultura de los Pueblos de Habla &#8230; <a title=\"Profesorado de Ingl\u00e9s\" class=\"read-more\" href=\"https:\/\/ensvillaguay-ers.infd.edu.ar\/sitio\/profesorado-de-ingles\/\" aria-label=\"More on Profesorado de Ingl\u00e9s\">[+]<\/a><\/p>\n","protected":false},"author":1046,"featured_media":0,"parent":0,"menu_order":0,"comment_status":"closed","ping_status":"closed","template":"","meta":[],"acf":[],"_links":{"self":[{"href":"https:\/\/ensvillaguay-ers.infd.edu.ar\/sitio\/wp-json\/wp\/v2\/pages\/1040"}],"collection":[{"href":"https:\/\/ensvillaguay-ers.infd.edu.ar\/sitio\/wp-json\/wp\/v2\/pages"}],"about":[{"href":"https:\/\/ensvillaguay-ers.infd.edu.ar\/sitio\/wp-json\/wp\/v2\/types\/page"}],"author":[{"embeddable":true,"href":"https:\/\/ensvillaguay-ers.infd.edu.ar\/sitio\/wp-json\/wp\/v2\/users\/1046"}],"replies":[{"embeddable":true,"href":"https:\/\/ensvillaguay-ers.infd.edu.ar\/sitio\/wp-json\/wp\/v2\/comments?post=1040"}],"version-history":[{"count":3,"href":"https:\/\/ensvillaguay-ers.infd.edu.ar\/sitio\/wp-json\/wp\/v2\/pages\/1040\/revisions"}],"predecessor-version":[{"id":12132,"href":"https:\/\/ensvillaguay-ers.infd.edu.ar\/sitio\/wp-json\/wp\/v2\/pages\/1040\/revisions\/12132"}],"wp:attachment":[{"href":"https:\/\/ensvillaguay-ers.infd.edu.ar\/sitio\/wp-json\/wp\/v2\/media?parent=1040"}],"curies":[{"name":"wp","href":"https:\/\/api.w.org\/{rel}","templated":true}]}}