{"id":1046,"date":"2018-07-26T14:09:59","date_gmt":"2018-07-26T17:09:59","guid":{"rendered":"https:\/\/ensvillaguay-ers.infd.edu.ar\/sitio\/?page_id=1046"},"modified":"2023-06-26T18:38:39","modified_gmt":"2023-06-26T21:38:39","slug":"profesorado-de-educacion-secundaria-en-biologia","status":"publish","type":"page","link":"https:\/\/ensvillaguay-ers.infd.edu.ar\/sitio\/profesorado-de-educacion-secundaria-en-biologia\/","title":{"rendered":"Profesorado de Educaci\u00f3n Secundaria en Biolog\u00eda"},"content":{"rendered":"\n<p><\/p>\n\n\n\n<h2 class=\"wp-block-heading\" style=\"font-size:30px\"><strong>T\u00edtulo que otorga:&nbsp;<em>Profesor\/a de Educaci\u00f3n Secundaria en Biolog\u00eda<\/em><\/strong><\/h2>\n\n\n\n<hr class=\"wp-block-separator has-alpha-channel-opacity\"\/>\n\n\n\n<div class=\"wp-block-columns is-layout-flex wp-container-3\">\n<div class=\"wp-block-column is-layout-flow\" style=\"flex-basis:33.33%\">\n<figure class=\"wp-block-image size-full\"><img decoding=\"async\" loading=\"lazy\" width=\"452\" height=\"640\" src=\"https:\/\/ensvillaguay-ers.infd.edu.ar\/sitio\/wp-content\/uploads\/2023\/06\/WhatsApp-Image-2023-06-26-at-18.12.38.jpeg\" alt=\"\" class=\"wp-image-8358\"\/><\/figure>\n<\/div>\n\n\n\n<div class=\"wp-block-column is-layout-flow\" style=\"flex-basis:66.66%\">\n<figure class=\"wp-block-table is-style-stripes\"><table><tbody><tr><td><strong>Campo Profesional:<\/strong> El\/la profesional que egresa de este profesorado est\u00e1 habilitado para trabajar en escuelas secundarias de gesti\u00f3n estatal y\/o privada.<\/td><\/tr><tr><td><strong>Campos de Formaci\u00f3n:<\/strong><br><strong>Formaci\u00f3n General: <\/strong>Did\u00e1ctica General; Pedagog\u00eda<strong>; <\/strong>Historia de la Educaci\u00f3n Argentina; Psicolog\u00eda Educacional; Instituciones Educativas; entre otras.<br><strong>Formaci\u00f3n Espec\u00edfica: <\/strong>Ciencias de la tierra; Biolog\u00eda celular y molecular; Reinos unicelulares; Biolog\u00eda humana; Gen\u00e9tica; Evoluci\u00f3n, Ecolog\u00eda; Salud y ambiente; entre otras.&nbsp; <strong>&nbsp;<\/strong><br><strong>Formaci\u00f3n del Campo de la Pr\u00e1ctica Docente: <\/strong>Pr\u00e1ctica Docente I; II; III y IV.<\/td><\/tr><tr><td><strong>Duraci\u00f3n 4 a\u00f1os<\/strong><\/td><\/tr><tr><td><strong><a rel=\"noreferrer noopener\" href=\"https:\/\/ensvillaguay-ers.infd.edu.ar\/sitio\/profesorado-de-educacion-secundaria-en-biologia\/upload\/Dis_Curricular_Biologia.pdf\" target=\"_blank\">Plan de Estudios<\/a><\/strong><\/td><\/tr><tr><td><strong><a rel=\"noreferrer noopener\" href=\"https:\/\/ensvillaguay-ers.infd.edu.ar\/sitio\/profesorado-de-educacion-secundaria-en-biologia\/upload\/0761-14_CGE_Disen_o_Curricular_Profesorado_de_Educ._Sec._en_Biologia.pdf\" target=\"_blank\">Resoluci\u00f3n N\u00ba 761\/14 CGE<\/a><\/strong><\/td><\/tr><\/tbody><\/table><\/figure>\n<\/div>\n<\/div>\n\n\n\n<figure class=\"wp-block-table is-style-stripes\"><table><tbody><tr><td><strong>Perfil del egresado<\/strong>: La construcci\u00f3n de un dise\u00f1o curricular para la formaci\u00f3n docente inicial, nos posibilita resignificar la profesi\u00f3n docente, de manera tal de pensarla y concebirla como una pr\u00e1ctica reflexiva y cr\u00edtica. En este sentido pretendemos que el egresado del Profesorado de Educaci\u00f3n Secundaria sea un docente comprometido \u00e9tico y pol\u00edticamente con los procesos culturales, sociales, est\u00e9ticos, de la sociedad en que vive. Por lo expuesto se aspira a formar un docente para la educaci\u00f3n secundaria con capacidad de: Asumir un sujeto aut\u00f3nomo, creativo, con responsabilidad profesional para la toma de decisiones. Contextualizar las intervenciones de ense\u00f1anza en pos de encontrar diferentes y mejores formas de posibilitar los aprendizajes de los alumnos\/as y apoyar procesos democr\u00e1ticos al interior de las instituciones educativas y de las aulas. Posicionarse comprometidamente en la configuraci\u00f3n y consolidaci\u00f3n de su identidad como&nbsp; profesional docente. Construir espacios de trabajo compartido y colaborativo en las instituciones educativas.Comprender determinados marcos conceptuales que lo habiliten para seguir profundizando en la disciplina, transformando esos conocimientos en contenidos a ser ense\u00f1ados. Seleccionar, dise\u00f1ar, y utilizar diversos recursos did\u00e1cticos, como elementos de laboratorio, las TIC, entre otros, en situaciones de ense\u00f1anza formal y no formal. Interactuar en diferentes contextos, roles y funciones. Implementar reflexivamente los dise\u00f1os curriculares del nivel secundario vigentes en sus diferentes modalidades. Construir y desarrollar diferentes dispositivos pedag\u00f3gicos-disciplinares para atender a la diversidad y la integraci\u00f3n de los sujetos, desde la confianza en sus posibilidades de aprender y la comprensi\u00f3n de su comunidad. Comprometerse con una concepci\u00f3n de evaluaci\u00f3n multidimensional y multireferencial tanto de los aprendizajes como de la ense\u00f1anza.<\/td><\/tr><\/tbody><\/table><\/figure>\n","protected":false},"excerpt":{"rendered":"<p>T\u00edtulo que otorga:&nbsp;Profesor\/a de Educaci\u00f3n Secundaria en Biolog\u00eda Campo Profesional: El\/la profesional que egresa de este profesorado est\u00e1 habilitado para trabajar en escuelas secundarias de gesti\u00f3n estatal y\/o privada. Campos de Formaci\u00f3n:Formaci\u00f3n General: Did\u00e1ctica General; Pedagog\u00eda; Historia de la Educaci\u00f3n Argentina; Psicolog\u00eda Educacional; Instituciones Educativas; entre otras.Formaci\u00f3n Espec\u00edfica: Ciencias de la tierra; Biolog\u00eda celular y &#8230; <a title=\"Profesorado de Educaci\u00f3n Secundaria en Biolog\u00eda\" class=\"read-more\" href=\"https:\/\/ensvillaguay-ers.infd.edu.ar\/sitio\/profesorado-de-educacion-secundaria-en-biologia\/\" aria-label=\"More on Profesorado de Educaci\u00f3n Secundaria en Biolog\u00eda\">[+]<\/a><\/p>\n","protected":false},"author":1046,"featured_media":0,"parent":0,"menu_order":0,"comment_status":"closed","ping_status":"closed","template":"","meta":[],"acf":[],"_links":{"self":[{"href":"https:\/\/ensvillaguay-ers.infd.edu.ar\/sitio\/wp-json\/wp\/v2\/pages\/1046"}],"collection":[{"href":"https:\/\/ensvillaguay-ers.infd.edu.ar\/sitio\/wp-json\/wp\/v2\/pages"}],"about":[{"href":"https:\/\/ensvillaguay-ers.infd.edu.ar\/sitio\/wp-json\/wp\/v2\/types\/page"}],"author":[{"embeddable":true,"href":"https:\/\/ensvillaguay-ers.infd.edu.ar\/sitio\/wp-json\/wp\/v2\/users\/1046"}],"replies":[{"embeddable":true,"href":"https:\/\/ensvillaguay-ers.infd.edu.ar\/sitio\/wp-json\/wp\/v2\/comments?post=1046"}],"version-history":[{"count":3,"href":"https:\/\/ensvillaguay-ers.infd.edu.ar\/sitio\/wp-json\/wp\/v2\/pages\/1046\/revisions"}],"predecessor-version":[{"id":8359,"href":"https:\/\/ensvillaguay-ers.infd.edu.ar\/sitio\/wp-json\/wp\/v2\/pages\/1046\/revisions\/8359"}],"wp:attachment":[{"href":"https:\/\/ensvillaguay-ers.infd.edu.ar\/sitio\/wp-json\/wp\/v2\/media?parent=1046"}],"curies":[{"name":"wp","href":"https:\/\/api.w.org\/{rel}","templated":true}]}}