{"id":10570,"date":"2024-04-03T21:49:57","date_gmt":"2024-04-04T00:49:57","guid":{"rendered":"https:\/\/ensvillaguay-ers.infd.edu.ar\/sitio\/?page_id=10570"},"modified":"2025-06-24T19:53:14","modified_gmt":"2025-06-24T22:53:14","slug":"cursos-de-formacion-virtual-autoasistidos","status":"publish","type":"page","link":"https:\/\/ensvillaguay-ers.infd.edu.ar\/sitio\/cursos-de-formacion-virtual-autoasistidos\/","title":{"rendered":"Cursos de Formaci\u00f3n Virtual Autoasistidos"},"content":{"rendered":"\n<figure class=\"wp-block-image size-large\"><img decoding=\"async\" loading=\"lazy\" width=\"1900\" height=\"773\" src=\"https:\/\/ensvillaguay-ers.infd.edu.ar\/sitio\/wp-content\/uploads\/2024\/04\/CFVA-1900x773.jpg\" alt=\"\" class=\"wp-image-10571\" srcset=\"https:\/\/ensvillaguay-ers.infd.edu.ar\/sitio\/wp-content\/uploads\/2024\/04\/CFVA-1900x773.jpg 1900w, https:\/\/ensvillaguay-ers.infd.edu.ar\/sitio\/wp-content\/uploads\/2024\/04\/CFVA-1000x407.jpg 1000w, https:\/\/ensvillaguay-ers.infd.edu.ar\/sitio\/wp-content\/uploads\/2024\/04\/CFVA-768x312.jpg 768w, https:\/\/ensvillaguay-ers.infd.edu.ar\/sitio\/wp-content\/uploads\/2024\/04\/CFVA-1536x625.jpg 1536w, https:\/\/ensvillaguay-ers.infd.edu.ar\/sitio\/wp-content\/uploads\/2024\/04\/CFVA.jpg 1915w\" sizes=\"(max-width: 1900px) 100vw, 1900px\" \/><\/figure>\n\n\n\n<p>Les presentamos los cursos virtuales de modalidad autoasistida, los cuales incluye material bibliogr\u00e1fico y actividades que podr\u00e1n realizarse en la plataforma.<\/p>\n\n\n\n<p>Los mismos tienen como prop\u00f3sito el autoaprendizaje a trav\u00e9s de consignas guiadas a partir de la lectura de cada clase. La realizaci\u00f3n de las actividades y evaluaciones, habilitar\u00e1 continuar con la siguiente clase. Al finalizar el trayecto, cada estudiante podr\u00e1 descargar la certificaci\u00f3n de la aprobaci\u00f3n del cursado.<\/p>\n\n\n\n<p>Las inscripciones a todos los cursos se realizan a trav\u00e9s del Campus Virtual Institucional, ingresando con el usuario y contrase\u00f1a ya registrado. De lo contrario, deber\u00e1n generar un nuevo usuario, siguiendo las instrucciones del sistema y al finalizar les llegar\u00e1 al correo electr\u00f3nico la confirmaci\u00f3n de la inscripci\u00f3n con los datos de acceso. <\/p>\n\n\n<h5 style=\"text-align: center;\"><span style=\"color: #ff6600;\"><strong>Propuestas de Formaci\u00f3n&nbsp;<\/strong><\/span><\/h5>\n\n\n<figure class=\"wp-block-table is-style-stripes\"><table><tbody><tr><td class=\"has-text-align-center\" data-align=\"center\"><img decoding=\"async\" loading=\"lazy\" width=\"490\" height=\"270\" class=\"wp-image-10579\" style=\"width: 200px;\" src=\"https:\/\/ensvillaguay-ers.infd.edu.ar\/sitio\/wp-content\/uploads\/2024\/04\/img_listado.jpeg\" alt=\"\"><br><strong>Edici\u00f3n de im\u00e1genes y presentaciones visuales <\/strong><br><strong>para Nivel Superior <\/strong><\/td><td class=\"has-text-align-center\" data-align=\"center\"><img decoding=\"async\" loading=\"lazy\" width=\"1280\" height=\"720\" class=\"wp-image-11416\" style=\"width: 200px;\" src=\"https:\/\/ensvillaguay-ers.infd.edu.ar\/sitio\/wp-content\/uploads\/2025\/03\/2.png\" alt=\"\" srcset=\"https:\/\/ensvillaguay-ers.infd.edu.ar\/sitio\/wp-content\/uploads\/2025\/03\/2.png 1280w, https:\/\/ensvillaguay-ers.infd.edu.ar\/sitio\/wp-content\/uploads\/2025\/03\/2-1000x563.png 1000w, https:\/\/ensvillaguay-ers.infd.edu.ar\/sitio\/wp-content\/uploads\/2025\/03\/2-768x432.png 768w\" sizes=\"(max-width: 1280px) 100vw, 1280px\" \/><br><strong>Taller de Lectura y Escritura para estudiar <\/strong><br><strong>para Nivel Superior<\/strong><\/td><\/tr><tr><td class=\"has-text-align-center\" data-align=\"center\"><img decoding=\"async\" style=\"width: 200px;\" src=\"https:\/\/ensvillaguay-ers.infd.edu.ar\/sitio\/wp-content\/uploads\/2024\/04\/img_listado-3.jpeg\" alt=\"\"><br><strong>Microsoft Office 2016<\/strong><br><strong>Word Avanzado para Nivel Superior<\/strong><\/td><td class=\"has-text-align-center\" data-align=\"center\"><img decoding=\"async\" style=\"width: 200px;\" src=\"https:\/\/ensvillaguay-ers.infd.edu.ar\/sitio\/wp-content\/uploads\/2024\/04\/img_listado-2.jpeg\" alt=\"\"><br><strong>Microsoft Office 2016<\/strong><br><strong>PPT Avanzado para Nivel Superior<\/strong><\/td><\/tr><tr><td class=\"has-text-align-center\" data-align=\"center\"><img decoding=\"async\" loading=\"lazy\" width=\"490\" height=\"270\" class=\"wp-image-11722\" style=\"width: 200px;\" src=\"https:\/\/ensvillaguay-ers.infd.edu.ar\/sitio\/wp-content\/uploads\/2025\/06\/img_listado-1.jpeg\" alt=\"\"><br><strong>Pr\u00e1cticas de ense\u00f1anza en modalidad combinada\/h\u00edbrida<\/strong><\/td><td class=\"has-text-align-center\" data-align=\"center\"><img decoding=\"async\" loading=\"lazy\" width=\"490\" height=\"270\" class=\"wp-image-11721\" style=\"width: 200px;\" src=\"https:\/\/ensvillaguay-ers.infd.edu.ar\/sitio\/wp-content\/uploads\/2025\/06\/img_listado.jpeg\" alt=\"\"><br><strong>Aulas Virtuales en el Nivel Superior<\/strong><\/td><\/tr><tr><td class=\"has-text-align-center\" data-align=\"center\"><img decoding=\"async\" style=\"width: 200px;\" src=\"https:\/\/ensvillaguay-ers.infd.edu.ar\/sitio\/wp-content\/uploads\/2024\/04\/img_listado-1.jpeg\" alt=\"\"><br><strong>Microsoft Office 2016<\/strong><br><strong>Excel B\u00e1sico para Nivel Superior<\/strong><\/td><td class=\"has-text-align-center\" data-align=\"center\"><img decoding=\"async\" loading=\"lazy\" width=\"128\" height=\"128\" class=\"wp-image-10582\" style=\"width: 128px;\" src=\"https:\/\/ensvillaguay-ers.infd.edu.ar\/sitio\/wp-content\/uploads\/2024\/04\/catalogo.png\" alt=\"\"><br><a href=\"https:\/\/ensvillaguay-ers.infd.edu.ar\/aula\/catalogo.cgi\" data-type=\"URL\" data-id=\"https:\/\/ensvillaguay-ers.infd.edu.ar\/aula\/catalogo.cgi\" target=\"_blank\" rel=\"noreferrer noopener\"><strong>Ingresar al cat\u00e1logo <\/strong><\/a><\/td><\/tr><\/tbody><\/table><\/figure>\n","protected":false},"excerpt":{"rendered":"<p>Les presentamos los cursos virtuales de modalidad autoasistida, los cuales incluye material bibliogr\u00e1fico y actividades que podr\u00e1n realizarse en la plataforma. Los mismos tienen como prop\u00f3sito el autoaprendizaje a trav\u00e9s de consignas guiadas a partir de la lectura de cada clase. La realizaci\u00f3n de las actividades y evaluaciones, habilitar\u00e1 continuar con la siguiente clase. Al &#8230; <a title=\"Cursos de Formaci\u00f3n Virtual Autoasistidos\" class=\"read-more\" href=\"https:\/\/ensvillaguay-ers.infd.edu.ar\/sitio\/cursos-de-formacion-virtual-autoasistidos\/\" aria-label=\"More on Cursos de Formaci\u00f3n Virtual Autoasistidos\">[+]<\/a><\/p>\n","protected":false},"author":1427,"featured_media":0,"parent":0,"menu_order":0,"comment_status":"closed","ping_status":"closed","template":"","meta":[],"acf":[],"_links":{"self":[{"href":"https:\/\/ensvillaguay-ers.infd.edu.ar\/sitio\/wp-json\/wp\/v2\/pages\/10570"}],"collection":[{"href":"https:\/\/ensvillaguay-ers.infd.edu.ar\/sitio\/wp-json\/wp\/v2\/pages"}],"about":[{"href":"https:\/\/ensvillaguay-ers.infd.edu.ar\/sitio\/wp-json\/wp\/v2\/types\/page"}],"author":[{"embeddable":true,"href":"https:\/\/ensvillaguay-ers.infd.edu.ar\/sitio\/wp-json\/wp\/v2\/users\/1427"}],"replies":[{"embeddable":true,"href":"https:\/\/ensvillaguay-ers.infd.edu.ar\/sitio\/wp-json\/wp\/v2\/comments?post=10570"}],"version-history":[{"count":10,"href":"https:\/\/ensvillaguay-ers.infd.edu.ar\/sitio\/wp-json\/wp\/v2\/pages\/10570\/revisions"}],"predecessor-version":[{"id":11723,"href":"https:\/\/ensvillaguay-ers.infd.edu.ar\/sitio\/wp-json\/wp\/v2\/pages\/10570\/revisions\/11723"}],"wp:attachment":[{"href":"https:\/\/ensvillaguay-ers.infd.edu.ar\/sitio\/wp-json\/wp\/v2\/media?parent=10570"}],"curies":[{"name":"wp","href":"https:\/\/api.w.org\/{rel}","templated":true}]}}