{"id":1058,"date":"2018-06-29T17:48:59","date_gmt":"2018-06-29T20:48:59","guid":{"rendered":"https:\/\/ensvillaguay-ers.infd.edu.ar\/sitio\/nivel-superior-2\/"},"modified":"2026-02-27T10:57:50","modified_gmt":"2026-02-27T13:57:50","slug":"nivel-superior-2","status":"publish","type":"page","link":"https:\/\/ensvillaguay-ers.infd.edu.ar\/sitio\/nivel-superior-2\/","title":{"rendered":"Nivel Superior"},"content":{"rendered":"\n<figure class=\"wp-block-gallery has-nested-images columns-default is-cropped wp-block-gallery-1 is-layout-flex\">\n<figure class=\"wp-block-image size-large\"><img decoding=\"async\" loading=\"lazy\" width=\"1900\" height=\"919\" data-id=\"11329\"  src=\"https:\/\/ensvillaguay-ers.infd.edu.ar\/sitio\/wp-content\/uploads\/2025\/02\/Propuestas-de-Formacion-Docente-Inicial-1-1900x919.jpg\" alt=\"\" class=\"wp-image-11329\" srcset=\"https:\/\/ensvillaguay-ers.infd.edu.ar\/sitio\/wp-content\/uploads\/2025\/02\/Propuestas-de-Formacion-Docente-Inicial-1-1900x919.jpg 1900w, https:\/\/ensvillaguay-ers.infd.edu.ar\/sitio\/wp-content\/uploads\/2025\/02\/Propuestas-de-Formacion-Docente-Inicial-1-1000x484.jpg 1000w, https:\/\/ensvillaguay-ers.infd.edu.ar\/sitio\/wp-content\/uploads\/2025\/02\/Propuestas-de-Formacion-Docente-Inicial-1-768x371.jpg 768w, https:\/\/ensvillaguay-ers.infd.edu.ar\/sitio\/wp-content\/uploads\/2025\/02\/Propuestas-de-Formacion-Docente-Inicial-1-1536x743.jpg 1536w, https:\/\/ensvillaguay-ers.infd.edu.ar\/sitio\/wp-content\/uploads\/2025\/02\/Propuestas-de-Formacion-Docente-Inicial-1.jpg 1917w\" sizes=\"(max-width: 1900px) 100vw, 1900px\" \/><\/figure>\n<\/figure>\n\n\n\n<figure class=\"wp-block-table is-style-stripes\"><table><tbody><tr><td class=\"has-text-align-center\" data-align=\"center\"> <strong><a href=\"https:\/\/ensvillaguay-ers.infd.edu.ar\/sitio\/?page_id=1031&amp;preview=true\">Profesorado de Educaci\u00f3n Primaria<\/a><\/strong><\/td><td class=\"has-text-align-center\" data-align=\"center\"> <strong><a href=\"https:\/\/ensvillaguay-ers.infd.edu.ar\/sitio\/?page_id=1032&amp;preview=true\">Profesorado de Educaci\u00f3n Inicial<\/a><\/strong><\/td><\/tr><tr><td class=\"has-text-align-center\" data-align=\"center\"> <strong><a href=\"https:\/\/ensvillaguay-ers.infd.edu.ar\/sitio\/?page_id=1035&amp;preview=true\">Profesorado de Educaci\u00f3n Secundaria en Lengua y Literatura<\/a><\/strong><\/td><td class=\"has-text-align-center\" data-align=\"center\"> <strong><a href=\"https:\/\/ensvillaguay-ers.infd.edu.ar\/sitio\/?page_id=1040&amp;preview=true\">Profesorado de Ingl\u00e9s<\/a><\/strong><\/td><\/tr><tr><td class=\"has-text-align-center\" data-align=\"center\"> <strong><a href=\"https:\/\/ensvillaguay-ers.infd.edu.ar\/sitio\/?page_id=1043&amp;preview=true\">Profesorado de Educaci\u00f3n Secundaria en&nbsp;Matem\u00e1tica<\/a><\/strong><\/td><td class=\"has-text-align-center\" data-align=\"center\"><strong><a href=\"https:\/\/ensvillaguay-ers.infd.edu.ar\/sitio\/tecnicatura-superior-en-seguridad-higiene-y-ambiente-en-el-trabajo\/\" target=\"_blank\" rel=\"noreferrer noopener\">Tecnicatura Superior en Seguridad, Higiene  y Ambiente en el Trabajo<\/a><\/strong><\/td><\/tr><tr><td class=\"has-text-align-center\" data-align=\"center\"> <strong><a href=\"https:\/\/ensvillaguay-ers.infd.edu.ar\/sitio\/profesorado-de-educacion-secundaria-en-geografia\/\">Profesorado de Educaci\u00f3n Secundaria en Geograf\u00eda<\/a><\/strong><\/td><td class=\"has-text-align-center\" data-align=\"center\"><strong><a href=\"https:\/\/ensvillaguay-ers.infd.edu.ar\/sitio\/profesorado-de-educacion-superior-en-ciencias-de-la-educacion\/\" data-type=\"URL\" data-id=\"https:\/\/ensvillaguay-ers.infd.edu.ar\/sitio\/profesorado-de-educacion-superior-en-ciencias-de-la-educacion\/\" target=\"_blank\" rel=\"noreferrer noopener\">Profesorado de Educaci\u00f3n Superior en Ciencias de la Educaci\u00f3n<\/a><\/strong><\/td><\/tr><\/tbody><\/table><\/figure>\n","protected":false},"excerpt":{"rendered":"<p>Profesorado de Educaci\u00f3n Primaria Profesorado de Educaci\u00f3n Inicial Profesorado de Educaci\u00f3n Secundaria en Lengua y Literatura Profesorado de Ingl\u00e9s Profesorado de Educaci\u00f3n Secundaria en&nbsp;Matem\u00e1tica Tecnicatura Superior en Seguridad, Higiene y Ambiente en el Trabajo Profesorado de Educaci\u00f3n Secundaria en Geograf\u00eda Profesorado de Educaci\u00f3n Superior en Ciencias de la Educaci\u00f3n<\/p>\n","protected":false},"author":1046,"featured_media":0,"parent":0,"menu_order":0,"comment_status":"closed","ping_status":"closed","template":"","meta":[],"acf":[],"_links":{"self":[{"href":"https:\/\/ensvillaguay-ers.infd.edu.ar\/sitio\/wp-json\/wp\/v2\/pages\/1058"}],"collection":[{"href":"https:\/\/ensvillaguay-ers.infd.edu.ar\/sitio\/wp-json\/wp\/v2\/pages"}],"about":[{"href":"https:\/\/ensvillaguay-ers.infd.edu.ar\/sitio\/wp-json\/wp\/v2\/types\/page"}],"author":[{"embeddable":true,"href":"https:\/\/ensvillaguay-ers.infd.edu.ar\/sitio\/wp-json\/wp\/v2\/users\/1046"}],"replies":[{"embeddable":true,"href":"https:\/\/ensvillaguay-ers.infd.edu.ar\/sitio\/wp-json\/wp\/v2\/comments?post=1058"}],"version-history":[{"count":14,"href":"https:\/\/ensvillaguay-ers.infd.edu.ar\/sitio\/wp-json\/wp\/v2\/pages\/1058\/revisions"}],"predecessor-version":[{"id":12236,"href":"https:\/\/ensvillaguay-ers.infd.edu.ar\/sitio\/wp-json\/wp\/v2\/pages\/1058\/revisions\/12236"}],"wp:attachment":[{"href":"https:\/\/ensvillaguay-ers.infd.edu.ar\/sitio\/wp-json\/wp\/v2\/media?parent=1058"}],"curies":[{"name":"wp","href":"https:\/\/api.w.org\/{rel}","templated":true}]}}