{"id":1060,"date":"2018-06-29T17:49:00","date_gmt":"2018-06-29T20:49:00","guid":{"rendered":"https:\/\/ensvillaguay-ers.infd.edu.ar\/sitio\/unidad-educativa-de-nivel-inicial-mi-casita\/"},"modified":"2018-11-01T18:36:09","modified_gmt":"2018-11-01T21:36:09","slug":"unidad-educativa-de-nivel-inicial-mi-casita","status":"publish","type":"page","link":"https:\/\/ensvillaguay-ers.infd.edu.ar\/sitio\/unidad-educativa-de-nivel-inicial-mi-casita\/","title":{"rendered":"Unidad Educativa de Nivel Inicial &#8211; Mi Casita"},"content":{"rendered":"<h1>Mi Casita<\/h1>\n<p style=\"text-align: justify;\">La Unidad Educativa N\u00ba 35 de la\u00a0 Escuela Normal Superior \u00abMartiniano Leguizam\u00f3n\u00bb fue creada por Resoluci\u00f3n con fecha 28\/05\/2015,\u00a0 pero ven\u00eda funcionando \u00a0desde comienzo de la d\u00e9cada del 60 en esta honorable Instituci\u00f3n, su denominaci\u00f3n\u00a0 est\u00e1 reconocida mediante resoluci\u00f3n 3253\/CGE con fecha 20\/09\/16.<\/p>\n<h2><strong>Historia<\/strong><\/h2>\n<p style=\"text-align: justify;\">Haciendo un poco de historia\u2026.. Vemos!!! , con la sanci\u00f3n de la Ley de Educaci\u00f3n Com\u00fan N\u00b0 1420, del a\u00f1o 1884, que en su Art: 11 establece la creaci\u00f3n de 1 \u00f3 m\u00e1s Jardines de Infantes en las ciudades donde fuera posible dotarlos suficientemente de materiales y espacio apropiado; se incorpora a los mismos al Sistema Educativo Argentino quedando, su creaci\u00f3n de \u00e9sta manera, en manos de las jurisdicciones que los crear\u00e1n.<\/p>\n<p style=\"text-align: justify;\">Junto con la Ley, el Estado Nacional impulsa la creaci\u00f3n de dichos Jardines, anexos a las Escuelas Normales; formando parte de su Departamento de Aplicaci\u00f3n.<\/p>\n<p style=\"text-align: justify;\">Es por eso que en al a\u00f1o 1960, el Colegio Nacional Normal \u201cMartiniano Leguizam\u00f3n\u201d con la denominaci\u00f3n \u00abMi Casita\u201d, se ve enriquecido con la incorporaci\u00f3n de dos Salas de 5 a\u00f1os de Jard\u00edn de Infantes que; no contando con maestras especializadas en ese nivel, afecta a las mismas a dos maestras de la Instituci\u00f3n de trayectoria y excelencia acad\u00e9mica indiscutible: Eda Ventavoli y Teresita de Larrosa.<\/p>\n<p style=\"text-align: justify;\">A\u00f1os m\u00e1s tarde (1969), y siendo sede nacional la ciudad de Rosario (Provincia de Santa Fe), se lleva a cabo el Concurso de Oposici\u00f3n y Antecedentes del Ministerio de Educaci\u00f3n, a fin de cubrir los cargos vacantes; que hab\u00eda en la Argentina.<\/p>\n<p style=\"text-align: justify;\">All\u00ed se presentan\u00a0 dos mujeres muy jovencitas de esta ciudad, reci\u00e9n recibidas, con sus miedos, su nerviosismo, sus ansiedades y su escasa experiencia a tama\u00f1o tr\u00e1mite que conlleva un Concurso. Y\u2026 el cargo les es adjudicado a las que se convertir\u00edan en la espina dorsal de \u201cMi Casita\u201d, nos referimos a: \u00a0Prof. Cristina Becerra de Pfefferman y Prof. Nora Garc\u00eda de Almada con t\u00edtulo oficial de Profesoras en jard\u00edn de Infantes!!!;\u00a0 educando a much\u00edsimos villaguayenses que las recuerdan con un cari\u00f1o profundo por lo que dieron y les dejaron: amor, contenci\u00f3n, atenci\u00f3n como as\u00ed tambi\u00e9n aplicando todas las herramientas educativas que estuvieron a su alcance para una formaci\u00f3n de excelencia.<\/p>\n<p style=\"text-align: justify;\">Luego le sucedieron se\u00f1oras jardineras de la talla de: Cristina Rodr\u00edguez de Schierloh, Graciela Galicchio, Silvia Creteur, M\u00f3nica Arellanos, Julia Mull\u00ebr, Andrea Duss, Ana Maria Barros \u00a0entre muchas otras que siguieron y siguen dejando huellas en el jard\u00edn,\u00a0 siempre llevando la misma denominaci\u00f3n. En la d\u00e9cada del 80 se crean las secciones de 4 a\u00f1os y, posteriormente se incorporan las horas del \u00c1rea Est\u00e9tico Expresivo (Educaci\u00f3n F\u00edsica y M\u00fasica); para sumarse un poco m\u00e1s tarde, ya provincializada la educaci\u00f3n,\u00a0 la lengua extranjera (ingl\u00e9s). No conforme con todo eso y en pos de mejorar la oferta educativa, se vio el resultado del trabajo de las buenas gestiones, agregando en el a\u00f1o 2007 dos secciones para ni\u00f1os de 3 a\u00f1os (los m\u00e1s peque\u00f1itos del jard\u00edn), en el a\u00f1o 2014 se adosaron dos salas m\u00e1s (una para 4 a\u00f1os y otra para 5 a\u00f1os), prepar\u00e1ndose para lo que ser\u00eda la coronaci\u00f3n del 2015: la creaci\u00f3n de la Unidad Educativa n\u00b0 35 \u201cMi Casita\u201d; bajo la Resol .N\u00b0 1415\/15 del CGE, y ampliatoria 1731\/15 CGE CUE 300-3359, como el anhelo de tantos a\u00f1os plasmado aqu\u00ed y ahora.<\/p>\n<p style=\"text-align: justify;\">Con la historia transcurrida de nuestra querida Instituci\u00f3n,\u00a0 queremos saludar a todas las se\u00f1os que han dejado su huella y a las que hoy cumplen con este hermoso legado de ense\u00f1ar en esta instituci\u00f3n<\/p>\n<p style=\"text-align: justify;\">\n<h3>SALA DE 3 A\u00d1OS<\/h3>\n<p>A cargo de la Prof. Beatriz Caraballo<\/p>\n<p>A cargo de la Prof.\u00a0 Elizabeth\u00a0\u00a0\u00a0 Estigarribia<\/p>\n<p>&nbsp;<\/p>\n<h3>SALA DE 4 A\u00d1OS<\/h3>\n<p>Prof.\u00a0 Andrea\u00a0 Noguera<\/p>\n<p>Prof. Elvira De Matteis<\/p>\n<p>Prof. Jesica De Grave<\/p>\n<p>&nbsp;<\/p>\n<h3>SALA DE 5 A\u00d1OS<\/h3>\n<p>Prof. Mariana Santa Cruz<\/p>\n<p>Prof. Carolina\u00a0 Van cauwenberghe<\/p>\n<p>Prof.\u00a0 Sandra Barinaga<\/p>\n<p>Tomando el cargo en el a\u00f1o 2015 bajo resol 500\/13 CGE de esta Direcci\u00f3n, la Prof. Gonzalve De Acevedo, Estela, y \u00a0logrando su Titularidad mediante concurso con Resol 18\/02\/16 de CGE\u00a0 hasta la actualidad.<\/p>\n<p><a href=\"https:\/\/www.facebook.com\/people\/Unidad-Educativa-Mi-Casita\/100010460132836\">Para acceder al Facebook de Mi Casita has clic aqu\u00ed<\/a><\/p>\n","protected":false},"excerpt":{"rendered":"<p>Mi Casita La Unidad Educativa N\u00ba 35 de la\u00a0 Escuela Normal Superior \u00abMartiniano Leguizam\u00f3n\u00bb fue creada por Resoluci\u00f3n con fecha 28\/05\/2015,\u00a0 pero ven\u00eda funcionando \u00a0desde comienzo de la d\u00e9cada del 60 en esta honorable Instituci\u00f3n, su denominaci\u00f3n\u00a0 est\u00e1 reconocida mediante resoluci\u00f3n 3253\/CGE con fecha 20\/09\/16. Historia Haciendo un poco de historia\u2026.. Vemos!!! , con la &#8230; <a title=\"Unidad Educativa de Nivel Inicial &#8211; Mi Casita\" class=\"read-more\" href=\"https:\/\/ensvillaguay-ers.infd.edu.ar\/sitio\/unidad-educativa-de-nivel-inicial-mi-casita\/\" aria-label=\"More on Unidad Educativa de Nivel Inicial &#8211; Mi Casita\">[+]<\/a><\/p>\n","protected":false},"author":1046,"featured_media":0,"parent":0,"menu_order":0,"comment_status":"closed","ping_status":"closed","template":"","meta":[],"acf":[],"_links":{"self":[{"href":"https:\/\/ensvillaguay-ers.infd.edu.ar\/sitio\/wp-json\/wp\/v2\/pages\/1060"}],"collection":[{"href":"https:\/\/ensvillaguay-ers.infd.edu.ar\/sitio\/wp-json\/wp\/v2\/pages"}],"about":[{"href":"https:\/\/ensvillaguay-ers.infd.edu.ar\/sitio\/wp-json\/wp\/v2\/types\/page"}],"author":[{"embeddable":true,"href":"https:\/\/ensvillaguay-ers.infd.edu.ar\/sitio\/wp-json\/wp\/v2\/users\/1046"}],"replies":[{"embeddable":true,"href":"https:\/\/ensvillaguay-ers.infd.edu.ar\/sitio\/wp-json\/wp\/v2\/comments?post=1060"}],"version-history":[{"count":6,"href":"https:\/\/ensvillaguay-ers.infd.edu.ar\/sitio\/wp-json\/wp\/v2\/pages\/1060\/revisions"}],"predecessor-version":[{"id":1991,"href":"https:\/\/ensvillaguay-ers.infd.edu.ar\/sitio\/wp-json\/wp\/v2\/pages\/1060\/revisions\/1991"}],"wp:attachment":[{"href":"https:\/\/ensvillaguay-ers.infd.edu.ar\/sitio\/wp-json\/wp\/v2\/media?parent=1060"}],"curies":[{"name":"wp","href":"https:\/\/api.w.org\/{rel}","templated":true}]}}