{"id":10614,"date":"2024-04-10T18:49:26","date_gmt":"2024-04-10T21:49:26","guid":{"rendered":"https:\/\/ensvillaguay-ers.infd.edu.ar\/sitio\/?page_id=10614"},"modified":"2026-03-10T09:50:15","modified_gmt":"2026-03-10T12:50:15","slug":"disenos-curriculares-y-rectificatorias","status":"publish","type":"page","link":"https:\/\/ensvillaguay-ers.infd.edu.ar\/sitio\/disenos-curriculares-y-rectificatorias\/","title":{"rendered":"Dise\u00f1os Curriculares y rectificatorias\u00a0"},"content":{"rendered":"\n<figure class=\"wp-block-image size-large\"><img decoding=\"async\" loading=\"lazy\" width=\"1900\" height=\"844\" src=\"https:\/\/ensvillaguay-ers.infd.edu.ar\/sitio\/wp-content\/uploads\/2024\/04\/Propuestas-de-Formacion-Docente-Inicial-1-1900x844.png\" alt=\"\" class=\"wp-image-10615\" srcset=\"https:\/\/ensvillaguay-ers.infd.edu.ar\/sitio\/wp-content\/uploads\/2024\/04\/Propuestas-de-Formacion-Docente-Inicial-1-1900x844.png 1900w, https:\/\/ensvillaguay-ers.infd.edu.ar\/sitio\/wp-content\/uploads\/2024\/04\/Propuestas-de-Formacion-Docente-Inicial-1-1000x444.png 1000w, https:\/\/ensvillaguay-ers.infd.edu.ar\/sitio\/wp-content\/uploads\/2024\/04\/Propuestas-de-Formacion-Docente-Inicial-1-768x341.png 768w, https:\/\/ensvillaguay-ers.infd.edu.ar\/sitio\/wp-content\/uploads\/2024\/04\/Propuestas-de-Formacion-Docente-Inicial-1-1536x683.png 1536w, https:\/\/ensvillaguay-ers.infd.edu.ar\/sitio\/wp-content\/uploads\/2024\/04\/Propuestas-de-Formacion-Docente-Inicial-1.png 1915w\" sizes=\"(max-width: 1900px) 100vw, 1900px\" \/><\/figure>\n\n\n<h4 style=\"text-align: center;\"><span style=\"color: #339966;\"><strong data-rich-text-format-boundary=\"true\">Dise\u00f1os Curriculares y rectificatorias&nbsp;<\/strong><\/span><\/h4>\n\n\n<figure class=\"wp-block-table is-style-stripes\"><table><tbody><tr><td class=\"has-text-align-center\" data-align=\"center\"><strong>Carrera de Nivel Superior<\/strong><\/td><td class=\"has-text-align-center\" data-align=\"center\"><strong>Resoluci\u00f3n de Dise\u00f1o curricular y rectificatoria<\/strong><\/td><td class=\"has-text-align-center\" data-align=\"center\"><strong>N\u00famero de Validez Nacional<\/strong><\/td><\/tr><tr><td class=\"has-text-align-center\" data-align=\"center\"><img decoding=\"async\" loading=\"lazy\" width=\"452\" height=\"640\" class=\"wp-image-10619\" style=\"width: 150px;\" src=\"https:\/\/ensvillaguay-ers.infd.edu.ar\/sitio\/wp-content\/uploads\/2024\/04\/ingl.jpeg\" alt=\"\"><\/td><td class=\"has-text-align-center\" data-align=\"center\"><strong><a href=\"https:\/\/ensvillaguay-ers.infd.edu.ar\/sitio\/wp-content\/uploads\/2021\/10\/0760-14-Disen_o-Curricular-Profesorado-de-Ingles_compressed.pdf\">Resoluci\u00f3n N\u00b0 0760\/14&nbsp; &#8211; Dise\u00f1o Curricular Profesorado de Ingl\u00e9s<\/a><\/strong><br><strong><a href=\"https:\/\/ensvillaguay-ers.infd.edu.ar\/sitio\/wp-content\/uploads\/2021\/10\/0311-15_CGE_Rectificacion_Carrera_Prof_Educ_en_Ingles.pdf\">Resoluci\u00f3n N\u00b0 0311\/15 CGE &#8211; Rectificaci\u00f3n Profesorado de Ingl\u00e9s<\/a><\/strong><\/td><td class=\"has-text-align-center\" data-align=\"center\"><strong>R.M 1848\/20<\/strong><\/td><\/tr><tr><td class=\"has-text-align-center\" data-align=\"center\"><img decoding=\"async\" loading=\"lazy\" width=\"452\" height=\"640\" class=\"wp-image-10621\" style=\"width: 150px;\" src=\"https:\/\/ensvillaguay-ers.infd.edu.ar\/sitio\/wp-content\/uploads\/2024\/04\/mat.jpeg\" alt=\"\"><\/td><td class=\"has-text-align-center\" data-align=\"center\"><strong><a href=\"https:\/\/ensvillaguay-ers.infd.edu.ar\/sitio\/wp-content\/uploads\/2021\/10\/0764-14_CGE_Disen_o_Curricular_Profesorado_de_Educ._Sec._en_Matematica_compressed.pdf\">Resoluci\u00f3n N\u00b0 0764\/14 CGE &#8211; Dise\u00f1o Curricular Profesorado de Educaci\u00f3n Secundaria en Matem\u00e1tica<\/a><\/strong><br><strong><a href=\"https:\/\/ensvillaguay-ers.infd.edu.ar\/sitio\/wp-content\/uploads\/2021\/10\/0725-15_CGE_Rectificacion_Carrera_Prof_Educ_Sec_en_Matematica.pdf\">Resoluci\u00f3n 0725\/15 CGE &#8211; Rectificaci\u00f3n Profesorado de Educaci\u00f3n Secundaria en Matem\u00e1tica<\/a><\/strong><\/td><td class=\"has-text-align-center\" data-align=\"center\"><strong>R.M 924\/18<\/strong><\/td><\/tr><tr><td class=\"has-text-align-center\" data-align=\"center\"><img decoding=\"async\" loading=\"lazy\" width=\"452\" height=\"640\" class=\"wp-image-10617\" style=\"width: 150px;\" src=\"https:\/\/ensvillaguay-ers.infd.edu.ar\/sitio\/wp-content\/uploads\/2024\/04\/bio.jpeg\" alt=\"\"><\/td><td class=\"has-text-align-center\" data-align=\"center\"><strong><a href=\"https:\/\/ensvillaguay-ers.infd.edu.ar\/sitio\/wp-content\/uploads\/2021\/10\/0761-14_CGE_Disen_o_Curricular_Profesorado_de_Educ._Sec._en_Biologia_compressed.pdf\">Resoluci\u00f3n N\u00b0 0761\/14 CGE &#8211; Dise\u00f1o Curricular Profesorado de Educaci\u00f3n Secundaria en Biolog\u00eda<\/a><\/strong><br><strong><a href=\"https:\/\/ensvillaguay-ers.infd.edu.ar\/sitio\/wp-content\/uploads\/2021\/10\/0147-15_CGE_Rectificacion_Carrera_Prof_Educ_Sec_en_Biologia.pdf\">Resoluci\u00f3n N\u00b0 0147\/15 CGE &#8211; Rectificaci\u00f3n Profesorado de Educaci\u00f3n Secundaria en Biolog\u00eda<\/a><\/strong><\/td><td class=\"has-text-align-center\" data-align=\"center\"><strong>R.M 966\/16<br>1391\/16<\/strong><\/td><\/tr><tr><td class=\"has-text-align-center\" data-align=\"center\"><img decoding=\"async\" loading=\"lazy\" width=\"452\" height=\"640\" class=\"wp-image-10620\" style=\"width: 150px;\" src=\"https:\/\/ensvillaguay-ers.infd.edu.ar\/sitio\/wp-content\/uploads\/2024\/04\/len.jpeg\" alt=\"\"><\/td><td class=\"has-text-align-center\" data-align=\"center\"><strong><a href=\"https:\/\/ensvillaguay-ers.infd.edu.ar\/sitio\/wp-content\/uploads\/2021\/10\/0759-14_CGE_Disen_o_Curricular_Profesorado_en_Lengua_y_Literatura_compressed.pdf\">Resoluci\u00f3n N\u00b0 0759\/14 CGE &#8211; Dise\u00f1o Curricular Profesorado de Educaci\u00f3n Secundaria en Lengua y Literatura<\/a><\/strong><br><strong><a href=\"https:\/\/ensvillaguay-ers.infd.edu.ar\/sitio\/wp-content\/uploads\/2021\/10\/0158-15_CGE_Rectificacion_Carrera_Prof_Educ_Sec_en_Lengua.pdf\">Resoluci\u00f3n N\u00b0 0158\/15 CGE &#8211; Rectificaci\u00f3n Profesorado de Educaci\u00f3n Secundaria en Lengua y Literatura<\/a><\/strong><\/td><td class=\"has-text-align-center\" data-align=\"center\"><strong>R.M 1181\/14<\/strong><\/td><\/tr><tr><td class=\"has-text-align-center\" data-align=\"center\"><img decoding=\"async\" loading=\"lazy\" width=\"452\" height=\"640\" class=\"wp-image-10622\" style=\"width: 150px;\" src=\"https:\/\/ensvillaguay-ers.infd.edu.ar\/sitio\/wp-content\/uploads\/2024\/04\/pei.jpeg\" alt=\"\"><\/td><td class=\"has-text-align-center\" data-align=\"center\"><strong><a href=\"https:\/\/ensvillaguay-ers.infd.edu.ar\/sitio\/wp-content\/uploads\/2021\/10\/4165-14_CGE_Disen_o_Curricular_para_la_Formacion_Docente_de_Educacion_Inicial_compressed.pdf\">Resoluci\u00f3n N\u00b0 4165\/14 CGE &#8211; Dise\u00f1o Curricular Profesorado de Educaci\u00f3n Inicial<\/a><\/strong><br><strong><a href=\"https:\/\/ensvillaguay-ers.infd.edu.ar\/sitio\/wp-content\/uploads\/2021\/10\/3518-15_CGE-Rectificacion-de-PEI.pdf\">Resoluci\u00f3n N\u00b0 3518\/15 CGE &#8211; Rectificaci\u00f3n de Profesorado de Educaci\u00f3n Inicial<\/a><\/strong><\/td><td class=\"has-text-align-center\" data-align=\"center\"><strong>DEC PEN 12\/76\/96<br>R.M 1442\/04<\/strong><\/td><\/tr><tr><td class=\"has-text-align-center\" data-align=\"center\"><img decoding=\"async\" loading=\"lazy\" width=\"452\" height=\"640\" class=\"wp-image-10623\" style=\"width: 150px;\" src=\"https:\/\/ensvillaguay-ers.infd.edu.ar\/sitio\/wp-content\/uploads\/2024\/04\/pep.jpeg\" alt=\"\"><\/td><td class=\"has-text-align-center\" data-align=\"center\"><strong><a href=\"https:\/\/ensvillaguay-ers.infd.edu.ar\/sitio\/wp-content\/uploads\/2021\/10\/4170-14_CGE_Disen_o_Curricular_para_la_Formacion_Docente_de_Educacion_Primaria_compressed.pdf\">Resoluci\u00f3n N\u00b0 4170\/14 CGE &#8211; Dise\u00f1o Curricular Profesorado de Educaci\u00f3n Primaria<\/a><\/strong><br><strong><a href=\"https:\/\/ensvillaguay-ers.infd.edu.ar\/sitio\/wp-content\/uploads\/2021\/10\/3519-15_CGE_Rectificacion-PEP.pdf\">Resoluci\u00f3n N\u00b0 3519\/15 CGE &#8211; Rectificaci\u00f3n Profesorado de Educaci\u00f3n Primaria<\/a><\/strong><\/td><td class=\"has-text-align-center\" data-align=\"center\"><strong>DEC 19988\/72<\/strong><\/td><\/tr><tr><td class=\"has-text-align-center\" data-align=\"center\"><img decoding=\"async\" loading=\"lazy\" width=\"452\" height=\"640\" class=\"wp-image-10618\" style=\"width: 150px;\" src=\"https:\/\/ensvillaguay-ers.infd.edu.ar\/sitio\/wp-content\/uploads\/2024\/04\/geo.jpeg\" alt=\"\"><\/td><td class=\"has-text-align-center\" data-align=\"center\"><strong><a href=\"https:\/\/ensvillaguay-ers.infd.edu.ar\/sitio\/wp-content\/uploads\/2022\/03\/0766-14_CGE_Diseno_Curricular_Profesorado_de_Educ_optimized.pdf\">Resoluci\u00f3n N\u00b0 766\/14 CGE &#8211; Dise\u00f1o Curricular Profesorado de Educaci\u00f3n Secundaria en Geograf\u00eda<\/a><\/strong><br><a href=\"https:\/\/ensvillaguay-ers.infd.edu.ar\/sitio\/wp-content\/uploads\/2022\/03\/0159-15_CGE_Rectificacion_Carrera_Prof_Educ_Sec_en_Geografia.pdf\"><strong>Resoluci\u00f3n N\u00b0 0159\/15 CGE &#8211; Rectificaci\u00f3n Profesorado de Educaci\u00f3n Secundaria en&nbsp;Geograf\u00eda<\/strong><\/a><\/td><td class=\"has-text-align-center\" data-align=\"center\"><strong>R.M 3584\/21<\/strong><\/td><\/tr><tr><td class=\"has-text-align-center\" data-align=\"center\"><img decoding=\"async\" loading=\"lazy\" width=\"452\" height=\"640\" class=\"wp-image-11337\" style=\"width: 150px;\" src=\"https:\/\/ensvillaguay-ers.infd.edu.ar\/sitio\/wp-content\/uploads\/2025\/02\/WhatsApp-Image-2025-02-10-at-15.19.53-3.jpeg\" alt=\"\"><\/td><td class=\"has-text-align-center\" data-align=\"center\"><a rel=\"noreferrer noopener\" href=\"https:\/\/drive.google.com\/file\/d\/1utx1IzV072q3XFet08fiiHn5717Y7kXS\/view?usp=sharing\" data-type=\"URL\" data-id=\"https:\/\/drive.google.com\/file\/d\/1utx1IzV072q3XFet08fiiHn5717Y7kXS\/view?usp=sharing\" target=\"_blank\"><strong>Resoluci\u00f3n N\u00b0 0220\/15 CGE &#8211; Dise\u00f1o Curricular Tecnicatura Superior en Seguridad, Higiene y Ambiente en el Trabajo<\/strong><\/a><br><strong><a rel=\"noreferrer noopener\" href=\"https:\/\/drive.google.com\/file\/d\/19PBzDdv8UfJuLjtwj4NBzx7KaxDyah2r\/view?usp=sharing\" data-type=\"URL\" data-id=\"https:\/\/drive.google.com\/file\/d\/19PBzDdv8UfJuLjtwj4NBzx7KaxDyah2r\/view?usp=sharing\" target=\"_blank\">Resoluci\u00f3n N\u00b0 1856\/24 CGE &#8211; Modificatoria del R\u00e9gimen de correlatividades<\/a><\/strong><\/td><td class=\"has-text-align-center\" data-align=\"center\"><\/td><\/tr><tr><td class=\"has-text-align-center\" data-align=\"center\"><img decoding=\"async\" loading=\"lazy\" width=\"452\" height=\"640\" class=\"wp-image-12141\" style=\"width: 150px;\" src=\"https:\/\/ensvillaguay-ers.infd.edu.ar\/sitio\/wp-content\/uploads\/2026\/02\/WhatsApp-Image-2026-02-05-at-18.48.06.jpeg\" alt=\"\"><\/td><td class=\"has-text-align-center\" data-align=\"center\"><strong><a rel=\"noreferrer noopener\" href=\"https:\/\/drive.google.com\/file\/d\/1--xZFpmZpoh6GulJger_4iXzec5NKOKY\/view?usp=sharing\" data-type=\"URL\" data-id=\"https:\/\/drive.google.com\/file\/d\/1--xZFpmZpoh6GulJger_4iXzec5NKOKY\/view?usp=sharing\" target=\"_blank\">Resoluci\u00f3n N\u00b0 4796\/15 CGE &#8211; Dise\u00f1o Curricular Profesorado de Educaci\u00f3n Superior en Ciencias de la Educaci\u00f3n<\/a><\/strong> <br><strong><a rel=\"noreferrer noopener\" href=\"https:\/\/drive.google.com\/file\/d\/1BW-Lglm5rjRXejyaF3jSj3SdvGephVW2\/view?usp=sharing\" data-type=\"URL\" data-id=\"https:\/\/drive.google.com\/file\/d\/1BW-Lglm5rjRXejyaF3jSj3SdvGephVW2\/view?usp=sharing\" target=\"_blank\">Resoluci\u00f3n N\u00b0 1419\/17 CGE &#8211; Ampliatoria R\u00e9gimen de correlatividades<\/a><\/strong><\/td><td class=\"has-text-align-center\" data-align=\"center\"><\/td><\/tr><\/tbody><\/table><\/figure>\n","protected":false},"excerpt":{"rendered":"<p>Dise\u00f1os Curriculares y rectificatorias&nbsp; Carrera de Nivel Superior Resoluci\u00f3n de Dise\u00f1o curricular y rectificatoria N\u00famero de Validez Nacional Resoluci\u00f3n N\u00b0 0760\/14&nbsp; &#8211; Dise\u00f1o Curricular Profesorado de Ingl\u00e9sResoluci\u00f3n N\u00b0 0311\/15 CGE &#8211; Rectificaci\u00f3n Profesorado de Ingl\u00e9s R.M 1848\/20 Resoluci\u00f3n N\u00b0 0764\/14 CGE &#8211; Dise\u00f1o Curricular Profesorado de Educaci\u00f3n Secundaria en Matem\u00e1ticaResoluci\u00f3n 0725\/15 CGE &#8211; Rectificaci\u00f3n Profesorado &#8230; <a title=\"Dise\u00f1os Curriculares y rectificatorias\u00a0\" class=\"read-more\" href=\"https:\/\/ensvillaguay-ers.infd.edu.ar\/sitio\/disenos-curriculares-y-rectificatorias\/\" aria-label=\"More on Dise\u00f1os Curriculares y rectificatorias\u00a0\">[+]<\/a><\/p>\n","protected":false},"author":1427,"featured_media":0,"parent":0,"menu_order":0,"comment_status":"closed","ping_status":"closed","template":"","meta":[],"acf":[],"_links":{"self":[{"href":"https:\/\/ensvillaguay-ers.infd.edu.ar\/sitio\/wp-json\/wp\/v2\/pages\/10614"}],"collection":[{"href":"https:\/\/ensvillaguay-ers.infd.edu.ar\/sitio\/wp-json\/wp\/v2\/pages"}],"about":[{"href":"https:\/\/ensvillaguay-ers.infd.edu.ar\/sitio\/wp-json\/wp\/v2\/types\/page"}],"author":[{"embeddable":true,"href":"https:\/\/ensvillaguay-ers.infd.edu.ar\/sitio\/wp-json\/wp\/v2\/users\/1427"}],"replies":[{"embeddable":true,"href":"https:\/\/ensvillaguay-ers.infd.edu.ar\/sitio\/wp-json\/wp\/v2\/comments?post=10614"}],"version-history":[{"count":7,"href":"https:\/\/ensvillaguay-ers.infd.edu.ar\/sitio\/wp-json\/wp\/v2\/pages\/10614\/revisions"}],"predecessor-version":[{"id":12276,"href":"https:\/\/ensvillaguay-ers.infd.edu.ar\/sitio\/wp-json\/wp\/v2\/pages\/10614\/revisions\/12276"}],"wp:attachment":[{"href":"https:\/\/ensvillaguay-ers.infd.edu.ar\/sitio\/wp-json\/wp\/v2\/media?parent=10614"}],"curies":[{"name":"wp","href":"https:\/\/api.w.org\/{rel}","templated":true}]}}