{"id":1064,"date":"2018-06-29T17:49:01","date_gmt":"2018-06-29T20:49:01","guid":{"rendered":"https:\/\/ensvillaguay-ers.infd.edu.ar\/sitio\/nivel-secundario-con-orientaciones\/"},"modified":"2023-03-14T13:46:13","modified_gmt":"2023-03-14T16:46:13","slug":"nivel-secundario-con-orientaciones","status":"publish","type":"page","link":"https:\/\/ensvillaguay-ers.infd.edu.ar\/sitio\/nivel-secundario-con-orientaciones\/","title":{"rendered":"Nivel Secundario"},"content":{"rendered":"\n<figure class=\"wp-block-image size-large\"><img decoding=\"async\" loading=\"lazy\" width=\"1900\" height=\"833\" src=\"https:\/\/ensvillaguay-ers.infd.edu.ar\/sitio\/wp-content\/uploads\/2023\/03\/Propuestas-de-Formacion-Docente-Inicial-8-1900x833.jpg\" alt=\"\" class=\"wp-image-7981\" srcset=\"https:\/\/ensvillaguay-ers.infd.edu.ar\/sitio\/wp-content\/uploads\/2023\/03\/Propuestas-de-Formacion-Docente-Inicial-8-1900x833.jpg 1900w, https:\/\/ensvillaguay-ers.infd.edu.ar\/sitio\/wp-content\/uploads\/2023\/03\/Propuestas-de-Formacion-Docente-Inicial-8-1000x438.jpg 1000w, https:\/\/ensvillaguay-ers.infd.edu.ar\/sitio\/wp-content\/uploads\/2023\/03\/Propuestas-de-Formacion-Docente-Inicial-8-768x337.jpg 768w, https:\/\/ensvillaguay-ers.infd.edu.ar\/sitio\/wp-content\/uploads\/2023\/03\/Propuestas-de-Formacion-Docente-Inicial-8-1536x673.jpg 1536w, https:\/\/ensvillaguay-ers.infd.edu.ar\/sitio\/wp-content\/uploads\/2023\/03\/Propuestas-de-Formacion-Docente-Inicial-8.jpg 1919w\" sizes=\"(max-width: 1900px) 100vw, 1900px\" \/><\/figure>\n\n\n\n<figure class=\"wp-block-table is-style-stripes\"><table><tbody><tr><td class=\"has-text-align-center\" data-align=\"center\"><strong><a href=\"https:\/\/ensvillaguay-ers.infd.edu.ar\/sitio\/inscripcion-a-ciclo-lectivo-2020-inicial-primario-y-secundario\/\" data-type=\"URL\" data-id=\"https:\/\/ensvillaguay-ers.infd.edu.ar\/sitio\/inscripcion-a-ciclo-lectivo-2020-inicial-primario-y-secundario\/\" target=\"_blank\" rel=\"noreferrer noopener\">CICLO B\u00c1SICO<\/a><\/strong><\/td><\/tr><tr><td class=\"has-text-align-center\" data-align=\"center\"><a rel=\"noreferrer noopener\" href=\"https:\/\/ensvillaguay-ers.infd.edu.ar\/sitio\/https-www-facebook-com-1636827706345244-photos-p-2544645712230101-2544645712230101\/\" data-type=\"URL\" data-id=\"https:\/\/ensvillaguay-ers.infd.edu.ar\/sitio\/https-www-facebook-com-1636827706345244-photos-p-2544645712230101-2544645712230101\/\" target=\"_blank\"><strong>Bachiller con orientaci\u00f3n en Ciencias Naturales<\/strong><\/a><\/td><\/tr><tr><td class=\"has-text-align-center\" data-align=\"center\"><strong><a href=\"https:\/\/ensvillaguay-ers.infd.edu.ar\/sitio\/bachiller-con-orientacion-en-ciencias-sociales-y-humanidades\/\" data-type=\"URL\" data-id=\"https:\/\/ensvillaguay-ers.infd.edu.ar\/sitio\/bachiller-con-orientacion-en-ciencias-sociales-y-humanidades\/\" target=\"_blank\" rel=\"noreferrer noopener\">Bachiller con orientaci\u00f3n en Ciencias Sociales y Humanidades<\/a><\/strong><\/td><\/tr><tr><td class=\"has-text-align-center\" data-align=\"center\"><a rel=\"noreferrer noopener\" href=\"https:\/\/ensvillaguay-ers.infd.edu.ar\/sitio\/nivel-secundario-con-orientaciones\/\" data-type=\"URL\" data-id=\"https:\/\/ensvillaguay-ers.infd.edu.ar\/sitio\/nivel-secundario-con-orientaciones\/\" target=\"_blank\"><strong>Galer\u00eda de fotos de Nivel Secundario<\/strong><\/a><\/td><\/tr><\/tbody><\/table><\/figure>\n\n\n<p>A trav\u00e9s de\u00a0 nuestra p\u00e1gina de Facebook descubr\u00ed mas fotos de Nivel Secundario.<\/p>\n<h3><strong>Galer\u00eda de fotos de Nivel Secundario<\/strong><\/h3>\n<p><a href=\"https:\/\/www.facebook.com\/colegionacional789\/\">https:\/\/www.facebook.com\/colegionacional789\/<\/a><\/p>\n<p>\u00a0<\/p>\n<p>\u00a0<\/p>\n<p><img decoding=\"async\" loading=\"lazy\" class=\"alignnone size-full wp-image-3320\" src=\"https:\/\/ensvillaguay-ers.infd.edu.ar\/sitio\/wp-content\/uploads\/2019\/11\/imagen-cole.jpg\" alt=\"\" width=\"960\" height=\"540\" srcset=\"https:\/\/ensvillaguay-ers.infd.edu.ar\/sitio\/wp-content\/uploads\/2019\/11\/imagen-cole.jpg 960w, https:\/\/ensvillaguay-ers.infd.edu.ar\/sitio\/wp-content\/uploads\/2019\/11\/imagen-cole-768x432.jpg 768w\" sizes=\"(max-width: 960px) 100vw, 960px\" \/><\/p>\n<h3>\u00a0Campamento 2019\u00a0\u00a0Los Reartes C\u00f3rdoba &#8211; 3er a\u00f1o.<\/h3>\n<p><img decoding=\"async\" loading=\"lazy\" class=\"alignnone size-full wp-image-3329\" src=\"https:\/\/ensvillaguay-ers.infd.edu.ar\/sitio\/wp-content\/uploads\/2019\/11\/75450128_2968552856506049_6312560021888565248_n.jpg\" alt=\"\" width=\"960\" height=\"720\" srcset=\"https:\/\/ensvillaguay-ers.infd.edu.ar\/sitio\/wp-content\/uploads\/2019\/11\/75450128_2968552856506049_6312560021888565248_n.jpg 960w, https:\/\/ensvillaguay-ers.infd.edu.ar\/sitio\/wp-content\/uploads\/2019\/11\/75450128_2968552856506049_6312560021888565248_n-768x576.jpg 768w\" sizes=\"(max-width: 960px) 100vw, 960px\" \/><\/p>\n<p><img decoding=\"async\" loading=\"lazy\" class=\"alignnone size-full wp-image-3328\" src=\"https:\/\/ensvillaguay-ers.infd.edu.ar\/sitio\/wp-content\/uploads\/2019\/11\/76605058_2972980499396618_4555447162602782720_n.jpg\" alt=\"\" width=\"960\" height=\"640\" srcset=\"https:\/\/ensvillaguay-ers.infd.edu.ar\/sitio\/wp-content\/uploads\/2019\/11\/76605058_2972980499396618_4555447162602782720_n.jpg 960w, https:\/\/ensvillaguay-ers.infd.edu.ar\/sitio\/wp-content\/uploads\/2019\/11\/76605058_2972980499396618_4555447162602782720_n-768x512.jpg 768w\" sizes=\"(max-width: 960px) 100vw, 960px\" \/><\/p>\n<p><img decoding=\"async\" loading=\"lazy\" class=\"alignnone size-medium wp-image-3327\" src=\"https:\/\/ensvillaguay-ers.infd.edu.ar\/sitio\/wp-content\/uploads\/2019\/11\/75543697_2970433639651304_1808636004228136960_o-1000x500.jpg\" alt=\"\" width=\"1000\" height=\"500\" srcset=\"https:\/\/ensvillaguay-ers.infd.edu.ar\/sitio\/wp-content\/uploads\/2019\/11\/75543697_2970433639651304_1808636004228136960_o-1000x500.jpg 1000w, https:\/\/ensvillaguay-ers.infd.edu.ar\/sitio\/wp-content\/uploads\/2019\/11\/75543697_2970433639651304_1808636004228136960_o-768x384.jpg 768w, https:\/\/ensvillaguay-ers.infd.edu.ar\/sitio\/wp-content\/uploads\/2019\/11\/75543697_2970433639651304_1808636004228136960_o.jpg 1280w\" sizes=\"(max-width: 1000px) 100vw, 1000px\" \/><\/p>\n<p><img decoding=\"async\" loading=\"lazy\" class=\"alignnone size-full wp-image-3334\" src=\"https:\/\/ensvillaguay-ers.infd.edu.ar\/sitio\/wp-content\/uploads\/2019\/11\/74841527_2969733429721325_1426929139507527680_n.jpg\" alt=\"\" width=\"960\" height=\"720\" srcset=\"https:\/\/ensvillaguay-ers.infd.edu.ar\/sitio\/wp-content\/uploads\/2019\/11\/74841527_2969733429721325_1426929139507527680_n.jpg 960w, https:\/\/ensvillaguay-ers.infd.edu.ar\/sitio\/wp-content\/uploads\/2019\/11\/74841527_2969733429721325_1426929139507527680_n-768x576.jpg 768w\" sizes=\"(max-width: 960px) 100vw, 960px\" \/><img decoding=\"async\" loading=\"lazy\" class=\"alignnone size-full wp-image-3335\" src=\"https:\/\/ensvillaguay-ers.infd.edu.ar\/sitio\/wp-content\/uploads\/2019\/11\/74265033_2972977339396934_7677091829275164672_n.jpg\" alt=\"\" width=\"960\" height=\"640\" srcset=\"https:\/\/ensvillaguay-ers.infd.edu.ar\/sitio\/wp-content\/uploads\/2019\/11\/74265033_2972977339396934_7677091829275164672_n.jpg 960w, https:\/\/ensvillaguay-ers.infd.edu.ar\/sitio\/wp-content\/uploads\/2019\/11\/74265033_2972977339396934_7677091829275164672_n-768x512.jpg 768w\" sizes=\"(max-width: 960px) 100vw, 960px\" \/><\/p>\n<p><img decoding=\"async\" loading=\"lazy\" class=\"alignnone size-full wp-image-3336\" src=\"https:\/\/ensvillaguay-ers.infd.edu.ar\/sitio\/wp-content\/uploads\/2019\/11\/74537379_2972977612730240_1383839953124851712_n.jpg\" alt=\"\" width=\"960\" height=\"640\" srcset=\"https:\/\/ensvillaguay-ers.infd.edu.ar\/sitio\/wp-content\/uploads\/2019\/11\/74537379_2972977612730240_1383839953124851712_n.jpg 960w, https:\/\/ensvillaguay-ers.infd.edu.ar\/sitio\/wp-content\/uploads\/2019\/11\/74537379_2972977612730240_1383839953124851712_n-768x512.jpg 768w\" sizes=\"(max-width: 960px) 100vw, 960px\" \/><img decoding=\"async\" loading=\"lazy\" class=\"alignnone size-full wp-image-3337\" src=\"https:\/\/ensvillaguay-ers.infd.edu.ar\/sitio\/wp-content\/uploads\/2019\/11\/74895974_2969733736387961_7285697854796988416_n.jpg\" alt=\"\" width=\"960\" height=\"720\" srcset=\"https:\/\/ensvillaguay-ers.infd.edu.ar\/sitio\/wp-content\/uploads\/2019\/11\/74895974_2969733736387961_7285697854796988416_n.jpg 960w, https:\/\/ensvillaguay-ers.infd.edu.ar\/sitio\/wp-content\/uploads\/2019\/11\/74895974_2969733736387961_7285697854796988416_n-768x576.jpg 768w\" sizes=\"(max-width: 960px) 100vw, 960px\" \/><\/p>\n<p><img decoding=\"async\" loading=\"lazy\" class=\"alignnone size-full wp-image-3338\" src=\"https:\/\/ensvillaguay-ers.infd.edu.ar\/sitio\/wp-content\/uploads\/2019\/11\/76642416_2972976339397034_990902659458269184_n.jpg\" alt=\"\" width=\"960\" height=\"640\" srcset=\"https:\/\/ensvillaguay-ers.infd.edu.ar\/sitio\/wp-content\/uploads\/2019\/11\/76642416_2972976339397034_990902659458269184_n.jpg 960w, https:\/\/ensvillaguay-ers.infd.edu.ar\/sitio\/wp-content\/uploads\/2019\/11\/76642416_2972976339397034_990902659458269184_n-768x512.jpg 768w\" sizes=\"(max-width: 960px) 100vw, 960px\" \/><\/p>\n<p>Encontr\u00e1 mas fotos en nuestra p\u00e1gina de Facebook.<\/p>\n<p><a href=\"https:\/\/www.facebook.com\/colegionacional789\/?epa=SEARCH_BOX\">https:\/\/www.facebook.com\/colegionacional789<\/a><\/p>\n<p>\u00a0<\/p>","protected":false},"excerpt":{"rendered":"<p>CICLO B\u00c1SICO Bachiller con orientaci\u00f3n en Ciencias Naturales Bachiller con orientaci\u00f3n en Ciencias Sociales y Humanidades Galer\u00eda de fotos de Nivel Secundario A trav\u00e9s de\u00a0 nuestra p\u00e1gina de Facebook descubr\u00ed mas fotos de Nivel Secundario. Galer\u00eda de fotos de Nivel Secundario https:\/\/www.facebook.com\/colegionacional789\/ \u00a0 \u00a0 \u00a0Campamento 2019\u00a0\u00a0Los Reartes C\u00f3rdoba &#8211; 3er a\u00f1o. Encontr\u00e1 mas fotos en &#8230; <a title=\"Nivel Secundario\" class=\"read-more\" href=\"https:\/\/ensvillaguay-ers.infd.edu.ar\/sitio\/nivel-secundario-con-orientaciones\/\" aria-label=\"More on Nivel Secundario\">[+]<\/a><\/p>\n","protected":false},"author":1046,"featured_media":0,"parent":0,"menu_order":0,"comment_status":"closed","ping_status":"closed","template":"","meta":[],"acf":[],"_links":{"self":[{"href":"https:\/\/ensvillaguay-ers.infd.edu.ar\/sitio\/wp-json\/wp\/v2\/pages\/1064"}],"collection":[{"href":"https:\/\/ensvillaguay-ers.infd.edu.ar\/sitio\/wp-json\/wp\/v2\/pages"}],"about":[{"href":"https:\/\/ensvillaguay-ers.infd.edu.ar\/sitio\/wp-json\/wp\/v2\/types\/page"}],"author":[{"embeddable":true,"href":"https:\/\/ensvillaguay-ers.infd.edu.ar\/sitio\/wp-json\/wp\/v2\/users\/1046"}],"replies":[{"embeddable":true,"href":"https:\/\/ensvillaguay-ers.infd.edu.ar\/sitio\/wp-json\/wp\/v2\/comments?post=1064"}],"version-history":[{"count":18,"href":"https:\/\/ensvillaguay-ers.infd.edu.ar\/sitio\/wp-json\/wp\/v2\/pages\/1064\/revisions"}],"predecessor-version":[{"id":7984,"href":"https:\/\/ensvillaguay-ers.infd.edu.ar\/sitio\/wp-json\/wp\/v2\/pages\/1064\/revisions\/7984"}],"wp:attachment":[{"href":"https:\/\/ensvillaguay-ers.infd.edu.ar\/sitio\/wp-json\/wp\/v2\/media?parent=1064"}],"curies":[{"name":"wp","href":"https:\/\/api.w.org\/{rel}","templated":true}]}}