{"id":10641,"date":"2024-04-10T20:10:47","date_gmt":"2024-04-10T23:10:47","guid":{"rendered":"https:\/\/ensvillaguay-ers.infd.edu.ar\/sitio\/?page_id=10641"},"modified":"2024-04-10T20:10:49","modified_gmt":"2024-04-10T23:10:49","slug":"regentes-directivos-del-nivel-primario","status":"publish","type":"page","link":"https:\/\/ensvillaguay-ers.infd.edu.ar\/sitio\/regentes-directivos-del-nivel-primario\/","title":{"rendered":"Regentes\/Directivos del Nivel Primario"},"content":{"rendered":"\n<figure class=\"wp-block-image size-large\"><img decoding=\"async\" loading=\"lazy\" width=\"1900\" height=\"883\" src=\"https:\/\/ensvillaguay-ers.infd.edu.ar\/sitio\/wp-content\/uploads\/2024\/04\/Propuestas-de-Formacion-Docente-Inicial-1-1-1900x883.png\" alt=\"\" class=\"wp-image-10642\" srcset=\"https:\/\/ensvillaguay-ers.infd.edu.ar\/sitio\/wp-content\/uploads\/2024\/04\/Propuestas-de-Formacion-Docente-Inicial-1-1-1900x883.png 1900w, https:\/\/ensvillaguay-ers.infd.edu.ar\/sitio\/wp-content\/uploads\/2024\/04\/Propuestas-de-Formacion-Docente-Inicial-1-1-1000x465.png 1000w, https:\/\/ensvillaguay-ers.infd.edu.ar\/sitio\/wp-content\/uploads\/2024\/04\/Propuestas-de-Formacion-Docente-Inicial-1-1-768x357.png 768w, https:\/\/ensvillaguay-ers.infd.edu.ar\/sitio\/wp-content\/uploads\/2024\/04\/Propuestas-de-Formacion-Docente-Inicial-1-1-1536x714.png 1536w, https:\/\/ensvillaguay-ers.infd.edu.ar\/sitio\/wp-content\/uploads\/2024\/04\/Propuestas-de-Formacion-Docente-Inicial-1-1.png 1913w\" sizes=\"(max-width: 1900px) 100vw, 1900px\" \/><\/figure>\n\n\n\n<figure class=\"wp-block-table is-style-stripes\"><table><tbody><tr><td class=\"has-text-align-center\" data-align=\"center\">Prof. Zoraida <strong>CASTGNINO de VUOTO<\/strong><\/td><\/tr><tr><td class=\"has-text-align-center\" data-align=\"center\">Prof. Nilda Beatriz <strong>DIRI\u00c9<\/strong><\/td><\/tr><tr><td class=\"has-text-align-center\" data-align=\"center\">Prof. Rosa Rosario <strong>MUSTO de MIGUELES<\/strong><\/td><\/tr><tr><td class=\"has-text-align-center\" data-align=\"center\">Prof. Margarita M\u00e1xima <strong>MAGNI<\/strong><\/td><\/tr><tr><td class=\"has-text-align-center\" data-align=\"center\">Prof. Catalina Elva <strong>LIFSCHITZ de OBLUDZINER<\/strong><\/td><\/tr><tr><td class=\"has-text-align-center\" data-align=\"center\">Prof. Alba Rosa <strong>BIDEGORRY de TOLOMEI<\/strong><\/td><\/tr><tr><td class=\"has-text-align-center\" data-align=\"center\">Prof. Alba Yolanda<strong> ARLETTAZ de DIMOTTA<\/strong><\/td><\/tr><tr><td class=\"has-text-align-center\" data-align=\"center\">Prof. Graciela Liliana <strong>L\u00d3PEZ de P\u00c9REZ<\/strong><\/td><\/tr><tr><td class=\"has-text-align-center\" data-align=\"center\">Prof. M\u00f3nica Patricia <strong>MICUCCI de CAY\u00d3N<\/strong><\/td><\/tr><tr><td class=\"has-text-align-center\" data-align=\"center\">Prof. Roberto Juan Luis <strong>GUICHARD<\/strong><\/td><\/tr><tr><td class=\"has-text-align-center\" data-align=\"center\">Prof. Hilda Delia <strong>BLANCO<\/strong><\/td><\/tr><\/tbody><\/table><\/figure>\n","protected":false},"excerpt":{"rendered":"<p>Prof. Zoraida CASTGNINO de VUOTO Prof. Nilda Beatriz DIRI\u00c9 Prof. Rosa Rosario MUSTO de MIGUELES Prof. Margarita M\u00e1xima MAGNI Prof. Catalina Elva LIFSCHITZ de OBLUDZINER Prof. Alba Rosa BIDEGORRY de TOLOMEI Prof. Alba Yolanda ARLETTAZ de DIMOTTA Prof. Graciela Liliana L\u00d3PEZ de P\u00c9REZ Prof. M\u00f3nica Patricia MICUCCI de CAY\u00d3N Prof. Roberto Juan Luis GUICHARD Prof. &#8230; <a title=\"Regentes\/Directivos del Nivel Primario\" class=\"read-more\" href=\"https:\/\/ensvillaguay-ers.infd.edu.ar\/sitio\/regentes-directivos-del-nivel-primario\/\" aria-label=\"More on Regentes\/Directivos del Nivel Primario\">[+]<\/a><\/p>\n","protected":false},"author":1427,"featured_media":0,"parent":0,"menu_order":0,"comment_status":"closed","ping_status":"closed","template":"","meta":[],"acf":[],"_links":{"self":[{"href":"https:\/\/ensvillaguay-ers.infd.edu.ar\/sitio\/wp-json\/wp\/v2\/pages\/10641"}],"collection":[{"href":"https:\/\/ensvillaguay-ers.infd.edu.ar\/sitio\/wp-json\/wp\/v2\/pages"}],"about":[{"href":"https:\/\/ensvillaguay-ers.infd.edu.ar\/sitio\/wp-json\/wp\/v2\/types\/page"}],"author":[{"embeddable":true,"href":"https:\/\/ensvillaguay-ers.infd.edu.ar\/sitio\/wp-json\/wp\/v2\/users\/1427"}],"replies":[{"embeddable":true,"href":"https:\/\/ensvillaguay-ers.infd.edu.ar\/sitio\/wp-json\/wp\/v2\/comments?post=10641"}],"version-history":[{"count":1,"href":"https:\/\/ensvillaguay-ers.infd.edu.ar\/sitio\/wp-json\/wp\/v2\/pages\/10641\/revisions"}],"predecessor-version":[{"id":10644,"href":"https:\/\/ensvillaguay-ers.infd.edu.ar\/sitio\/wp-json\/wp\/v2\/pages\/10641\/revisions\/10644"}],"wp:attachment":[{"href":"https:\/\/ensvillaguay-ers.infd.edu.ar\/sitio\/wp-json\/wp\/v2\/media?parent=10641"}],"curies":[{"name":"wp","href":"https:\/\/api.w.org\/{rel}","templated":true}]}}