{"id":11136,"date":"2024-11-11T18:35:52","date_gmt":"2024-11-11T21:35:52","guid":{"rendered":"https:\/\/ensvillaguay-ers.infd.edu.ar\/sitio\/?page_id=11136"},"modified":"2026-01-29T17:29:44","modified_gmt":"2026-01-29T20:29:44","slug":"dispositivo-pedagogico-de-memoria-y-patrimonio-escolar","status":"publish","type":"page","link":"https:\/\/ensvillaguay-ers.infd.edu.ar\/sitio\/dispositivo-pedagogico-de-memoria-y-patrimonio-escolar\/","title":{"rendered":"Dispositivo Pedag\u00f3gico de Memoria y Patrimonio Escolar \u00abFrancisco Podest\u00e1\u00bb"},"content":{"rendered":"\n<figure class=\"wp-block-image size-full\"><img decoding=\"async\" loading=\"lazy\" width=\"1893\" height=\"883\" src=\"https:\/\/ensvillaguay-ers.infd.edu.ar\/sitio\/wp-content\/uploads\/2026\/01\/Propuestas-de-Formacion-Docente-Inicial.jpg\" alt=\"\" class=\"wp-image-12109\" srcset=\"https:\/\/ensvillaguay-ers.infd.edu.ar\/sitio\/wp-content\/uploads\/2026\/01\/Propuestas-de-Formacion-Docente-Inicial.jpg 1893w, https:\/\/ensvillaguay-ers.infd.edu.ar\/sitio\/wp-content\/uploads\/2026\/01\/Propuestas-de-Formacion-Docente-Inicial-1000x466.jpg 1000w, https:\/\/ensvillaguay-ers.infd.edu.ar\/sitio\/wp-content\/uploads\/2026\/01\/Propuestas-de-Formacion-Docente-Inicial-768x358.jpg 768w, https:\/\/ensvillaguay-ers.infd.edu.ar\/sitio\/wp-content\/uploads\/2026\/01\/Propuestas-de-Formacion-Docente-Inicial-1536x716.jpg 1536w\" sizes=\"(max-width: 1893px) 100vw, 1893px\" \/><\/figure>\n\n\n\n<p>La Escuela Normal Superior Martiniano Leguizam\u00f3n de la ciudad de Villaguay, provincia de Entre R\u00edos, es una unidad acad\u00e9mica, que cuenta con los cuatro niveles educativos: Inicial, Primario, Secundario y Superior.&nbsp; En cuanto a su historia institucional, fue la primera escuela de ense\u00f1anza media de la ciudad, creada en el a\u00f1o 1933. Siendo anexo del Colegio Nacional Luis Clavarino de la ciudad de Gualeguaych\u00fa; para posteriormente en el a\u00f1o 1936 constituirse en un nuevo Colegio Nacional. En 1982, tras 49 a\u00f1os de crecimiento y expansi\u00f3n, fue denominada como Escuela Normal.<\/p>\n\n\n\n<p>El Proyecto Dispositivo Pedag\u00f3gico de Memoria y Patrimonio Escolar \u00abFrancisco Podest\u00e1\u00bb, es una de las propuestas seleccionadas a nivel nacional en el marco de la Convocatoria Proyectos de la Comunidad 2024 por los programas Cooperaci\u00f3n y descentralizaci\u00f3n y Educaci\u00f3n y Derechos Humanos de Wikimedia Argentina. Estos programas buscan fomentar la participaci\u00f3n de la comunidad en la creaci\u00f3n, edici\u00f3n y difusi\u00f3n de contenidos en los proyectos Wikimedia, como Wikipedia, Wikidata y Wikimedia Commons, entre otros.<\/p>\n\n\n\n<p>El proyecto de la Escuela Normal Superior Martiniano Leguizam\u00f3n, se inscribe en la l\u00ednea estrat\u00e9gica de Cultura local y descolonizaci\u00f3n de Internet, que comprende propuestas que buscan visibilizar la cultura local, recuperando las tradiciones y procesos hist\u00f3ricos locales, a fin de reducir la brecha de representaci\u00f3n y participaci\u00f3n de Argentina en los proyectos Wikimedia.<\/p>\n\n\n\n<p>Desde este marco, el proyecto se propuso en esta primera etapa, por un lado, organizar, conservar y dar acceso a la documentaci\u00f3n hist\u00f3rica del archivo escolar, a partir de su digitalizaci\u00f3n y clasificaci\u00f3n de fuentes en t\u00e9rminos archiv\u00edsticos, en relaci\u00f3n a distintas series y sub-series documentales, tales como normativa nacional y\/o provincial, documentos institucionales, &nbsp;actividades educativas y respecto de los sujetos que formaron parte de la vida escolar a trav\u00e9s de los legajos del personal docente, no docente y de estudiantes. Con el objetivo de poner en valor cultural la identidad escolar, la historia de la Educaci\u00f3n Argentina y el reconocimiento pedag\u00f3gico did\u00e1ctico del trabajo con archivos y fuentes (primarias y secundarias), como patrimonio documental para la memoria colectiva.&nbsp;<\/p>\n\n\n\n<figure class=\"wp-block-table is-style-stripes\"><table><tbody><tr><td class=\"has-text-align-center\" data-align=\"center\"><strong>Dispositivo Pedag\u00f3gico de Memoria y Patrimonio Escolar <em>\u00abFrancisco Podest\u00e1\u00bb<\/em><\/strong><\/td><td class=\"has-text-align-center\" data-align=\"center\"><img decoding=\"async\" style=\"width: 50px;\" src=\"https:\/\/ensvillaguay-ers.infd.edu.ar\/sitio\/wp-content\/uploads\/2024\/11\/Logo.jpeg\" alt=\"\"><br><strong><a href=\"https:\/\/sites.google.com\/view\/dispositivo-pedagogico-ensml\" data-type=\"URL\" data-id=\"https:\/\/sites.google.com\/view\/dispositivo-pedagogico-ensml\" target=\"_blank\" rel=\"noreferrer noopener\">Ingresar<\/a><\/strong><\/td><\/tr><tr><td class=\"has-text-align-center\" data-align=\"center\"><img decoding=\"async\" loading=\"lazy\" width=\"1414\" height=\"2000\" class=\"wp-image-12110\" style=\"width: 150px;\" src=\"https:\/\/ensvillaguay-ers.infd.edu.ar\/sitio\/wp-content\/uploads\/2026\/01\/Copia-de-Post-para-Instagram-Curso-online-de-idiomas-Moderno-Gris-A4.jpg\" alt=\"\" srcset=\"https:\/\/ensvillaguay-ers.infd.edu.ar\/sitio\/wp-content\/uploads\/2026\/01\/Copia-de-Post-para-Instagram-Curso-online-de-idiomas-Moderno-Gris-A4.jpg 1414w, https:\/\/ensvillaguay-ers.infd.edu.ar\/sitio\/wp-content\/uploads\/2026\/01\/Copia-de-Post-para-Instagram-Curso-online-de-idiomas-Moderno-Gris-A4-707x1000.jpg 707w, https:\/\/ensvillaguay-ers.infd.edu.ar\/sitio\/wp-content\/uploads\/2026\/01\/Copia-de-Post-para-Instagram-Curso-online-de-idiomas-Moderno-Gris-A4-1343x1900.jpg 1343w, https:\/\/ensvillaguay-ers.infd.edu.ar\/sitio\/wp-content\/uploads\/2026\/01\/Copia-de-Post-para-Instagram-Curso-online-de-idiomas-Moderno-Gris-A4-768x1086.jpg 768w, https:\/\/ensvillaguay-ers.infd.edu.ar\/sitio\/wp-content\/uploads\/2026\/01\/Copia-de-Post-para-Instagram-Curso-online-de-idiomas-Moderno-Gris-A4-1086x1536.jpg 1086w\" sizes=\"(max-width: 1414px) 100vw, 1414px\" \/><br><strong>Reglamento y protocolo de uso<\/strong><\/td><td class=\"has-text-align-center\" data-align=\"center\"><img decoding=\"async\" style=\"width: 50px;\" src=\"https:\/\/ensvillaguay-ers.infd.edu.ar\/sitio\/wp-content\/uploads\/2024\/11\/Logo.jpeg\" alt=\"\"><br><strong><a href=\"https:\/\/drive.google.com\/file\/d\/1ksNL1x9sN2NDF8NE__mlHoUcg76zrRRe\/view?usp=sharing\" data-type=\"URL\" data-id=\"https:\/\/drive.google.com\/file\/d\/1ksNL1x9sN2NDF8NE__mlHoUcg76zrRRe\/view?usp=sharing\" target=\"_blank\" rel=\"noreferrer noopener\">Descargar<\/a><\/strong><\/td><\/tr><\/tbody><\/table><\/figure>\n","protected":false},"excerpt":{"rendered":"<p>La Escuela Normal Superior Martiniano Leguizam\u00f3n de la ciudad de Villaguay, provincia de Entre R\u00edos, es una unidad acad\u00e9mica, que cuenta con los cuatro niveles educativos: Inicial, Primario, Secundario y Superior.&nbsp; En cuanto a su historia institucional, fue la primera escuela de ense\u00f1anza media de la ciudad, creada en el a\u00f1o 1933. Siendo anexo del &#8230; <a title=\"Dispositivo Pedag\u00f3gico de Memoria y Patrimonio Escolar \u00abFrancisco Podest\u00e1\u00bb\" class=\"read-more\" href=\"https:\/\/ensvillaguay-ers.infd.edu.ar\/sitio\/dispositivo-pedagogico-de-memoria-y-patrimonio-escolar\/\" aria-label=\"More on Dispositivo Pedag\u00f3gico de Memoria y Patrimonio Escolar \u00abFrancisco Podest\u00e1\u00bb\">[+]<\/a><\/p>\n","protected":false},"author":1427,"featured_media":0,"parent":0,"menu_order":0,"comment_status":"closed","ping_status":"closed","template":"","meta":[],"acf":[],"_links":{"self":[{"href":"https:\/\/ensvillaguay-ers.infd.edu.ar\/sitio\/wp-json\/wp\/v2\/pages\/11136"}],"collection":[{"href":"https:\/\/ensvillaguay-ers.infd.edu.ar\/sitio\/wp-json\/wp\/v2\/pages"}],"about":[{"href":"https:\/\/ensvillaguay-ers.infd.edu.ar\/sitio\/wp-json\/wp\/v2\/types\/page"}],"author":[{"embeddable":true,"href":"https:\/\/ensvillaguay-ers.infd.edu.ar\/sitio\/wp-json\/wp\/v2\/users\/1427"}],"replies":[{"embeddable":true,"href":"https:\/\/ensvillaguay-ers.infd.edu.ar\/sitio\/wp-json\/wp\/v2\/comments?post=11136"}],"version-history":[{"count":12,"href":"https:\/\/ensvillaguay-ers.infd.edu.ar\/sitio\/wp-json\/wp\/v2\/pages\/11136\/revisions"}],"predecessor-version":[{"id":12114,"href":"https:\/\/ensvillaguay-ers.infd.edu.ar\/sitio\/wp-json\/wp\/v2\/pages\/11136\/revisions\/12114"}],"wp:attachment":[{"href":"https:\/\/ensvillaguay-ers.infd.edu.ar\/sitio\/wp-json\/wp\/v2\/media?parent=11136"}],"curies":[{"name":"wp","href":"https:\/\/api.w.org\/{rel}","templated":true}]}}