{"id":11224,"date":"2024-11-19T20:33:09","date_gmt":"2024-11-19T23:33:09","guid":{"rendered":"https:\/\/ensvillaguay-ers.infd.edu.ar\/sitio\/?page_id=11224"},"modified":"2025-05-21T16:07:20","modified_gmt":"2025-05-21T19:07:20","slug":"integracion-articulacion-curricular-del-proceso-formativo","status":"publish","type":"page","link":"https:\/\/ensvillaguay-ers.infd.edu.ar\/sitio\/integracion-articulacion-curricular-del-proceso-formativo\/","title":{"rendered":"Integraci\u00f3n-articulaci\u00f3n curricular del proceso formativo"},"content":{"rendered":"\n<figure class=\"wp-block-image size-large\"><img decoding=\"async\" loading=\"lazy\" width=\"1900\" height=\"904\" src=\"https:\/\/ensvillaguay-ers.infd.edu.ar\/sitio\/wp-content\/uploads\/2024\/11\/Propuestas-de-Formacion-Docente-Inicial-1-1900x904.jpg\" alt=\"\" class=\"wp-image-11225\" srcset=\"https:\/\/ensvillaguay-ers.infd.edu.ar\/sitio\/wp-content\/uploads\/2024\/11\/Propuestas-de-Formacion-Docente-Inicial-1-1900x904.jpg 1900w, https:\/\/ensvillaguay-ers.infd.edu.ar\/sitio\/wp-content\/uploads\/2024\/11\/Propuestas-de-Formacion-Docente-Inicial-1-1000x476.jpg 1000w, https:\/\/ensvillaguay-ers.infd.edu.ar\/sitio\/wp-content\/uploads\/2024\/11\/Propuestas-de-Formacion-Docente-Inicial-1-768x365.jpg 768w, https:\/\/ensvillaguay-ers.infd.edu.ar\/sitio\/wp-content\/uploads\/2024\/11\/Propuestas-de-Formacion-Docente-Inicial-1-1536x731.jpg 1536w, https:\/\/ensvillaguay-ers.infd.edu.ar\/sitio\/wp-content\/uploads\/2024\/11\/Propuestas-de-Formacion-Docente-Inicial-1.jpg 1919w\" sizes=\"(max-width: 1900px) 100vw, 1900px\" \/><\/figure>\n\n\n\n<p>En el marco de lo establecido en la Resoluci\u00f3n n.\u00b0 4789\/15 CGE, la Formaci\u00f3n Docente Inicial, comprende el desarrollo de acciones que garantizan en los estudiantes, una formaci\u00f3n b\u00e1sica com\u00fan, centrada en los fundamentos de la profesi\u00f3n docente, el conocimiento y reflexi\u00f3n sobre la realidad educativa, en el marco de una formaci\u00f3n especializada para la ense\u00f1anza de los contenidos curriculares de cada nivel y modalidad.<br>En esta l\u00ednea, destacamos dos procesos que venimos transitando institucionalmente, por un lado, en el plano de lo estrictamente curricular, sobre la base de las especificaciones de los Dise\u00f1os Curriculares provinciales y las definiciones del R\u00e9gimen Acad\u00e9mico Marco respecto de la modalidad combinada en la virtualizaci\u00f3n de unidades curriculares. Por otro lado, un conjunto de acciones que, desde las definiciones en este plano, constituyen espacios formativos que se han venido configurando desde el trabajo articulado de equipos interc\u00e1tedras.<\/p>\n\n\n\n<figure class=\"wp-block-table is-style-stripes\"><table><tbody><tr><td class=\"has-text-align-center\" data-align=\"center\"><strong>Integraci\u00f3n-articulaci\u00f3n curricular del proceso formativo<br>Documento Marco<\/strong><br><br><img decoding=\"async\" loading=\"lazy\" width=\"1414\" height=\"2000\" class=\"wp-image-11228\" style=\"width: 100px;\" src=\"https:\/\/ensvillaguay-ers.infd.edu.ar\/sitio\/wp-content\/uploads\/2024\/11\/Yellow-Minimalist-Business-Business-Marketing-Proposal.png\" alt=\"\" srcset=\"https:\/\/ensvillaguay-ers.infd.edu.ar\/sitio\/wp-content\/uploads\/2024\/11\/Yellow-Minimalist-Business-Business-Marketing-Proposal.png 1414w, https:\/\/ensvillaguay-ers.infd.edu.ar\/sitio\/wp-content\/uploads\/2024\/11\/Yellow-Minimalist-Business-Business-Marketing-Proposal-707x1000.png 707w, https:\/\/ensvillaguay-ers.infd.edu.ar\/sitio\/wp-content\/uploads\/2024\/11\/Yellow-Minimalist-Business-Business-Marketing-Proposal-1343x1900.png 1343w, https:\/\/ensvillaguay-ers.infd.edu.ar\/sitio\/wp-content\/uploads\/2024\/11\/Yellow-Minimalist-Business-Business-Marketing-Proposal-768x1086.png 768w, https:\/\/ensvillaguay-ers.infd.edu.ar\/sitio\/wp-content\/uploads\/2024\/11\/Yellow-Minimalist-Business-Business-Marketing-Proposal-1086x1536.png 1086w\" sizes=\"(max-width: 1414px) 100vw, 1414px\" \/><\/td><td class=\"has-text-align-center\" data-align=\"center\"><strong><a href=\"https:\/\/drive.google.com\/file\/d\/1kA0JoH6qelhINripEbsllH8Y5V39ktJD\/view?usp=sharing\" data-type=\"URL\" data-id=\"https:\/\/drive.google.com\/file\/d\/1kA0JoH6qelhINripEbsllH8Y5V39ktJD\/view?usp=sharing\" target=\"_blank\" rel=\"noreferrer noopener\">Descargar<\/a><\/strong><br><img decoding=\"async\" loading=\"lazy\" width=\"32\" height=\"32\" class=\"wp-image-11226\" style=\"width: 32px;\" src=\"https:\/\/ensvillaguay-ers.infd.edu.ar\/sitio\/wp-content\/uploads\/2024\/11\/tocar.png\" alt=\"\"><\/td><\/tr><\/tbody><\/table><\/figure>\n","protected":false},"excerpt":{"rendered":"<p>En el marco de lo establecido en la Resoluci\u00f3n n.\u00b0 4789\/15 CGE, la Formaci\u00f3n Docente Inicial, comprende el desarrollo de acciones que garantizan en los estudiantes, una formaci\u00f3n b\u00e1sica com\u00fan, centrada en los fundamentos de la profesi\u00f3n docente, el conocimiento y reflexi\u00f3n sobre la realidad educativa, en el marco de una formaci\u00f3n especializada para la &#8230; <a title=\"Integraci\u00f3n-articulaci\u00f3n curricular del proceso formativo\" class=\"read-more\" href=\"https:\/\/ensvillaguay-ers.infd.edu.ar\/sitio\/integracion-articulacion-curricular-del-proceso-formativo\/\" aria-label=\"More on Integraci\u00f3n-articulaci\u00f3n curricular del proceso formativo\">[+]<\/a><\/p>\n","protected":false},"author":1427,"featured_media":0,"parent":0,"menu_order":0,"comment_status":"closed","ping_status":"closed","template":"","meta":[],"acf":[],"_links":{"self":[{"href":"https:\/\/ensvillaguay-ers.infd.edu.ar\/sitio\/wp-json\/wp\/v2\/pages\/11224"}],"collection":[{"href":"https:\/\/ensvillaguay-ers.infd.edu.ar\/sitio\/wp-json\/wp\/v2\/pages"}],"about":[{"href":"https:\/\/ensvillaguay-ers.infd.edu.ar\/sitio\/wp-json\/wp\/v2\/types\/page"}],"author":[{"embeddable":true,"href":"https:\/\/ensvillaguay-ers.infd.edu.ar\/sitio\/wp-json\/wp\/v2\/users\/1427"}],"replies":[{"embeddable":true,"href":"https:\/\/ensvillaguay-ers.infd.edu.ar\/sitio\/wp-json\/wp\/v2\/comments?post=11224"}],"version-history":[{"count":4,"href":"https:\/\/ensvillaguay-ers.infd.edu.ar\/sitio\/wp-json\/wp\/v2\/pages\/11224\/revisions"}],"predecessor-version":[{"id":11612,"href":"https:\/\/ensvillaguay-ers.infd.edu.ar\/sitio\/wp-json\/wp\/v2\/pages\/11224\/revisions\/11612"}],"wp:attachment":[{"href":"https:\/\/ensvillaguay-ers.infd.edu.ar\/sitio\/wp-json\/wp\/v2\/media?parent=11224"}],"curies":[{"name":"wp","href":"https:\/\/api.w.org\/{rel}","templated":true}]}}