{"id":11332,"date":"2025-02-11T12:13:11","date_gmt":"2025-02-11T15:13:11","guid":{"rendered":"https:\/\/ensvillaguay-ers.infd.edu.ar\/sitio\/?page_id=11332"},"modified":"2026-02-05T18:31:42","modified_gmt":"2026-02-05T21:31:42","slug":"tecnicatura-superior-en-seguridad-higiene-y-ambiente-en-el-trabajo","status":"publish","type":"page","link":"https:\/\/ensvillaguay-ers.infd.edu.ar\/sitio\/tecnicatura-superior-en-seguridad-higiene-y-ambiente-en-el-trabajo\/","title":{"rendered":"Tecnicatura Superior en Seguridad, Higiene y Ambiente en el Trabajo"},"content":{"rendered":"<h4 style=\"text-align: left;\"><strong>T\u00edtulo que otorga<\/strong>: <em>T\u00e9cnico Superior en Seguridad, Higiene y Ambiente en el Trabajo<\/em><\/h4>\n\n\n<hr class=\"wp-block-separator has-alpha-channel-opacity\"\/>\n\n\n\n<div class=\"wp-block-columns is-layout-flex wp-container-5\">\n<div class=\"wp-block-column is-layout-flow\" style=\"flex-basis:100%\">\n<div class=\"wp-block-columns alignwide are-vertically-aligned-top is-layout-flex wp-container-3\">\n<div class=\"wp-block-column is-layout-flow\" style=\"flex-basis:47%\">\n<figure class=\"wp-block-image is-resized\"><img decoding=\"async\" loading=\"lazy\" src=\"https:\/\/ensvillaguay-ers.infd.edu.ar\/sitio\/wp-content\/uploads\/2025\/02\/WhatsApp-Image-2025-02-10-at-15.19.53-2.jpeg\" alt=\"\" class=\"wp-image-11334\" width=\"462\" height=\"654\"\/><\/figure>\n<\/div>\n\n\n\n<div class=\"wp-block-column is-layout-flow\" style=\"flex-basis:53%\">\n<figure class=\"wp-block-table is-style-stripes\"><table><tbody><tr><td><strong>Sector de la Actividad Socio Productiva: <\/strong><em>Seguridad, Ambiente e Higiene<\/em><\/td><\/tr><tr><td><strong>Campo Profesional<\/strong><br><strong>Perfil Profesional<\/strong>: El ambiente en que se desarrolla el trabajo, la aplicaci\u00f3n de nuevas t\u00e9cnicas de trabajo, el empleo de nuevos equipos; las relaciones interpersonales, el impacto ambiental de las actividades laborales, la aplicaci\u00f3n de normas legales, administraci\u00f3n y capacitaci\u00f3n laboral, estimaci\u00f3n de costos y registros estad\u00edsticos.<\/td><\/tr><tr><td><strong>Campos de Formaci\u00f3n:<\/strong><br><strong>Campo de la Formaci\u00f3n General: <\/strong>Psicosociolog\u00eda Laboral, Comunicaci\u00f3n Organizacional, Derechos Humanos y \u00c9tica.<br><strong>Campo de la Formaci\u00f3n de Fundamento: <\/strong>F\u00edsica, Qu\u00edmica General y Org\u00e1nica, Sistema de Representaci\u00f3n, entre otras.<br><strong>Campo de la Formaci\u00f3n Espec\u00edfica: <\/strong>Seguridad I, Salud Ocupacional, Derecho del Trabajo, Higiene del Trabajo y Ambiente, Estad\u00edstica y costos de la Seguridad, entre otras.&nbsp; <br><strong>Campo de Pr\u00e1ctica Profesionalizante: <\/strong>Pr\u00e1ctica Profesionalizante I, II y III.<\/td><\/tr><tr><td><strong>Duraci\u00f3n 3 a\u00f1os<\/strong><\/td><\/tr><tr><td><a rel=\"noreferrer noopener\" href=\"https:\/\/drive.google.com\/file\/d\/1kc-uMCEwqGkrFDmPVJRYGa5zvE-QK_Vt\/view\" data-type=\"URL\" data-id=\"https:\/\/drive.google.com\/file\/d\/1kc-uMCEwqGkrFDmPVJRYGa5zvE-QK_Vt\/view\" target=\"_blank\"><strong>Plan de Estudio<\/strong><\/a><\/td><\/tr><tr><td><strong><a rel=\"noreferrer noopener\" href=\"https:\/\/drive.google.com\/file\/d\/1utx1IzV072q3XFet08fiiHn5717Y7kXS\/view?usp=sharing\" target=\"_blank\">Resoluci\u00f3n n\u00b0 0220\/15 CGE<\/a><\/strong>, <a rel=\"noreferrer noopener\" href=\"https:\/\/drive.google.com\/file\/d\/19PBzDdv8UfJuLjtwj4NBzx7KaxDyah2r\/view\" data-type=\"URL\" data-id=\"https:\/\/drive.google.com\/file\/d\/19PBzDdv8UfJuLjtwj4NBzx7KaxDyah2r\/view\" target=\"_blank\"><strong>Resoluci\u00f3n n\u00b0 1856\/24 CGE Modificatoria del R\u00e9gimen de correlatividades<\/strong><\/a><\/td><\/tr><\/tbody><\/table><\/figure>\n<\/div>\n<\/div>\n\n\n\n<figure class=\"wp-block-table is-style-stripes\"><table><tbody><tr><td><strong>Perfil del Egresado<\/strong>: El T\u00e9cnico Superior en Seguriad, Higiene y Ambiente en el Trabajo es un profesional capacitado, dentro del marco de la estricta observancia de la legislaci\u00f3n vigente para:<br>&#8211; Realizar el planeamiento de la Seguridad e Higiene en el Trabajo.<br>&#8211;\u00a0Preservar las condiciones de salubridad del ambiente, sea el espec\u00edficamente denominado entorno laboral como el general.<br>&#8211;\u00a0Intervenir en el dise\u00f1o de la organizaci\u00f3n industrial, de la seguridad e higiene y en el cuidado del ambiente.<br>&#8211;\u00a0Coordinar metodolog\u00edas aplicadas al trabajo y adaptadas a la real posibilidad del hombre.<br>&#8211;\u00a0Aplicar normativas legales en materia de Seguridad, Higiene en el Trabajo, como tambi\u00e9n en lo concerniente al cuidado del ambiente.<br>&#8211;\u00a0Administrar y capacitar al personal.<br>&#8211;\u00a0Conocer el funcionamiento y aplicaci\u00f3n de materiales, equipos e instalaciones.<br>&#8211;\u00a0Aplicar t\u00e9cnicas de costeo y registros estad\u00edsticos.<\/td><\/tr><tr><td><strong>\u00c1rea Ocupacional<\/strong>: Construcci\u00f3n, \u00a0Metal\u00fargicas, Papeleras, Alimenticias, Madereras, Comerciales, Servicios de transporte, de recreaci\u00f3n, salud, educaci\u00f3n entre otras.<\/td><\/tr><tr><td><strong>Podr\u00e1 desarrollarse<\/strong>: Como asesor externo. Formando parte de organismos p\u00fablicos en \u00e1rea vinculadas al Servicio de Seguridad e Higiene Laboral, o de Compa\u00f1\u00edas Aseguradoras de Riesgo de Trabajo.<\/td><\/tr><\/tbody><\/table><\/figure>\n<\/div>\n<\/div>\n","protected":false},"excerpt":{"rendered":"<p>T\u00edtulo que otorga: T\u00e9cnico Superior en Seguridad, Higiene y Ambiente en el Trabajo Sector de la Actividad Socio Productiva: Seguridad, Ambiente e Higiene Campo ProfesionalPerfil Profesional: El ambiente en que se desarrolla el trabajo, la aplicaci\u00f3n de nuevas t\u00e9cnicas de trabajo, el empleo de nuevos equipos; las relaciones interpersonales, el impacto ambiental de las actividades &#8230; <a title=\"Tecnicatura Superior en Seguridad, Higiene y Ambiente en el Trabajo\" class=\"read-more\" href=\"https:\/\/ensvillaguay-ers.infd.edu.ar\/sitio\/tecnicatura-superior-en-seguridad-higiene-y-ambiente-en-el-trabajo\/\" aria-label=\"More on Tecnicatura Superior en Seguridad, Higiene y Ambiente en el Trabajo\">[+]<\/a><\/p>\n","protected":false},"author":1427,"featured_media":0,"parent":0,"menu_order":0,"comment_status":"closed","ping_status":"closed","template":"","meta":[],"acf":[],"_links":{"self":[{"href":"https:\/\/ensvillaguay-ers.infd.edu.ar\/sitio\/wp-json\/wp\/v2\/pages\/11332"}],"collection":[{"href":"https:\/\/ensvillaguay-ers.infd.edu.ar\/sitio\/wp-json\/wp\/v2\/pages"}],"about":[{"href":"https:\/\/ensvillaguay-ers.infd.edu.ar\/sitio\/wp-json\/wp\/v2\/types\/page"}],"author":[{"embeddable":true,"href":"https:\/\/ensvillaguay-ers.infd.edu.ar\/sitio\/wp-json\/wp\/v2\/users\/1427"}],"replies":[{"embeddable":true,"href":"https:\/\/ensvillaguay-ers.infd.edu.ar\/sitio\/wp-json\/wp\/v2\/comments?post=11332"}],"version-history":[{"count":3,"href":"https:\/\/ensvillaguay-ers.infd.edu.ar\/sitio\/wp-json\/wp\/v2\/pages\/11332\/revisions"}],"predecessor-version":[{"id":12134,"href":"https:\/\/ensvillaguay-ers.infd.edu.ar\/sitio\/wp-json\/wp\/v2\/pages\/11332\/revisions\/12134"}],"wp:attachment":[{"href":"https:\/\/ensvillaguay-ers.infd.edu.ar\/sitio\/wp-json\/wp\/v2\/media?parent=11332"}],"curies":[{"name":"wp","href":"https:\/\/api.w.org\/{rel}","templated":true}]}}