{"id":11422,"date":"2025-03-30T21:14:49","date_gmt":"2025-03-31T00:14:49","guid":{"rendered":"https:\/\/ensvillaguay-ers.infd.edu.ar\/sitio\/?page_id=11422"},"modified":"2025-03-30T21:32:59","modified_gmt":"2025-03-31T00:32:59","slug":"cursos-de-formacion-virtual-autoasistidos-para-el-nivel-secundario","status":"publish","type":"page","link":"https:\/\/ensvillaguay-ers.infd.edu.ar\/sitio\/cursos-de-formacion-virtual-autoasistidos-para-el-nivel-secundario\/","title":{"rendered":"Cursos de Formaci\u00f3n Virtual Autoasistidos para el Nivel Secundario"},"content":{"rendered":"\n<figure class=\"wp-block-image size-full\"><img decoding=\"async\" loading=\"lazy\" width=\"1889\" height=\"845\" src=\"https:\/\/ensvillaguay-ers.infd.edu.ar\/sitio\/wp-content\/uploads\/2025\/03\/CANS.jpg\" alt=\"\" class=\"wp-image-11430\" srcset=\"https:\/\/ensvillaguay-ers.infd.edu.ar\/sitio\/wp-content\/uploads\/2025\/03\/CANS.jpg 1889w, https:\/\/ensvillaguay-ers.infd.edu.ar\/sitio\/wp-content\/uploads\/2025\/03\/CANS-1000x447.jpg 1000w, https:\/\/ensvillaguay-ers.infd.edu.ar\/sitio\/wp-content\/uploads\/2025\/03\/CANS-768x344.jpg 768w, https:\/\/ensvillaguay-ers.infd.edu.ar\/sitio\/wp-content\/uploads\/2025\/03\/CANS-1536x687.jpg 1536w\" sizes=\"(max-width: 1889px) 100vw, 1889px\" \/><\/figure>\n\n\n\n<p>Les presentamos los cursos virtuales de modalidad autoasistida para el Nivel Secundario, los cuales incluye material bibliogr\u00e1fico y actividades que podr\u00e1n realizarse en la plataforma. Los mismos tienen como prop\u00f3sito el autoaprendizaje a trav\u00e9s de consignas guiadas a partir de la lectura de cada clase. La realizaci\u00f3n de las actividades y evaluaciones, habilitar\u00e1 continuar con la siguiente clase. Al finalizar el trayecto, cada estudiante podr\u00e1 descargar la certificaci\u00f3n de la aprobaci\u00f3n del cursado.<\/p>\n\n\n<h4 style=\"text-align: center;\"><strong><span style=\"color: #ff6600;\">Propuesta Formativa<\/span><\/strong><\/h4>\n\n\n<figure class=\"wp-block-table is-style-stripes\"><table><tbody><tr><td class=\"has-text-align-center\" data-align=\"center\"><img decoding=\"async\" loading=\"lazy\" width=\"1280\" height=\"720\" class=\"wp-image-11423\" style=\"width: 200px;\" src=\"https:\/\/ensvillaguay-ers.infd.edu.ar\/sitio\/wp-content\/uploads\/2025\/03\/1.png\" alt=\"\" srcset=\"https:\/\/ensvillaguay-ers.infd.edu.ar\/sitio\/wp-content\/uploads\/2025\/03\/1.png 1280w, https:\/\/ensvillaguay-ers.infd.edu.ar\/sitio\/wp-content\/uploads\/2025\/03\/1-1000x563.png 1000w, https:\/\/ensvillaguay-ers.infd.edu.ar\/sitio\/wp-content\/uploads\/2025\/03\/1-768x432.png 768w\" sizes=\"(max-width: 1280px) 100vw, 1280px\" \/><br><strong><a href=\"https:\/\/ensvillaguay-ers.infd.edu.ar\/aula\/catalogo.cgi?wAccion=oferta_view&amp;oferta_id=16\" data-type=\"URL\" data-id=\"https:\/\/ensvillaguay-ers.infd.edu.ar\/aula\/catalogo.cgi?wAccion=oferta_view&amp;oferta_id=16\" target=\"_blank\" rel=\"noreferrer noopener\">Taller de Lectura y Escritura para estudiar <\/a><\/strong><br><strong><a href=\"https:\/\/ensvillaguay-ers.infd.edu.ar\/aula\/catalogo.cgi?wAccion=oferta_view&amp;oferta_id=16\" data-type=\"URL\" data-id=\"https:\/\/ensvillaguay-ers.infd.edu.ar\/aula\/catalogo.cgi?wAccion=oferta_view&amp;oferta_id=16\" target=\"_blank\" rel=\"noreferrer noopener\">para el Nivel Secundario<\/a><\/strong><\/td><td class=\"has-text-align-center\" data-align=\"center\"><img decoding=\"async\" loading=\"lazy\" width=\"490\" height=\"270\" class=\"wp-image-11424\" style=\"width: 200px;\" src=\"https:\/\/ensvillaguay-ers.infd.edu.ar\/sitio\/wp-content\/uploads\/2025\/03\/img_listado-3.jpeg\" alt=\"\"><br><strong><a rel=\"noreferrer noopener\" href=\"https:\/\/ensvillaguay-ers.infd.edu.ar\/aula\/catalogo.cgi?wAccion=oferta_view&amp;oferta_id=15\" data-type=\"URL\" data-id=\"https:\/\/ensvillaguay-ers.infd.edu.ar\/aula\/catalogo.cgi?wAccion=oferta_view&amp;oferta_id=15\" target=\"_blank\">Microsoft Office 2016 Word Avanzado <\/a><\/strong><br><strong><a rel=\"noreferrer noopener\" href=\"https:\/\/ensvillaguay-ers.infd.edu.ar\/aula\/catalogo.cgi?wAccion=oferta_view&amp;oferta_id=15\" data-type=\"URL\" data-id=\"https:\/\/ensvillaguay-ers.infd.edu.ar\/aula\/catalogo.cgi?wAccion=oferta_view&amp;oferta_id=15\" target=\"_blank\">para Nivel Secundario <\/a><\/strong><\/td><\/tr><\/tbody><\/table><\/figure>\n","protected":false},"excerpt":{"rendered":"<p>Les presentamos los cursos virtuales de modalidad autoasistida para el Nivel Secundario, los cuales incluye material bibliogr\u00e1fico y actividades que podr\u00e1n realizarse en la plataforma. Los mismos tienen como prop\u00f3sito el autoaprendizaje a trav\u00e9s de consignas guiadas a partir de la lectura de cada clase. La realizaci\u00f3n de las actividades y evaluaciones, habilitar\u00e1 continuar con &#8230; <a title=\"Cursos de Formaci\u00f3n Virtual Autoasistidos para el Nivel Secundario\" class=\"read-more\" href=\"https:\/\/ensvillaguay-ers.infd.edu.ar\/sitio\/cursos-de-formacion-virtual-autoasistidos-para-el-nivel-secundario\/\" aria-label=\"More on Cursos de Formaci\u00f3n Virtual Autoasistidos para el Nivel Secundario\">[+]<\/a><\/p>\n","protected":false},"author":1427,"featured_media":0,"parent":0,"menu_order":0,"comment_status":"closed","ping_status":"closed","template":"","meta":[],"acf":[],"_links":{"self":[{"href":"https:\/\/ensvillaguay-ers.infd.edu.ar\/sitio\/wp-json\/wp\/v2\/pages\/11422"}],"collection":[{"href":"https:\/\/ensvillaguay-ers.infd.edu.ar\/sitio\/wp-json\/wp\/v2\/pages"}],"about":[{"href":"https:\/\/ensvillaguay-ers.infd.edu.ar\/sitio\/wp-json\/wp\/v2\/types\/page"}],"author":[{"embeddable":true,"href":"https:\/\/ensvillaguay-ers.infd.edu.ar\/sitio\/wp-json\/wp\/v2\/users\/1427"}],"replies":[{"embeddable":true,"href":"https:\/\/ensvillaguay-ers.infd.edu.ar\/sitio\/wp-json\/wp\/v2\/comments?post=11422"}],"version-history":[{"count":3,"href":"https:\/\/ensvillaguay-ers.infd.edu.ar\/sitio\/wp-json\/wp\/v2\/pages\/11422\/revisions"}],"predecessor-version":[{"id":11431,"href":"https:\/\/ensvillaguay-ers.infd.edu.ar\/sitio\/wp-json\/wp\/v2\/pages\/11422\/revisions\/11431"}],"wp:attachment":[{"href":"https:\/\/ensvillaguay-ers.infd.edu.ar\/sitio\/wp-json\/wp\/v2\/media?parent=11422"}],"curies":[{"name":"wp","href":"https:\/\/api.w.org\/{rel}","templated":true}]}}