{"id":11477,"date":"2025-04-29T12:41:21","date_gmt":"2025-04-29T15:41:21","guid":{"rendered":"https:\/\/ensvillaguay-ers.infd.edu.ar\/sitio\/?page_id=11477"},"modified":"2025-05-04T13:50:26","modified_gmt":"2025-05-04T16:50:26","slug":"editorial-escuela-normal-superior-martiniano-leguizamon","status":"publish","type":"page","link":"https:\/\/ensvillaguay-ers.infd.edu.ar\/sitio\/editorial-escuela-normal-superior-martiniano-leguizamon\/","title":{"rendered":"Editorial Escuela Normal Superior Martiniano Leguizam\u00f3n"},"content":{"rendered":"\n<figure class=\"wp-block-image size-large\"><img decoding=\"async\" loading=\"lazy\" width=\"1900\" height=\"285\" src=\"https:\/\/ensvillaguay-ers.infd.edu.ar\/sitio\/wp-content\/uploads\/2025\/04\/ENCABEZADOS-1-1900x285.png\" alt=\"\" class=\"wp-image-11479\" srcset=\"https:\/\/ensvillaguay-ers.infd.edu.ar\/sitio\/wp-content\/uploads\/2025\/04\/ENCABEZADOS-1-1900x285.png 1900w, https:\/\/ensvillaguay-ers.infd.edu.ar\/sitio\/wp-content\/uploads\/2025\/04\/ENCABEZADOS-1-1000x150.png 1000w, https:\/\/ensvillaguay-ers.infd.edu.ar\/sitio\/wp-content\/uploads\/2025\/04\/ENCABEZADOS-1-768x115.png 768w, https:\/\/ensvillaguay-ers.infd.edu.ar\/sitio\/wp-content\/uploads\/2025\/04\/ENCABEZADOS-1-1536x230.png 1536w, https:\/\/ensvillaguay-ers.infd.edu.ar\/sitio\/wp-content\/uploads\/2025\/04\/ENCABEZADOS-1.png 2000w\" sizes=\"(max-width: 1900px) 100vw, 1900px\" \/><\/figure>\n\n\n\n<p> La Escuela Normal Superior Martiniano Leguizam\u00f3n es una instituci\u00f3n de Educaci\u00f3n Superior dependiente del Consejo General de Educaci\u00f3n de la provincia de Entre R\u00edos, cuya misi\u00f3n se orienta a la formaci\u00f3n inicial y continua de docentes para los distintos niveles y modalidades, en di\u00e1logo con las necesidades de las instituciones educativas y los colectivos docentes del territorio inmediato y mediato.<\/p>\n\n\n\n<p>En el marco de la misi\u00f3n institucional, a partir del a\u00f1o 2024, se realizan las gestiones correspondientes a fin de obtener el alta editorial ante la C\u00e1mara Argentina del Libro, el cual qued\u00f3 registrado con la denominaci\u00f3n <em>Editorial Escuela Normal Superior Martiniano Leguizam\u00f3n <\/em>(Editorial ENSML), bajo el n.\u00b0 1046715.<\/p>\n\n\n\n<p>Esta iniciativa editorial independiente y autogestiva se origina ante la necesidad de editar y publicar un conjunto de textos correspondientes a las ponencias que se produjeron y socializaron en ocasi\u00f3n de realizarse en 2023 el I Congreso Integrado de Pr\u00e1cticas Docentes y Derechos Humanos. <em>Formaci\u00f3n y Pr\u00e1cticas docentes desde la perspectiva de los Derechos Humanos. A cuarenta a\u00f1os de la Recuperaci\u00f3n Democr\u00e1tica en Argentina.<\/em><\/p>\n\n\n\n<p>El prop\u00f3sito de crear la Editorial se orienta a promover la producci\u00f3n, publicaci\u00f3n y socializaci\u00f3n de saberes, y la difusi\u00f3n de innovaciones en torno a la ense\u00f1anza y la formaci\u00f3n en el \u00e1mbito educativo formal y no formal, a partir de textos en soporte digital de acceso abierto y gratuito, tanto para autores como para lectores. Desde esta finalidad, impulsamos, por un lado, el involucramiento de estudiantes, docentes, directivos y dem\u00e1s miembros de la Comunidad Educativa como autores y, por otro lado, la divulgaci\u00f3n de textos que recuperen haceres y saberes. Asimismo, con esta decisi\u00f3n alentamos pr\u00e1cticas de lectura y escritura entre los miembros de la comunidad educativa de la Escuela Normal Superior Martiniano Leguizam\u00f3n y, finalmente, constituimos un espacio abierto a las distintas manifestaciones de la literatura y las artes en general.<\/p>\n\n\n\n<p><strong>Denominaci\u00f3n<\/strong><\/p>\n\n\n\n<p>Editorial Escuela Normal Superior Martiniano Leguizam\u00f3n (Editorial ENSML), registrada bajo n\u00b0. 1046715 ante la C\u00e1mara Argentina del Libro.<\/p>\n\n\n\n<p><strong>Domicilio<\/strong><\/p>\n\n\n\n<p>Avenida Tom\u00e1s de Rocamora n.\u00b0 72, Santa Rosa de Villaguay, Provincia de Entre R\u00edos, Rep\u00fablica Argentina.<\/p>\n\n\n\n<p><strong>Direcci\u00f3n electr\u00f3nica<\/strong><\/p>\n\n\n\n<p><a href=\"mailto:editorialensml@gmail.com\">editorialensml@gmail.com<\/a><\/p>\n\n\n\n<p><strong>Sitio web institucional<\/strong> <\/p>\n\n\n\n<p><a href=\"https:\/\/ensvillaguay-ers.infd.edu.ar\/sitio\/\">https:\/\/ensvillaguay-ers.infd.edu.ar\/sitio\/<\/a><\/p>\n\n\n\n<p><strong>Objetivos<\/strong><\/p>\n\n\n\n<ul>\n<li>Promover la edici\u00f3n y publicaci\u00f3n de textos en la modalidad digital, de acceso abierto y gratuito.<\/li>\n\n\n\n<li>Difundir textos acad\u00e9micos y escolares producidos por los distintos miembros de la comunidad acad\u00e9mica de la Escuela Normal Superior Martiniano Leguizam\u00f3n, as\u00ed como de autores locales en los campos de la literatura y las artes en general.<\/li>\n\n\n\n<li>Incentivar a directivos, docentes y estudiantes a participar en procesos de creaci\u00f3n de textos acad\u00e9micos y escolares.<\/li>\n<\/ul>\n\n\n\n<p> <\/p>\n\n\n<h5 style=\"text-align: center;\"><span style=\"color: #ff6600;\">Documentos<\/span><\/h5>\n\n\n<figure class=\"wp-block-table is-style-stripes\"><table><tbody><tr><td class=\"has-text-align-center\" data-align=\"center\"><strong>Resoluci\u00f3n n\u00b0 04\/25 <br>Consejo Coordinador Institucional<br>Creaci\u00f3n Editorial Escuela Normal Superior Martiniano Leguizam\u00f3n<\/strong><\/td><td class=\"has-text-align-center\" data-align=\"center\"><strong><a href=\"https:\/\/drive.google.com\/file\/d\/1cPSvy6_MAMGGcHcrt1mziUv0PyuzV38o\/view?usp=sharing\" data-type=\"URL\" data-id=\"https:\/\/drive.google.com\/file\/d\/1cPSvy6_MAMGGcHcrt1mziUv0PyuzV38o\/view?usp=sharing\" target=\"_blank\" rel=\"noreferrer noopener\">Descargar<\/a><\/strong><br><img decoding=\"async\" loading=\"lazy\" width=\"512\" height=\"512\" class=\"wp-image-11499\" style=\"width: 30px;\" src=\"https:\/\/ensvillaguay-ers.infd.edu.ar\/sitio\/wp-content\/uploads\/2025\/05\/70289.png\" alt=\"\" srcset=\"https:\/\/ensvillaguay-ers.infd.edu.ar\/sitio\/wp-content\/uploads\/2025\/05\/70289.png 512w, https:\/\/ensvillaguay-ers.infd.edu.ar\/sitio\/wp-content\/uploads\/2025\/05\/70289-500x500.png 500w\" sizes=\"(max-width: 512px) 100vw, 512px\" \/><\/td><\/tr><tr><td class=\"has-text-align-center\" data-align=\"center\"><strong>Estatuto Editorial Escuela Normal Superior Martiniano Leguizam\u00f3n<\/strong><\/td><td class=\"has-text-align-center\" data-align=\"center\"><strong><a href=\"https:\/\/drive.google.com\/file\/d\/1SBu8U_7d27vmWRIsMK0vRi-YotD_EvYN\/view?usp=sharing\" data-type=\"URL\" data-id=\"https:\/\/drive.google.com\/file\/d\/1SBu8U_7d27vmWRIsMK0vRi-YotD_EvYN\/view?usp=sharing\" target=\"_blank\" rel=\"noreferrer noopener\">Descargar<\/a><\/strong><br><img decoding=\"async\" loading=\"lazy\" width=\"512\" height=\"512\" class=\"wp-image-11499\" style=\"width: 30px;\" src=\"https:\/\/ensvillaguay-ers.infd.edu.ar\/sitio\/wp-content\/uploads\/2025\/05\/70289.png\" alt=\"\" srcset=\"https:\/\/ensvillaguay-ers.infd.edu.ar\/sitio\/wp-content\/uploads\/2025\/05\/70289.png 512w, https:\/\/ensvillaguay-ers.infd.edu.ar\/sitio\/wp-content\/uploads\/2025\/05\/70289-500x500.png 500w\" sizes=\"(max-width: 512px) 100vw, 512px\" \/><\/td><\/tr><tr><td class=\"has-text-align-center\" data-align=\"center\"><strong>Normas para autores<\/strong><\/td><td class=\"has-text-align-center\" data-align=\"center\"><strong><a href=\"https:\/\/drive.google.com\/file\/d\/1t0KrwuQ2titpxufGkxnR4WFDLWy1fx6I\/view?usp=sharing\" data-type=\"URL\" data-id=\"https:\/\/drive.google.com\/file\/d\/1t0KrwuQ2titpxufGkxnR4WFDLWy1fx6I\/view?usp=sharing\" target=\"_blank\" rel=\"noreferrer noopener\">Descargar<\/a><\/strong><br><img decoding=\"async\" loading=\"lazy\" width=\"512\" height=\"512\" class=\"wp-image-11499\" style=\"width: 30px;\" src=\"https:\/\/ensvillaguay-ers.infd.edu.ar\/sitio\/wp-content\/uploads\/2025\/05\/70289.png\" alt=\"\" srcset=\"https:\/\/ensvillaguay-ers.infd.edu.ar\/sitio\/wp-content\/uploads\/2025\/05\/70289.png 512w, https:\/\/ensvillaguay-ers.infd.edu.ar\/sitio\/wp-content\/uploads\/2025\/05\/70289-500x500.png 500w\" sizes=\"(max-width: 512px) 100vw, 512px\" \/><\/td><\/tr><tr><td class=\"has-text-align-center\" data-align=\"center\"><strong>Hoja de Identidad y Estilo Editorial Escuela Normal Superior Martiniano Leguizam\u00f3n<\/strong><\/td><td class=\"has-text-align-center\" data-align=\"center\"><strong><a href=\"https:\/\/drive.google.com\/file\/d\/1KSg_EctfUtxywWnNgIbidQnKVBpSZvxi\/view?usp=sharing\" data-type=\"URL\" data-id=\"https:\/\/drive.google.com\/file\/d\/1KSg_EctfUtxywWnNgIbidQnKVBpSZvxi\/view?usp=sharing\" target=\"_blank\" rel=\"noreferrer noopener\">Descargar<\/a><\/strong><br><img decoding=\"async\" loading=\"lazy\" width=\"512\" height=\"512\" class=\"wp-image-11499\" style=\"width: 30px;\" src=\"https:\/\/ensvillaguay-ers.infd.edu.ar\/sitio\/wp-content\/uploads\/2025\/05\/70289.png\" alt=\"\" srcset=\"https:\/\/ensvillaguay-ers.infd.edu.ar\/sitio\/wp-content\/uploads\/2025\/05\/70289.png 512w, https:\/\/ensvillaguay-ers.infd.edu.ar\/sitio\/wp-content\/uploads\/2025\/05\/70289-500x500.png 500w\" sizes=\"(max-width: 512px) 100vw, 512px\" \/><\/td><\/tr><\/tbody><\/table><\/figure>\n","protected":false},"excerpt":{"rendered":"<p>La Escuela Normal Superior Martiniano Leguizam\u00f3n es una instituci\u00f3n de Educaci\u00f3n Superior dependiente del Consejo General de Educaci\u00f3n de la provincia de Entre R\u00edos, cuya misi\u00f3n se orienta a la formaci\u00f3n inicial y continua de docentes para los distintos niveles y modalidades, en di\u00e1logo con las necesidades de las instituciones educativas y los colectivos docentes &#8230; <a title=\"Editorial Escuela Normal Superior Martiniano Leguizam\u00f3n\" class=\"read-more\" href=\"https:\/\/ensvillaguay-ers.infd.edu.ar\/sitio\/editorial-escuela-normal-superior-martiniano-leguizamon\/\" aria-label=\"More on Editorial Escuela Normal Superior Martiniano Leguizam\u00f3n\">[+]<\/a><\/p>\n","protected":false},"author":1427,"featured_media":0,"parent":0,"menu_order":0,"comment_status":"closed","ping_status":"closed","template":"","meta":[],"acf":[],"_links":{"self":[{"href":"https:\/\/ensvillaguay-ers.infd.edu.ar\/sitio\/wp-json\/wp\/v2\/pages\/11477"}],"collection":[{"href":"https:\/\/ensvillaguay-ers.infd.edu.ar\/sitio\/wp-json\/wp\/v2\/pages"}],"about":[{"href":"https:\/\/ensvillaguay-ers.infd.edu.ar\/sitio\/wp-json\/wp\/v2\/types\/page"}],"author":[{"embeddable":true,"href":"https:\/\/ensvillaguay-ers.infd.edu.ar\/sitio\/wp-json\/wp\/v2\/users\/1427"}],"replies":[{"embeddable":true,"href":"https:\/\/ensvillaguay-ers.infd.edu.ar\/sitio\/wp-json\/wp\/v2\/comments?post=11477"}],"version-history":[{"count":8,"href":"https:\/\/ensvillaguay-ers.infd.edu.ar\/sitio\/wp-json\/wp\/v2\/pages\/11477\/revisions"}],"predecessor-version":[{"id":11546,"href":"https:\/\/ensvillaguay-ers.infd.edu.ar\/sitio\/wp-json\/wp\/v2\/pages\/11477\/revisions\/11546"}],"wp:attachment":[{"href":"https:\/\/ensvillaguay-ers.infd.edu.ar\/sitio\/wp-json\/wp\/v2\/media?parent=11477"}],"curies":[{"name":"wp","href":"https:\/\/api.w.org\/{rel}","templated":true}]}}