{"id":11496,"date":"2025-05-03T16:39:20","date_gmt":"2025-05-03T19:39:20","guid":{"rendered":"https:\/\/ensvillaguay-ers.infd.edu.ar\/sitio\/?page_id=11496"},"modified":"2026-02-05T19:34:13","modified_gmt":"2026-02-05T22:34:13","slug":"publicaciones","status":"publish","type":"page","link":"https:\/\/ensvillaguay-ers.infd.edu.ar\/sitio\/publicaciones\/","title":{"rendered":"Publicaciones"},"content":{"rendered":"\n<figure class=\"wp-block-image size-full\"><img decoding=\"async\" loading=\"lazy\" width=\"1536\" height=\"230\" src=\"https:\/\/ensvillaguay-ers.infd.edu.ar\/sitio\/wp-content\/uploads\/2025\/05\/ENCABEZADOS-1-1536x230-2.png\" alt=\"\" class=\"wp-image-11497\" srcset=\"https:\/\/ensvillaguay-ers.infd.edu.ar\/sitio\/wp-content\/uploads\/2025\/05\/ENCABEZADOS-1-1536x230-2.png 1536w, https:\/\/ensvillaguay-ers.infd.edu.ar\/sitio\/wp-content\/uploads\/2025\/05\/ENCABEZADOS-1-1536x230-2-1000x150.png 1000w, https:\/\/ensvillaguay-ers.infd.edu.ar\/sitio\/wp-content\/uploads\/2025\/05\/ENCABEZADOS-1-1536x230-2-768x115.png 768w\" sizes=\"(max-width: 1536px) 100vw, 1536px\" \/><\/figure>\n\n\n<h4>&nbsp;<\/h4>\n<h4><span style=\"color: #800080;\"><strong>Colecci\u00f3n Estancias e instancias de la formaci\u00f3n<\/strong><\/span><\/h4>\n\n\n<figure class=\"wp-block-table is-style-stripes\"><table><tbody><tr><td> <img decoding=\"async\" loading=\"lazy\" width=\"1414\" height=\"2000\" class=\"wp-image-11553\" style=\"width: 200px;\" src=\"https:\/\/ensvillaguay-ers.infd.edu.ar\/sitio\/wp-content\/uploads\/2025\/05\/Tapa.jpg\" alt=\"\" srcset=\"https:\/\/ensvillaguay-ers.infd.edu.ar\/sitio\/wp-content\/uploads\/2025\/05\/Tapa.jpg 1414w, https:\/\/ensvillaguay-ers.infd.edu.ar\/sitio\/wp-content\/uploads\/2025\/05\/Tapa-707x1000.jpg 707w, https:\/\/ensvillaguay-ers.infd.edu.ar\/sitio\/wp-content\/uploads\/2025\/05\/Tapa-1343x1900.jpg 1343w, https:\/\/ensvillaguay-ers.infd.edu.ar\/sitio\/wp-content\/uploads\/2025\/05\/Tapa-768x1086.jpg 768w, https:\/\/ensvillaguay-ers.infd.edu.ar\/sitio\/wp-content\/uploads\/2025\/05\/Tapa-1086x1536.jpg 1086w\" sizes=\"(max-width: 1414px) 100vw, 1414px\" \/><\/td><td class=\"has-text-align-center\" data-align=\"center\"><strong>Formaci\u00f3n y Pr\u00e1cticas Docentes en y desde la perspectiva de los Derechos Humanos<br>I Congreso Integrado de Pr\u00e1cticas Docentes y Derechos Humanos.<br>A cuarenta a\u00f1os de la Recuperaci\u00f3n Democr\u00e1tica en Argentina<\/strong><\/td><td class=\"has-text-align-center\" data-align=\"center\"><strong><a href=\"https:\/\/drive.google.com\/file\/d\/1ELP5xECPHpwyHjlFnTw3_t2zYxjwuE-1\/view?usp=sharing\" data-type=\"URL\" data-id=\"https:\/\/drive.google.com\/file\/d\/1ELP5xECPHpwyHjlFnTw3_t2zYxjwuE-1\/view?usp=sharing\" target=\"_blank\" rel=\"noreferrer noopener\">Descargar<\/a><\/strong><br><img decoding=\"async\" loading=\"lazy\" width=\"512\" height=\"512\" class=\"wp-image-11499\" style=\"width: 30px;\" src=\"https:\/\/ensvillaguay-ers.infd.edu.ar\/sitio\/wp-content\/uploads\/2025\/05\/70289.png\" alt=\"\" srcset=\"https:\/\/ensvillaguay-ers.infd.edu.ar\/sitio\/wp-content\/uploads\/2025\/05\/70289.png 512w, https:\/\/ensvillaguay-ers.infd.edu.ar\/sitio\/wp-content\/uploads\/2025\/05\/70289-500x500.png 500w\" sizes=\"(max-width: 512px) 100vw, 512px\" \/><br><\/td><\/tr><tr><td><img decoding=\"async\" loading=\"lazy\" width=\"1414\" height=\"2000\" class=\"wp-image-11831\" style=\"width: 200px;\" src=\"https:\/\/ensvillaguay-ers.infd.edu.ar\/sitio\/wp-content\/uploads\/2025\/09\/Habitar-los-Espacios-de-Memoria.jpg\" alt=\"\" srcset=\"https:\/\/ensvillaguay-ers.infd.edu.ar\/sitio\/wp-content\/uploads\/2025\/09\/Habitar-los-Espacios-de-Memoria.jpg 1414w, https:\/\/ensvillaguay-ers.infd.edu.ar\/sitio\/wp-content\/uploads\/2025\/09\/Habitar-los-Espacios-de-Memoria-707x1000.jpg 707w, https:\/\/ensvillaguay-ers.infd.edu.ar\/sitio\/wp-content\/uploads\/2025\/09\/Habitar-los-Espacios-de-Memoria-1343x1900.jpg 1343w, https:\/\/ensvillaguay-ers.infd.edu.ar\/sitio\/wp-content\/uploads\/2025\/09\/Habitar-los-Espacios-de-Memoria-768x1086.jpg 768w, https:\/\/ensvillaguay-ers.infd.edu.ar\/sitio\/wp-content\/uploads\/2025\/09\/Habitar-los-Espacios-de-Memoria-1086x1536.jpg 1086w\" sizes=\"(max-width: 1414px) 100vw, 1414px\" \/><\/td><td class=\"has-text-align-center\" data-align=\"center\"><strong>Habitar los Espacios de Memoria<br>Narrativas a partir del Proyecto Salida Anual Estudiantil a los Espacios de Memoria<\/strong><\/td><td class=\"has-text-align-center\" data-align=\"center\"><strong><a href=\"https:\/\/drive.google.com\/file\/d\/190wjDZl1qor2U4v7tvP_ZKD6M2iGEfaL\/view?usp=sharing\" data-type=\"URL\" data-id=\"https:\/\/drive.google.com\/file\/d\/190wjDZl1qor2U4v7tvP_ZKD6M2iGEfaL\/view?usp=sharing\" target=\"_blank\" rel=\"noreferrer noopener\">Descargar<\/a><\/strong><br><img decoding=\"async\" loading=\"lazy\" width=\"512\" height=\"512\" class=\"wp-image-11499\" style=\"width: 30px;\" src=\"https:\/\/ensvillaguay-ers.infd.edu.ar\/sitio\/wp-content\/uploads\/2025\/05\/70289.png\" alt=\"\" srcset=\"https:\/\/ensvillaguay-ers.infd.edu.ar\/sitio\/wp-content\/uploads\/2025\/05\/70289.png 512w, https:\/\/ensvillaguay-ers.infd.edu.ar\/sitio\/wp-content\/uploads\/2025\/05\/70289-500x500.png 500w\" sizes=\"(max-width: 512px) 100vw, 512px\" \/><\/td><\/tr><tr><td><img decoding=\"async\" loading=\"lazy\" width=\"1414\" height=\"2000\" class=\"wp-image-12139\" style=\"width: 200px;\" src=\"https:\/\/ensvillaguay-ers.infd.edu.ar\/sitio\/wp-content\/uploads\/2026\/02\/PFI.jpg\" alt=\"\" srcset=\"https:\/\/ensvillaguay-ers.infd.edu.ar\/sitio\/wp-content\/uploads\/2026\/02\/PFI.jpg 1414w, https:\/\/ensvillaguay-ers.infd.edu.ar\/sitio\/wp-content\/uploads\/2026\/02\/PFI-707x1000.jpg 707w, https:\/\/ensvillaguay-ers.infd.edu.ar\/sitio\/wp-content\/uploads\/2026\/02\/PFI-1343x1900.jpg 1343w, https:\/\/ensvillaguay-ers.infd.edu.ar\/sitio\/wp-content\/uploads\/2026\/02\/PFI-768x1086.jpg 768w, https:\/\/ensvillaguay-ers.infd.edu.ar\/sitio\/wp-content\/uploads\/2026\/02\/PFI-1086x1536.jpg 1086w\" sizes=\"(max-width: 1414px) 100vw, 1414px\" \/><\/td><td class=\"has-text-align-center\" data-align=\"center\"><strong>Proyecto Formativo Institucional de Nivel Superior 2025 <br>Lineamientos, Trayectorias y Perspectivas<\/strong><\/td><td class=\"has-text-align-center\" data-align=\"center\"><strong><a href=\"https:\/\/drive.google.com\/file\/d\/1tWuQK3bZcTdTMDJXVfLykidgtAaBDf83\/view?usp=sharing\" data-type=\"URL\" data-id=\"https:\/\/drive.google.com\/file\/d\/1tWuQK3bZcTdTMDJXVfLykidgtAaBDf83\/view?usp=sharing\" target=\"_blank\" rel=\"noreferrer noopener\">Descargar<\/a><\/strong><br><img decoding=\"async\" loading=\"lazy\" width=\"512\" height=\"512\" class=\"wp-image-11499\" style=\"width: 30px;\" src=\"https:\/\/ensvillaguay-ers.infd.edu.ar\/sitio\/wp-content\/uploads\/2025\/05\/70289.png\" alt=\"\" srcset=\"https:\/\/ensvillaguay-ers.infd.edu.ar\/sitio\/wp-content\/uploads\/2025\/05\/70289.png 512w, https:\/\/ensvillaguay-ers.infd.edu.ar\/sitio\/wp-content\/uploads\/2025\/05\/70289-500x500.png 500w\" sizes=\"(max-width: 512px) 100vw, 512px\" \/><\/td><\/tr><\/tbody><\/table><\/figure>\n\n\n<h4><span style=\"color: #800080;\"><strong>Colecci\u00f3n Decires y quehaceres en la educaci\u00f3n<\/strong><\/span><\/h4>\n<h4><span style=\"color: #800080;\">Serie Educaci\u00f3n Superior<\/span><\/h4>\n\n\n<figure class=\"wp-block-table is-style-stripes\"><table><tbody><tr><td><img decoding=\"async\" loading=\"lazy\" width=\"1414\" height=\"2000\" class=\"wp-image-11778\" style=\"width: 200px;\" src=\"https:\/\/ensvillaguay-ers.infd.edu.ar\/sitio\/wp-content\/uploads\/2025\/09\/Te-Cuento.jpg\" alt=\"\" srcset=\"https:\/\/ensvillaguay-ers.infd.edu.ar\/sitio\/wp-content\/uploads\/2025\/09\/Te-Cuento.jpg 1414w, https:\/\/ensvillaguay-ers.infd.edu.ar\/sitio\/wp-content\/uploads\/2025\/09\/Te-Cuento-707x1000.jpg 707w, https:\/\/ensvillaguay-ers.infd.edu.ar\/sitio\/wp-content\/uploads\/2025\/09\/Te-Cuento-1343x1900.jpg 1343w, https:\/\/ensvillaguay-ers.infd.edu.ar\/sitio\/wp-content\/uploads\/2025\/09\/Te-Cuento-768x1086.jpg 768w, https:\/\/ensvillaguay-ers.infd.edu.ar\/sitio\/wp-content\/uploads\/2025\/09\/Te-Cuento-1086x1536.jpg 1086w\" sizes=\"(max-width: 1414px) 100vw, 1414px\" \/><\/td><td class=\"has-text-align-center\" data-align=\"center\"><strong>T\u00e9 Cuento<br>                               Derechos Humanos, cuentos y f\u00e1bulas para las infancias<\/strong>                                       <\/td><td class=\"has-text-align-center\" data-align=\"center\"><strong><a href=\"https:\/\/drive.google.com\/file\/d\/15IubcV9m__QkY8BwdtSlpGKXRXQQzYzm\/view?usp=sharing\" data-type=\"URL\" data-id=\"https:\/\/drive.google.com\/file\/d\/15IubcV9m__QkY8BwdtSlpGKXRXQQzYzm\/view?usp=sharing\" target=\"_blank\" rel=\"noreferrer noopener\">Descargar<\/a><\/strong><br><img decoding=\"async\" loading=\"lazy\" width=\"512\" height=\"512\" class=\"wp-image-11499\" style=\"width: 30px;\" src=\"https:\/\/ensvillaguay-ers.infd.edu.ar\/sitio\/wp-content\/uploads\/2025\/05\/70289.png\" alt=\"\" srcset=\"https:\/\/ensvillaguay-ers.infd.edu.ar\/sitio\/wp-content\/uploads\/2025\/05\/70289.png 512w, https:\/\/ensvillaguay-ers.infd.edu.ar\/sitio\/wp-content\/uploads\/2025\/05\/70289-500x500.png 500w\" sizes=\"(max-width: 512px) 100vw, 512px\" \/><\/td><\/tr><\/tbody><\/table><\/figure>\n\n\n<h4><span style=\"color: #800080;\"><strong>Serie Educaci\u00f3n Secundaria<\/strong><\/span><\/h4>\n\n\n<figure class=\"wp-block-table is-style-stripes\"><table><tbody><tr><td><img decoding=\"async\" loading=\"lazy\" width=\"1414\" height=\"2000\" class=\"wp-image-12003\" style=\"width: 200px;\" src=\"https:\/\/ensvillaguay-ers.infd.edu.ar\/sitio\/wp-content\/uploads\/2025\/12\/Dialogos-entre-disciplinas-en-la-escuela-secundaria.jpg\" alt=\"\" srcset=\"https:\/\/ensvillaguay-ers.infd.edu.ar\/sitio\/wp-content\/uploads\/2025\/12\/Dialogos-entre-disciplinas-en-la-escuela-secundaria.jpg 1414w, https:\/\/ensvillaguay-ers.infd.edu.ar\/sitio\/wp-content\/uploads\/2025\/12\/Dialogos-entre-disciplinas-en-la-escuela-secundaria-707x1000.jpg 707w, https:\/\/ensvillaguay-ers.infd.edu.ar\/sitio\/wp-content\/uploads\/2025\/12\/Dialogos-entre-disciplinas-en-la-escuela-secundaria-1343x1900.jpg 1343w, https:\/\/ensvillaguay-ers.infd.edu.ar\/sitio\/wp-content\/uploads\/2025\/12\/Dialogos-entre-disciplinas-en-la-escuela-secundaria-768x1086.jpg 768w, https:\/\/ensvillaguay-ers.infd.edu.ar\/sitio\/wp-content\/uploads\/2025\/12\/Dialogos-entre-disciplinas-en-la-escuela-secundaria-1086x1536.jpg 1086w\" sizes=\"(max-width: 1414px) 100vw, 1414px\" \/><\/td><td class=\"has-text-align-center\" data-align=\"center\"> <strong>Di\u00e1logos entre disciplinas en la Escuela Secundaria<\/strong> <br><strong>Narraciones de una construcci\u00f3n en la Escuela Normal Superior Martiniano Leguizam\u00f3n<\/strong><\/td><td class=\"has-text-align-center\" data-align=\"center\"><strong><a rel=\"noreferrer noopener\" href=\"https:\/\/drive.google.com\/file\/d\/14TylLZERr99KWfoXgwa9X_W_Y65wpy5R\/view?usp=sharing\" data-type=\"URL\" data-id=\"https:\/\/drive.google.com\/file\/d\/14TylLZERr99KWfoXgwa9X_W_Y65wpy5R\/view?usp=sharing\" target=\"_blank\">Descargar <\/a><\/strong><br><img decoding=\"async\" loading=\"lazy\" width=\"512\" height=\"512\" class=\"wp-image-11499\" style=\"width: 30px;\" src=\"https:\/\/ensvillaguay-ers.infd.edu.ar\/sitio\/wp-content\/uploads\/2025\/05\/70289.png\" alt=\"\" srcset=\"https:\/\/ensvillaguay-ers.infd.edu.ar\/sitio\/wp-content\/uploads\/2025\/05\/70289.png 512w, https:\/\/ensvillaguay-ers.infd.edu.ar\/sitio\/wp-content\/uploads\/2025\/05\/70289-500x500.png 500w\" sizes=\"(max-width: 512px) 100vw, 512px\" \/><\/td><\/tr><\/tbody><\/table><\/figure>\n","protected":false},"excerpt":{"rendered":"<p>&nbsp; Colecci\u00f3n Estancias e instancias de la formaci\u00f3n Formaci\u00f3n y Pr\u00e1cticas Docentes en y desde la perspectiva de los Derechos HumanosI Congreso Integrado de Pr\u00e1cticas Docentes y Derechos Humanos.A cuarenta a\u00f1os de la Recuperaci\u00f3n Democr\u00e1tica en Argentina Descargar Habitar los Espacios de MemoriaNarrativas a partir del Proyecto Salida Anual Estudiantil a los Espacios de Memoria &#8230; <a title=\"Publicaciones\" class=\"read-more\" href=\"https:\/\/ensvillaguay-ers.infd.edu.ar\/sitio\/publicaciones\/\" aria-label=\"More on Publicaciones\">[+]<\/a><\/p>\n","protected":false},"author":1427,"featured_media":0,"parent":0,"menu_order":0,"comment_status":"closed","ping_status":"closed","template":"","meta":[],"acf":[],"_links":{"self":[{"href":"https:\/\/ensvillaguay-ers.infd.edu.ar\/sitio\/wp-json\/wp\/v2\/pages\/11496"}],"collection":[{"href":"https:\/\/ensvillaguay-ers.infd.edu.ar\/sitio\/wp-json\/wp\/v2\/pages"}],"about":[{"href":"https:\/\/ensvillaguay-ers.infd.edu.ar\/sitio\/wp-json\/wp\/v2\/types\/page"}],"author":[{"embeddable":true,"href":"https:\/\/ensvillaguay-ers.infd.edu.ar\/sitio\/wp-json\/wp\/v2\/users\/1427"}],"replies":[{"embeddable":true,"href":"https:\/\/ensvillaguay-ers.infd.edu.ar\/sitio\/wp-json\/wp\/v2\/comments?post=11496"}],"version-history":[{"count":14,"href":"https:\/\/ensvillaguay-ers.infd.edu.ar\/sitio\/wp-json\/wp\/v2\/pages\/11496\/revisions"}],"predecessor-version":[{"id":12140,"href":"https:\/\/ensvillaguay-ers.infd.edu.ar\/sitio\/wp-json\/wp\/v2\/pages\/11496\/revisions\/12140"}],"wp:attachment":[{"href":"https:\/\/ensvillaguay-ers.infd.edu.ar\/sitio\/wp-json\/wp\/v2\/media?parent=11496"}],"curies":[{"name":"wp","href":"https:\/\/api.w.org\/{rel}","templated":true}]}}