{"id":11597,"date":"2025-05-20T13:57:13","date_gmt":"2025-05-20T16:57:13","guid":{"rendered":"https:\/\/ensvillaguay-ers.infd.edu.ar\/sitio\/?page_id=11597"},"modified":"2025-10-22T20:14:35","modified_gmt":"2025-10-22T23:14:35","slug":"protocolo-de-virtualizacion-de-unidades-curriculares-del-nivel-superior","status":"publish","type":"page","link":"https:\/\/ensvillaguay-ers.infd.edu.ar\/sitio\/protocolo-de-virtualizacion-de-unidades-curriculares-del-nivel-superior\/","title":{"rendered":"Protocolo de virtualizaci\u00f3n de unidades curriculares del Nivel Superior"},"content":{"rendered":"\n<figure class=\"wp-block-image size-large\"><img decoding=\"async\" loading=\"lazy\" width=\"1900\" height=\"898\" src=\"https:\/\/ensvillaguay-ers.infd.edu.ar\/sitio\/wp-content\/uploads\/2025\/05\/Propuestas-de-Formacion-Docente-Inicial-1900x898.jpg\" alt=\"\" class=\"wp-image-11598\" srcset=\"https:\/\/ensvillaguay-ers.infd.edu.ar\/sitio\/wp-content\/uploads\/2025\/05\/Propuestas-de-Formacion-Docente-Inicial-1900x898.jpg 1900w, https:\/\/ensvillaguay-ers.infd.edu.ar\/sitio\/wp-content\/uploads\/2025\/05\/Propuestas-de-Formacion-Docente-Inicial-1000x473.jpg 1000w, https:\/\/ensvillaguay-ers.infd.edu.ar\/sitio\/wp-content\/uploads\/2025\/05\/Propuestas-de-Formacion-Docente-Inicial-768x363.jpg 768w, https:\/\/ensvillaguay-ers.infd.edu.ar\/sitio\/wp-content\/uploads\/2025\/05\/Propuestas-de-Formacion-Docente-Inicial-1536x726.jpg 1536w, https:\/\/ensvillaguay-ers.infd.edu.ar\/sitio\/wp-content\/uploads\/2025\/05\/Propuestas-de-Formacion-Docente-Inicial.jpg 1915w\" sizes=\"(max-width: 1900px) 100vw, 1900px\" \/><\/figure>\n\n\n\n<p>El R\u00e9gimen Acad\u00e9mico Marco (RAM), Resoluci\u00f3n n\u00b0 0249\/24 CGE, constituye una herramienta sustantiva para la regulaci\u00f3n de todos los aspectos comprendidos en la vida acad\u00e9mica, en tanto organizan, acompa\u00f1an y sostienen en su complejidad y especificidad la trayectoria formativa del estudiantado en el marco de la normativa vigente. Regula el Sistema Formador como dispositivo institucional vinculado a la formaci\u00f3n inicial.<\/p>\n\n\n\n<p>El art\u00edculo n\u00b0 68 (RAM),  en cuanto a las modalidades de cursado e instancias de evaluaci\u00f3n, instituye las siguientes:<\/p>\n\n\n\n<ul>\n<li><strong>Modalidad presencial<\/strong>: comprende las instancias presenciales y las presenciales remotas (sincr\u00f3nico)<\/li>\n<\/ul>\n\n\n\n<ul>\n<li><strong>Modalidad combinada<\/strong>: comprende las instancias presenciales y presenciales remotas (sincr\u00f3nicos) con instancias virtuales asincr\u00f3nicas.<\/li>\n<\/ul>\n\n\n\n<p>Se establece un rango de 30% o 50% de la carga horaria total para la modalidad combinada, conservando el 70% o 50% para la presencialidad. El porcentaje de la carga horaria en formato combinado (presencial\/virtual) podr\u00e1 calcularse sobre la totalidad del dise\u00f1o curricular, sobre los campos de ense\u00f1anza o sobre las unidades curriculares, con aprobaci\u00f3n de la direcci\u00f3n correspondiente. Se deja aclarado que dicha modalidad de cursado, no rige para las unidades curriculares de Pr\u00e1cticas Docentes o Pr\u00e1cticas profesionalizantes, salvo en aquellos casos debidamente fundamentados que el dise\u00f1o curricular as\u00ed lo permita.<\/p>\n\n\n\n<p>Del mismo modo, la Circular n\u00b0 005\/2024 DES, respecto de la Reglamentaci\u00f3n para los procesos de organizaci\u00f3n de la modalidad combinada\/hibrida, plantea que los lineamientos para el uso efectivo del campus virtual, para la modalidad de cursado virtual.<\/p>\n\n\n\n<figure class=\"wp-block-table is-style-stripes\"><table><tbody><tr><td class=\"has-text-align-center\" data-align=\"center\"><strong>Reglamentaci\u00f3n para los procesos de organizaci\u00f3n de la modalidad<br>combinada\/h\u00edbrida<\/strong><br><strong>Circular n\u00b0005\/24 DES<\/strong><\/td><td class=\"has-text-align-center\" data-align=\"center\"><strong><a href=\"https:\/\/drive.google.com\/file\/d\/1ZU2N9TJFjoZyeJWKQaX0RoU-kBnuXDNo\/view?usp=sharing\" data-type=\"URL\" data-id=\"https:\/\/drive.google.com\/file\/d\/1ZU2N9TJFjoZyeJWKQaX0RoU-kBnuXDNo\/view?usp=sharing\" target=\"_blank\" rel=\"noreferrer noopener\">Descargar<\/a><\/strong><br><img decoding=\"async\" loading=\"lazy\" width=\"32\" height=\"32\" class=\"wp-image-11226\" style=\"width: 32px;\" src=\"https:\/\/ensvillaguay-ers.infd.edu.ar\/sitio\/wp-content\/uploads\/2024\/11\/tocar.png\" alt=\"\"><\/td><\/tr><tr><td class=\"has-text-align-center\" data-align=\"center\"><strong>Protocolo de virtualizaci\u00f3n de unidades curriculares del Nivel Superior<\/strong><br><img decoding=\"async\" loading=\"lazy\" width=\"1414\" height=\"2000\" class=\"wp-image-11599\" style=\"width: 150px;\" src=\"https:\/\/ensvillaguay-ers.infd.edu.ar\/sitio\/wp-content\/uploads\/2025\/05\/Protocolo-de-Virtualizacion.png\" alt=\"\" srcset=\"https:\/\/ensvillaguay-ers.infd.edu.ar\/sitio\/wp-content\/uploads\/2025\/05\/Protocolo-de-Virtualizacion.png 1414w, https:\/\/ensvillaguay-ers.infd.edu.ar\/sitio\/wp-content\/uploads\/2025\/05\/Protocolo-de-Virtualizacion-707x1000.png 707w, https:\/\/ensvillaguay-ers.infd.edu.ar\/sitio\/wp-content\/uploads\/2025\/05\/Protocolo-de-Virtualizacion-1343x1900.png 1343w, https:\/\/ensvillaguay-ers.infd.edu.ar\/sitio\/wp-content\/uploads\/2025\/05\/Protocolo-de-Virtualizacion-768x1086.png 768w, https:\/\/ensvillaguay-ers.infd.edu.ar\/sitio\/wp-content\/uploads\/2025\/05\/Protocolo-de-Virtualizacion-1086x1536.png 1086w\" sizes=\"(max-width: 1414px) 100vw, 1414px\" \/><\/td><td class=\"has-text-align-center\" data-align=\"center\"><strong><a href=\"https:\/\/drive.google.com\/file\/d\/1GwmZXftQpcKJ8oGLZ2hGA14Jha2cEDhR\/view?usp=sharing\" data-type=\"URL\" data-id=\"https:\/\/drive.google.com\/file\/d\/1GwmZXftQpcKJ8oGLZ2hGA14Jha2cEDhR\/view?usp=sharing\" target=\"_blank\" rel=\"noreferrer noopener\">Descargar<\/a><\/strong><br><img decoding=\"async\" loading=\"lazy\" width=\"32\" height=\"32\" class=\"wp-image-11226\" style=\"width: 32px;\" src=\"https:\/\/ensvillaguay-ers.infd.edu.ar\/sitio\/wp-content\/uploads\/2024\/11\/tocar.png\" alt=\"\"><\/td><\/tr><\/tbody><\/table><\/figure>\n","protected":false},"excerpt":{"rendered":"<p>El R\u00e9gimen Acad\u00e9mico Marco (RAM), Resoluci\u00f3n n\u00b0 0249\/24 CGE, constituye una herramienta sustantiva para la regulaci\u00f3n de todos los aspectos comprendidos en la vida acad\u00e9mica, en tanto organizan, acompa\u00f1an y sostienen en su complejidad y especificidad la trayectoria formativa del estudiantado en el marco de la normativa vigente. Regula el Sistema Formador como dispositivo institucional &#8230; <a title=\"Protocolo de virtualizaci\u00f3n de unidades curriculares del Nivel Superior\" class=\"read-more\" href=\"https:\/\/ensvillaguay-ers.infd.edu.ar\/sitio\/protocolo-de-virtualizacion-de-unidades-curriculares-del-nivel-superior\/\" aria-label=\"More on Protocolo de virtualizaci\u00f3n de unidades curriculares del Nivel Superior\">[+]<\/a><\/p>\n","protected":false},"author":1427,"featured_media":0,"parent":0,"menu_order":0,"comment_status":"closed","ping_status":"closed","template":"","meta":[],"acf":[],"_links":{"self":[{"href":"https:\/\/ensvillaguay-ers.infd.edu.ar\/sitio\/wp-json\/wp\/v2\/pages\/11597"}],"collection":[{"href":"https:\/\/ensvillaguay-ers.infd.edu.ar\/sitio\/wp-json\/wp\/v2\/pages"}],"about":[{"href":"https:\/\/ensvillaguay-ers.infd.edu.ar\/sitio\/wp-json\/wp\/v2\/types\/page"}],"author":[{"embeddable":true,"href":"https:\/\/ensvillaguay-ers.infd.edu.ar\/sitio\/wp-json\/wp\/v2\/users\/1427"}],"replies":[{"embeddable":true,"href":"https:\/\/ensvillaguay-ers.infd.edu.ar\/sitio\/wp-json\/wp\/v2\/comments?post=11597"}],"version-history":[{"count":5,"href":"https:\/\/ensvillaguay-ers.infd.edu.ar\/sitio\/wp-json\/wp\/v2\/pages\/11597\/revisions"}],"predecessor-version":[{"id":11911,"href":"https:\/\/ensvillaguay-ers.infd.edu.ar\/sitio\/wp-json\/wp\/v2\/pages\/11597\/revisions\/11911"}],"wp:attachment":[{"href":"https:\/\/ensvillaguay-ers.infd.edu.ar\/sitio\/wp-json\/wp\/v2\/media?parent=11597"}],"curies":[{"name":"wp","href":"https:\/\/api.w.org\/{rel}","templated":true}]}}