{"id":11745,"date":"2025-08-04T21:03:59","date_gmt":"2025-08-05T00:03:59","guid":{"rendered":"https:\/\/ensvillaguay-ers.infd.edu.ar\/sitio\/?page_id=11745"},"modified":"2025-10-19T22:48:38","modified_gmt":"2025-10-20T01:48:38","slug":"proyecto-formativo-institucional","status":"publish","type":"page","link":"https:\/\/ensvillaguay-ers.infd.edu.ar\/sitio\/proyecto-formativo-institucional\/","title":{"rendered":"Proyecto Formativo Institucional"},"content":{"rendered":"\n<figure class=\"wp-block-image size-large\"><img decoding=\"async\" loading=\"lazy\" width=\"1900\" height=\"919\" src=\"https:\/\/ensvillaguay-ers.infd.edu.ar\/sitio\/wp-content\/uploads\/2025\/08\/Propuestas-de-Formacion-Docente-Inicial-1900x919.jpg\" alt=\"\" class=\"wp-image-11748\" srcset=\"https:\/\/ensvillaguay-ers.infd.edu.ar\/sitio\/wp-content\/uploads\/2025\/08\/Propuestas-de-Formacion-Docente-Inicial-1900x919.jpg 1900w, https:\/\/ensvillaguay-ers.infd.edu.ar\/sitio\/wp-content\/uploads\/2025\/08\/Propuestas-de-Formacion-Docente-Inicial-1000x484.jpg 1000w, https:\/\/ensvillaguay-ers.infd.edu.ar\/sitio\/wp-content\/uploads\/2025\/08\/Propuestas-de-Formacion-Docente-Inicial-768x371.jpg 768w, https:\/\/ensvillaguay-ers.infd.edu.ar\/sitio\/wp-content\/uploads\/2025\/08\/Propuestas-de-Formacion-Docente-Inicial-1536x743.jpg 1536w, https:\/\/ensvillaguay-ers.infd.edu.ar\/sitio\/wp-content\/uploads\/2025\/08\/Propuestas-de-Formacion-Docente-Inicial.jpg 1917w\" sizes=\"(max-width: 1900px) 100vw, 1900px\" \/><\/figure>\n\n\n\n<p>La primera condici\u00f3n para definir el Proyecto Formativo Institucional es considerar que est\u00e1 en el l\u00edmite entre la regulaci\u00f3n y la emancipaci\u00f3n, entre la organizaci\u00f3n burocr\u00e1tica y las posibilidades de la organizaci\u00f3n cultural de la instituci\u00f3n educativa.<\/p>\n\n\n\n<p>El enfoque que es necesario darle al proyecto debe tener la precauci\u00f3n de no caer en la ilusi\u00f3n de constituirse sobre una supuesta comunidad educativa. Es importante que se lo considere como una construcci\u00f3n sociopol\u00edtica resultante de la lucha entre diversas perspectivas, ideas, intereses y valores que se asientan en esas dos l\u00f3gicas diferentes, reguladora y emancipadora, de las que son portadores los actores institucionales. Por lo antes dicho, se deben desarrollar algunos dispositivos institucionales que permitan la participaci\u00f3n de la comunidad educativa en los procesos de negociaci\u00f3n, consenso y toma de decisiones que se transformen en un aporte para ejercitar la democracia y permitir la participaci\u00f3n social.<\/p>\n\n\n\n<p>En este sentido los principios y prop\u00f3sitos del proyecto intentan ser integradores y tolerantes con las diferencias, con una mirada global, intentando ofrecer a los sujetos la posibilidad de construir su autonom\u00eda pol\u00edtica, econ\u00f3mica e intelectual. La idea es trabajar en torno a la emancipaci\u00f3n, pero articulando con los proyectos educativos que se han venido desarrollando con anterioridad en la instituci\u00f3n.<\/p>\n\n\n\n<figure class=\"wp-block-table is-style-stripes\"><table><tbody><tr><td class=\"has-text-align-center\" data-align=\"center\"><br><strong>Proyecto Formativo Institucional <\/strong><br><br><img decoding=\"async\" loading=\"lazy\" width=\"1414\" height=\"2000\" class=\"wp-image-11746\" style=\"width: 130px;\" src=\"https:\/\/ensvillaguay-ers.infd.edu.ar\/sitio\/wp-content\/uploads\/2025\/08\/Yellow-Minimalist-Business-Business-Marketing-Proposal.jpg\" alt=\"\" srcset=\"https:\/\/ensvillaguay-ers.infd.edu.ar\/sitio\/wp-content\/uploads\/2025\/08\/Yellow-Minimalist-Business-Business-Marketing-Proposal.jpg 1414w, https:\/\/ensvillaguay-ers.infd.edu.ar\/sitio\/wp-content\/uploads\/2025\/08\/Yellow-Minimalist-Business-Business-Marketing-Proposal-707x1000.jpg 707w, https:\/\/ensvillaguay-ers.infd.edu.ar\/sitio\/wp-content\/uploads\/2025\/08\/Yellow-Minimalist-Business-Business-Marketing-Proposal-1343x1900.jpg 1343w, https:\/\/ensvillaguay-ers.infd.edu.ar\/sitio\/wp-content\/uploads\/2025\/08\/Yellow-Minimalist-Business-Business-Marketing-Proposal-768x1086.jpg 768w, https:\/\/ensvillaguay-ers.infd.edu.ar\/sitio\/wp-content\/uploads\/2025\/08\/Yellow-Minimalist-Business-Business-Marketing-Proposal-1086x1536.jpg 1086w\" sizes=\"(max-width: 1414px) 100vw, 1414px\" \/><\/td><td class=\"has-text-align-center\" data-align=\"center\"><strong><a href=\"https:\/\/drive.google.com\/file\/d\/1iurF3s86Czd3vOnB3mqPtQXMIcp20WEb\/view?usp=sharing\" data-type=\"URL\" data-id=\"https:\/\/drive.google.com\/file\/d\/1iurF3s86Czd3vOnB3mqPtQXMIcp20WEb\/view?usp=sharing\" target=\"_blank\" rel=\"noreferrer noopener\">Descargar <\/a><\/strong><br><img decoding=\"async\" loading=\"lazy\" width=\"32\" height=\"32\" class=\"wp-image-11747\" style=\"width: 32px;\" src=\"https:\/\/ensvillaguay-ers.infd.edu.ar\/sitio\/wp-content\/uploads\/2025\/08\/tocar.png\" alt=\"\"><\/td><\/tr><\/tbody><\/table><\/figure>\n","protected":false},"excerpt":{"rendered":"<p>La primera condici\u00f3n para definir el Proyecto Formativo Institucional es considerar que est\u00e1 en el l\u00edmite entre la regulaci\u00f3n y la emancipaci\u00f3n, entre la organizaci\u00f3n burocr\u00e1tica y las posibilidades de la organizaci\u00f3n cultural de la instituci\u00f3n educativa. El enfoque que es necesario darle al proyecto debe tener la precauci\u00f3n de no caer en la ilusi\u00f3n &#8230; <a title=\"Proyecto Formativo Institucional\" class=\"read-more\" href=\"https:\/\/ensvillaguay-ers.infd.edu.ar\/sitio\/proyecto-formativo-institucional\/\" aria-label=\"More on Proyecto Formativo Institucional\">[+]<\/a><\/p>\n","protected":false},"author":1427,"featured_media":0,"parent":0,"menu_order":0,"comment_status":"closed","ping_status":"closed","template":"","meta":[],"acf":[],"_links":{"self":[{"href":"https:\/\/ensvillaguay-ers.infd.edu.ar\/sitio\/wp-json\/wp\/v2\/pages\/11745"}],"collection":[{"href":"https:\/\/ensvillaguay-ers.infd.edu.ar\/sitio\/wp-json\/wp\/v2\/pages"}],"about":[{"href":"https:\/\/ensvillaguay-ers.infd.edu.ar\/sitio\/wp-json\/wp\/v2\/types\/page"}],"author":[{"embeddable":true,"href":"https:\/\/ensvillaguay-ers.infd.edu.ar\/sitio\/wp-json\/wp\/v2\/users\/1427"}],"replies":[{"embeddable":true,"href":"https:\/\/ensvillaguay-ers.infd.edu.ar\/sitio\/wp-json\/wp\/v2\/comments?post=11745"}],"version-history":[{"count":2,"href":"https:\/\/ensvillaguay-ers.infd.edu.ar\/sitio\/wp-json\/wp\/v2\/pages\/11745\/revisions"}],"predecessor-version":[{"id":11903,"href":"https:\/\/ensvillaguay-ers.infd.edu.ar\/sitio\/wp-json\/wp\/v2\/pages\/11745\/revisions\/11903"}],"wp:attachment":[{"href":"https:\/\/ensvillaguay-ers.infd.edu.ar\/sitio\/wp-json\/wp\/v2\/media?parent=11745"}],"curies":[{"name":"wp","href":"https:\/\/api.w.org\/{rel}","templated":true}]}}