{"id":11912,"date":"2025-10-24T12:09:42","date_gmt":"2025-10-24T15:09:42","guid":{"rendered":"https:\/\/ensvillaguay-ers.infd.edu.ar\/sitio\/?page_id=11912"},"modified":"2025-10-24T12:09:44","modified_gmt":"2025-10-24T15:09:44","slug":"sala-de-transmision-y-proyeccion-paulo-freire","status":"publish","type":"page","link":"https:\/\/ensvillaguay-ers.infd.edu.ar\/sitio\/sala-de-transmision-y-proyeccion-paulo-freire\/","title":{"rendered":"Sala de transmisi\u00f3n y proyecci\u00f3n \u201cPaulo Freire\u201d"},"content":{"rendered":"\n<figure class=\"wp-block-image size-large\"><img decoding=\"async\" loading=\"lazy\" width=\"1900\" height=\"933\" src=\"https:\/\/ensvillaguay-ers.infd.edu.ar\/sitio\/wp-content\/uploads\/2025\/10\/Propuestas-de-Formacion-Docente-Inicial-1900x933.jpg\" alt=\"\" class=\"wp-image-11913\" srcset=\"https:\/\/ensvillaguay-ers.infd.edu.ar\/sitio\/wp-content\/uploads\/2025\/10\/Propuestas-de-Formacion-Docente-Inicial-1900x933.jpg 1900w, https:\/\/ensvillaguay-ers.infd.edu.ar\/sitio\/wp-content\/uploads\/2025\/10\/Propuestas-de-Formacion-Docente-Inicial-1000x491.jpg 1000w, https:\/\/ensvillaguay-ers.infd.edu.ar\/sitio\/wp-content\/uploads\/2025\/10\/Propuestas-de-Formacion-Docente-Inicial-768x377.jpg 768w, https:\/\/ensvillaguay-ers.infd.edu.ar\/sitio\/wp-content\/uploads\/2025\/10\/Propuestas-de-Formacion-Docente-Inicial-1536x754.jpg 1536w, https:\/\/ensvillaguay-ers.infd.edu.ar\/sitio\/wp-content\/uploads\/2025\/10\/Propuestas-de-Formacion-Docente-Inicial.jpg 1917w\" sizes=\"(max-width: 1900px) 100vw, 1900px\" \/><\/figure>\n\n\n\n<p>El prop\u00f3sito de la sala es promover el desarrollo de propuestas educativas que integren las Tecnolog\u00edas de la Informaci\u00f3n y la Comunicaci\u00f3n (TIC) como herramientas para fortalecer los procesos de ense\u00f1anza y aprendizaje. En tal sentido, las TIC no son neutras en su distribuci\u00f3n, apropiaci\u00f3n y modos de uso, reproducen relaciones de poder socialmente establecidas. Por ello, la inclusi\u00f3n digital debe asumirse como un derecho humano, en tanto la brecha digital, la pobreza informativa, la censura y la desinformaci\u00f3n constituyen barreras que afectan el ejercicio pleno de la ciudadan\u00eda.<\/p>\n\n\n\n<p>Garantizar una Educaci\u00f3n Digital Integral implica no solo acercar la conectividad, sino tambi\u00e9n desarrollar habilidades que permitan el uso cr\u00edtico y creativo y emancipa de la tecnolog\u00eda. En este contexto, ni\u00f1os, j\u00f3venes y adultos crecen, interact\u00faan y socializan en entornos mediados por dispositivos tecnol\u00f3gicos, lo que exige respuestas pedag\u00f3gicas acordes.<\/p>\n\n\n\n<p>Desde esta perspectiva, las TIC se constituyen como recursos que habilitan nuevas formas de aprender, renovar contenidos y metodolog\u00edas, y generar ambientes de aprendizaje centrados en el estudiante. Estos espacios promueven la autonom\u00eda, el pensamiento cr\u00edtico y el trabajo colaborativo, favoreciendo el acceso equitativo a la informaci\u00f3n.<\/p>\n\n\n\n<p>En este marco, la creaci\u00f3n de una sala de transmisi\u00f3n para los trayectos formativos del Canal de YouTube Institucional permitir\u00e1 incluir a estudiantes que no cuentan con conectividad en sus hogares, y facilitar\u00e1 el acceso a quienes residen en localidades cercanas. Asimismo, fortalecer\u00e1 el uso del canal como recurso educativo en las propuestas \u00e1ulicas de los docentes y en los proyectos institucionales de todos los niveles.<\/p>\n\n\n\n<figure class=\"wp-block-table is-style-stripes\"><table class=\"has-base-3-background-color has-background\"><tbody><tr><td class=\"has-text-align-center\" data-align=\"center\"><br><strong>Creaci\u00f3n de Sala de Transmisi\u00f3n y Proyecci\u00f3n \u00abPaulo Freire\u00bb<br>Resoluci\u00f3n\u00a0N\u00b0 14\/2025 Rector\u00eda<\/strong><\/td><td class=\"has-text-align-center\" data-align=\"center\"><br><strong><a href=\"https:\/\/drive.google.com\/file\/d\/1M0U6IMfhUqwAD1v8ryKTAC1jYt80DCmI\/view?usp=sharing\" data-type=\"URL\" data-id=\"https:\/\/drive.google.com\/file\/d\/1M0U6IMfhUqwAD1v8ryKTAC1jYt80DCmI\/view?usp=sharing\" target=\"_blank\" rel=\"noreferrer noopener\">Descargar<\/a><\/strong><br><img decoding=\"async\" loading=\"lazy\" width=\"32\" height=\"32\" class=\"wp-image-11747\" style=\"width: 32px;\" src=\"https:\/\/ensvillaguay-ers.infd.edu.ar\/sitio\/wp-content\/uploads\/2025\/08\/tocar.png\" alt=\"\"><\/td><\/tr><\/tbody><\/table><\/figure>\n","protected":false},"excerpt":{"rendered":"<p>El prop\u00f3sito de la sala es promover el desarrollo de propuestas educativas que integren las Tecnolog\u00edas de la Informaci\u00f3n y la Comunicaci\u00f3n (TIC) como herramientas para fortalecer los procesos de ense\u00f1anza y aprendizaje. En tal sentido, las TIC no son neutras en su distribuci\u00f3n, apropiaci\u00f3n y modos de uso, reproducen relaciones de poder socialmente establecidas. &#8230; <a title=\"Sala de transmisi\u00f3n y proyecci\u00f3n \u201cPaulo Freire\u201d\" class=\"read-more\" href=\"https:\/\/ensvillaguay-ers.infd.edu.ar\/sitio\/sala-de-transmision-y-proyeccion-paulo-freire\/\" aria-label=\"More on Sala de transmisi\u00f3n y proyecci\u00f3n \u201cPaulo Freire\u201d\">[+]<\/a><\/p>\n","protected":false},"author":1427,"featured_media":0,"parent":0,"menu_order":0,"comment_status":"closed","ping_status":"closed","template":"","meta":[],"acf":[],"_links":{"self":[{"href":"https:\/\/ensvillaguay-ers.infd.edu.ar\/sitio\/wp-json\/wp\/v2\/pages\/11912"}],"collection":[{"href":"https:\/\/ensvillaguay-ers.infd.edu.ar\/sitio\/wp-json\/wp\/v2\/pages"}],"about":[{"href":"https:\/\/ensvillaguay-ers.infd.edu.ar\/sitio\/wp-json\/wp\/v2\/types\/page"}],"author":[{"embeddable":true,"href":"https:\/\/ensvillaguay-ers.infd.edu.ar\/sitio\/wp-json\/wp\/v2\/users\/1427"}],"replies":[{"embeddable":true,"href":"https:\/\/ensvillaguay-ers.infd.edu.ar\/sitio\/wp-json\/wp\/v2\/comments?post=11912"}],"version-history":[{"count":1,"href":"https:\/\/ensvillaguay-ers.infd.edu.ar\/sitio\/wp-json\/wp\/v2\/pages\/11912\/revisions"}],"predecessor-version":[{"id":11915,"href":"https:\/\/ensvillaguay-ers.infd.edu.ar\/sitio\/wp-json\/wp\/v2\/pages\/11912\/revisions\/11915"}],"wp:attachment":[{"href":"https:\/\/ensvillaguay-ers.infd.edu.ar\/sitio\/wp-json\/wp\/v2\/media?parent=11912"}],"curies":[{"name":"wp","href":"https:\/\/api.w.org\/{rel}","templated":true}]}}