{"id":12062,"date":"2025-12-23T17:48:05","date_gmt":"2025-12-23T20:48:05","guid":{"rendered":"https:\/\/ensvillaguay-ers.infd.edu.ar\/sitio\/?page_id=12062"},"modified":"2025-12-23T18:15:34","modified_gmt":"2025-12-23T21:15:34","slug":"viii-jornadas-de-reflexion-del-campo-de-la-practica-docente-2025","status":"publish","type":"page","link":"https:\/\/ensvillaguay-ers.infd.edu.ar\/sitio\/viii-jornadas-de-reflexion-del-campo-de-la-practica-docente-2025\/","title":{"rendered":"VIII Jornadas de Reflexi\u00f3n del Campo de la Pr\u00e1ctica Docente \u2013 2025"},"content":{"rendered":"<h5 style=\"text-align: center;\"><strong><span style=\"color: #ff6600;\">Escenarios h\u00edbridos&nbsp;y pr\u00e1cticas pedag\u00f3gicas en movimiento: resignificando la ense\u00f1anza<\/span><\/strong><\/h5>\n\n\n<p><strong>Instancia Virtual<\/strong><\/p>\n\n\n\n<p><img decoding=\"async\" loading=\"lazy\" width=\"16\" height=\"16\" class=\"wp-image-12070\" style=\"width: 16px;\" src=\"https:\/\/ensvillaguay-ers.infd.edu.ar\/sitio\/wp-content\/uploads\/2025\/12\/image-2.png\" alt=\"\"> <strong>D\u00eda 10 de noviembre alas 18 horas<\/strong><\/p>\n\n\n\n<p>18 h &#8211; Apertura a cargo de las autoridades de la Instituci\u00f3n. <br>18:15 h \u2013 Panel virtual La medicalizaci\u00f3n de los malestares infanto juveniles actuales, a cargo de la Dra. Gabriela Due\u00f1as.<br>Coordinan Prof. Anal\u00eda D\u00edaz y Prof. Mariana Dimotta<br>19:30 h- Panel virtual GameUP: docentes que juegan, crean y transforman combinando game design, cultura maker y aprendizaje activo, a cargo de la Mg. Marisa Conde.<br>Coordinan Prof. \u00c9velyn Acosta y Prof. Mar\u00eda Victoria Barros<br>20:30 h- Panel Virtual Innovaci\u00f3n educativa con enfoque STEAM, a cargo del Mg. Hugo Rojas<br>Coordinan Prof. Anal\u00eda D\u00edaz y Mg. Luciana Tourn<br>21:30 h &#8211; Panel Virtual \u00bfEs posible formar docentes mediante la virtualidad? Experiencia rionegrina, a cargo de la Mg. Paula Palacios Leiva.<br>Coordinan Prof. \u00c9velyn Acosta y Prof. Ver\u00f3nica Zurdo<\/p>\n\n\n\n<p><img decoding=\"async\" loading=\"lazy\" width=\"16\" height=\"16\" class=\"wp-image-12070\" style=\"width: 16px;\" src=\"https:\/\/ensvillaguay-ers.infd.edu.ar\/sitio\/wp-content\/uploads\/2025\/12\/image-2.png\" alt=\"\"> <strong>D\u00eda 11 de noviembre a las 18 horas<\/strong><\/p>\n\n\n\n<p>18 h \u2013 Apertura a cargo de las autoridades de la Instituci\u00f3n<br>18:15 h \u2013 Panel Virtual La Inteligencia Artificial lleg\u00f3 a la Escuela. Criterios, estrategias y propuestas para la formaci\u00f3n docente, a cargo del Mg. Mario Cwi.<br>Coordinan Ing. C\u00e9sar Lujan y Tec. Juan Carlos Kuxhaus<br><\/p>\n\n\n\n<p><strong>Instancia Presencial<\/strong><\/p>\n\n\n\n<p>19 h &#8211; Panel Fortaleciendo nuestra identidad digital, a cargo de Prof. Marcos Sarli junto con los estudiantes Natalia Cardinali, Juan Ignacio Quindt, Lucrecia Warinet y Carla Rodr\u00edguez del Profesorado de Educaci\u00f3n Secundaria en Matem\u00e1tica.<br>19:30 h \u2013 Panel Propuesta Pedag\u00f3gica Transmedia: Streaming Sin L\u00f3gica de Nivel Secundario,a cargo de la Prof. Mar\u00eda Victoria Barros y , junto con los integrantes del Centro de Estudiante de Nivel Secundario.                                                                                                           20 h \u2013 Panel Otro punto de vista, a cargo del Prof. Miguel Fern\u00e1ndez junto con los estudiantes Gianello, Luciano; L\u00f3pez Dietz, Gonzalo; Medina, Valent\u00edn; Paiz, Natalia; Quindt, Juan Ignacio; Quiroga, Leila; Retomar, Jacqueline; Spadillero, Eliana del Profesorado de Educaci\u00f3n Secundaria en Matem\u00e1tica.<br>20:30 h &#8211; Panel de coformadoras: Acompa\u00f1ar, Orientar, Construir: Pr\u00e1cticas de Coformaci\u00f3n\u201d, a cargo del Prof. Juan Ignacio Lavini, Prof. Javier Wabiszczevicz, Prof. Hern\u00e1n Andreotti; Prof. Luciana Barreto; Prof. Mar\u00eda Celeste G\u00f3mez; Prof. Dante Gobo, Prof. Victoria Beltrame y Prof. Bel\u00e9n Bilbao.<\/p>\n\n\n\n<p><strong>21h &#8211; Talleres Tem\u00e1ticos Simult\u00e1neos<\/strong><\/p>\n\n\n\n<p>1) Ense\u00f1anza de las Efem\u00e9rides en la d\u00e9cada del cuarenta en la Argentina: Un an\u00e1lisis de las fuentes del archivo escolar, a cargo de las docentes Mar\u00eda Victoria Barros, Silvana Paccor y Luciana Tourn. Destinado a estudiantes y docentes de Nivel Superior.<\/p>\n\n\n\n<p>2) EduGPT para la Educaci\u00f3n Superior, a cargo de los Referentes T\u00e9cnicos C\u00e9sar Luj\u00e1n, Juan Carlos Kuxhaus y Daian S\u00e1nchez. Destinado a docentes y estudiantes de los Profesorados de Educaci\u00f3n Secundaria y de la Tecnicatura Superior en Seguridad, Higiene y Ambiente en el trabajo.<\/p>\n\n\n\n<p>3) Buenos h\u00e1bitos de alimentaci\u00f3n en ni\u00f1os, a cargo de la Prof Delfina Micheloud del Instituto Superior Villaguay D \u2013 258. Destinado a estudiantes y docentes del Profesorado de Educaci\u00f3n Primaria.<\/p>\n\n\n\n<p>4) Formaci\u00f3n docente e identidad profesional en el Nivel Inicial. Mesa de experiencia de pr\u00e1ctica en el Nivel Inicial, a cargo de la Prof. Adriana Vel\u00e1zquez. Destinado a estudiantes de Primero y Segundo a\u00f1o del Profesorado de Educaci\u00f3n Inicial.<\/p>\n\n\n\n<p>5) Del aula h\u00edbrida al aula significativa: estrategias activas en escenarios combinados, a cargo de la docente Cecilia Poqu\u00e9. Destinado a docentes y estudiantes de los Profesorados de Educaci\u00f3n Secundaria. <\/p>\n\n\n\n<p>6) Aulas heterog\u00e9neas \u00bfC\u00f3mo abordar la inclusi\u00f3n en el Nivel Inicial?, a cargo de la Prof. Mar\u00eda Rosa Allende y coordinada por la Prof Candela Silva y Prof. Marcela Bauer. Destinado a estudiantes de Tercero y Cuarto a\u00f1o del Profesorado de Educaci\u00f3n Inicial.<\/p>\n\n\n\n<p>7) Filosof\u00eda y M\u00fasica, donde la protagonista es la Raz\u00f3n, a cargo del Prof. Ren\u00e9 Escudero y el Dr. Ra\u00fal Piazzentino. Destinado a estudiantes y docentes de Nivel Superior y p\u00fablico en general.<\/p>\n\n\n\n<p><img decoding=\"async\" loading=\"lazy\" width=\"16\" height=\"16\" class=\"wp-image-12070\" style=\"width: 16px;\" src=\"https:\/\/ensvillaguay-ers.infd.edu.ar\/sitio\/wp-content\/uploads\/2025\/12\/image-2.png\" alt=\"\"><strong>D\u00eda 12 de noviembre a las 18:30 horas<\/strong><\/p>\n\n\n\n<p>18:30 h \u2013 Panel virtual \u201cVienen de Lejos, Caminos de Tiza\u201d La escuela en los medios y los medios en la escuela, a cargo de Lic. Mirta Goldberg.<br>Coordinan: Prof. Anal\u00eda D\u00edaz y Prof. Evelyn Acosta<\/p>\n\n\n<h5 style=\"text-align: center;\"><span style=\"color: #ff6600;\"><strong>Instancia Virtual<\/strong><\/span><\/h5>\n<p><\/p>\n\n\n<figure class=\"wp-block-table is-style-regular\"><table><tbody><tr><td class=\"has-text-align-center\" data-align=\"center\"><img decoding=\"async\" loading=\"lazy\" width=\"590\" height=\"332\" class=\"wp-image-12071\" style=\"width: 300px;\" src=\"https:\/\/ensvillaguay-ers.infd.edu.ar\/sitio\/wp-content\/uploads\/2025\/12\/1.jpg\" alt=\"\"><br>Link de conexi\u00f3n:&nbsp;<br><a href=\"https:\/\/www.youtube.com\/watch?v=N94-K60yCEc\">https:\/\/www.youtube.com\/watch?v=N94-K60yCEc<\/a><\/td><td class=\"has-text-align-center\" data-align=\"center\"><img decoding=\"async\" loading=\"lazy\" width=\"590\" height=\"332\" class=\"wp-image-12074\" style=\"width: 300px;\" src=\"https:\/\/ensvillaguay-ers.infd.edu.ar\/sitio\/wp-content\/uploads\/2025\/12\/2-1.jpg\" alt=\"\"><br>Link de conexi\u00f3n:&nbsp;<br><a href=\"https:\/\/www.youtube.com\/watch?v=n7izfrDdgso\">https:\/\/www.youtube.com\/watch?v=n7izfrDdgso<\/a><\/td><td class=\"has-text-align-center\" data-align=\"center\"><img decoding=\"async\" loading=\"lazy\" width=\"590\" height=\"332\" class=\"wp-image-12078\" style=\"width: 300px;\" src=\"https:\/\/ensvillaguay-ers.infd.edu.ar\/sitio\/wp-content\/uploads\/2025\/12\/3.jpg\" alt=\"\"><br>Link de conexi\u00f3n:&nbsp;<br><a href=\"https:\/\/www.youtube.com\/watch?v=BJdtBWPiKTA\">https:\/\/www.youtube.com\/watch?v=BJdtBWPiKTA<\/a><\/td><\/tr><tr><td class=\"has-text-align-center\" data-align=\"center\"><img decoding=\"async\" loading=\"lazy\" width=\"590\" height=\"332\" class=\"wp-image-12075\" style=\"width: 300px;\" src=\"https:\/\/ensvillaguay-ers.infd.edu.ar\/sitio\/wp-content\/uploads\/2025\/12\/4.jpg\" alt=\"\"><br>Link de conexi\u00f3n:<br><a href=\"https:\/\/www.youtube.com\/watch?v=I9g-lmqTmDA\">https:\/\/www.youtube.com\/watch?v=I9g-lmqTmDA<\/a><\/td><td class=\"has-text-align-center\" data-align=\"center\"><img decoding=\"async\" loading=\"lazy\" width=\"960\" height=\"540\" class=\"wp-image-12077\" style=\"width: 300px;\" src=\"https:\/\/ensvillaguay-ers.infd.edu.ar\/sitio\/wp-content\/uploads\/2025\/12\/5.jpg\" alt=\"\" srcset=\"https:\/\/ensvillaguay-ers.infd.edu.ar\/sitio\/wp-content\/uploads\/2025\/12\/5.jpg 960w, https:\/\/ensvillaguay-ers.infd.edu.ar\/sitio\/wp-content\/uploads\/2025\/12\/5-768x432.jpg 768w\" sizes=\"(max-width: 960px) 100vw, 960px\" \/><br>Link de conexi\u00f3n:&nbsp;<br><a href=\"https:\/\/www.youtube.com\/watch?v=hdDYDsI4IjA\">https:\/\/www.youtube.com\/watch?v=hdDYDsI4IjA<\/a><\/td><td class=\"has-text-align-center\" data-align=\"center\"><img decoding=\"async\" loading=\"lazy\" width=\"960\" height=\"540\" class=\"wp-image-12076\" style=\"width: 300px;\" src=\"https:\/\/ensvillaguay-ers.infd.edu.ar\/sitio\/wp-content\/uploads\/2025\/12\/6.jpg\" alt=\"\" srcset=\"https:\/\/ensvillaguay-ers.infd.edu.ar\/sitio\/wp-content\/uploads\/2025\/12\/6.jpg 960w, https:\/\/ensvillaguay-ers.infd.edu.ar\/sitio\/wp-content\/uploads\/2025\/12\/6-768x432.jpg 768w\" sizes=\"(max-width: 960px) 100vw, 960px\" \/><br>Link de conexi\u00f3n:&nbsp;<br><a href=\"https:\/\/www.youtube.com\/watch?v=uaUV0gHBJ_c\">https:\/\/www.youtube.com\/watch?v=uaUV0gHBJ_c<\/a><\/td><\/tr><\/tbody><\/table><\/figure>\n\n\n<h5 style=\"text-align: center;\"><span style=\"color: #ff6600;\"><strong>Instancia Presencial<\/strong><\/span><\/h5>\n\n\n<figure class=\"wp-block-gallery has-nested-images columns-default is-cropped wp-block-gallery-1 is-layout-flex\">\n<figure class=\"wp-block-image size-large\"><img decoding=\"async\" loading=\"lazy\" width=\"1040\" height=\"780\" data-id=\"12084\"  src=\"https:\/\/ensvillaguay-ers.infd.edu.ar\/sitio\/wp-content\/uploads\/2025\/12\/579447580_812534935086354_1332523749715331908_n-1.jpg\" alt=\"\" class=\"wp-image-12084\" srcset=\"https:\/\/ensvillaguay-ers.infd.edu.ar\/sitio\/wp-content\/uploads\/2025\/12\/579447580_812534935086354_1332523749715331908_n-1.jpg 1040w, https:\/\/ensvillaguay-ers.infd.edu.ar\/sitio\/wp-content\/uploads\/2025\/12\/579447580_812534935086354_1332523749715331908_n-1-1000x750.jpg 1000w, https:\/\/ensvillaguay-ers.infd.edu.ar\/sitio\/wp-content\/uploads\/2025\/12\/579447580_812534935086354_1332523749715331908_n-1-768x576.jpg 768w\" sizes=\"(max-width: 1040px) 100vw, 1040px\" \/><\/figure>\n\n\n\n<figure class=\"wp-block-image size-large\"><img decoding=\"async\" loading=\"lazy\" width=\"1040\" height=\"780\" data-id=\"12083\"  src=\"https:\/\/ensvillaguay-ers.infd.edu.ar\/sitio\/wp-content\/uploads\/2025\/12\/579447580_812534935086354_1332523749715331908_n.jpg\" alt=\"\" class=\"wp-image-12083\" srcset=\"https:\/\/ensvillaguay-ers.infd.edu.ar\/sitio\/wp-content\/uploads\/2025\/12\/579447580_812534935086354_1332523749715331908_n.jpg 1040w, https:\/\/ensvillaguay-ers.infd.edu.ar\/sitio\/wp-content\/uploads\/2025\/12\/579447580_812534935086354_1332523749715331908_n-1000x750.jpg 1000w, https:\/\/ensvillaguay-ers.infd.edu.ar\/sitio\/wp-content\/uploads\/2025\/12\/579447580_812534935086354_1332523749715331908_n-768x576.jpg 768w\" sizes=\"(max-width: 1040px) 100vw, 1040px\" \/><\/figure>\n\n\n\n<figure class=\"wp-block-image size-large\"><img decoding=\"async\" loading=\"lazy\" width=\"1280\" height=\"720\" data-id=\"12082\"  src=\"https:\/\/ensvillaguay-ers.infd.edu.ar\/sitio\/wp-content\/uploads\/2025\/12\/582724947_812534905086357_8986932196366658188_n.jpg\" alt=\"\" class=\"wp-image-12082\" srcset=\"https:\/\/ensvillaguay-ers.infd.edu.ar\/sitio\/wp-content\/uploads\/2025\/12\/582724947_812534905086357_8986932196366658188_n.jpg 1280w, https:\/\/ensvillaguay-ers.infd.edu.ar\/sitio\/wp-content\/uploads\/2025\/12\/582724947_812534905086357_8986932196366658188_n-1000x563.jpg 1000w, https:\/\/ensvillaguay-ers.infd.edu.ar\/sitio\/wp-content\/uploads\/2025\/12\/582724947_812534905086357_8986932196366658188_n-768x432.jpg 768w\" sizes=\"(max-width: 1280px) 100vw, 1280px\" \/><\/figure>\n\n\n\n<figure class=\"wp-block-image size-large\"><img decoding=\"async\" loading=\"lazy\" width=\"1280\" height=\"720\" data-id=\"12087\"  src=\"https:\/\/ensvillaguay-ers.infd.edu.ar\/sitio\/wp-content\/uploads\/2025\/12\/582670197_812534868419694_9084465045823196245_n.jpg\" alt=\"\" class=\"wp-image-12087\" srcset=\"https:\/\/ensvillaguay-ers.infd.edu.ar\/sitio\/wp-content\/uploads\/2025\/12\/582670197_812534868419694_9084465045823196245_n.jpg 1280w, https:\/\/ensvillaguay-ers.infd.edu.ar\/sitio\/wp-content\/uploads\/2025\/12\/582670197_812534868419694_9084465045823196245_n-1000x563.jpg 1000w, https:\/\/ensvillaguay-ers.infd.edu.ar\/sitio\/wp-content\/uploads\/2025\/12\/582670197_812534868419694_9084465045823196245_n-768x432.jpg 768w\" sizes=\"(max-width: 1280px) 100vw, 1280px\" \/><\/figure>\n\n\n\n<figure class=\"wp-block-image size-large\"><img decoding=\"async\" loading=\"lazy\" width=\"1280\" height=\"720\" data-id=\"12085\"  src=\"https:\/\/ensvillaguay-ers.infd.edu.ar\/sitio\/wp-content\/uploads\/2025\/12\/580509737_812534835086364_3772475930776896363_n.jpg\" alt=\"\" class=\"wp-image-12085\" srcset=\"https:\/\/ensvillaguay-ers.infd.edu.ar\/sitio\/wp-content\/uploads\/2025\/12\/580509737_812534835086364_3772475930776896363_n.jpg 1280w, https:\/\/ensvillaguay-ers.infd.edu.ar\/sitio\/wp-content\/uploads\/2025\/12\/580509737_812534835086364_3772475930776896363_n-1000x563.jpg 1000w, https:\/\/ensvillaguay-ers.infd.edu.ar\/sitio\/wp-content\/uploads\/2025\/12\/580509737_812534835086364_3772475930776896363_n-768x432.jpg 768w\" sizes=\"(max-width: 1280px) 100vw, 1280px\" \/><\/figure>\n\n\n\n<figure class=\"wp-block-image size-large\"><img decoding=\"async\" loading=\"lazy\" width=\"1280\" height=\"720\" data-id=\"12086\"  src=\"https:\/\/ensvillaguay-ers.infd.edu.ar\/sitio\/wp-content\/uploads\/2025\/12\/583330069_812534801753034_5915464661956388320_n.jpg\" alt=\"\" class=\"wp-image-12086\" srcset=\"https:\/\/ensvillaguay-ers.infd.edu.ar\/sitio\/wp-content\/uploads\/2025\/12\/583330069_812534801753034_5915464661956388320_n.jpg 1280w, https:\/\/ensvillaguay-ers.infd.edu.ar\/sitio\/wp-content\/uploads\/2025\/12\/583330069_812534801753034_5915464661956388320_n-1000x563.jpg 1000w, https:\/\/ensvillaguay-ers.infd.edu.ar\/sitio\/wp-content\/uploads\/2025\/12\/583330069_812534801753034_5915464661956388320_n-768x432.jpg 768w\" sizes=\"(max-width: 1280px) 100vw, 1280px\" \/><\/figure>\n\n\n\n<figure class=\"wp-block-image size-large\"><img decoding=\"async\" loading=\"lazy\" width=\"1600\" height=\"900\" data-id=\"12088\"  src=\"https:\/\/ensvillaguay-ers.infd.edu.ar\/sitio\/wp-content\/uploads\/2025\/12\/580065548_812534768419704_4319324213112570780_n.jpg\" alt=\"\" class=\"wp-image-12088\" srcset=\"https:\/\/ensvillaguay-ers.infd.edu.ar\/sitio\/wp-content\/uploads\/2025\/12\/580065548_812534768419704_4319324213112570780_n.jpg 1600w, https:\/\/ensvillaguay-ers.infd.edu.ar\/sitio\/wp-content\/uploads\/2025\/12\/580065548_812534768419704_4319324213112570780_n-1000x563.jpg 1000w, https:\/\/ensvillaguay-ers.infd.edu.ar\/sitio\/wp-content\/uploads\/2025\/12\/580065548_812534768419704_4319324213112570780_n-768x432.jpg 768w, https:\/\/ensvillaguay-ers.infd.edu.ar\/sitio\/wp-content\/uploads\/2025\/12\/580065548_812534768419704_4319324213112570780_n-1536x864.jpg 1536w\" sizes=\"(max-width: 1600px) 100vw, 1600px\" \/><\/figure>\n\n\n\n<figure class=\"wp-block-image size-large\"><img decoding=\"async\" loading=\"lazy\" width=\"1280\" height=\"720\" data-id=\"12089\"  src=\"https:\/\/ensvillaguay-ers.infd.edu.ar\/sitio\/wp-content\/uploads\/2025\/12\/583806375_812534711753043_1449561267751448810_n-1.jpg\" alt=\"\" class=\"wp-image-12089\" srcset=\"https:\/\/ensvillaguay-ers.infd.edu.ar\/sitio\/wp-content\/uploads\/2025\/12\/583806375_812534711753043_1449561267751448810_n-1.jpg 1280w, https:\/\/ensvillaguay-ers.infd.edu.ar\/sitio\/wp-content\/uploads\/2025\/12\/583806375_812534711753043_1449561267751448810_n-1-1000x563.jpg 1000w, https:\/\/ensvillaguay-ers.infd.edu.ar\/sitio\/wp-content\/uploads\/2025\/12\/583806375_812534711753043_1449561267751448810_n-1-768x432.jpg 768w\" sizes=\"(max-width: 1280px) 100vw, 1280px\" \/><\/figure>\n\n\n\n<figure class=\"wp-block-image size-large\"><img decoding=\"async\" loading=\"lazy\" width=\"1280\" height=\"720\" data-id=\"12091\"  src=\"https:\/\/ensvillaguay-ers.infd.edu.ar\/sitio\/wp-content\/uploads\/2025\/12\/583806375_812534711753043_1449561267751448810_n.jpg\" alt=\"\" class=\"wp-image-12091\" srcset=\"https:\/\/ensvillaguay-ers.infd.edu.ar\/sitio\/wp-content\/uploads\/2025\/12\/583806375_812534711753043_1449561267751448810_n.jpg 1280w, https:\/\/ensvillaguay-ers.infd.edu.ar\/sitio\/wp-content\/uploads\/2025\/12\/583806375_812534711753043_1449561267751448810_n-1000x563.jpg 1000w, https:\/\/ensvillaguay-ers.infd.edu.ar\/sitio\/wp-content\/uploads\/2025\/12\/583806375_812534711753043_1449561267751448810_n-768x432.jpg 768w\" sizes=\"(max-width: 1280px) 100vw, 1280px\" \/><\/figure>\n\n\n\n<figure class=\"wp-block-image size-large\"><img decoding=\"async\" loading=\"lazy\" width=\"1280\" height=\"720\" data-id=\"12090\"  src=\"https:\/\/ensvillaguay-ers.infd.edu.ar\/sitio\/wp-content\/uploads\/2025\/12\/582653839_812534725086375_6794167988731620982_n.jpg\" alt=\"\" class=\"wp-image-12090\" srcset=\"https:\/\/ensvillaguay-ers.infd.edu.ar\/sitio\/wp-content\/uploads\/2025\/12\/582653839_812534725086375_6794167988731620982_n.jpg 1280w, https:\/\/ensvillaguay-ers.infd.edu.ar\/sitio\/wp-content\/uploads\/2025\/12\/582653839_812534725086375_6794167988731620982_n-1000x563.jpg 1000w, https:\/\/ensvillaguay-ers.infd.edu.ar\/sitio\/wp-content\/uploads\/2025\/12\/582653839_812534725086375_6794167988731620982_n-768x432.jpg 768w\" sizes=\"(max-width: 1280px) 100vw, 1280px\" \/><\/figure>\n\n\n\n<figure class=\"wp-block-image size-large\"><img decoding=\"async\" loading=\"lazy\" width=\"1280\" height=\"720\" data-id=\"12092\"  src=\"https:\/\/ensvillaguay-ers.infd.edu.ar\/sitio\/wp-content\/uploads\/2025\/12\/580582564_812534575086390_5614813627261541258_n.jpg\" alt=\"\" class=\"wp-image-12092\" srcset=\"https:\/\/ensvillaguay-ers.infd.edu.ar\/sitio\/wp-content\/uploads\/2025\/12\/580582564_812534575086390_5614813627261541258_n.jpg 1280w, https:\/\/ensvillaguay-ers.infd.edu.ar\/sitio\/wp-content\/uploads\/2025\/12\/580582564_812534575086390_5614813627261541258_n-1000x563.jpg 1000w, https:\/\/ensvillaguay-ers.infd.edu.ar\/sitio\/wp-content\/uploads\/2025\/12\/580582564_812534575086390_5614813627261541258_n-768x432.jpg 768w\" sizes=\"(max-width: 1280px) 100vw, 1280px\" \/><\/figure>\n\n\n\n<figure class=\"wp-block-image size-large\"><img decoding=\"async\" loading=\"lazy\" width=\"1600\" height=\"900\" data-id=\"12093\"  src=\"https:\/\/ensvillaguay-ers.infd.edu.ar\/sitio\/wp-content\/uploads\/2025\/12\/581968446_812534611753053_2397214410892066552_n.jpg\" alt=\"\" class=\"wp-image-12093\" srcset=\"https:\/\/ensvillaguay-ers.infd.edu.ar\/sitio\/wp-content\/uploads\/2025\/12\/581968446_812534611753053_2397214410892066552_n.jpg 1600w, https:\/\/ensvillaguay-ers.infd.edu.ar\/sitio\/wp-content\/uploads\/2025\/12\/581968446_812534611753053_2397214410892066552_n-1000x563.jpg 1000w, https:\/\/ensvillaguay-ers.infd.edu.ar\/sitio\/wp-content\/uploads\/2025\/12\/581968446_812534611753053_2397214410892066552_n-768x432.jpg 768w, https:\/\/ensvillaguay-ers.infd.edu.ar\/sitio\/wp-content\/uploads\/2025\/12\/581968446_812534611753053_2397214410892066552_n-1536x864.jpg 1536w\" sizes=\"(max-width: 1600px) 100vw, 1600px\" \/><\/figure>\n\n\n\n<figure class=\"wp-block-image size-large\"><img decoding=\"async\" loading=\"lazy\" width=\"1600\" height=\"900\" data-id=\"12094\"  src=\"https:\/\/ensvillaguay-ers.infd.edu.ar\/sitio\/wp-content\/uploads\/2025\/12\/580000860_812534601753054_1818416684039650558_n.jpg\" alt=\"\" class=\"wp-image-12094\" srcset=\"https:\/\/ensvillaguay-ers.infd.edu.ar\/sitio\/wp-content\/uploads\/2025\/12\/580000860_812534601753054_1818416684039650558_n.jpg 1600w, https:\/\/ensvillaguay-ers.infd.edu.ar\/sitio\/wp-content\/uploads\/2025\/12\/580000860_812534601753054_1818416684039650558_n-1000x563.jpg 1000w, https:\/\/ensvillaguay-ers.infd.edu.ar\/sitio\/wp-content\/uploads\/2025\/12\/580000860_812534601753054_1818416684039650558_n-768x432.jpg 768w, https:\/\/ensvillaguay-ers.infd.edu.ar\/sitio\/wp-content\/uploads\/2025\/12\/580000860_812534601753054_1818416684039650558_n-1536x864.jpg 1536w\" sizes=\"(max-width: 1600px) 100vw, 1600px\" \/><\/figure>\n\n\n\n<figure class=\"wp-block-image size-large\"><img decoding=\"async\" loading=\"lazy\" width=\"1280\" height=\"960\" data-id=\"12095\"  src=\"https:\/\/ensvillaguay-ers.infd.edu.ar\/sitio\/wp-content\/uploads\/2025\/12\/581607518_812534511753063_4005122216832758420_n.jpg\" alt=\"\" class=\"wp-image-12095\" srcset=\"https:\/\/ensvillaguay-ers.infd.edu.ar\/sitio\/wp-content\/uploads\/2025\/12\/581607518_812534511753063_4005122216832758420_n.jpg 1280w, https:\/\/ensvillaguay-ers.infd.edu.ar\/sitio\/wp-content\/uploads\/2025\/12\/581607518_812534511753063_4005122216832758420_n-1000x750.jpg 1000w, https:\/\/ensvillaguay-ers.infd.edu.ar\/sitio\/wp-content\/uploads\/2025\/12\/581607518_812534511753063_4005122216832758420_n-768x576.jpg 768w\" sizes=\"(max-width: 1280px) 100vw, 1280px\" \/><\/figure>\n\n\n\n<figure class=\"wp-block-image size-large\"><img decoding=\"async\" loading=\"lazy\" width=\"1204\" height=\"1600\" data-id=\"12097\"  src=\"https:\/\/ensvillaguay-ers.infd.edu.ar\/sitio\/wp-content\/uploads\/2025\/12\/581677201_812534488419732_3008816055582399544_n.jpg\" alt=\"\" class=\"wp-image-12097\" srcset=\"https:\/\/ensvillaguay-ers.infd.edu.ar\/sitio\/wp-content\/uploads\/2025\/12\/581677201_812534488419732_3008816055582399544_n.jpg 1204w, https:\/\/ensvillaguay-ers.infd.edu.ar\/sitio\/wp-content\/uploads\/2025\/12\/581677201_812534488419732_3008816055582399544_n-753x1000.jpg 753w, https:\/\/ensvillaguay-ers.infd.edu.ar\/sitio\/wp-content\/uploads\/2025\/12\/581677201_812534488419732_3008816055582399544_n-768x1021.jpg 768w, https:\/\/ensvillaguay-ers.infd.edu.ar\/sitio\/wp-content\/uploads\/2025\/12\/581677201_812534488419732_3008816055582399544_n-1156x1536.jpg 1156w\" sizes=\"(max-width: 1204px) 100vw, 1204px\" \/><\/figure>\n<\/figure>\n","protected":false},"excerpt":{"rendered":"<p>Escenarios h\u00edbridos&nbsp;y pr\u00e1cticas pedag\u00f3gicas en movimiento: resignificando la ense\u00f1anza Instancia Virtual D\u00eda 10 de noviembre alas 18 horas 18 h &#8211; Apertura a cargo de las autoridades de la Instituci\u00f3n. 18:15 h \u2013 Panel virtual La medicalizaci\u00f3n de los malestares infanto juveniles actuales, a cargo de la Dra. Gabriela Due\u00f1as.Coordinan Prof. Anal\u00eda D\u00edaz y Prof. &#8230; <a title=\"VIII Jornadas de Reflexi\u00f3n del Campo de la Pr\u00e1ctica Docente \u2013 2025\" class=\"read-more\" href=\"https:\/\/ensvillaguay-ers.infd.edu.ar\/sitio\/viii-jornadas-de-reflexion-del-campo-de-la-practica-docente-2025\/\" aria-label=\"More on VIII Jornadas de Reflexi\u00f3n del Campo de la Pr\u00e1ctica Docente \u2013 2025\">[+]<\/a><\/p>\n","protected":false},"author":1427,"featured_media":0,"parent":0,"menu_order":0,"comment_status":"closed","ping_status":"closed","template":"","meta":[],"acf":[],"_links":{"self":[{"href":"https:\/\/ensvillaguay-ers.infd.edu.ar\/sitio\/wp-json\/wp\/v2\/pages\/12062"}],"collection":[{"href":"https:\/\/ensvillaguay-ers.infd.edu.ar\/sitio\/wp-json\/wp\/v2\/pages"}],"about":[{"href":"https:\/\/ensvillaguay-ers.infd.edu.ar\/sitio\/wp-json\/wp\/v2\/types\/page"}],"author":[{"embeddable":true,"href":"https:\/\/ensvillaguay-ers.infd.edu.ar\/sitio\/wp-json\/wp\/v2\/users\/1427"}],"replies":[{"embeddable":true,"href":"https:\/\/ensvillaguay-ers.infd.edu.ar\/sitio\/wp-json\/wp\/v2\/comments?post=12062"}],"version-history":[{"count":5,"href":"https:\/\/ensvillaguay-ers.infd.edu.ar\/sitio\/wp-json\/wp\/v2\/pages\/12062\/revisions"}],"predecessor-version":[{"id":12105,"href":"https:\/\/ensvillaguay-ers.infd.edu.ar\/sitio\/wp-json\/wp\/v2\/pages\/12062\/revisions\/12105"}],"wp:attachment":[{"href":"https:\/\/ensvillaguay-ers.infd.edu.ar\/sitio\/wp-json\/wp\/v2\/media?parent=12062"}],"curies":[{"name":"wp","href":"https:\/\/api.w.org\/{rel}","templated":true}]}}