{"id":12228,"date":"2026-02-27T10:51:21","date_gmt":"2026-02-27T13:51:21","guid":{"rendered":"https:\/\/ensvillaguay-ers.infd.edu.ar\/sitio\/?page_id=12228"},"modified":"2026-03-02T13:12:29","modified_gmt":"2026-03-02T16:12:29","slug":"profesorado-de-educacion-superior-en-ciencias-de-la-educacion","status":"publish","type":"page","link":"https:\/\/ensvillaguay-ers.infd.edu.ar\/sitio\/profesorado-de-educacion-superior-en-ciencias-de-la-educacion\/","title":{"rendered":"Profesorado de Educaci\u00f3n Superior en Ciencias de la Educaci\u00f3n"},"content":{"rendered":"<h4><em><strong>T\u00edtulo que otorga<\/strong>: Profesor\/a de Educaci\u00f3n Superior en Ciencias de la Educaci\u00f3n<\/em><\/h4>\n<p>____________________________________________________________________________________________________________________________________<\/p>\n<div class=\"wp-block-column is-layout-flow\">\n<figure class=\"wp-block-image size-full\"><img decoding=\"async\" loading=\"lazy\" class=\" wp-image-12229 alignleft\" src=\"https:\/\/ensvillaguay-ers.infd.edu.ar\/sitio\/wp-content\/uploads\/2026\/02\/cs-de-la-edu.jpeg\" alt=\"\" width=\"507\" height=\"718\" \/><\/figure>\n<\/div>\n<div class=\"wp-block-column is-layout-flow\">\n<figure class=\"wp-block-table is-style-stripes\">\n<table style=\"height: 692px;\" width=\"558\">\n<tbody>\n<tr>\n<td>\n<p><strong>Campo Profesional: <\/strong>Podr\u00e1 ejercer la docencia en el Nivel Secundario y Superior, elaborar y coordinar propuestas de orientaci\u00f3n educativa y ocupacional, dise\u00f1ar instancias de formaci\u00f3n y actualizaci\u00f3n docente, asesorar pedag\u00f3gicamente las instituciones educativas y sociocomunitarias, etc.<\/p>\n<\/td>\n<\/tr>\n<tr>\n<td>\n<p><strong>Campos de Formaci\u00f3n:<br \/>Formaci\u00f3n General: <\/strong>Alfabetizaci\u00f3n Acad\u00e9mica; Historia, social y pol\u00edtica Argentina y Latinoamericana, Filosof\u00eda; Historia de la Educaci\u00f3n; Sociolog\u00eda; Psicolog\u00eda de la Educaci\u00f3n, etc.<\/p>\n<p><strong>Formaci\u00f3n Espec\u00edfica: <\/strong>Did\u00e1ctica; Sujeto de la Educaci\u00f3n en diferentes contextos; Problem\u00e1ticas Educativas; Evaluaci\u00f3n; Educaci\u00f3n Comparada; Investigaci\u00f3n Educativa; Pol\u00edtica Educativa, etc.<\/p>\n<p><strong>Formaci\u00f3n del Campo de la Pr\u00e1ctica Docente: <\/strong>Pr\u00e1ctica Docente I, II, III, IV y V.<\/p>\n<\/td>\n<\/tr>\n<tr>\n<td><strong>Duraci\u00f3n 5 a\u00f1os<\/strong><\/td>\n<\/tr>\n<tr>\n<td><a href=\"https:\/\/drive.google.com\/file\/d\/1jfY54BPCoA1HO6COCc4eXFc8QKBVPi4-\/view?usp=sharing\"><strong>Plan de Estudio<\/strong><\/a><\/td>\n<\/tr>\n<tr>\n<td>\n<h6><strong><a href=\"https:\/\/drive.google.com\/file\/d\/1--xZFpmZpoh6GulJger_4iXzec5NKOKY\/view\">Res. N\u00b0 4796\/15 CGE<\/a>\u00a0<\/strong><\/h6>\n<\/td>\n<\/tr>\n<\/tbody>\n<\/table>\n<\/figure>\n<\/div>\n\n\n<figure class=\"wp-block-table is-style-stripes\"><table><tbody><tr><td><strong>Perfil del Egresado:<\/strong> El egresado del Profesorado de Educaci\u00f3n Superior en Ciencias de la Educaci\u00f3n tendr\u00e1 la capacidad de:<br>&#8211; Comprometerse \u00e9tica y pol\u00edticamente con los procesos culturales, sociales, est\u00e9ticos de la sociedad en la que vive.<br>&#8211;&nbsp;Ejercer la docencia en el nivel secundario y superior.<br>&#8211;&nbsp;Integrar equipos interdisciplinarios y de gesti\u00f3n educativa en los distintos niveles y modalidades.<br>&#8211;&nbsp;Elaborar y coordinar propuestas de orientaci\u00f3n educativa y ocupacional.<br>&#8211;&nbsp;Asesorar pedag\u00f3gicamente las instituciones educativas y sociocomunitarias.<br>&#8211;&nbsp;Dise\u00f1ar instancias de formaci\u00f3n y actualizaci\u00f3n docente.<br>&#8211;&nbsp;Planificar, implementar y evaluar planes de estudios, programas y proyectos educativos.<br>&#8211;&nbsp;Asumir como sujeto aut\u00f3nomo, creativo, con responsabilidad profesional para la toma de decisiones.<br>&#8211;&nbsp;Contextualizar las intervenciones de ense\u00f1anza en pos de encontrar diferentes y mejores formas de posibilitar los aprendizajes de los estudiantes, y apoyar procesos democr\u00e1ticos al interior de las instituciones educativas y de las aulas.<\/td><\/tr><\/tbody><\/table><\/figure>\n","protected":false},"excerpt":{"rendered":"<p>T\u00edtulo que otorga: Profesor\/a de Educaci\u00f3n Superior en Ciencias de la Educaci\u00f3n ____________________________________________________________________________________________________________________________________ Campo Profesional: Podr\u00e1 ejercer la docencia en el Nivel Secundario y Superior, elaborar y coordinar propuestas de orientaci\u00f3n educativa y ocupacional, dise\u00f1ar instancias de formaci\u00f3n y actualizaci\u00f3n docente, asesorar pedag\u00f3gicamente las instituciones educativas y sociocomunitarias, etc. Campos de Formaci\u00f3n:Formaci\u00f3n General: Alfabetizaci\u00f3n Acad\u00e9mica; &#8230; <a title=\"Profesorado de Educaci\u00f3n Superior en Ciencias de la Educaci\u00f3n\" class=\"read-more\" href=\"https:\/\/ensvillaguay-ers.infd.edu.ar\/sitio\/profesorado-de-educacion-superior-en-ciencias-de-la-educacion\/\" aria-label=\"More on Profesorado de Educaci\u00f3n Superior en Ciencias de la Educaci\u00f3n\">[+]<\/a><\/p>\n","protected":false},"author":1427,"featured_media":0,"parent":0,"menu_order":0,"comment_status":"closed","ping_status":"closed","template":"","meta":[],"acf":[],"_links":{"self":[{"href":"https:\/\/ensvillaguay-ers.infd.edu.ar\/sitio\/wp-json\/wp\/v2\/pages\/12228"}],"collection":[{"href":"https:\/\/ensvillaguay-ers.infd.edu.ar\/sitio\/wp-json\/wp\/v2\/pages"}],"about":[{"href":"https:\/\/ensvillaguay-ers.infd.edu.ar\/sitio\/wp-json\/wp\/v2\/types\/page"}],"author":[{"embeddable":true,"href":"https:\/\/ensvillaguay-ers.infd.edu.ar\/sitio\/wp-json\/wp\/v2\/users\/1427"}],"replies":[{"embeddable":true,"href":"https:\/\/ensvillaguay-ers.infd.edu.ar\/sitio\/wp-json\/wp\/v2\/comments?post=12228"}],"version-history":[{"count":4,"href":"https:\/\/ensvillaguay-ers.infd.edu.ar\/sitio\/wp-json\/wp\/v2\/pages\/12228\/revisions"}],"predecessor-version":[{"id":12243,"href":"https:\/\/ensvillaguay-ers.infd.edu.ar\/sitio\/wp-json\/wp\/v2\/pages\/12228\/revisions\/12243"}],"wp:attachment":[{"href":"https:\/\/ensvillaguay-ers.infd.edu.ar\/sitio\/wp-json\/wp\/v2\/media?parent=12228"}],"curies":[{"name":"wp","href":"https:\/\/api.w.org\/{rel}","templated":true}]}}