{"id":1476,"date":"2018-08-14T19:17:42","date_gmt":"2018-08-14T22:17:42","guid":{"rendered":"https:\/\/ensvillaguay-ers.infd.edu.ar\/sitio\/?page_id=1476"},"modified":"2019-12-19T11:26:55","modified_gmt":"2019-12-19T14:26:55","slug":"bachiller-con-orientacion-en-ciencias-sociales-y-humanidades","status":"publish","type":"page","link":"https:\/\/ensvillaguay-ers.infd.edu.ar\/sitio\/bachiller-con-orientacion-en-ciencias-sociales-y-humanidades\/","title":{"rendered":"Bachiller con orientaci\u00f3n en  Ciencias Sociales y Humanidades"},"content":{"rendered":"<p style=\"text-align: center;\">FORMACI\u00d3N ESPEC\u00cdFICA<\/p>\n<table width=\"905\">\n<tbody>\n<tr>\n<td colspan=\"4\" width=\"905\">\n<h3><b>Ciclo orientado: Ciencias Sociales y Humanidades<\/b><\/h3>\n<p><b>4\u00b0,<\/b><b> 5\u00b0 y 6\u00b0 A\u00f1o (Divisiones: II, III y V)<\/b><\/td>\n<\/tr>\n<tr>\n<td colspan=\"4\" width=\"905\"><b>M\u00fasica<\/b><\/td>\n<\/tr>\n<tr>\n<td colspan=\"4\" width=\"905\"><b>Artes<\/b><b> Visuales<\/b><\/td>\n<\/tr>\n<tr>\n<td width=\"226\"><b>Lenguas extranjeras<\/b><\/td>\n<td width=\"226\"><b>Ingl\u00e9s<\/b><\/td>\n<td width=\"226\"><\/td>\n<td width=\"226\"><\/td>\n<\/tr>\n<tr>\n<td width=\"226\"><\/td>\n<td width=\"226\"><b>Divisiones:<\/b> II, IV<\/td>\n<td width=\"226\"><\/td>\n<td width=\"226\"><\/td>\n<\/tr>\n<tr>\n<td colspan=\"4\" width=\"905\"><b>Matem\u00e1tica<\/b><\/td>\n<\/tr>\n<tr>\n<td colspan=\"4\" width=\"905\"><b>Lengua<\/b><b> y literatura<\/b><\/td>\n<\/tr>\n<tr>\n<td colspan=\"4\" width=\"905\"><b>Literatura Latinoamericana<\/b><\/td>\n<\/tr>\n<tr>\n<td colspan=\"4\" width=\"905\"><b>Literatura Argentina<\/b><\/td>\n<\/tr>\n<tr>\n<td colspan=\"4\" width=\"905\"><b>Formaci\u00f3n \u00e9tica y ciudadana<\/b><\/td>\n<\/tr>\n<tr>\n<td colspan=\"4\" width=\"905\"><b>Geograf\u00eda<\/b><\/td>\n<\/tr>\n<tr>\n<td colspan=\"4\" width=\"905\"><b>Historia<\/b><\/td>\n<\/tr>\n<tr>\n<td colspan=\"4\" width=\"905\"><b>Educaci\u00f3n F\u00edsica<\/b><\/td>\n<\/tr>\n<tr>\n<td colspan=\"4\" width=\"905\"><\/td>\n<\/tr>\n<\/tbody>\n<\/table>\n<table width=\"872\">\n<tbody>\n<tr>\n<td width=\"872\"><b>Ciclo orientado: Ciencias Sociales y Humanidades<\/b><\/p>\n<p><b>4\u00b0,<\/b><b> 5\u00b0 y 6\u00b0 A\u00f1o (Divisiones: II, III y V)<\/b><\/td>\n<\/tr>\n<tr>\n<td width=\"872\"><b>Filosof\u00eda<\/b><\/td>\n<\/tr>\n<tr>\n<td width=\"872\"><b>Psicolog\u00eda<\/b><\/td>\n<\/tr>\n<tr>\n<td width=\"872\"><b>Tecnolog\u00edas de la informaci\u00f3n y comunicaci\u00f3n <\/b><\/td>\n<\/tr>\n<tr>\n<td width=\"872\"><b>Biolog\u00eda<\/b><\/td>\n<\/tr>\n<tr>\n<td width=\"872\"><b>F\u00edsica<\/b><\/td>\n<\/tr>\n<tr>\n<td width=\"872\"><b>Qu\u00edmica<\/b><\/td>\n<\/tr>\n<tr>\n<td width=\"872\"><b>Econom\u00eda<\/b><\/td>\n<\/tr>\n<tr>\n<td width=\"872\"><b>Geograf\u00eda ambiental<\/b><\/td>\n<\/tr>\n<tr>\n<td width=\"872\"><b>Sociolog\u00eda 6toI, <a href=\"https:\/\/ensvillaguay-ers.infd.edu.ar\/sitio\/wp-content\/uploads\/2019\/12\/PROGRAMA-PRACTICA-EDUCATIVA-LIBRE6TO.pdf\">II<\/a>,III,IV,V<\/b><\/td>\n<\/tr>\n<tr>\n<td width=\"872\"><b>Derecho<\/b><\/td>\n<\/tr>\n<tr>\n<td width=\"872\"><b>Econom\u00eda II<\/b><\/td>\n<\/tr>\n<tr>\n<td width=\"872\"><b>Filosof\u00eda II<\/b><\/td>\n<\/tr>\n<tr>\n<td width=\"872\"><b>Metodolog\u00eda de la investigaci\u00f3n<\/b><\/td>\n<\/tr>\n<tr>\n<td width=\"872\"><b>Pr\u00e1cticas Educativas 6to, I,II,III,IV<a href=\"https:\/\/ensvillaguay-ers.infd.edu.ar\/sitio\/wp-content\/uploads\/2019\/12\/PROGRAMA-PRACTICA-EDUCATIVA-LIBRE6TO.pdf\">,V<\/a><\/b><\/td>\n<\/tr>\n<\/tbody>\n<\/table>\n<p>&nbsp;<\/p>\n","protected":false},"excerpt":{"rendered":"<p>FORMACI\u00d3N ESPEC\u00cdFICA Ciclo orientado: Ciencias Sociales y Humanidades 4\u00b0, 5\u00b0 y 6\u00b0 A\u00f1o (Divisiones: II, III y V) M\u00fasica Artes Visuales Lenguas extranjeras Ingl\u00e9s Divisiones: II, IV Matem\u00e1tica Lengua y literatura Literatura Latinoamericana Literatura Argentina Formaci\u00f3n \u00e9tica y ciudadana Geograf\u00eda Historia Educaci\u00f3n F\u00edsica Ciclo orientado: Ciencias Sociales y Humanidades 4\u00b0, 5\u00b0 y 6\u00b0 A\u00f1o (Divisiones: &#8230; <a title=\"Bachiller con orientaci\u00f3n en  Ciencias Sociales y Humanidades\" class=\"read-more\" href=\"https:\/\/ensvillaguay-ers.infd.edu.ar\/sitio\/bachiller-con-orientacion-en-ciencias-sociales-y-humanidades\/\" aria-label=\"More on Bachiller con orientaci\u00f3n en  Ciencias Sociales y Humanidades\">[+]<\/a><\/p>\n","protected":false},"author":1128,"featured_media":2890,"parent":0,"menu_order":0,"comment_status":"closed","ping_status":"closed","template":"","meta":[],"acf":[],"_links":{"self":[{"href":"https:\/\/ensvillaguay-ers.infd.edu.ar\/sitio\/wp-json\/wp\/v2\/pages\/1476"}],"collection":[{"href":"https:\/\/ensvillaguay-ers.infd.edu.ar\/sitio\/wp-json\/wp\/v2\/pages"}],"about":[{"href":"https:\/\/ensvillaguay-ers.infd.edu.ar\/sitio\/wp-json\/wp\/v2\/types\/page"}],"author":[{"embeddable":true,"href":"https:\/\/ensvillaguay-ers.infd.edu.ar\/sitio\/wp-json\/wp\/v2\/users\/1128"}],"replies":[{"embeddable":true,"href":"https:\/\/ensvillaguay-ers.infd.edu.ar\/sitio\/wp-json\/wp\/v2\/comments?post=1476"}],"version-history":[{"count":10,"href":"https:\/\/ensvillaguay-ers.infd.edu.ar\/sitio\/wp-json\/wp\/v2\/pages\/1476\/revisions"}],"predecessor-version":[{"id":3572,"href":"https:\/\/ensvillaguay-ers.infd.edu.ar\/sitio\/wp-json\/wp\/v2\/pages\/1476\/revisions\/3572"}],"wp:featuredmedia":[{"embeddable":true,"href":"https:\/\/ensvillaguay-ers.infd.edu.ar\/sitio\/wp-json\/wp\/v2\/media\/2890"}],"wp:attachment":[{"href":"https:\/\/ensvillaguay-ers.infd.edu.ar\/sitio\/wp-json\/wp\/v2\/media?parent=1476"}],"curies":[{"name":"wp","href":"https:\/\/api.w.org\/{rel}","templated":true}]}}