{"id":1479,"date":"2018-08-14T19:19:13","date_gmt":"2018-08-14T22:19:13","guid":{"rendered":"https:\/\/ensvillaguay-ers.infd.edu.ar\/sitio\/?page_id=1479"},"modified":"2019-11-27T10:55:47","modified_gmt":"2019-11-27T13:55:47","slug":"https-www-facebook-com-1636827706345244-photos-p-2544645712230101-2544645712230101","status":"publish","type":"page","link":"https:\/\/ensvillaguay-ers.infd.edu.ar\/sitio\/https-www-facebook-com-1636827706345244-photos-p-2544645712230101-2544645712230101\/","title":{"rendered":"Bachiller con orientaci\u00f3n en Ciencias Naturales"},"content":{"rendered":"<p style=\"text-align: center;\">FORMACI\u00d3N ESPEC\u00cdFICA<\/p>\n<table width=\"866\">\n<tbody>\n<tr>\n<td colspan=\"4\" width=\"866\"><b>Ciclo orientado: Ciencias Naturales<\/b><\/p>\n<p><b>4\u00b0,<\/b><b> 5\u00b0 y 6\u00b0 A\u00f1o (Divisiones: I, IV)<\/b><\/td>\n<\/tr>\n<tr>\n<td colspan=\"4\" width=\"866\"><b>M\u00fasica<\/b><\/td>\n<\/tr>\n<tr>\n<td colspan=\"4\" width=\"866\"><b>Artes<\/b><b> Visuales<\/b><\/td>\n<\/tr>\n<tr>\n<td width=\"216\"><b>Lenguas extranjeras<\/b><\/td>\n<td width=\"216\">Ingl\u00e9s<\/td>\n<td width=\"216\">Franc\u00e9s<\/td>\n<td width=\"216\">Italiano<\/td>\n<\/tr>\n<tr>\n<td width=\"216\"><\/td>\n<td width=\"216\">Divisiones: II, IV<\/td>\n<td width=\"216\">Divisiones: I, III<\/td>\n<td width=\"216\">Divisi\u00f3n: V<\/td>\n<\/tr>\n<tr>\n<td colspan=\"4\" width=\"866\"><b>Matem\u00e1tica<\/b><\/td>\n<\/tr>\n<tr>\n<td colspan=\"4\" width=\"866\"><b>Lengua<\/b><b> y literatura<\/b><\/td>\n<\/tr>\n<tr>\n<td colspan=\"4\" width=\"866\"><b>Literatura Latinoamericana<\/b><\/td>\n<\/tr>\n<tr>\n<td colspan=\"4\" width=\"866\"><b>Literatura Argentina<\/b><\/td>\n<\/tr>\n<tr>\n<td colspan=\"4\" width=\"866\"><b>Formaci\u00f3n \u00e9tica y ciudadana<\/b><\/td>\n<\/tr>\n<tr>\n<td colspan=\"4\" width=\"866\"><b>Geograf\u00eda<\/b><\/td>\n<\/tr>\n<tr>\n<td colspan=\"4\" width=\"866\"><b>Historia<\/b><\/td>\n<\/tr>\n<tr>\n<td colspan=\"4\" width=\"866\"><b>Educaci\u00f3n F\u00edsica<\/b><\/td>\n<\/tr>\n<tr>\n<td colspan=\"4\" width=\"866\"><\/td>\n<\/tr>\n<\/tbody>\n<\/table>\n<table width=\"870\">\n<tbody>\n<tr>\n<td width=\"870\"><b>Ciclo orientado: Ciencias Naturales<\/b><\/p>\n<p><b>4\u00b0,<\/b><b> 5\u00b0 y 6\u00b0 A\u00f1o (Divisiones: I, IV)<\/b><\/td>\n<\/tr>\n<tr>\n<td width=\"870\"><b>Filosof\u00eda<\/b><\/td>\n<\/tr>\n<tr>\n<td width=\"870\"><b>Psicolog\u00eda<\/b><\/td>\n<\/tr>\n<tr>\n<td width=\"870\"><b>Tecnolog\u00edas de la informaci\u00f3n y comunicaci\u00f3n <\/b><\/td>\n<\/tr>\n<tr>\n<td width=\"870\"><b>Biolog\u00eda<\/b><\/td>\n<\/tr>\n<tr>\n<td width=\"870\"><b>F\u00edsica<\/b><\/td>\n<\/tr>\n<tr>\n<td width=\"870\"><b>Qu\u00edmica<\/b><\/td>\n<\/tr>\n<tr>\n<td width=\"870\"><b>Ciencias de la tierra<\/b><\/td>\n<\/tr>\n<tr>\n<td width=\"870\"><b>Ecolog\u00eda<\/b><\/td>\n<\/tr>\n<tr>\n<td width=\"870\"><b>Introducci\u00f3n a la investigaci\u00f3n en ciencias naturales<\/b><\/td>\n<\/tr>\n<tr>\n<td width=\"870\"><b>Pr\u00e1cticas Educativas<\/b><\/td>\n<\/tr>\n<\/tbody>\n<\/table>\n<p>&nbsp;<\/p>\n","protected":false},"excerpt":{"rendered":"<p>FORMACI\u00d3N ESPEC\u00cdFICA Ciclo orientado: Ciencias Naturales 4\u00b0, 5\u00b0 y 6\u00b0 A\u00f1o (Divisiones: I, IV) M\u00fasica Artes Visuales Lenguas extranjeras Ingl\u00e9s Franc\u00e9s Italiano Divisiones: II, IV Divisiones: I, III Divisi\u00f3n: V Matem\u00e1tica Lengua y literatura Literatura Latinoamericana Literatura Argentina Formaci\u00f3n \u00e9tica y ciudadana Geograf\u00eda Historia Educaci\u00f3n F\u00edsica Ciclo orientado: Ciencias Naturales 4\u00b0, 5\u00b0 y 6\u00b0 A\u00f1o &#8230; <a title=\"Bachiller con orientaci\u00f3n en Ciencias Naturales\" class=\"read-more\" href=\"https:\/\/ensvillaguay-ers.infd.edu.ar\/sitio\/https-www-facebook-com-1636827706345244-photos-p-2544645712230101-2544645712230101\/\" aria-label=\"More on Bachiller con orientaci\u00f3n en Ciencias Naturales\">[+]<\/a><\/p>\n","protected":false},"author":1128,"featured_media":2890,"parent":0,"menu_order":0,"comment_status":"closed","ping_status":"closed","template":"","meta":[],"acf":[],"_links":{"self":[{"href":"https:\/\/ensvillaguay-ers.infd.edu.ar\/sitio\/wp-json\/wp\/v2\/pages\/1479"}],"collection":[{"href":"https:\/\/ensvillaguay-ers.infd.edu.ar\/sitio\/wp-json\/wp\/v2\/pages"}],"about":[{"href":"https:\/\/ensvillaguay-ers.infd.edu.ar\/sitio\/wp-json\/wp\/v2\/types\/page"}],"author":[{"embeddable":true,"href":"https:\/\/ensvillaguay-ers.infd.edu.ar\/sitio\/wp-json\/wp\/v2\/users\/1128"}],"replies":[{"embeddable":true,"href":"https:\/\/ensvillaguay-ers.infd.edu.ar\/sitio\/wp-json\/wp\/v2\/comments?post=1479"}],"version-history":[{"count":50,"href":"https:\/\/ensvillaguay-ers.infd.edu.ar\/sitio\/wp-json\/wp\/v2\/pages\/1479\/revisions"}],"predecessor-version":[{"id":3247,"href":"https:\/\/ensvillaguay-ers.infd.edu.ar\/sitio\/wp-json\/wp\/v2\/pages\/1479\/revisions\/3247"}],"wp:featuredmedia":[{"embeddable":true,"href":"https:\/\/ensvillaguay-ers.infd.edu.ar\/sitio\/wp-json\/wp\/v2\/media\/2890"}],"wp:attachment":[{"href":"https:\/\/ensvillaguay-ers.infd.edu.ar\/sitio\/wp-json\/wp\/v2\/media?parent=1479"}],"curies":[{"name":"wp","href":"https:\/\/api.w.org\/{rel}","templated":true}]}}