{"id":1490,"date":"2018-08-15T20:32:23","date_gmt":"2018-08-15T23:32:23","guid":{"rendered":"https:\/\/ensvillaguay-ers.infd.edu.ar\/sitio\/?page_id=1490"},"modified":"2024-07-01T20:26:35","modified_gmt":"2024-07-01T23:26:35","slug":"historia-institucional","status":"publish","type":"page","link":"https:\/\/ensvillaguay-ers.infd.edu.ar\/sitio\/escuela-normal-superior-martiniano-leguizamon\/historia-institucional\/","title":{"rendered":"Historia Institucional"},"content":{"rendered":"\n<figure class=\"wp-block-image size-large\"><img decoding=\"async\" loading=\"lazy\" width=\"1900\" height=\"906\" src=\"https:\/\/ensvillaguay-ers.infd.edu.ar\/sitio\/wp-content\/uploads\/2023\/03\/Propuestas-de-Formacion-Docente-Inicial-3-1900x906.jpg\" alt=\"\" class=\"wp-image-7949\" srcset=\"https:\/\/ensvillaguay-ers.infd.edu.ar\/sitio\/wp-content\/uploads\/2023\/03\/Propuestas-de-Formacion-Docente-Inicial-3-1900x906.jpg 1900w, https:\/\/ensvillaguay-ers.infd.edu.ar\/sitio\/wp-content\/uploads\/2023\/03\/Propuestas-de-Formacion-Docente-Inicial-3-1000x477.jpg 1000w, https:\/\/ensvillaguay-ers.infd.edu.ar\/sitio\/wp-content\/uploads\/2023\/03\/Propuestas-de-Formacion-Docente-Inicial-3-768x366.jpg 768w, https:\/\/ensvillaguay-ers.infd.edu.ar\/sitio\/wp-content\/uploads\/2023\/03\/Propuestas-de-Formacion-Docente-Inicial-3-1536x732.jpg 1536w, https:\/\/ensvillaguay-ers.infd.edu.ar\/sitio\/wp-content\/uploads\/2023\/03\/Propuestas-de-Formacion-Docente-Inicial-3.jpg 1919w\" sizes=\"(max-width: 1900px) 100vw, 1900px\" \/><\/figure>\n\n\n<p>La\u00a0<b>Escuela Normal Superior Martiniano Leguizam\u00f3n<\/b>\u00a0de la ciudad de\u00a0Villaguay, es una instituci\u00f3n educativa\u00a0argentina, que posee los cuatro niveles de ense\u00f1anza, Inicial, Primario, Secundario y Superior, dependiente del Consejo General de Educaci\u00f3n de la provincia de\u00a0Entre R\u00edos. Se encuentra situada en la Av. Tom\u00e1s de Rocamora N\u00b0 72, emplazada en la manzana delimitada por las calles Hermelo, Concordia y Caseros.<\/p>\n<p>Fue la primera escuela de\u00a0<a title=\"Educaci\u00f3n secundaria\" href=\"https:\/\/es.wikipedia.org\/wiki\/Educaci%C3%B3n_secundaria\">ense\u00f1anza media<\/a>\u00a0de la ciudad, creada en el a\u00f1o 1933. Siendo anexo del Colegio Nacional Luis Clavarino de la ciudad de\u00a0Gualeguaych\u00fa; para posteriormente en el a\u00f1o 1936 constituirse en un nuevo Colegio Nacional. En 1982, tras 49 a\u00f1os de crecimiento y expansi\u00f3n, fue denominada como Escuela Normal.\u00a0<sup id=\"cite_ref-1\" class=\"reference separada\"><\/sup><sup id=\"cite_ref-2\" class=\"reference separada\"><\/sup><\/p>\n<p><img decoding=\"async\" loading=\"lazy\" class=\"wp-image-7952 aligncenter\" src=\"https:\/\/ensvillaguay-ers.infd.edu.ar\/sitio\/wp-content\/uploads\/2023\/03\/Calle-Alem-1000x578.jpg\" alt=\"\" width=\"730\" height=\"422\" srcset=\"https:\/\/ensvillaguay-ers.infd.edu.ar\/sitio\/wp-content\/uploads\/2023\/03\/Calle-Alem-1000x578.jpg 1000w, https:\/\/ensvillaguay-ers.infd.edu.ar\/sitio\/wp-content\/uploads\/2023\/03\/Calle-Alem-1900x1098.jpg 1900w, https:\/\/ensvillaguay-ers.infd.edu.ar\/sitio\/wp-content\/uploads\/2023\/03\/Calle-Alem-768x444.jpg 768w, https:\/\/ensvillaguay-ers.infd.edu.ar\/sitio\/wp-content\/uploads\/2023\/03\/Calle-Alem-1536x887.jpg 1536w, https:\/\/ensvillaguay-ers.infd.edu.ar\/sitio\/wp-content\/uploads\/2023\/03\/Calle-Alem-2048x1183.jpg 2048w\" sizes=\"(max-width: 730px) 100vw, 730px\" \/><\/p>\n<h2><span id=\"Historia\" class=\"mw-headline\">Historia<\/span><\/h2>\n<h3><span id=\"Instituto_Villaguay_de_Ense.C3.B1anza_Secundaria_.28IVE.29\"><\/span><span id=\"Instituto_Villaguay_de_Ense\u00f1anza_Secundaria_(IVE)\" class=\"mw-headline\">Instituto Villaguay de Ense\u00f1anza Secundaria (IVE)<\/span><\/h3>\n<p>El 15 de enero de 1933 un grupo de ciudadanos villaguayenses se re\u00fane en la Biblioteca Bartolom\u00e9 Mitre, con el prop\u00f3sito de solicitar a las autoridades la creaci\u00f3n de un Colegio Particular de Segunda Ense\u00f1anza. Esta iniciativa fue reconocida a trav\u00e9s de la creaci\u00f3n de un anexo del Colegio Nacional Luis Clavarino de la ciudad de Gualeguaych\u00fa, como se establece en su Acta Fundacional publicada por el Diario El Pueblo de la ciudad de Villaguay.<\/p>\n<p>El 22 de marzo de 1933 fue el primer d\u00eda de clases del instituto, siendo el primer establecimiento de Ense\u00f1anza Secundaria creado en la zona a cargo del director Dr. Jos\u00e9 R. Carulla y su secretaria Zoraida C. de Vuoto. En poco tiempo, estudiantes de la ciudad y del departamento Villaguay, pero tambi\u00e9n de localidades vecinas, comenzaron a inscribirse para cursar el primer a\u00f1o.<sup id=\"cite_ref-3\" class=\"reference separada\"><\/sup><\/p>\n<p>Los ex\u00e1menes anuales se llevaban a cabo ante la Comisi\u00f3n Examinadora designada desde el Colegio de Gualeguaych\u00fa. Los resultados de los ex\u00e1menes finales eran publicados en el Diario El Pueblo. Quienes no\u00a0 alcanzaban el promedio para eximirse en las distintas asignaturas, deb\u00edan viajar a Gualeguaych\u00fa y volver a realizarlos.<\/p>\n<p>El Intendente de la ciudad en ese momento, Bernardino Zaburlin, dispuso que las actividades diarias del Instituto se realizar\u00e1n en el sal\u00f3n de la Escuela Municipal de Artes y Oficios \u201cRogelio Mart\u00ednez\u201d, ubicada entre las calles Rivadavia y 25 de mayo, contando con dos espacios: uno para el aula de primer a\u00f1o donde se dictaban las clases y otro para la Rector\u00eda, Secretaria y sala de profesores. El 27 de septiembre de 1935, la Ley N\u00b0 12.238 de Refuerzo de gastos del Departamento de Justicia e Instrucci\u00f3n P\u00fablica, prev\u00e9 el presupuesto para la existencia legal del Instituto, gracias a la gesti\u00f3n realizada por los legisladores nacionales Ing. Juan Francisco Morrogh de la ciudad de Gualeguaych\u00fa y al Dr. Conrado Etchevarne de la ciudad de Villaguay.<sup id=\"cite_ref-4\" class=\"reference separada\"><\/sup><\/p>\n<p><img decoding=\"async\" loading=\"lazy\" class=\"wp-image-7954 aligncenter\" src=\"https:\/\/ensvillaguay-ers.infd.edu.ar\/sitio\/wp-content\/uploads\/2023\/03\/Calle-Rivadavia-1000x858.jpg\" alt=\"\" width=\"662\" height=\"568\" srcset=\"https:\/\/ensvillaguay-ers.infd.edu.ar\/sitio\/wp-content\/uploads\/2023\/03\/Calle-Rivadavia-1000x858.jpg 1000w, https:\/\/ensvillaguay-ers.infd.edu.ar\/sitio\/wp-content\/uploads\/2023\/03\/Calle-Rivadavia-1900x1630.jpg 1900w, https:\/\/ensvillaguay-ers.infd.edu.ar\/sitio\/wp-content\/uploads\/2023\/03\/Calle-Rivadavia-768x659.jpg 768w, https:\/\/ensvillaguay-ers.infd.edu.ar\/sitio\/wp-content\/uploads\/2023\/03\/Calle-Rivadavia-1536x1318.jpg 1536w, https:\/\/ensvillaguay-ers.infd.edu.ar\/sitio\/wp-content\/uploads\/2023\/03\/Calle-Rivadavia.jpg 1950w\" sizes=\"(max-width: 662px) 100vw, 662px\" \/><\/p>\n<h3><span id=\"Colegio_Nacional_Martiniano_Leguizam.C3.B3n\"><\/span><span id=\"Colegio_Nacional_Martiniano_Leguizam\u00f3n\" class=\"mw-headline\">Colegio Nacional Martiniano Leguizam\u00f3n<\/span><\/h3>\n<p>En el a\u00f1o 1936, el inicio de clases comenz\u00f3 el d\u00eda 4 de mayo, posteriormente mediante el \u00a0Decreto N\u00b0 135 del 14 de agosto, el\u00a0<a title=\"Agust\u00edn Pedro Justo\" href=\"https:\/\/es.wikipedia.org\/wiki\/Agust%C3%ADn_Pedro_Justo\">Presidente de la Naci\u00f3n General Agust\u00edn P. Justo<\/a>, siendo Ministro de Justicia e Instrucci\u00f3n P\u00fablica el Dr. Manuel M. de Iriondo, se le asigna el nombre de Colegio Nacional Martiniano Leguizam\u00f3n, siendo el rector Bernab\u00e9 FERN\u00c1NDEZ BARRIOS.<sup id=\"cite_ref-5\" class=\"reference separada\"><\/sup><\/p>\n<p>En el a\u00f1o 1941 el Colegio se traslada a la calle Rivadavia 442, casa de Ger\u00f3nima A. de Montiel, dado que hab\u00eda crecido su matr\u00edcula al contar con una divisi\u00f3n por a\u00f1o. Las clases eran dictadas por profesionales que en su mayor\u00eda proven\u00edan de otras localidades.<\/p>\n<p>Durante esta \u00e9poca, los estudiantes editaron la Revista La Alborada de publicaci\u00f3n quincenal, donde se retrataban las diferentes competencias de car\u00e1cter deportivas que se realizaban en el Colegio. Estas iniciativas deportivas dieron lugar a la creaci\u00f3n del Club ADEV (Asociaci\u00f3n de Estudiantes Villaguayenses).<\/p>\n<p>Dado la magnitud de su crecimiento en el a\u00f1o 1943, se traslada a otro edificio, ubicado en la calle Alem frente a la plaza 25 de mayo. Una casona perteneciente a Julio Cootel, quien se la donara a su m\u00e9dico personal el Dr. Carlos T\u00f3ffalo. En el a\u00f1o 1946 se traslada a su edificio propio, en donde funciona actualmente, en un predio destinado a un parque infantil, delimitado entre las calles Caseros, Rocamora, Hermelo y Concordia.<\/p>\n<h3><span id=\"Escuela_Normal_Superior_Martiniano_Leguizam.C3.B3n\"><\/span><span id=\"Escuela_Normal_Superior_Martiniano_Leguizam\u00f3n\" class=\"mw-headline\">Escuela Normal Superior Martiniano Leguizam\u00f3n<\/span><\/h3>\n<p>A partir del 3 de marzo de 1971, por Resoluci\u00f3n N\u00b0 2779\/70 del Ministerio de Cultura y Educaci\u00f3n, mediante la cual crean Institutos Superiores de Formaci\u00f3n Docente y Secciones de Magisterio, se incorpora al Colegio el Profesorado de Educaci\u00f3n Elemental, actualmente Profesorado de\u00a0<a title=\"Educaci\u00f3n Primaria B\u00e1sica\" href=\"https:\/\/es.wikipedia.org\/wiki\/Educaci%C3%B3n_Primaria_B%C3%A1sica\">Educaci\u00f3n Primaria<\/a>. El 22 de marzo del a\u00f1o 1982, mediante Resoluci\u00f3n N\u00b0 190 del Ministerio de Cultura y Educaci\u00f3n, se establece denominar Escuelas Nacionales Normales Superiores a los establecimientos que cuenten con profesorados de tres y cuatro a\u00f1os de duraci\u00f3n. Es as\u00ed que el Colegio pasa a denominarse Escuela Nacional Normal Superior \u201cMartiniano Leguizam\u00f3n\u201d.<sup id=\"cite_ref-6\" class=\"reference separada\"><\/sup><sup id=\"cite_ref-7\" class=\"reference separada\"><\/sup><\/p>\n<p>En el a\u00f1o 1985 se le incorpora por Resoluci\u00f3n N\u00b0 1351 del Ministerio de Educaci\u00f3n y Justicia, el Profesorado de\u00a0<a title=\"Educaci\u00f3n preescolar\" href=\"https:\/\/es.wikipedia.org\/wiki\/Educaci%C3%B3n_preescolar#Argentina\">Educaci\u00f3n Pre-escolar<\/a>, hoy Profesorado de Educaci\u00f3n Inicial. Con la Ley de Transferencia N\u00b0 24.049 en el a\u00f1o 1991, se transfieren a las provincias los servicios educativos administrados de forma directa por el Ministerio de Cultura y Educaci\u00f3n.\u00a0<sup id=\"cite_ref-8\" class=\"reference separada\"><\/sup>En la provincia de Entre R\u00edos, mediante el Convenio de Transferencia de Servicios Educativo reglamentado por la Ley N\u00b0 8741 del a\u00f1o 1993, la Naci\u00f3n transfiere a la provincia los servicios educativos ubicados en su territorio, entre ellos las escuelas de Villaguay. Implicando as\u00ed el \u00faltimo cambio de su configuraci\u00f3n, pasando a denominarse Escuela Normal Superior Martiniano Leguizam\u00f3n, bajo la dependencia de la Direcci\u00f3n de\u00a0<a title=\"Educaci\u00f3n superior\" href=\"https:\/\/es.wikipedia.org\/wiki\/Educaci%C3%B3n_superior#Argentina\">Educaci\u00f3n Superior<\/a>\u00a0del Consejo General de Educaci\u00f3n.<\/p>\n<p><img decoding=\"async\" loading=\"lazy\" class=\"wp-image-7953 aligncenter\" src=\"https:\/\/ensvillaguay-ers.infd.edu.ar\/sitio\/wp-content\/uploads\/2023\/03\/Calle-Rocamora-1000x708.jpg\" alt=\"\" width=\"688\" height=\"487\" srcset=\"https:\/\/ensvillaguay-ers.infd.edu.ar\/sitio\/wp-content\/uploads\/2023\/03\/Calle-Rocamora-1000x708.jpg 1000w, https:\/\/ensvillaguay-ers.infd.edu.ar\/sitio\/wp-content\/uploads\/2023\/03\/Calle-Rocamora-1900x1345.jpg 1900w, https:\/\/ensvillaguay-ers.infd.edu.ar\/sitio\/wp-content\/uploads\/2023\/03\/Calle-Rocamora-768x544.jpg 768w, https:\/\/ensvillaguay-ers.infd.edu.ar\/sitio\/wp-content\/uploads\/2023\/03\/Calle-Rocamora-1536x1088.jpg 1536w, https:\/\/ensvillaguay-ers.infd.edu.ar\/sitio\/wp-content\/uploads\/2023\/03\/Calle-Rocamora-2048x1450.jpg 2048w\" sizes=\"(max-width: 688px) 100vw, 688px\" \/><\/p>\n<h2>\u00a0<\/h2>\n<h2><span id=\"Referencias\" class=\"mw-headline\">Referencias<\/span><\/h2>\n<p>Historia de la Escuela Normal Superior Martiniano Leguizam\u00f3n. Recopilaci\u00f3n realizada en el a\u00f1o 2019 por estudiantes del Profesorado en Educaci\u00f3n Inicial y del Profesorado de Educaci\u00f3n Secundaria en Matem\u00e1tica, en el marco de la Unidad Curricular An\u00e1lisis y Organizaci\u00f3n de las Instituciones Educativas. <a href=\"https:\/\/es.wikipedia.org\/wiki\/Escuela_Normal_Superior_Martiniano_Leguizam%C3%B3n\">https:\/\/es.wikipedia.org\/wiki\/Escuela_Normal_Superior_Martiniano_Leguizam%C3%B3n<\/a>.<\/p>\n<p>\u00a0<\/p>","protected":false},"excerpt":{"rendered":"<p>La\u00a0Escuela Normal Superior Martiniano Leguizam\u00f3n\u00a0de la ciudad de\u00a0Villaguay, es una instituci\u00f3n educativa\u00a0argentina, que posee los cuatro niveles de ense\u00f1anza, Inicial, Primario, Secundario y Superior, dependiente del Consejo General de Educaci\u00f3n de la provincia de\u00a0Entre R\u00edos. Se encuentra situada en la Av. Tom\u00e1s de Rocamora N\u00b0 72, emplazada en la manzana delimitada por las calles Hermelo, &#8230; <a title=\"Historia Institucional\" class=\"read-more\" href=\"https:\/\/ensvillaguay-ers.infd.edu.ar\/sitio\/escuela-normal-superior-martiniano-leguizamon\/historia-institucional\/\" aria-label=\"More on Historia Institucional\">[+]<\/a><\/p>\n","protected":false},"author":1046,"featured_media":0,"parent":1017,"menu_order":0,"comment_status":"closed","ping_status":"closed","template":"","meta":[],"acf":[],"_links":{"self":[{"href":"https:\/\/ensvillaguay-ers.infd.edu.ar\/sitio\/wp-json\/wp\/v2\/pages\/1490"}],"collection":[{"href":"https:\/\/ensvillaguay-ers.infd.edu.ar\/sitio\/wp-json\/wp\/v2\/pages"}],"about":[{"href":"https:\/\/ensvillaguay-ers.infd.edu.ar\/sitio\/wp-json\/wp\/v2\/types\/page"}],"author":[{"embeddable":true,"href":"https:\/\/ensvillaguay-ers.infd.edu.ar\/sitio\/wp-json\/wp\/v2\/users\/1046"}],"replies":[{"embeddable":true,"href":"https:\/\/ensvillaguay-ers.infd.edu.ar\/sitio\/wp-json\/wp\/v2\/comments?post=1490"}],"version-history":[{"count":5,"href":"https:\/\/ensvillaguay-ers.infd.edu.ar\/sitio\/wp-json\/wp\/v2\/pages\/1490\/revisions"}],"predecessor-version":[{"id":10906,"href":"https:\/\/ensvillaguay-ers.infd.edu.ar\/sitio\/wp-json\/wp\/v2\/pages\/1490\/revisions\/10906"}],"up":[{"embeddable":true,"href":"https:\/\/ensvillaguay-ers.infd.edu.ar\/sitio\/wp-json\/wp\/v2\/pages\/1017"}],"wp:attachment":[{"href":"https:\/\/ensvillaguay-ers.infd.edu.ar\/sitio\/wp-json\/wp\/v2\/media?parent=1490"}],"curies":[{"name":"wp","href":"https:\/\/api.w.org\/{rel}","templated":true}]}}