{"id":1494,"date":"2018-08-15T20:36:36","date_gmt":"2018-08-15T23:36:36","guid":{"rendered":"https:\/\/ensvillaguay-ers.infd.edu.ar\/sitio\/?page_id=1494"},"modified":"2019-11-28T11:26:00","modified_gmt":"2019-11-28T14:26:00","slug":"galeria-de-fotos","status":"publish","type":"page","link":"https:\/\/ensvillaguay-ers.infd.edu.ar\/sitio\/galeria-de-fotos\/","title":{"rendered":"Galer\u00eda de fotos"},"content":{"rendered":"<p><img decoding=\"async\" loading=\"lazy\" class=\"alignnone size-full wp-image-3320\" src=\"https:\/\/ensvillaguay-ers.infd.edu.ar\/sitio\/wp-content\/uploads\/2019\/11\/imagen-cole.jpg\" alt=\"\" width=\"960\" height=\"540\" srcset=\"https:\/\/ensvillaguay-ers.infd.edu.ar\/sitio\/wp-content\/uploads\/2019\/11\/imagen-cole.jpg 960w, https:\/\/ensvillaguay-ers.infd.edu.ar\/sitio\/wp-content\/uploads\/2019\/11\/imagen-cole-768x432.jpg 768w\" sizes=\"(max-width: 960px) 100vw, 960px\" \/>Carrozas 2019<img decoding=\"async\" loading=\"lazy\" class=\"alignnone size-medium wp-image-3323\" src=\"https:\/\/ensvillaguay-ers.infd.edu.ar\/sitio\/wp-content\/uploads\/2019\/11\/48405618_2381652661862741_645761157725945856_o-1000x1000.jpg\" alt=\"\" width=\"1000\" height=\"1000\" srcset=\"https:\/\/ensvillaguay-ers.infd.edu.ar\/sitio\/wp-content\/uploads\/2019\/11\/48405618_2381652661862741_645761157725945856_o-1000x1000.jpg 1000w, https:\/\/ensvillaguay-ers.infd.edu.ar\/sitio\/wp-content\/uploads\/2019\/11\/48405618_2381652661862741_645761157725945856_o-500x500.jpg 500w, https:\/\/ensvillaguay-ers.infd.edu.ar\/sitio\/wp-content\/uploads\/2019\/11\/48405618_2381652661862741_645761157725945856_o-768x768.jpg 768w, https:\/\/ensvillaguay-ers.infd.edu.ar\/sitio\/wp-content\/uploads\/2019\/11\/48405618_2381652661862741_645761157725945856_o.jpg 1440w\" sizes=\"(max-width: 1000px) 100vw, 1000px\" \/><\/p>\n<p>Campamento 2019 en C\u00f3rdoba\u00a0 3er a\u00f1o Secundaria<img decoding=\"async\" loading=\"lazy\" class=\"alignnone size-medium wp-image-3327\" src=\"https:\/\/ensvillaguay-ers.infd.edu.ar\/sitio\/wp-content\/uploads\/2019\/11\/75543697_2970433639651304_1808636004228136960_o-1000x500.jpg\" alt=\"\" width=\"1000\" height=\"500\" srcset=\"https:\/\/ensvillaguay-ers.infd.edu.ar\/sitio\/wp-content\/uploads\/2019\/11\/75543697_2970433639651304_1808636004228136960_o-1000x500.jpg 1000w, https:\/\/ensvillaguay-ers.infd.edu.ar\/sitio\/wp-content\/uploads\/2019\/11\/75543697_2970433639651304_1808636004228136960_o-768x384.jpg 768w, https:\/\/ensvillaguay-ers.infd.edu.ar\/sitio\/wp-content\/uploads\/2019\/11\/75543697_2970433639651304_1808636004228136960_o.jpg 1280w\" sizes=\"(max-width: 1000px) 100vw, 1000px\" \/><img decoding=\"async\" loading=\"lazy\" class=\"alignnone size-full wp-image-3328\" src=\"https:\/\/ensvillaguay-ers.infd.edu.ar\/sitio\/wp-content\/uploads\/2019\/11\/76605058_2972980499396618_4555447162602782720_n.jpg\" alt=\"\" width=\"960\" height=\"640\" srcset=\"https:\/\/ensvillaguay-ers.infd.edu.ar\/sitio\/wp-content\/uploads\/2019\/11\/76605058_2972980499396618_4555447162602782720_n.jpg 960w, https:\/\/ensvillaguay-ers.infd.edu.ar\/sitio\/wp-content\/uploads\/2019\/11\/76605058_2972980499396618_4555447162602782720_n-768x512.jpg 768w\" sizes=\"(max-width: 960px) 100vw, 960px\" \/><img decoding=\"async\" loading=\"lazy\" class=\"alignnone size-full wp-image-3329\" src=\"https:\/\/ensvillaguay-ers.infd.edu.ar\/sitio\/wp-content\/uploads\/2019\/11\/75450128_2968552856506049_6312560021888565248_n.jpg\" alt=\"\" width=\"960\" height=\"720\" srcset=\"https:\/\/ensvillaguay-ers.infd.edu.ar\/sitio\/wp-content\/uploads\/2019\/11\/75450128_2968552856506049_6312560021888565248_n.jpg 960w, https:\/\/ensvillaguay-ers.infd.edu.ar\/sitio\/wp-content\/uploads\/2019\/11\/75450128_2968552856506049_6312560021888565248_n-768x576.jpg 768w\" sizes=\"(max-width: 960px) 100vw, 960px\" \/><img decoding=\"async\" loading=\"lazy\" class=\"alignnone size-full wp-image-3335\" src=\"https:\/\/ensvillaguay-ers.infd.edu.ar\/sitio\/wp-content\/uploads\/2019\/11\/74265033_2972977339396934_7677091829275164672_n.jpg\" alt=\"\" width=\"960\" height=\"640\" srcset=\"https:\/\/ensvillaguay-ers.infd.edu.ar\/sitio\/wp-content\/uploads\/2019\/11\/74265033_2972977339396934_7677091829275164672_n.jpg 960w, https:\/\/ensvillaguay-ers.infd.edu.ar\/sitio\/wp-content\/uploads\/2019\/11\/74265033_2972977339396934_7677091829275164672_n-768x512.jpg 768w\" sizes=\"(max-width: 960px) 100vw, 960px\" \/><img decoding=\"async\" loading=\"lazy\" class=\"alignnone size-full wp-image-3336\" src=\"https:\/\/ensvillaguay-ers.infd.edu.ar\/sitio\/wp-content\/uploads\/2019\/11\/74537379_2972977612730240_1383839953124851712_n.jpg\" alt=\"\" width=\"960\" height=\"640\" srcset=\"https:\/\/ensvillaguay-ers.infd.edu.ar\/sitio\/wp-content\/uploads\/2019\/11\/74537379_2972977612730240_1383839953124851712_n.jpg 960w, https:\/\/ensvillaguay-ers.infd.edu.ar\/sitio\/wp-content\/uploads\/2019\/11\/74537379_2972977612730240_1383839953124851712_n-768x512.jpg 768w\" sizes=\"(max-width: 960px) 100vw, 960px\" \/><img decoding=\"async\" loading=\"lazy\" class=\"alignnone size-full wp-image-3338\" src=\"https:\/\/ensvillaguay-ers.infd.edu.ar\/sitio\/wp-content\/uploads\/2019\/11\/76642416_2972976339397034_990902659458269184_n.jpg\" alt=\"\" width=\"960\" height=\"640\" srcset=\"https:\/\/ensvillaguay-ers.infd.edu.ar\/sitio\/wp-content\/uploads\/2019\/11\/76642416_2972976339397034_990902659458269184_n.jpg 960w, https:\/\/ensvillaguay-ers.infd.edu.ar\/sitio\/wp-content\/uploads\/2019\/11\/76642416_2972976339397034_990902659458269184_n-768x512.jpg 768w\" sizes=\"(max-width: 960px) 100vw, 960px\" \/><img decoding=\"async\" loading=\"lazy\" class=\"alignnone size-medium wp-image-3345\" src=\"https:\/\/ensvillaguay-ers.infd.edu.ar\/sitio\/wp-content\/uploads\/2019\/11\/primaria-2-1000x588.jpg\" alt=\"\" width=\"1000\" height=\"588\" srcset=\"https:\/\/ensvillaguay-ers.infd.edu.ar\/sitio\/wp-content\/uploads\/2019\/11\/primaria-2-1000x588.jpg 1000w, https:\/\/ensvillaguay-ers.infd.edu.ar\/sitio\/wp-content\/uploads\/2019\/11\/primaria-2-768x452.jpg 768w, https:\/\/ensvillaguay-ers.infd.edu.ar\/sitio\/wp-content\/uploads\/2019\/11\/primaria-2-1900x1118.jpg 1900w\" sizes=\"(max-width: 1000px) 100vw, 1000px\" \/><\/p>\n<p>D\u00eda de la Tradici\u00f3n Primaria<img decoding=\"async\" loading=\"lazy\" class=\"alignnone size-medium wp-image-3349\" src=\"https:\/\/ensvillaguay-ers.infd.edu.ar\/sitio\/wp-content\/uploads\/2019\/11\/Primaria-1000x794.jpg\" alt=\"\" width=\"1000\" height=\"794\" srcset=\"https:\/\/ensvillaguay-ers.infd.edu.ar\/sitio\/wp-content\/uploads\/2019\/11\/Primaria-1000x794.jpg 1000w, https:\/\/ensvillaguay-ers.infd.edu.ar\/sitio\/wp-content\/uploads\/2019\/11\/Primaria-768x610.jpg 768w, https:\/\/ensvillaguay-ers.infd.edu.ar\/sitio\/wp-content\/uploads\/2019\/11\/Primaria-1900x1509.jpg 1900w\" sizes=\"(max-width: 1000px) 100vw, 1000px\" \/><img decoding=\"async\" loading=\"lazy\" class=\"alignnone size-medium wp-image-3350\" src=\"https:\/\/ensvillaguay-ers.infd.edu.ar\/sitio\/wp-content\/uploads\/2019\/11\/primaria-4-1000x750.jpg\" alt=\"\" width=\"1000\" height=\"750\" srcset=\"https:\/\/ensvillaguay-ers.infd.edu.ar\/sitio\/wp-content\/uploads\/2019\/11\/primaria-4-1000x750.jpg 1000w, https:\/\/ensvillaguay-ers.infd.edu.ar\/sitio\/wp-content\/uploads\/2019\/11\/primaria-4-768x576.jpg 768w, https:\/\/ensvillaguay-ers.infd.edu.ar\/sitio\/wp-content\/uploads\/2019\/11\/primaria-4-1900x1425.jpg 1900w\" sizes=\"(max-width: 1000px) 100vw, 1000px\" \/><img decoding=\"async\" loading=\"lazy\" class=\"alignnone size-medium wp-image-3354\" src=\"https:\/\/ensvillaguay-ers.infd.edu.ar\/sitio\/wp-content\/uploads\/2019\/11\/IMG-20191112-WA0018-1000x750.jpg\" alt=\"\" width=\"1000\" height=\"750\" srcset=\"https:\/\/ensvillaguay-ers.infd.edu.ar\/sitio\/wp-content\/uploads\/2019\/11\/IMG-20191112-WA0018-1000x750.jpg 1000w, https:\/\/ensvillaguay-ers.infd.edu.ar\/sitio\/wp-content\/uploads\/2019\/11\/IMG-20191112-WA0018-768x576.jpg 768w, https:\/\/ensvillaguay-ers.infd.edu.ar\/sitio\/wp-content\/uploads\/2019\/11\/IMG-20191112-WA0018.jpg 1040w\" sizes=\"(max-width: 1000px) 100vw, 1000px\" \/> <img decoding=\"async\" loading=\"lazy\" class=\"alignnone size-medium wp-image-3353\" src=\"https:\/\/ensvillaguay-ers.infd.edu.ar\/sitio\/wp-content\/uploads\/2019\/11\/IMG-20191112-WA0016-1000x750.jpg\" alt=\"\" width=\"1000\" height=\"750\" srcset=\"https:\/\/ensvillaguay-ers.infd.edu.ar\/sitio\/wp-content\/uploads\/2019\/11\/IMG-20191112-WA0016-1000x750.jpg 1000w, https:\/\/ensvillaguay-ers.infd.edu.ar\/sitio\/wp-content\/uploads\/2019\/11\/IMG-20191112-WA0016-768x576.jpg 768w, https:\/\/ensvillaguay-ers.infd.edu.ar\/sitio\/wp-content\/uploads\/2019\/11\/IMG-20191112-WA0016.jpg 1040w\" sizes=\"(max-width: 1000px) 100vw, 1000px\" \/><\/p>\n<p>Polideportivo Primaria<img decoding=\"async\" loading=\"lazy\" class=\"alignnone size-medium wp-image-3355\" src=\"https:\/\/ensvillaguay-ers.infd.edu.ar\/sitio\/wp-content\/uploads\/2019\/11\/IMG-20191112-WA0021-1000x750.jpg\" alt=\"\" width=\"1000\" height=\"750\" srcset=\"https:\/\/ensvillaguay-ers.infd.edu.ar\/sitio\/wp-content\/uploads\/2019\/11\/IMG-20191112-WA0021-1000x750.jpg 1000w, https:\/\/ensvillaguay-ers.infd.edu.ar\/sitio\/wp-content\/uploads\/2019\/11\/IMG-20191112-WA0021-768x576.jpg 768w, https:\/\/ensvillaguay-ers.infd.edu.ar\/sitio\/wp-content\/uploads\/2019\/11\/IMG-20191112-WA0021.jpg 1040w\" sizes=\"(max-width: 1000px) 100vw, 1000px\" \/> <img decoding=\"async\" loading=\"lazy\" class=\"alignnone size-full wp-image-3376\" src=\"https:\/\/ensvillaguay-ers.infd.edu.ar\/sitio\/wp-content\/uploads\/2019\/11\/cole.jpg\" alt=\"\" width=\"528\" height=\"960\" \/> <a href=\"https:\/\/ensvillaguay-ers.infd.edu.ar\/sitio\/wp-content\/uploads\/2019\/11\/Mesas-NOVIEMBRE-DICIEMBRE-2019-DEFINITIVO.pdf\">Mesas NOVIEMBRE-DICIEMBRE 2019 &#8211; DEFINITIVO<\/a> <img decoding=\"async\" loading=\"lazy\" class=\"alignnone size-full wp-image-3377\" src=\"https:\/\/ensvillaguay-ers.infd.edu.ar\/sitio\/wp-content\/uploads\/2019\/11\/cole-2.jpg\" alt=\"\" width=\"528\" height=\"960\" \/> <img decoding=\"async\" loading=\"lazy\" class=\"alignnone size-full wp-image-3378\" src=\"https:\/\/ensvillaguay-ers.infd.edu.ar\/sitio\/wp-content\/uploads\/2019\/11\/cole-3.jpg\" alt=\"\" width=\"528\" height=\"960\" \/> <img decoding=\"async\" loading=\"lazy\" class=\"alignnone size-full wp-image-3381\" src=\"https:\/\/ensvillaguay-ers.infd.edu.ar\/sitio\/wp-content\/uploads\/2019\/11\/cole4.jpg\" alt=\"\" width=\"960\" height=\"720\" srcset=\"https:\/\/ensvillaguay-ers.infd.edu.ar\/sitio\/wp-content\/uploads\/2019\/11\/cole4.jpg 960w, https:\/\/ensvillaguay-ers.infd.edu.ar\/sitio\/wp-content\/uploads\/2019\/11\/cole4-768x576.jpg 768w\" sizes=\"(max-width: 960px) 100vw, 960px\" \/><\/p>\n<p>Muestra Anual de \u00c1reas<img decoding=\"async\" loading=\"lazy\" class=\"alignnone size-medium wp-image-3430\" src=\"https:\/\/ensvillaguay-ers.infd.edu.ar\/sitio\/wp-content\/uploads\/2019\/11\/IMG-20191128-WA0001-1000x750.jpg\" alt=\"\" width=\"1000\" height=\"750\" srcset=\"https:\/\/ensvillaguay-ers.infd.edu.ar\/sitio\/wp-content\/uploads\/2019\/11\/IMG-20191128-WA0001-1000x750.jpg 1000w, https:\/\/ensvillaguay-ers.infd.edu.ar\/sitio\/wp-content\/uploads\/2019\/11\/IMG-20191128-WA0001-768x576.jpg 768w, https:\/\/ensvillaguay-ers.infd.edu.ar\/sitio\/wp-content\/uploads\/2019\/11\/IMG-20191128-WA0001.jpg 1280w\" sizes=\"(max-width: 1000px) 100vw, 1000px\" \/> <img decoding=\"async\" loading=\"lazy\" class=\"alignnone size-medium wp-image-3431\" src=\"https:\/\/ensvillaguay-ers.infd.edu.ar\/sitio\/wp-content\/uploads\/2019\/11\/IMG-20191128-WA0003-1000x750.jpg\" alt=\"\" width=\"1000\" height=\"750\" srcset=\"https:\/\/ensvillaguay-ers.infd.edu.ar\/sitio\/wp-content\/uploads\/2019\/11\/IMG-20191128-WA0003-1000x750.jpg 1000w, https:\/\/ensvillaguay-ers.infd.edu.ar\/sitio\/wp-content\/uploads\/2019\/11\/IMG-20191128-WA0003-768x576.jpg 768w, https:\/\/ensvillaguay-ers.infd.edu.ar\/sitio\/wp-content\/uploads\/2019\/11\/IMG-20191128-WA0003.jpg 1280w\" sizes=\"(max-width: 1000px) 100vw, 1000px\" \/> <img decoding=\"async\" loading=\"lazy\" class=\"alignnone size-medium wp-image-3432\" src=\"https:\/\/ensvillaguay-ers.infd.edu.ar\/sitio\/wp-content\/uploads\/2019\/11\/IMG-20191128-WA0004-1000x750.jpg\" alt=\"\" width=\"1000\" height=\"750\" srcset=\"https:\/\/ensvillaguay-ers.infd.edu.ar\/sitio\/wp-content\/uploads\/2019\/11\/IMG-20191128-WA0004-1000x750.jpg 1000w, https:\/\/ensvillaguay-ers.infd.edu.ar\/sitio\/wp-content\/uploads\/2019\/11\/IMG-20191128-WA0004-768x576.jpg 768w, https:\/\/ensvillaguay-ers.infd.edu.ar\/sitio\/wp-content\/uploads\/2019\/11\/IMG-20191128-WA0004.jpg 1280w\" sizes=\"(max-width: 1000px) 100vw, 1000px\" \/> <img decoding=\"async\" loading=\"lazy\" class=\"alignnone size-medium wp-image-3433\" src=\"https:\/\/ensvillaguay-ers.infd.edu.ar\/sitio\/wp-content\/uploads\/2019\/11\/IMG-20191128-WA0005-1-1000x750.jpg\" alt=\"\" width=\"1000\" height=\"750\" srcset=\"https:\/\/ensvillaguay-ers.infd.edu.ar\/sitio\/wp-content\/uploads\/2019\/11\/IMG-20191128-WA0005-1-1000x750.jpg 1000w, https:\/\/ensvillaguay-ers.infd.edu.ar\/sitio\/wp-content\/uploads\/2019\/11\/IMG-20191128-WA0005-1-768x576.jpg 768w, https:\/\/ensvillaguay-ers.infd.edu.ar\/sitio\/wp-content\/uploads\/2019\/11\/IMG-20191128-WA0005-1.jpg 1280w\" sizes=\"(max-width: 1000px) 100vw, 1000px\" \/> <img decoding=\"async\" loading=\"lazy\" class=\"alignnone size-medium wp-image-3434\" src=\"https:\/\/ensvillaguay-ers.infd.edu.ar\/sitio\/wp-content\/uploads\/2019\/11\/IMG-20191128-WA0009-750x1000.jpg\" alt=\"\" width=\"750\" height=\"1000\" srcset=\"https:\/\/ensvillaguay-ers.infd.edu.ar\/sitio\/wp-content\/uploads\/2019\/11\/IMG-20191128-WA0009-750x1000.jpg 750w, https:\/\/ensvillaguay-ers.infd.edu.ar\/sitio\/wp-content\/uploads\/2019\/11\/IMG-20191128-WA0009-768x1024.jpg 768w, https:\/\/ensvillaguay-ers.infd.edu.ar\/sitio\/wp-content\/uploads\/2019\/11\/IMG-20191128-WA0009.jpg 960w\" sizes=\"(max-width: 750px) 100vw, 750px\" \/> <img decoding=\"async\" loading=\"lazy\" class=\"alignnone size-medium wp-image-3435\" src=\"https:\/\/ensvillaguay-ers.infd.edu.ar\/sitio\/wp-content\/uploads\/2019\/11\/IMG-20191128-WA0010-1000x750.jpg\" alt=\"\" width=\"1000\" height=\"750\" srcset=\"https:\/\/ensvillaguay-ers.infd.edu.ar\/sitio\/wp-content\/uploads\/2019\/11\/IMG-20191128-WA0010-1000x750.jpg 1000w, https:\/\/ensvillaguay-ers.infd.edu.ar\/sitio\/wp-content\/uploads\/2019\/11\/IMG-20191128-WA0010-768x576.jpg 768w, https:\/\/ensvillaguay-ers.infd.edu.ar\/sitio\/wp-content\/uploads\/2019\/11\/IMG-20191128-WA0010.jpg 1280w\" sizes=\"(max-width: 1000px) 100vw, 1000px\" \/> <img decoding=\"async\" loading=\"lazy\" class=\"alignnone size-medium wp-image-3439\" src=\"https:\/\/ensvillaguay-ers.infd.edu.ar\/sitio\/wp-content\/uploads\/2019\/11\/IMG-20191128-WA0000-1-1000x750.jpg\" alt=\"\" width=\"1000\" height=\"750\" srcset=\"https:\/\/ensvillaguay-ers.infd.edu.ar\/sitio\/wp-content\/uploads\/2019\/11\/IMG-20191128-WA0000-1-1000x750.jpg 1000w, https:\/\/ensvillaguay-ers.infd.edu.ar\/sitio\/wp-content\/uploads\/2019\/11\/IMG-20191128-WA0000-1-768x576.jpg 768w, https:\/\/ensvillaguay-ers.infd.edu.ar\/sitio\/wp-content\/uploads\/2019\/11\/IMG-20191128-WA0000-1.jpg 1280w\" sizes=\"(max-width: 1000px) 100vw, 1000px\" \/><\/p>\n","protected":false},"excerpt":{"rendered":"<p>Carrozas 2019 Campamento 2019 en C\u00f3rdoba\u00a0 3er a\u00f1o Secundaria D\u00eda de la Tradici\u00f3n Primaria Polideportivo Primaria Mesas NOVIEMBRE-DICIEMBRE 2019 &#8211; DEFINITIVO Muestra Anual de \u00c1reas<\/p>\n","protected":false},"author":1046,"featured_media":0,"parent":0,"menu_order":0,"comment_status":"closed","ping_status":"closed","template":"","meta":[],"acf":[],"_links":{"self":[{"href":"https:\/\/ensvillaguay-ers.infd.edu.ar\/sitio\/wp-json\/wp\/v2\/pages\/1494"}],"collection":[{"href":"https:\/\/ensvillaguay-ers.infd.edu.ar\/sitio\/wp-json\/wp\/v2\/pages"}],"about":[{"href":"https:\/\/ensvillaguay-ers.infd.edu.ar\/sitio\/wp-json\/wp\/v2\/types\/page"}],"author":[{"embeddable":true,"href":"https:\/\/ensvillaguay-ers.infd.edu.ar\/sitio\/wp-json\/wp\/v2\/users\/1046"}],"replies":[{"embeddable":true,"href":"https:\/\/ensvillaguay-ers.infd.edu.ar\/sitio\/wp-json\/wp\/v2\/comments?post=1494"}],"version-history":[{"count":5,"href":"https:\/\/ensvillaguay-ers.infd.edu.ar\/sitio\/wp-json\/wp\/v2\/pages\/1494\/revisions"}],"predecessor-version":[{"id":3446,"href":"https:\/\/ensvillaguay-ers.infd.edu.ar\/sitio\/wp-json\/wp\/v2\/pages\/1494\/revisions\/3446"}],"wp:attachment":[{"href":"https:\/\/ensvillaguay-ers.infd.edu.ar\/sitio\/wp-json\/wp\/v2\/media?parent=1494"}],"curies":[{"name":"wp","href":"https:\/\/api.w.org\/{rel}","templated":true}]}}