{"id":286,"date":"2016-10-31T13:17:59","date_gmt":"2016-10-31T16:17:59","guid":{"rendered":"https:\/\/ensvillaguay-ers.infd.edu.ar\/sitio\/?page_id=286"},"modified":"2026-03-30T10:04:46","modified_gmt":"2026-03-30T13:04:46","slug":"inicio","status":"publish","type":"page","link":"https:\/\/ensvillaguay-ers.infd.edu.ar\/sitio\/","title":{"rendered":""},"content":{"rendered":"<p><img decoding=\"async\" loading=\"lazy\" class=\"size-medium wp-image-12340 aligncenter\" src=\"https:\/\/ensvillaguay-ers.infd.edu.ar\/sitio\/wp-content\/uploads\/2026\/03\/Cole-afuera-1000x560.png\" alt=\"\" width=\"1000\" height=\"560\" srcset=\"https:\/\/ensvillaguay-ers.infd.edu.ar\/sitio\/wp-content\/uploads\/2026\/03\/Cole-afuera-1000x560.png 1000w, https:\/\/ensvillaguay-ers.infd.edu.ar\/sitio\/wp-content\/uploads\/2026\/03\/Cole-afuera-768x430.png 768w, https:\/\/ensvillaguay-ers.infd.edu.ar\/sitio\/wp-content\/uploads\/2026\/03\/Cole-afuera.png 1371w\" sizes=\"(max-width: 1000px) 100vw, 1000px\" \/><\/p>\n<p style=\"text-align: center;\"><span style=\"font-family: trebuchet ms, palatino; font-size: 10pt;\"><strong>Av. Tom\u00e1s de Rocamora 72 &#8211; (3240) &#8211;\u00a0<\/strong><\/span><span style=\"font-family: trebuchet ms, palatino; font-size: 10pt;\"><strong>Villaguay &#8211; Entre R\u00edos &#8211;\u00a0<\/strong><\/span><span style=\"font-family: trebuchet ms, palatino; font-size: 10pt;\"><strong>Tel\u00e9fono: 03455-421141<\/strong><\/span><\/p>\n<p style=\"text-align: center;\">\u00a0<\/p>\n<h4 style=\"text-align: center;\"><span style=\"color: #800080;\"><strong>Inscripci\u00f3n a carreras de Nivel Superior para el Ciclo Lectivo 2026<\/strong><\/span><\/h4>\n<p>El Nivel Superior de la Escuela Normal Superior \u201cMartiniano Leguizam\u00f3n\u201d, informa que se encuentra abierta la inscripci\u00f3n al Ciclo Lectivo 2026, hasta el d\u00eda <strong>viernes 27 de marzo<\/strong>, a las siguientes propuestas de Formaci\u00f3n Docente Inicial:<\/p>\n<p><img decoding=\"async\" loading=\"lazy\" class=\"wp-image-12184  alignleft\" src=\"https:\/\/ensvillaguay-ers.infd.edu.ar\/sitio\/wp-content\/uploads\/2026\/02\/Anuncios-1-800x1000.png\" alt=\"\" width=\"490\" height=\"613\" srcset=\"https:\/\/ensvillaguay-ers.infd.edu.ar\/sitio\/wp-content\/uploads\/2026\/02\/Anuncios-1-800x1000.png 800w, https:\/\/ensvillaguay-ers.infd.edu.ar\/sitio\/wp-content\/uploads\/2026\/02\/Anuncios-1-768x960.png 768w, https:\/\/ensvillaguay-ers.infd.edu.ar\/sitio\/wp-content\/uploads\/2026\/02\/Anuncios-1.png 1080w\" sizes=\"(max-width: 490px) 100vw, 490px\" \/><\/p>\n<ul>\n<li><strong>Profesorado de Educaci\u00f3n Primaria<\/strong><\/li>\n<li><strong>Profesorado de Educaci\u00f3n Inicial<\/strong><\/li>\n<li><strong>Profesorado de Educaci\u00f3n Secundaria en Lengua y Literatura<\/strong><\/li>\n<li><strong>Profesorado de Educaci\u00f3n Secundaria en Matem\u00e1tica<\/strong><\/li>\n<li><strong>Profesorado de Ingl\u00e9s<\/strong><\/li>\n<\/ul>\n<p>La inscripci\u00f3n est\u00e1 sujeta a la resoluci\u00f3n de otorgamiento de las mismas por parte del Consejo General de Educaci\u00f3n.<\/p>\n<p>Los interesados deber\u00e1n, registrar su inscripci\u00f3n de forma virtual, ingresando en el siguiente v\u00ednculo: <a href=\"https:\/\/www.ecualdata.com\/pre_normal_villaguay.php\">https:\/\/www.ecualdata.com\/pre_normal_villaguay.php<\/a><\/p>\n<p>Una vez efectuada la inscripci\u00f3n en forma virtual, deber\u00e1n entregar en la instituci\u00f3n, la siguiente documentaci\u00f3n:<br \/>\u2022 Planilla de Inscripci\u00f3n (impresa) emitida por el Sistema Ecualdat, al finalizar el registro online.<br \/>\u2022 Fotocopia autenticada del Documento Nacional de Identidad o documentaci\u00f3n que corresponda en el caso de estudiantes extranjeros.<br \/>\u2022 Acta de Nacimiento autenticada por Registro Civil\/Juzgado de Paz.<br \/>\u2022 Copia de t\u00edtulo debidamente legalizado o Certificado de t\u00edtulo en tr\u00e1mite y\/o finalizaci\u00f3n de estudios de la Educaci\u00f3n Secundaria.<br \/>\u2022 CUD (Certificado \u00danico de Discapacidad) en caso de que corresponda.<br \/>\u2022 Constancia de CUIL (C\u00f3digo \u00danico de Identificaci\u00f3n Laboral).<br \/>\u2022 2 Fotos 4\u00d74<br \/>\u2022 Certificado de aptitud psico-f\u00edsica expedido por entidad de Salud P\u00fablica.<\/p>\n<p>Toda la documentaci\u00f3n deber\u00e1 estar autenticada y entregada en un folio tama\u00f1o A4, hasta el d\u00eda <strong>viernes 27 de marzo<\/strong> en el horario de 17:30hs a 22:30hs. La inscripci\u00f3n se confirma mediante la entrega de la documentaci\u00f3n solicitada.<\/p>\n<p style=\"text-align: right;\"><strong>Equipo Directivo<\/strong><\/p>\n<p style=\"text-align: right;\"><strong>ENS Martiniano Leguizam\u00f3n<\/strong><\/p>\n<p>&nbsp;<\/p>\n<h1 style=\"text-align: center;\"><span style=\"color: #000000;\">Propuestas de\u00a0Nivel Inicial<\/span><\/h1>\n<p>&nbsp;<\/p>\n<h1 style=\"text-align: center;\"><div id=\"metaslider-id-7608\" style=\"width: 100%; margin: 0 auto;\" class=\"ml-slider-3-33-0 metaslider metaslider-flex metaslider-7608 ml-slider ms-theme-default\" role=\"region\" aria-roledescription=\"Slideshow\" aria-label=\"Nueva presentaci\u00f3n de diapositivas\">\n    <div id=\"metaslider_container_7608\">\n        <div id=\"metaslider_7608\" class=\"flexslider\">\n            <ul aria-live=\"polite\" class=\"slides\">\n                <li style=\"display: none; width: 100%;\" class=\"slide-7609 ms-image\" aria-roledescription=\"slide\" aria-label=\"slide-7609\"><img src=\"https:\/\/ensvillaguay-ers.infd.edu.ar\/sitio\/wp-content\/uploads\/2023\/02\/INICIAL-3-ANOS-300x400.jpeg\" height=\"400\" width=\"300\" alt=\"\" class=\"slider-7608 slide-7609\" title=\"INICIAL-3 A\u00d1OS\" \/><\/li>\n                <li style=\"display: none; width: 100%;\" class=\"slide-7610 ms-image\" aria-roledescription=\"slide\" aria-label=\"slide-7610\"><img src=\"https:\/\/ensvillaguay-ers.infd.edu.ar\/sitio\/wp-content\/uploads\/2023\/02\/INICIAL-4-ANOS-300x400.jpeg\" height=\"400\" width=\"300\" alt=\"\" class=\"slider-7608 slide-7610\" title=\"INICIAL-4 A\u00d1OS\" \/><\/li>\n                <li style=\"display: none; width: 100%;\" class=\"slide-7765 ms-image\" aria-roledescription=\"slide\" aria-label=\"slide-7765\"><img src=\"https:\/\/ensvillaguay-ers.infd.edu.ar\/sitio\/wp-content\/uploads\/2023\/02\/INICIAL-5-ANOS-300x400.jpeg\" height=\"400\" width=\"300\" alt=\"\" class=\"slider-7608 slide-7765\" title=\"INICIAL-5 A\u00d1OS\" \/><\/li>\n            <\/ul>\n        <\/div>\n        \n    <\/div>\n<\/div><\/h1>\n<h1 style=\"text-align: center;\">Propuestas de Nivel Primario<\/h1>\n<p style=\"text-align: center;\">\u00a0<\/p>\n<h1 style=\"text-align: center;\"><div id=\"metaslider-id-7614\" style=\"width: 100%; margin: 0 auto;\" class=\"ml-slider-3-33-0 metaslider metaslider-flex metaslider-7614 ml-slider ms-theme-default\" role=\"region\" aria-roledescription=\"Slideshow\" aria-label=\"Nueva presentaci\u00f3n de diapositivas\">\n    <div id=\"metaslider_container_7614\">\n        <div id=\"metaslider_7614\" class=\"flexslider\">\n            <ul aria-live=\"polite\" class=\"slides\">\n                <li style=\"display: none; width: 100%;\" class=\"slide-7778 ms-image\" aria-roledescription=\"slide\" aria-label=\"slide-7778\"><img src=\"https:\/\/ensvillaguay-ers.infd.edu.ar\/sitio\/wp-content\/uploads\/2023\/03\/Nivel_Primario-300x400.jpeg\" height=\"400\" width=\"300\" alt=\"\" class=\"slider-7614 slide-7778\" title=\"Nivel_Primario\" \/><\/li>\n                <li style=\"display: none; width: 100%;\" class=\"slide-7754 ms-image\" aria-roledescription=\"slide\" aria-label=\"slide-7754\"><img src=\"https:\/\/ensvillaguay-ers.infd.edu.ar\/sitio\/wp-content\/uploads\/2023\/02\/PRIMARIA-1ER-CICLO-300x400.jpeg\" height=\"400\" width=\"300\" alt=\"\" class=\"slider-7614 slide-7754\" title=\"PRIMARIA-1ER CICLO\" \/><\/li>\n                <li style=\"display: none; width: 100%;\" class=\"slide-7756 ms-image\" aria-roledescription=\"slide\" aria-label=\"slide-7756\"><img src=\"https:\/\/ensvillaguay-ers.infd.edu.ar\/sitio\/wp-content\/uploads\/2023\/02\/PRIMARIA-2DO-CICLO-300x400.jpeg\" height=\"400\" width=\"300\" alt=\"\" class=\"slider-7614 slide-7756\" title=\"PRIMARIA-2DO CICLO\" \/><\/li>\n            <\/ul>\n        <\/div>\n        \n    <\/div>\n<\/div><\/h1>\n<h1 style=\"text-align: center;\">Propuestas de Nivel Secundario<\/h1>\n<p>&nbsp;<\/p>\n<p style=\"text-align: center;\"><div id=\"metaslider-id-7694\" style=\"width: 100%; margin: 0 auto;\" class=\"ml-slider-3-33-0 metaslider metaslider-flex metaslider-7694 ml-slider ms-theme-default\" role=\"region\" aria-roledescription=\"Slideshow\" aria-label=\"Nueva presentaci\u00f3n de diapositivas\">\n    <div id=\"metaslider_container_7694\">\n        <div id=\"metaslider_7694\" class=\"flexslider\">\n            <ul aria-live=\"polite\" class=\"slides\">\n                <li style=\"display: none; width: 100%;\" class=\"slide-7779 ms-image\" aria-roledescription=\"slide\" aria-label=\"slide-7779\"><img src=\"https:\/\/ensvillaguay-ers.infd.edu.ar\/sitio\/wp-content\/uploads\/2023\/03\/Nivel_Secundario-300x400.jpeg\" height=\"400\" width=\"300\" alt=\"\" class=\"slider-7694 slide-7779\" title=\"Nivel_Secundario\" \/><\/li>\n                <li style=\"display: none; width: 100%;\" class=\"slide-7695 ms-image\" aria-roledescription=\"slide\" aria-label=\"slide-7695\"><img src=\"https:\/\/ensvillaguay-ers.infd.edu.ar\/sitio\/wp-content\/uploads\/2023\/02\/SECUNDARIA-NATURALES-300x400.jpeg\" height=\"400\" width=\"300\" alt=\"\" class=\"slider-7694 slide-7695\" title=\"SECUNDARIA-NATURALES\" \/><\/li>\n                <li style=\"display: none; width: 100%;\" class=\"slide-7696 ms-image\" aria-roledescription=\"slide\" aria-label=\"slide-7696\"><img src=\"https:\/\/ensvillaguay-ers.infd.edu.ar\/sitio\/wp-content\/uploads\/2023\/02\/SECUNDARIA-CS-SOCIALES-300x400.jpeg\" height=\"400\" width=\"300\" alt=\"\" class=\"slider-7694 slide-7696\" title=\"SECUNDARIA-CS SOCIALES\" \/><\/li>\n            <\/ul>\n        <\/div>\n        \n    <\/div>\n<\/div><\/p>\n<h2 style=\"text-align: center;\"><strong>Propuestas de Formaci\u00f3n Docente y T\u00e9cnico Profesional<\/strong><\/h2>\n<div id=\"metaslider-id-7466\" style=\"width: 100%; margin: 0 auto;\" class=\"ml-slider-3-33-0 metaslider metaslider-flex metaslider-7466 ml-slider ms-theme-default\" role=\"region\" aria-roledescription=\"Slideshow\" aria-label=\"Nueva presentaci\u00f3n de diapositivas\">\n    <div id=\"metaslider_container_7466\">\n        <div id=\"metaslider_7466\" class=\"flexslider\">\n            <ul aria-live=\"polite\" class=\"slides\">\n                <li style=\"display: none; width: 100%;\" class=\"slide-7485 ms-image\" aria-roledescription=\"slide\" aria-label=\"slide-7485\"><img src=\"https:\/\/ensvillaguay-ers.infd.edu.ar\/sitio\/wp-content\/uploads\/2023\/02\/MATEMATICA-300x400.jpeg\" height=\"400\" width=\"300\" alt=\"\" class=\"slider-7466 slide-7485\" title=\"MATEMATICA\" \/><\/li>\n                <li style=\"display: none; width: 100%;\" class=\"slide-7484 ms-image\" aria-roledescription=\"slide\" aria-label=\"slide-7484\"><img src=\"https:\/\/ensvillaguay-ers.infd.edu.ar\/sitio\/wp-content\/uploads\/2023\/02\/INGLES-300x400.jpeg\" height=\"400\" width=\"300\" alt=\"\" class=\"slider-7466 slide-7484\" title=\"INGLES\" \/><\/li>\n                <li style=\"display: none; width: 100%;\" class=\"slide-7482 ms-image\" aria-roledescription=\"slide\" aria-label=\"slide-7482\"><img src=\"https:\/\/ensvillaguay-ers.infd.edu.ar\/sitio\/wp-content\/uploads\/2023\/02\/INICIAL-300x400.jpeg\" height=\"400\" width=\"300\" alt=\"\" class=\"slider-7466 slide-7482\" title=\"INICIAL\" \/><\/li>\n                <li style=\"display: none; width: 100%;\" class=\"slide-11309 ms-image\" aria-roledescription=\"slide\" aria-label=\"slide-11309\"><img src=\"https:\/\/ensvillaguay-ers.infd.edu.ar\/sitio\/wp-content\/uploads\/2025\/02\/WhatsApp-Image-2025-02-10-at-15.19.53-300x400.jpeg\" height=\"400\" width=\"300\" alt=\"\" class=\"slider-7466 slide-11309\" title=\"WhatsApp Image 2025-02-10 at 15.19.53\" \/><\/li>\n                <li style=\"display: none; width: 100%;\" class=\"slide-7483 ms-image\" aria-roledescription=\"slide\" aria-label=\"slide-7483\"><img src=\"https:\/\/ensvillaguay-ers.infd.edu.ar\/sitio\/wp-content\/uploads\/2023\/02\/LENGUA-300x400.jpeg\" height=\"400\" width=\"300\" alt=\"\" class=\"slider-7466 slide-7483\" title=\"LENGUA\" \/><\/li>\n                <li style=\"display: none; width: 100%;\" class=\"slide-12144 ms-image\" aria-roledescription=\"slide\" aria-label=\"slide-12144\"><img src=\"https:\/\/ensvillaguay-ers.infd.edu.ar\/sitio\/wp-content\/uploads\/2026\/02\/WhatsApp-Image-2026-02-05-at-18.48.06-300x400.jpeg\" height=\"400\" width=\"300\" alt=\"\" class=\"slider-7466 slide-12144\" title=\"WhatsApp Image 2026-02-05 at 18.48.06\" \/><\/li>\n                <li style=\"display: none; width: 100%;\" class=\"slide-7475 ms-image\" aria-roledescription=\"slide\" aria-label=\"slide-7475\"><img src=\"https:\/\/ensvillaguay-ers.infd.edu.ar\/sitio\/wp-content\/uploads\/2023\/02\/PRIMARIA-300x400.jpeg\" height=\"400\" width=\"300\" alt=\"\" class=\"slider-7466 slide-7475\" title=\"PRIMARIA\" \/><\/li>\n            <\/ul>\n        <\/div>\n        \n    <\/div>\n<\/div>\n<h1 style=\"text-align: center;\">NOTICIAS DE LA INSTITUCI\u00d3N<\/h1>\n<p style=\"text-align: center;\"><!--more--><style>.wp-show-posts-columns#wpsp-383 {margin-left: -2em; }.wp-show-posts-columns#wpsp-383 .wp-show-posts-inner {margin: 0 0 2em 2em; }<\/style><section id=\"wpsp-383\" class=\" wp-show-posts-columns wp-show-posts\" style=\"\"><article class=\" wp-show-posts-single post-12334 post type-post status-publish format-standard has-post-thumbnail hentry category-alumnos category-institucionales category-noticias category-sin-categoria wpsp-col-4\" itemtype=\"http:\/\/schema.org\/CreativeWork\" itemscope><div class=\"wp-show-posts-inner\" style=\"\">\t\t<div class=\"wp-show-posts-image  wpsp-image-center \">\n\t\t\t<a href=\"https:\/\/ensvillaguay-ers.infd.edu.ar\/sitio\/cronograma-de-comisiones-evaluadoras-completa-curso-abril-2026\/\"  title=\"Cronograma de Comisiones Evaluadoras Completa Curso &#8211; Abril 2026\">\t\t\t\t\t<img src=\"https:\/\/ensvillaguay-ers.infd.edu.ar\/sitio\/wp-content\/uploads\/2026\/03\/WhatsApp-Image-2023-09-06-at-20.28.54-1000x560-1-500x500.jpeg\" alt=\"Cronograma de Comisiones Evaluadoras Completa Curso &#8211; Abril 2026\" itemprop=\"image\" class=\"center\" \/>\n\t\t\t\t<\/a>\t\t<\/div>\n\t\t\t\t\t\t\t\t<header class=\"wp-show-posts-entry-header\">\n\t\t\t\t\t\t\t<h2 class=\"wp-show-posts-entry-title\" itemprop=\"headline\"><a href=\"https:\/\/ensvillaguay-ers.infd.edu.ar\/sitio\/cronograma-de-comisiones-evaluadoras-completa-curso-abril-2026\/\" rel=\"bookmark\">Cronograma de Comisiones Evaluadoras Completa Curso &#8211; Abril 2026<\/a><\/h2>\t\t\t\t\t\t<\/header><!-- .entry-header -->\n\t\t\t\t\t\t\t\t\t\t\t<div class=\"wp-show-posts-entry-summary\" itemprop=\"text\">\n\t\t\t\t\t\t\t<p>La Direcci\u00f3n de la Escuela Normal Superior \u201cMartiniano Leguizam\u00f3n\u201d informa a los\/las estudiantes y a sus familias que las mesas evaluadoras correspondientes a la instancia de \u201cCompleta Curso\u201d se llevar\u00e1n&#8230;<\/p>\n\t\t\t\t\t\t<\/div><!-- .entry-summary -->\n\t\t\t\t\t<\/div><!-- wp-show-posts-inner --><\/article><article class=\" wp-show-posts-single post-12331 post type-post status-publish format-standard has-post-thumbnail hentry category-noticias wpsp-col-4\" itemtype=\"http:\/\/schema.org\/CreativeWork\" itemscope><div class=\"wp-show-posts-inner\" style=\"\">\t\t<div class=\"wp-show-posts-image  wpsp-image-center \">\n\t\t\t<a href=\"https:\/\/ensvillaguay-ers.infd.edu.ar\/sitio\/inicio-de-clases-de-1-ano-de-todas-las-carreras-de-nivel-superior\/\"  title=\"Inicio de clases de 1\u00b0 a\u00f1o de todas las carreras de Nivel Superior\">\t\t\t\t\t<img src=\"https:\/\/ensvillaguay-ers.infd.edu.ar\/sitio\/wp-content\/uploads\/2026\/03\/1\u00b0-ano-500x500.png\" alt=\"Inicio de clases de 1\u00b0 a\u00f1o de todas las carreras de Nivel Superior\" itemprop=\"image\" class=\"center\" \/>\n\t\t\t\t<\/a>\t\t<\/div>\n\t\t\t\t\t\t\t\t<header class=\"wp-show-posts-entry-header\">\n\t\t\t\t\t\t\t<h2 class=\"wp-show-posts-entry-title\" itemprop=\"headline\"><a href=\"https:\/\/ensvillaguay-ers.infd.edu.ar\/sitio\/inicio-de-clases-de-1-ano-de-todas-las-carreras-de-nivel-superior\/\" rel=\"bookmark\">Inicio de clases de 1\u00b0 a\u00f1o de todas las carreras de Nivel Superior<\/a><\/h2>\t\t\t\t\t\t<\/header><!-- .entry-header -->\n\t\t\t\t\t\t\t\t\t\t\t<div class=\"wp-show-posts-entry-summary\" itemprop=\"text\">\n\t\t\t\t\t\t\t<p>El Nivel Superior de la Escuela Normal Superior Martiniano Leguizam\u00f3n, informa que a partir del d\u00eda lunes 30 de marzo del corriente a\u00f1o, se dar\u00e1 inicio al dictado de clases&#8230;<\/p>\n\t\t\t\t\t\t<\/div><!-- .entry-summary -->\n\t\t\t\t\t<\/div><!-- wp-show-posts-inner --><\/article><article class=\" wp-show-posts-single post-12326 post type-post status-publish format-standard has-post-thumbnail hentry category-alumnos category-institucionales category-noticias category-profesores category-sin-categoria wpsp-col-4\" itemtype=\"http:\/\/schema.org\/CreativeWork\" itemscope><div class=\"wp-show-posts-inner\" style=\"\">\t\t<div class=\"wp-show-posts-image  wpsp-image-center \">\n\t\t\t<a href=\"https:\/\/ensvillaguay-ers.infd.edu.ar\/sitio\/cuota-social-voluntaria-2026-de-la-asociacion-cooperadora\/\"  title=\"Cuota Social Voluntaria 2026 de la Asociaci\u00f3n  Cooperadora\">\t\t\t\t\t<img src=\"https:\/\/ensvillaguay-ers.infd.edu.ar\/sitio\/wp-content\/uploads\/2026\/03\/WhatsApp-Image-2026-03-16-at-09.43.23-1-500x500.jpeg\" alt=\"Cuota Social Voluntaria 2026 de la Asociaci\u00f3n  Cooperadora\" itemprop=\"image\" class=\"center\" \/>\n\t\t\t\t<\/a>\t\t<\/div>\n\t\t\t\t\t\t\t\t<header class=\"wp-show-posts-entry-header\">\n\t\t\t\t\t\t\t<h2 class=\"wp-show-posts-entry-title\" itemprop=\"headline\"><a href=\"https:\/\/ensvillaguay-ers.infd.edu.ar\/sitio\/cuota-social-voluntaria-2026-de-la-asociacion-cooperadora\/\" rel=\"bookmark\">Cuota Social Voluntaria 2026 de la Asociaci\u00f3n  Cooperadora<\/a><\/h2>\t\t\t\t\t\t<\/header><!-- .entry-header -->\n\t\t\t\t\t\t\t\t\t\t\t<div class=\"wp-show-posts-entry-summary\" itemprop=\"text\">\n\t\t\t\t\t\t\t<p>A toda la comunidad se le informa los montos de la cuota Social Voluntaria 2026: Formas de Pago: Transferencia Bancaria : ALIAS: COOPERADORA.COLEGIO (Se debe presentar el comprobante para recibir&#8230;<\/p>\n\t\t\t\t\t\t<\/div><!-- .entry-summary -->\n\t\t\t\t\t<\/div><!-- wp-show-posts-inner --><\/article><div class=\"wpsp-clear\"><\/div><\/section><!-- .wp-show-posts --><\/p>\n<div id=\"metaslider-id-403\" style=\"width: 100%;\" class=\"ml-slider-3-33-0 metaslider metaslider-flex metaslider-403 ml-slider ms-theme-default\" role=\"region\" aria-roledescription=\"Slideshow\" aria-label=\"Slideshow\">\n    <div id=\"metaslider_container_403\">\n        <div id=\"metaslider_403\" class=\"flexslider\">\n            <ul aria-live=\"polite\" class=\"slides\">\n                <li style=\"display: block; width: 100%;\" class=\"slide-607 ms-image\" aria-roledescription=\"slide\" aria-label=\"slide-607\"><a href=\"https:\/\/mapa.infd.edu.ar\/\" target=\"_blank\"><img src=\"https:\/\/ensvillaguay-ers.infd.edu.ar\/sitio\/wp-content\/uploads\/2018\/06\/mapa_infd6-1100x200.png\" height=\"200\" width=\"1100\" alt=\"\" class=\"slider-403 slide-607\" title=\"mapa_infd6\" \/><\/a><\/li>\n                <li style=\"display: none; width: 100%;\" class=\"slide-609 ms-image\" aria-roledescription=\"slide\" aria-label=\"slide-609\"><a href=\"https:\/\/www.argentina.gob.ar\/educacion\/becas\" target=\"_blank\"><img src=\"https:\/\/ensvillaguay-ers.infd.edu.ar\/sitio\/wp-content\/uploads\/2018\/06\/becas7-1100x200.png\" height=\"200\" width=\"1100\" alt=\"\" class=\"slider-403 slide-609\" title=\"becas7\" \/><\/a><\/li>\n                <li style=\"display: none; width: 100%;\" class=\"slide-635 ms-image\" aria-roledescription=\"slide\" aria-label=\"slide-635\"><a href=\"https:\/\/www.argentina.gob.ar\/tema\/estudiar\/formacion-docencia\" target=\"_blank\"><img src=\"https:\/\/ensvillaguay-ers.infd.edu.ar\/sitio\/wp-content\/uploads\/2018\/06\/convocatorias_slide6-1-1100x200.png\" height=\"200\" width=\"1100\" alt=\"\" class=\"slider-403 slide-635\" title=\"convocatorias_slide6-1\" \/><\/a><\/li>\n            <\/ul>\n        <\/div>\n        \n    <\/div>\n<\/div>\n<p>&nbsp;<\/p>\n<hr \/>\n<p style=\"text-align: left;\">\u00a0<\/p>\n","protected":false},"excerpt":{"rendered":"<p>Av. Tom\u00e1s de Rocamora 72 &#8211; (3240) &#8211;\u00a0Villaguay &#8211; Entre R\u00edos &#8211;\u00a0Tel\u00e9fono: 03455-421141 \u00a0 Inscripci\u00f3n a carreras de Nivel Superior para el Ciclo Lectivo 2026 El Nivel Superior de la Escuela Normal Superior \u201cMartiniano Leguizam\u00f3n\u201d, informa que se encuentra abierta la inscripci\u00f3n al Ciclo Lectivo 2026, hasta el d\u00eda viernes 27 de marzo, a las &#8230; <a title=\"Cuota Social Voluntaria 2026 de la Asociaci\u00f3n  Cooperadora\" class=\"read-more\" href=\"https:\/\/ensvillaguay-ers.infd.edu.ar\/sitio\/cuota-social-voluntaria-2026-de-la-asociacion-cooperadora\/\" aria-label=\"More on Cuota Social Voluntaria 2026 de la Asociaci\u00f3n  Cooperadora\">[+]<\/a><\/p>\n","protected":false},"author":1046,"featured_media":0,"parent":0,"menu_order":0,"comment_status":"closed","ping_status":"closed","template":"","meta":[],"acf":[],"_links":{"self":[{"href":"https:\/\/ensvillaguay-ers.infd.edu.ar\/sitio\/wp-json\/wp\/v2\/pages\/286"}],"collection":[{"href":"https:\/\/ensvillaguay-ers.infd.edu.ar\/sitio\/wp-json\/wp\/v2\/pages"}],"about":[{"href":"https:\/\/ensvillaguay-ers.infd.edu.ar\/sitio\/wp-json\/wp\/v2\/types\/page"}],"author":[{"embeddable":true,"href":"https:\/\/ensvillaguay-ers.infd.edu.ar\/sitio\/wp-json\/wp\/v2\/users\/1046"}],"replies":[{"embeddable":true,"href":"https:\/\/ensvillaguay-ers.infd.edu.ar\/sitio\/wp-json\/wp\/v2\/comments?post=286"}],"version-history":[{"count":1779,"href":"https:\/\/ensvillaguay-ers.infd.edu.ar\/sitio\/wp-json\/wp\/v2\/pages\/286\/revisions"}],"predecessor-version":[{"id":12342,"href":"https:\/\/ensvillaguay-ers.infd.edu.ar\/sitio\/wp-json\/wp\/v2\/pages\/286\/revisions\/12342"}],"wp:attachment":[{"href":"https:\/\/ensvillaguay-ers.infd.edu.ar\/sitio\/wp-json\/wp\/v2\/media?parent=286"}],"curies":[{"name":"wp","href":"https:\/\/api.w.org\/{rel}","templated":true}]}}