{"id":318,"date":"2016-10-31T14:20:44","date_gmt":"2016-10-31T17:20:44","guid":{"rendered":"https:\/\/ensvillaguay-ers.infd.edu.ar\/sitio\/?page_id=318"},"modified":"2024-05-12T23:25:51","modified_gmt":"2024-05-13T02:25:51","slug":"contacto","status":"publish","type":"page","link":"https:\/\/ensvillaguay-ers.infd.edu.ar\/sitio\/contacto\/","title":{"rendered":"CONTACTOS"},"content":{"rendered":"\n<figure class=\"wp-block-image size-full\"><img decoding=\"async\" loading=\"lazy\" width=\"1801\" height=\"889\" src=\"https:\/\/ensvillaguay-ers.infd.edu.ar\/sitio\/wp-content\/uploads\/2023\/03\/Propuestas-de-Formacion-Docente-Inicial.jpg\" alt=\"\" class=\"wp-image-7891\" srcset=\"https:\/\/ensvillaguay-ers.infd.edu.ar\/sitio\/wp-content\/uploads\/2023\/03\/Propuestas-de-Formacion-Docente-Inicial.jpg 1801w, https:\/\/ensvillaguay-ers.infd.edu.ar\/sitio\/wp-content\/uploads\/2023\/03\/Propuestas-de-Formacion-Docente-Inicial-1000x494.jpg 1000w, https:\/\/ensvillaguay-ers.infd.edu.ar\/sitio\/wp-content\/uploads\/2023\/03\/Propuestas-de-Formacion-Docente-Inicial-768x379.jpg 768w, https:\/\/ensvillaguay-ers.infd.edu.ar\/sitio\/wp-content\/uploads\/2023\/03\/Propuestas-de-Formacion-Docente-Inicial-1536x758.jpg 1536w\" sizes=\"(max-width: 1801px) 100vw, 1801px\" \/><\/figure>\n\n\n\n<figure class=\"wp-block-table is-style-stripes\"><table><tbody><tr><td class=\"has-text-align-center\" data-align=\"center\"><strong>Correo Institucional de Nivel Superior<\/strong><\/td><td class=\"has-text-align-center\" data-align=\"center\">                        <strong> <\/strong><img decoding=\"async\" loading=\"lazy\" width=\"24\" height=\"24\" class=\"wp-image-8591\" style=\"width: 24px;\" src=\"https:\/\/ensvillaguay-ers.infd.edu.ar\/sitio\/wp-content\/uploads\/2023\/08\/correo-electronico-1.png\" alt=\"\"><strong>   superior.normalml.vg@entrerios.edu.ar   <\/strong>                             <\/td><\/tr><tr><td class=\"has-text-align-center\" data-align=\"center\"><strong>Secretar\u00eda Acad\u00e9mica de Nivel Superior<\/strong><\/td><td class=\"has-text-align-center\" data-align=\"center\"><img decoding=\"async\" loading=\"lazy\" width=\"24\" height=\"24\" class=\"wp-image-8591\" style=\"width: 24px;\" src=\"https:\/\/ensvillaguay-ers.infd.edu.ar\/sitio\/wp-content\/uploads\/2023\/08\/correo-electronico-1.png\" alt=\"\"> <strong>secretariacademicaensml@gmail.com<\/strong><\/td><\/tr><tr><td class=\"has-text-align-center\" data-align=\"center\"><strong>Referentes T\u00e9cnicos de Nivel Superior<\/strong><\/td><td class=\"has-text-align-center\" data-align=\"center\"><img decoding=\"async\" loading=\"lazy\" width=\"24\" height=\"24\" class=\"wp-image-8591\" style=\"width: 24px;\" src=\"https:\/\/ensvillaguay-ers.infd.edu.ar\/sitio\/wp-content\/uploads\/2023\/08\/correo-electronico-1.png\" alt=\"\"> <strong>referentestecnicosensml@gmail.com <\/strong><\/td><\/tr><tr><td class=\"has-text-align-center\" data-align=\"center\"><strong>Preceptor\u00eda de Nivel Superior (\u00c1rea de Estudiantes)<\/strong><\/td><td class=\"has-text-align-center\" data-align=\"center\"><img decoding=\"async\" loading=\"lazy\" width=\"24\" height=\"24\" class=\"wp-image-8591\" style=\"width: 24px;\" src=\"https:\/\/ensvillaguay-ers.infd.edu.ar\/sitio\/wp-content\/uploads\/2023\/08\/correo-electronico-1.png\" alt=\"\"> <strong>preceptores.profesorados.ml@gmail.com <\/strong><\/td><\/tr><tr><td class=\"has-text-align-center\" data-align=\"center\"><strong>Biblioteca \u201cHebe Morosini\u201d<\/strong><\/td><td class=\"has-text-align-center\" data-align=\"center\"><img decoding=\"async\" loading=\"lazy\" width=\"24\" height=\"24\" class=\"wp-image-8591\" style=\"width: 24px;\" src=\"https:\/\/ensvillaguay-ers.infd.edu.ar\/sitio\/wp-content\/uploads\/2023\/08\/correo-electronico-1.png\" alt=\"\"> <strong>bibliotecahebemorossini789@gmail.com<\/strong><\/td><\/tr><tr><td class=\"has-text-align-center\" data-align=\"center\"><strong>Facebook<\/strong><\/td><td class=\"has-text-align-center\" data-align=\"center\"><img decoding=\"async\" loading=\"lazy\" width=\"24\" height=\"24\" class=\"wp-image-8590\" style=\"width: 24px;\" src=\"https:\/\/ensvillaguay-ers.infd.edu.ar\/sitio\/wp-content\/uploads\/2023\/08\/facebook.png\" alt=\"\"><a rel=\"noreferrer noopener\" href=\"https:\/\/www.facebook.com\/profile.php?id=100089895654416&amp;sk=about\" data-type=\"URL\" data-id=\"https:\/\/www.facebook.com\/profile.php?id=100089895654416&amp;sk=about\" target=\"_blank\"><strong> Nivel Superior<\/strong><\/a><\/td><\/tr><tr><td class=\"has-text-align-center\" data-align=\"center\"><strong>Instagram <\/strong><\/td><td class=\"has-text-align-center\" data-align=\"center\"><img decoding=\"async\" loading=\"lazy\" width=\"24\" height=\"24\" class=\"wp-image-8589\" style=\"width: 24px;\" src=\"https:\/\/ensvillaguay-ers.infd.edu.ar\/sitio\/wp-content\/uploads\/2023\/08\/instagram.png\" alt=\"\"> <strong><a href=\"https:\/\/www.instagram.com\/ensml_superior?utm_source=qr&amp;igsh=MmxhcDJ4aWh6NWVt\" data-type=\"URL\" data-id=\"https:\/\/www.instagram.com\/ensml_superior?utm_source=qr&amp;igsh=MmxhcDJ4aWh6NWVt\" target=\"_blank\" rel=\"noreferrer noopener\">ensml.superior<\/a><\/strong><\/td><\/tr><tr><td class=\"has-text-align-center\" data-align=\"center\"><strong>Canal de YouTube Institucional <\/strong><\/td><td class=\"has-text-align-center\" data-align=\"center\"><img decoding=\"async\" loading=\"lazy\" width=\"512\" height=\"512\" class=\"wp-image-8442\" style=\"width: 24px;\" src=\"https:\/\/ensvillaguay-ers.infd.edu.ar\/sitio\/wp-content\/uploads\/2023\/08\/f2ea1ded4d037633f687ee389a571086-logotipo-de-icono-de-youtube.png\" alt=\"\" srcset=\"https:\/\/ensvillaguay-ers.infd.edu.ar\/sitio\/wp-content\/uploads\/2023\/08\/f2ea1ded4d037633f687ee389a571086-logotipo-de-icono-de-youtube.png 512w, https:\/\/ensvillaguay-ers.infd.edu.ar\/sitio\/wp-content\/uploads\/2023\/08\/f2ea1ded4d037633f687ee389a571086-logotipo-de-icono-de-youtube-500x500.png 500w\" sizes=\"(max-width: 512px) 100vw, 512px\" \/> <a href=\"https:\/\/www.youtube.com\/@escuelanormalsuperiormarti7252\" target=\"_blank\" rel=\"noreferrer noopener\"><strong>escuelanormalsuperiormarti7252<\/strong><\/a><\/td><\/tr><\/tbody><\/table><\/figure>\n","protected":false},"excerpt":{"rendered":"<p>Correo Institucional de Nivel Superior superior.normalml.vg@entrerios.edu.ar Secretar\u00eda Acad\u00e9mica de Nivel Superior secretariacademicaensml@gmail.com Referentes T\u00e9cnicos de Nivel Superior referentestecnicosensml@gmail.com Preceptor\u00eda de Nivel Superior (\u00c1rea de Estudiantes) preceptores.profesorados.ml@gmail.com Biblioteca \u201cHebe Morosini\u201d bibliotecahebemorossini789@gmail.com Facebook Nivel Superior Instagram ensml.superior Canal de YouTube Institucional escuelanormalsuperiormarti7252<\/p>\n","protected":false},"author":1046,"featured_media":0,"parent":0,"menu_order":0,"comment_status":"closed","ping_status":"closed","template":"","meta":[],"acf":[],"_links":{"self":[{"href":"https:\/\/ensvillaguay-ers.infd.edu.ar\/sitio\/wp-json\/wp\/v2\/pages\/318"}],"collection":[{"href":"https:\/\/ensvillaguay-ers.infd.edu.ar\/sitio\/wp-json\/wp\/v2\/pages"}],"about":[{"href":"https:\/\/ensvillaguay-ers.infd.edu.ar\/sitio\/wp-json\/wp\/v2\/types\/page"}],"author":[{"embeddable":true,"href":"https:\/\/ensvillaguay-ers.infd.edu.ar\/sitio\/wp-json\/wp\/v2\/users\/1046"}],"replies":[{"embeddable":true,"href":"https:\/\/ensvillaguay-ers.infd.edu.ar\/sitio\/wp-json\/wp\/v2\/comments?post=318"}],"version-history":[{"count":15,"href":"https:\/\/ensvillaguay-ers.infd.edu.ar\/sitio\/wp-json\/wp\/v2\/pages\/318\/revisions"}],"predecessor-version":[{"id":10516,"href":"https:\/\/ensvillaguay-ers.infd.edu.ar\/sitio\/wp-json\/wp\/v2\/pages\/318\/revisions\/10516"}],"wp:attachment":[{"href":"https:\/\/ensvillaguay-ers.infd.edu.ar\/sitio\/wp-json\/wp\/v2\/media?parent=318"}],"curies":[{"name":"wp","href":"https:\/\/api.w.org\/{rel}","templated":true}]}}