{"id":4517,"date":"2021-04-14T21:58:17","date_gmt":"2021-04-15T00:58:17","guid":{"rendered":"https:\/\/ensvillaguay-ers.infd.edu.ar\/sitio\/?page_id=4517"},"modified":"2021-04-14T22:14:44","modified_gmt":"2021-04-15T01:14:44","slug":"solicitud-de-equivalencias-2021","status":"publish","type":"page","link":"https:\/\/ensvillaguay-ers.infd.edu.ar\/sitio\/solicitud-de-equivalencias-2021\/","title":{"rendered":"SOLICITUD DE EQUIVALENCIAS 2021"},"content":{"rendered":"<p>A partir de hoy y hasta el 3<strong>0 de abril inclusive se abre el per\u00edodo de SOLICITUD de EQUIVALENCIAS <\/strong>seg\u00fan lo establece el Art . 28 del R\u00e9gimen Acad\u00e9mico Marco (RAM- Resol. 4967\/19 CGE)<\/p>\n<p>Para solicitar la equivalencia el\/la interesado\/a debe presentar\u00a0 la siguiente documentaci\u00f3n:<\/p>\n<ul>\n<li>Formulario de solicitud de equivalencia, por cada Unidad Curricular a la que solicita la misma<strong> (por duplicado)<\/strong>. Puede descargarlo <a href=\"https:\/\/ensvillaguay-ers.infd.edu.ar\/sitio\/wp-content\/uploads\/2021\/04\/Planilla-Equivalencias.pdf\">haciendo clic aqu\u00ed.<\/a><\/li>\n<\/ul>\n<p>O retirarlo de la Librer\u00eda Colores (L. Herrera entre 25 de mayo y Caseros)<\/p>\n<ul>\n<li>Certificado anal\u00edtico de las materias aprobadas correspondiente a la carrera cursada.<\/li>\n<li>Copia autenticada de los programas de las materias que se consideran equivalentes a las del plan de estudio de la carrera actual, para las cuales est\u00e1 solicitando la equivalencia.<\/li>\n<\/ul>\n<p><strong><u>Aclaraci\u00f3n:<\/u><\/strong>\u00a0 <strong>Los\/as estudiante que provienen de profesorados pertenecientes a nuestra instituci\u00f3n no deben presentarlos. <\/strong><\/p>\n<p>La presentaci\u00f3n de la documentaci\u00f3n debe hacerse en la Administraci\u00f3n de la E.N.S. \u201cMartiniano Leguizam\u00f3n\u201d(Rocamora 72) \u00a0en el horario de 17:30 a 21:30 hs.<\/p>\n","protected":false},"excerpt":{"rendered":"<p>A partir de hoy y hasta el 30 de abril inclusive se abre el per\u00edodo de SOLICITUD de EQUIVALENCIAS seg\u00fan lo establece el Art . 28 del R\u00e9gimen Acad\u00e9mico Marco (RAM- Resol. 4967\/19 CGE) Para solicitar la equivalencia el\/la interesado\/a debe presentar\u00a0 la siguiente documentaci\u00f3n: Formulario de solicitud de equivalencia, por cada Unidad Curricular a &#8230; <a title=\"SOLICITUD DE EQUIVALENCIAS 2021\" class=\"read-more\" href=\"https:\/\/ensvillaguay-ers.infd.edu.ar\/sitio\/solicitud-de-equivalencias-2021\/\" aria-label=\"More on SOLICITUD DE EQUIVALENCIAS 2021\">[+]<\/a><\/p>\n","protected":false},"author":1128,"featured_media":0,"parent":0,"menu_order":0,"comment_status":"closed","ping_status":"closed","template":"","meta":[],"acf":[],"_links":{"self":[{"href":"https:\/\/ensvillaguay-ers.infd.edu.ar\/sitio\/wp-json\/wp\/v2\/pages\/4517"}],"collection":[{"href":"https:\/\/ensvillaguay-ers.infd.edu.ar\/sitio\/wp-json\/wp\/v2\/pages"}],"about":[{"href":"https:\/\/ensvillaguay-ers.infd.edu.ar\/sitio\/wp-json\/wp\/v2\/types\/page"}],"author":[{"embeddable":true,"href":"https:\/\/ensvillaguay-ers.infd.edu.ar\/sitio\/wp-json\/wp\/v2\/users\/1128"}],"replies":[{"embeddable":true,"href":"https:\/\/ensvillaguay-ers.infd.edu.ar\/sitio\/wp-json\/wp\/v2\/comments?post=4517"}],"version-history":[{"count":4,"href":"https:\/\/ensvillaguay-ers.infd.edu.ar\/sitio\/wp-json\/wp\/v2\/pages\/4517\/revisions"}],"predecessor-version":[{"id":4534,"href":"https:\/\/ensvillaguay-ers.infd.edu.ar\/sitio\/wp-json\/wp\/v2\/pages\/4517\/revisions\/4534"}],"wp:attachment":[{"href":"https:\/\/ensvillaguay-ers.infd.edu.ar\/sitio\/wp-json\/wp\/v2\/media?parent=4517"}],"curies":[{"name":"wp","href":"https:\/\/api.w.org\/{rel}","templated":true}]}}