{"id":5228,"date":"2021-08-20T09:10:13","date_gmt":"2021-08-20T12:10:13","guid":{"rendered":"https:\/\/ensvillaguay-ers.infd.edu.ar\/sitio\/?page_id=5228"},"modified":"2026-03-12T10:37:53","modified_gmt":"2026-03-12T13:37:53","slug":"horarios-de-clases-por-profesorado","status":"publish","type":"page","link":"https:\/\/ensvillaguay-ers.infd.edu.ar\/sitio\/horarios-de-clases-por-profesorado\/","title":{"rendered":"Horarios de clases por carrera"},"content":{"rendered":"\n<figure class=\"wp-block-image size-full is-resized\"><img decoding=\"async\" loading=\"lazy\" src=\"https:\/\/ensvillaguay-ers.infd.edu.ar\/sitio\/wp-content\/uploads\/2023\/02\/2.jpg\" alt=\"\" class=\"wp-image-7499\" width=\"1020\" height=\"573\" srcset=\"https:\/\/ensvillaguay-ers.infd.edu.ar\/sitio\/wp-content\/uploads\/2023\/02\/2.jpg 1733w, https:\/\/ensvillaguay-ers.infd.edu.ar\/sitio\/wp-content\/uploads\/2023\/02\/2-1000x563.jpg 1000w, https:\/\/ensvillaguay-ers.infd.edu.ar\/sitio\/wp-content\/uploads\/2023\/02\/2-768x432.jpg 768w, https:\/\/ensvillaguay-ers.infd.edu.ar\/sitio\/wp-content\/uploads\/2023\/02\/2-1536x864.jpg 1536w\" sizes=\"(max-width: 1020px) 100vw, 1020px\" \/><\/figure>\n\n\n\n<figure class=\"wp-block-table is-style-stripes\"><table><tbody><tr><td class=\"has-text-align-center\" data-align=\"center\"><img decoding=\"async\" loading=\"lazy\" width=\"24\" height=\"24\" class=\"wp-image-10459\" style=\"width: 24px;\" src=\"https:\/\/ensvillaguay-ers.infd.edu.ar\/sitio\/wp-content\/uploads\/2024\/02\/reloj-de-pared.png\" alt=\"\">  <strong><a rel=\"noreferrer noopener\" href=\"https:\/\/docs.google.com\/document\/d\/1n9ZIOU1ZAumASnkKK5CdvBMF_9bpVGR_\/edit?rtpof=true&amp;sd=true\" target=\"_blank\">Profesorado de Educaci\u00f3n Primaria<\/a> <\/strong><\/td><\/tr><tr><td class=\"has-text-align-center\" data-align=\"center\"><img decoding=\"async\" loading=\"lazy\" width=\"24\" height=\"24\" class=\"wp-image-10459\" style=\"width: 24px;\" src=\"https:\/\/ensvillaguay-ers.infd.edu.ar\/sitio\/wp-content\/uploads\/2024\/02\/reloj-de-pared.png\" alt=\"\">  <a rel=\"noreferrer noopener\" href=\"https:\/\/docs.google.com\/document\/d\/1HX65uaO1jOsNeIbvlR-Ww-HtOoCGjHc8\/edit?rtpof=true&amp;sd=true\" target=\"_blank\"><strong>Profesorado de Educaci\u00f3n Secundaria en Lengua y Literatura<\/strong><\/a><\/td><\/tr><tr><td class=\"has-text-align-center\" data-align=\"center\"><img decoding=\"async\" loading=\"lazy\" width=\"24\" height=\"24\" class=\"wp-image-10459\" style=\"width: 24px;\" src=\"https:\/\/ensvillaguay-ers.infd.edu.ar\/sitio\/wp-content\/uploads\/2024\/02\/reloj-de-pared.png\" alt=\"\">  <a rel=\"noreferrer noopener\" href=\"https:\/\/docs.google.com\/document\/d\/11ch01eJ0wnR2-DOegG2F-J9LSixVWJ0j\/edit?rtpof=true&amp;sd=true\" target=\"_blank\"><strong>Profesorado de Educaci\u00f3n Secundaria en Matem\u00e1tica<\/strong><\/a><\/td><\/tr><tr><td class=\"has-text-align-center\" data-align=\"center\"><img decoding=\"async\" loading=\"lazy\" width=\"24\" height=\"24\" class=\"wp-image-10459\" style=\"width: 24px;\" src=\"https:\/\/ensvillaguay-ers.infd.edu.ar\/sitio\/wp-content\/uploads\/2024\/02\/reloj-de-pared.png\" alt=\"\">  <a rel=\"noreferrer noopener\" href=\"https:\/\/docs.google.com\/document\/d\/1Iyfkb1r5Rl217oT_Vc_dXymN50TRh9PE\/edit?rtpof=true&amp;sd=true\" target=\"_blank\"><strong>Profesorado de Educaci\u00f3n Secundaria en Geograf\u00eda<\/strong><\/a> <\/td><\/tr><tr><td class=\"has-text-align-center\" data-align=\"center\"><img decoding=\"async\" loading=\"lazy\" width=\"24\" height=\"24\" class=\"wp-image-10459\" style=\"width: 24px;\" src=\"https:\/\/ensvillaguay-ers.infd.edu.ar\/sitio\/wp-content\/uploads\/2024\/02\/reloj-de-pared.png\" alt=\"\">  <strong><a rel=\"noreferrer noopener\" href=\"https:\/\/docs.google.com\/document\/d\/1kt038-U4xbCEqGOOq6Z-MnDlOAS8xNAS\/edit?rtpof=true&amp;sd=true\" target=\"_blank\">Profesorado de Eduaci\u00f3n Inicial<\/a><\/strong><\/td><\/tr><tr><td class=\"has-text-align-center\" data-align=\"center\"><img decoding=\"async\" loading=\"lazy\" width=\"24\" height=\"24\" class=\"wp-image-10459\" style=\"width: 24px;\" src=\"https:\/\/ensvillaguay-ers.infd.edu.ar\/sitio\/wp-content\/uploads\/2024\/02\/reloj-de-pared.png\" alt=\"\"> <strong><a rel=\"noreferrer noopener\" href=\"https:\/\/docs.google.com\/document\/d\/1YYluC-A4ML-tmMzdRba4kfjtDHwrayIE\/edit?rtpof=true&amp;sd=true\" target=\"_blank\">Profesorado de Ingl\u00e9s<\/a><\/strong><\/td><\/tr><tr><td class=\"has-text-align-center\" data-align=\"center\"><img decoding=\"async\" loading=\"lazy\" width=\"24\" height=\"24\" class=\"wp-image-10459\" style=\"width: 24px;\" src=\"https:\/\/ensvillaguay-ers.infd.edu.ar\/sitio\/wp-content\/uploads\/2024\/02\/reloj-de-pared.png\" alt=\"\">  <strong><a href=\"https:\/\/docs.google.com\/document\/d\/1Cb7C637eixMCfdBvW-xh5ER4WcTI8nE4\/edit\" target=\"_blank\" rel=\"noreferrer noopener\">Tecnicatura Superior en Seguridad, Higiene y Ambiente en el Trabajo<\/a><\/strong><\/td><\/tr><tr><td class=\"has-text-align-center\" data-align=\"center\"><img decoding=\"async\" loading=\"lazy\" width=\"24\" height=\"24\" class=\"wp-image-10459\" style=\"width: 24px;\" src=\"https:\/\/ensvillaguay-ers.infd.edu.ar\/sitio\/wp-content\/uploads\/2024\/02\/reloj-de-pared.png\" alt=\"\"> <strong><a href=\"https:\/\/docs.google.com\/document\/d\/1aX1iV8GZ3Gl5WdsKH39xgwfwJm9kq-sx\/edit?usp=sharing&amp;ouid=103596383969249348830&amp;rtpof=true&amp;sd=true\" data-type=\"URL\" data-id=\"https:\/\/docs.google.com\/document\/d\/1aX1iV8GZ3Gl5WdsKH39xgwfwJm9kq-sx\/edit?usp=sharing&amp;ouid=103596383969249348830&amp;rtpof=true&amp;sd=true\" target=\"_blank\" rel=\"noreferrer noopener\">Profesorado de Educaci\u00f3n Superior en Ciencias de la Educaci\u00f3n<\/a><\/strong><\/td><\/tr><\/tbody><\/table><\/figure>\n","protected":false},"excerpt":{"rendered":"<p>Profesorado de Educaci\u00f3n Primaria Profesorado de Educaci\u00f3n Secundaria en Lengua y Literatura Profesorado de Educaci\u00f3n Secundaria en Matem\u00e1tica Profesorado de Educaci\u00f3n Secundaria en Geograf\u00eda Profesorado de Eduaci\u00f3n Inicial Profesorado de Ingl\u00e9s Tecnicatura Superior en Seguridad, Higiene y Ambiente en el Trabajo Profesorado de Educaci\u00f3n Superior en Ciencias de la Educaci\u00f3n<\/p>\n","protected":false},"author":1046,"featured_media":0,"parent":0,"menu_order":0,"comment_status":"closed","ping_status":"closed","template":"","meta":[],"acf":[],"_links":{"self":[{"href":"https:\/\/ensvillaguay-ers.infd.edu.ar\/sitio\/wp-json\/wp\/v2\/pages\/5228"}],"collection":[{"href":"https:\/\/ensvillaguay-ers.infd.edu.ar\/sitio\/wp-json\/wp\/v2\/pages"}],"about":[{"href":"https:\/\/ensvillaguay-ers.infd.edu.ar\/sitio\/wp-json\/wp\/v2\/types\/page"}],"author":[{"embeddable":true,"href":"https:\/\/ensvillaguay-ers.infd.edu.ar\/sitio\/wp-json\/wp\/v2\/users\/1046"}],"replies":[{"embeddable":true,"href":"https:\/\/ensvillaguay-ers.infd.edu.ar\/sitio\/wp-json\/wp\/v2\/comments?post=5228"}],"version-history":[{"count":21,"href":"https:\/\/ensvillaguay-ers.infd.edu.ar\/sitio\/wp-json\/wp\/v2\/pages\/5228\/revisions"}],"predecessor-version":[{"id":12280,"href":"https:\/\/ensvillaguay-ers.infd.edu.ar\/sitio\/wp-json\/wp\/v2\/pages\/5228\/revisions\/12280"}],"wp:attachment":[{"href":"https:\/\/ensvillaguay-ers.infd.edu.ar\/sitio\/wp-json\/wp\/v2\/media?parent=5228"}],"curies":[{"name":"wp","href":"https:\/\/api.w.org\/{rel}","templated":true}]}}