{"id":5782,"date":"2021-11-29T20:26:56","date_gmt":"2021-11-29T23:26:56","guid":{"rendered":"https:\/\/ensvillaguay-ers.infd.edu.ar\/sitio\/?page_id=5782"},"modified":"2021-12-13T18:54:03","modified_gmt":"2021-12-13T21:54:03","slug":"mesas-examinadoras-turno-noviembre-diciembre-2021","status":"publish","type":"page","link":"https:\/\/ensvillaguay-ers.infd.edu.ar\/sitio\/mesas-examinadoras-turno-noviembre-diciembre-2021\/","title":{"rendered":"Mesas examinadoras Turno Noviembre\/Diciembre 2021"},"content":{"rendered":"\n<div class=\"wp-block-file\"><a href=\"https:\/\/ensvillaguay-ers.infd.edu.ar\/sitio\/wp-content\/uploads\/2021\/12\/Cronograma-de-Mesas-de-Examenes.pdf\">Cronograma  de Mesas de Ex\u00e1menes<\/a><a href=\"https:\/\/ensvillaguay-ers.infd.edu.ar\/sitio\/wp-content\/uploads\/2021\/12\/Cronograma-de-Mesas-de-Examenes.pdf\" class=\"wp-block-file__button\" download>Descarga (Actualizado 13-12-21) <\/a><\/div>\n\n\n\n<ul><li>La Mesa de Problem\u00e1tica del An\u00e1lisis Matem\u00e1tico (3\u00b0 a\u00f1o PES Matem\u00e1tica) en el segundo llamado, prevista para el d\u00eda mierc\u00f3les 15\/12, pasa al d\u00eda martes 14\/12.<\/li><li>Recuerden que para poder borrarse, deben notificar al menos 24hs antes, durante los d\u00edas h\u00e1biles, al correo de Preceptor\u00eda (<a href=\"mailto:preceptores.profesorados.ml@gmail.com\">preceptores.profesorados.ml@gmail.com<\/a>).<\/li><li>La inscripci\u00f3n a las mesas ya se encuentra cerrada.<\/li><\/ul>\n\n\n\n<p><\/p>\n","protected":false},"excerpt":{"rendered":"<p>La Mesa de Problem\u00e1tica del An\u00e1lisis Matem\u00e1tico (3\u00b0 a\u00f1o PES Matem\u00e1tica) en el segundo llamado, prevista para el d\u00eda mierc\u00f3les 15\/12, pasa al d\u00eda martes 14\/12. Recuerden que para poder borrarse, deben notificar al menos 24hs antes, durante los d\u00edas h\u00e1biles, al correo de Preceptor\u00eda (preceptores.profesorados.ml@gmail.com). La inscripci\u00f3n a las mesas ya se encuentra cerrada.<\/p>\n","protected":false},"author":1046,"featured_media":0,"parent":0,"menu_order":0,"comment_status":"closed","ping_status":"closed","template":"","meta":[],"acf":[],"_links":{"self":[{"href":"https:\/\/ensvillaguay-ers.infd.edu.ar\/sitio\/wp-json\/wp\/v2\/pages\/5782"}],"collection":[{"href":"https:\/\/ensvillaguay-ers.infd.edu.ar\/sitio\/wp-json\/wp\/v2\/pages"}],"about":[{"href":"https:\/\/ensvillaguay-ers.infd.edu.ar\/sitio\/wp-json\/wp\/v2\/types\/page"}],"author":[{"embeddable":true,"href":"https:\/\/ensvillaguay-ers.infd.edu.ar\/sitio\/wp-json\/wp\/v2\/users\/1046"}],"replies":[{"embeddable":true,"href":"https:\/\/ensvillaguay-ers.infd.edu.ar\/sitio\/wp-json\/wp\/v2\/comments?post=5782"}],"version-history":[{"count":6,"href":"https:\/\/ensvillaguay-ers.infd.edu.ar\/sitio\/wp-json\/wp\/v2\/pages\/5782\/revisions"}],"predecessor-version":[{"id":5959,"href":"https:\/\/ensvillaguay-ers.infd.edu.ar\/sitio\/wp-json\/wp\/v2\/pages\/5782\/revisions\/5959"}],"wp:attachment":[{"href":"https:\/\/ensvillaguay-ers.infd.edu.ar\/sitio\/wp-json\/wp\/v2\/media?parent=5782"}],"curies":[{"name":"wp","href":"https:\/\/api.w.org\/{rel}","templated":true}]}}