{"id":5946,"date":"2021-12-06T19:45:17","date_gmt":"2021-12-06T22:45:17","guid":{"rendered":"https:\/\/ensvillaguay-ers.infd.edu.ar\/sitio\/?page_id=5946"},"modified":"2025-12-10T11:05:56","modified_gmt":"2025-12-10T14:05:56","slug":"planificaciones-2021","status":"publish","type":"page","link":"https:\/\/ensvillaguay-ers.infd.edu.ar\/sitio\/planificaciones-2021\/","title":{"rendered":"Planificaciones"},"content":{"rendered":"\n<figure class=\"wp-block-image size-full\"><img decoding=\"async\" loading=\"lazy\" width=\"1574\" height=\"885\" src=\"https:\/\/ensvillaguay-ers.infd.edu.ar\/sitio\/wp-content\/uploads\/2023\/02\/7.jpg\" alt=\"\" class=\"wp-image-7521\" srcset=\"https:\/\/ensvillaguay-ers.infd.edu.ar\/sitio\/wp-content\/uploads\/2023\/02\/7.jpg 1574w, https:\/\/ensvillaguay-ers.infd.edu.ar\/sitio\/wp-content\/uploads\/2023\/02\/7-1000x562.jpg 1000w, https:\/\/ensvillaguay-ers.infd.edu.ar\/sitio\/wp-content\/uploads\/2023\/02\/7-768x432.jpg 768w, https:\/\/ensvillaguay-ers.infd.edu.ar\/sitio\/wp-content\/uploads\/2023\/02\/7-1536x864.jpg 1536w\" sizes=\"(max-width: 1574px) 100vw, 1574px\" \/><\/figure>\n\n\n\n<p class=\"has-text-align-center\"><strong>Planificaciones de cada una de las asignaturas divididas por a\u00f1o y profesorado<\/strong><\/p>\n\n\n\n<h4 class=\"wp-block-heading has-text-align-center\"><strong><mark style=\"background-color:rgba(0, 0, 0, 0);color:#3d0473\" class=\"has-inline-color\">Planificaciones A\u00f1o 202<\/mark><\/strong>5<\/h4>\n\n\n\n<div class=\"wp-block-group is-layout-constrained\"><div class=\"wp-block-group__inner-container\">\n<figure class=\"wp-block-table aligncenter is-style-stripes\"><table><tbody><tr><td class=\"has-text-align-center\" data-align=\"center\"><a href=\"https:\/\/drive.google.com\/drive\/folders\/1AawGjLg0MbxGJ3pp57TYc4wQmZoJzrFH?usp=sharing\" target=\"_blank\" rel=\"noreferrer noopener\"><strong>Profesorado de Educaci\u00f3n Primaria<\/strong><\/a><\/td><td class=\"has-text-align-center\" data-align=\"center\"><a href=\"https:\/\/drive.google.com\/drive\/folders\/1dGe4oksd0QbUnOiiXhON3OpZpv1Nhw2Z?usp=sharing\" target=\"_blank\" rel=\"noreferrer noopener\"><strong>Profesorado de Educaci\u00f3n Inicial<\/strong><\/a><\/td><\/tr><tr><td class=\"has-text-align-center\" data-align=\"center\"><a rel=\"noreferrer noopener\" href=\"https:\/\/drive.google.com\/drive\/folders\/1mj1GVIwMDJWww_NtWCjhuc7EN-Fi0eB-?usp=sharing\" target=\"_blank\"><strong>Profesorado de Educaci\u00f3n Secundaria en Lengua y Literatura<\/strong><\/a><\/td><td class=\"has-text-align-center\" data-align=\"center\"><a rel=\"noreferrer noopener\" href=\"https:\/\/drive.google.com\/drive\/folders\/1or_v1Qb4viVUJFEUkDTz0_n325JHNb4d?usp=sharing\" target=\"_blank\"><strong>Profesorado de Educaci\u00f3n Secundaria en Geograf\u00eda<\/strong><\/a><\/td><\/tr><tr><td class=\"has-text-align-center\" data-align=\"center\"><strong><a href=\"https:\/\/drive.google.com\/drive\/folders\/198FJ2ySvM6lxoCizd_2DjIA6gxqGPq-t?usp=sharing\" target=\"_blank\" rel=\"noreferrer noopener\">Profesorado de Educaci\u00f3n Secundaria en Matem\u00e1tica<\/a><\/strong><\/td><td class=\"has-text-align-center\" data-align=\"center\"><a href=\"https:\/\/drive.google.com\/drive\/folders\/1v9EJ-yCwAOKGbETF7SWsKertMAaW2SQe?usp=sharing\" target=\"_blank\" rel=\"noreferrer noopener\"><strong>Profesorado de Ingl\u00e9s<\/strong><\/a><\/td><\/tr><tr><td class=\"has-text-align-center\" data-align=\"center\"><strong><a href=\"https:\/\/drive.google.com\/drive\/folders\/1n6CE1sswAkSsjm7ouICHMoyyRNV-LqWo?usp=sharing\" target=\"_blank\" rel=\"noreferrer noopener\">Tecnicatura Superior en Seguridad, Higiene y Ambiente en el Trabajo<\/a><\/strong><\/td><td class=\"has-text-align-center\" data-align=\"center\"><\/td><\/tr><\/tbody><\/table><\/figure>\n<\/div><\/div>\n\n\n\n<hr class=\"wp-block-separator has-alpha-channel-opacity\"\/>\n\n\n\n<h4 class=\"wp-block-heading has-text-align-center\"><strong><mark style=\"background-color:rgba(0, 0, 0, 0);color:#3d0473\" class=\"has-inline-color\">Planificaciones A\u00f1o 202<\/mark><\/strong>4<\/h4>\n\n\n\n<figure class=\"wp-block-table is-style-stripes\"><table><tbody><tr><td class=\"has-text-align-center\" data-align=\"center\"><strong><a href=\"https:\/\/drive.google.com\/drive\/folders\/1Cmti-n6lkg68GwVeZ2-BtPyoaOmG31Ea?usp=sharing\" data-type=\"URL\" data-id=\"https:\/\/drive.google.com\/drive\/folders\/1Cmti-n6lkg68GwVeZ2-BtPyoaOmG31Ea?usp=sharing\" target=\"_blank\" rel=\"noreferrer noopener\">Profesorado de Educaci\u00f3n Primaria<\/a><\/strong><\/td><td class=\"has-text-align-center\" data-align=\"center\"><strong><a href=\"https:\/\/drive.google.com\/drive\/folders\/1lnV2XziNickXXGd2TIIlgChqQwP9DbO9?usp=sharing\" data-type=\"URL\" data-id=\"https:\/\/drive.google.com\/drive\/folders\/1lnV2XziNickXXGd2TIIlgChqQwP9DbO9?usp=sharing\" target=\"_blank\" rel=\"noreferrer noopener\">Profesorado de Educaci\u00f3n Inicial<\/a><\/strong><\/td><\/tr><tr><td class=\"has-text-align-center\" data-align=\"center\"><strong><a href=\"https:\/\/drive.google.com\/drive\/folders\/1AwHlgzm27J9J97Br7plzR-Zg_euoMI-Q?usp=sharing\" data-type=\"URL\" data-id=\"https:\/\/drive.google.com\/drive\/folders\/1AwHlgzm27J9J97Br7plzR-Zg_euoMI-Q?usp=sharing\" target=\"_blank\" rel=\"noreferrer noopener\">Profesorado de Educaci\u00f3n Secundaria en Lengua y Literatura<\/a><\/strong><\/td><td class=\"has-text-align-center\" data-align=\"center\"><strong><a href=\"https:\/\/drive.google.com\/drive\/folders\/1umYRwhjsuaFrVojg9GCvp8C5SKUhFzTw?usp=sharing\" data-type=\"URL\" data-id=\"https:\/\/drive.google.com\/drive\/folders\/1umYRwhjsuaFrVojg9GCvp8C5SKUhFzTw?usp=sharing\" target=\"_blank\" rel=\"noreferrer noopener\">Profesorado de Educaci\u00f3n Secundaria en Geograf\u00eda<\/a><\/strong><\/td><\/tr><tr><td class=\"has-text-align-center\" data-align=\"center\"><strong><a href=\"https:\/\/drive.google.com\/drive\/folders\/1S-tCVUeUfiocmP8-VwrGfYyXG3eySo8y?usp=sharing\" data-type=\"URL\" data-id=\"https:\/\/drive.google.com\/drive\/folders\/1S-tCVUeUfiocmP8-VwrGfYyXG3eySo8y?usp=sharing\" target=\"_blank\" rel=\"noreferrer noopener\">Profesorado de Educaci\u00f3n Secundaria en Biolog\u00eda<\/a><\/strong><\/td><td class=\"has-text-align-center\" data-align=\"center\"><strong><a href=\"https:\/\/drive.google.com\/drive\/folders\/1W8vPn-IJ3UvppLHoRHk1hg4UpS4ce3Dp?usp=sharing\" data-type=\"URL\" data-id=\"https:\/\/drive.google.com\/drive\/folders\/1W8vPn-IJ3UvppLHoRHk1hg4UpS4ce3Dp?usp=sharing\" target=\"_blank\" rel=\"noreferrer noopener\">Profesorado de Educaci\u00f3n Secundaria en Matem\u00e1tica<\/a><\/strong><\/td><\/tr><tr><td class=\"has-text-align-center\" data-align=\"center\"><strong><a href=\"https:\/\/drive.google.com\/drive\/folders\/12BjHnnD2wD0OGQYf9tNQOid_-C37SLec?usp=sharing\" data-type=\"URL\" data-id=\"https:\/\/drive.google.com\/drive\/folders\/12BjHnnD2wD0OGQYf9tNQOid_-C37SLec?usp=sharing\" target=\"_blank\" rel=\"noreferrer noopener\">Profesorado de Ingl\u00e9s<\/a><\/strong><\/td><td class=\"has-text-align-center\" data-align=\"center\"><\/td><\/tr><\/tbody><\/table><\/figure>\n\n\n\n<hr class=\"wp-block-separator has-alpha-channel-opacity\"\/>\n\n\n\n<h4 class=\"wp-block-heading has-text-align-center\"><strong><mark style=\"background-color:rgba(0, 0, 0, 0);color:#3d0473\" class=\"has-inline-color\">Planificaciones A\u00f1o 2023<\/mark><\/strong><\/h4>\n\n\n\n<figure class=\"wp-block-table is-style-stripes\"><table><tbody><tr><td class=\"has-text-align-center\" data-align=\"center\"><strong><a href=\"https:\/\/drive.google.com\/drive\/folders\/1vo8V3kA6epZHE9gQJ61Vpz_M9B1nnS2n?usp=drive_link\" target=\"_blank\" rel=\"noreferrer noopener\">Profesorado de Educaci\u00f3n Primaria<\/a><\/strong><\/td><td class=\"has-text-align-center\" data-align=\"center\"><strong><a href=\"https:\/\/drive.google.com\/drive\/folders\/1k3m9CwplRkA3fwMlVjbJfJ-UE7UPjfKp?usp=drive_link\" target=\"_blank\" rel=\"noreferrer noopener\">Profesorado de Educaci\u00f3n Inicial<\/a><\/strong><\/td><\/tr><tr><td class=\"has-text-align-center\" data-align=\"center\"><strong><a href=\"https:\/\/drive.google.com\/drive\/folders\/1PgWUir0xvIF0mIegkuSfHASNgTG-m-hH?usp=drive_link\" target=\"_blank\" rel=\"noreferrer noopener\">Profesorado de Educaci\u00f3n Secundaria en Lengua y Literatura<\/a><\/strong><\/td><td class=\"has-text-align-center\" data-align=\"center\"><strong><a href=\"https:\/\/drive.google.com\/drive\/folders\/1pAOpVx-3WksT-28LTz9Yo_JXjEqyjAwa?usp=drive_link\" target=\"_blank\" rel=\"noreferrer noopener\">Profesorado de Educaci\u00f3n Secundaria en Geograf\u00eda<\/a><\/strong><\/td><\/tr><tr><td class=\"has-text-align-center\" data-align=\"center\"><strong><a href=\"https:\/\/drive.google.com\/drive\/folders\/1p4-3mojJ9lnbKfayQl5LQZ2JznC751FS?usp=drive_link\" target=\"_blank\" rel=\"noreferrer noopener\">Profesorado de Educaci\u00f3n Secundaria en Biolog\u00eda<\/a><\/strong><\/td><td class=\"has-text-align-center\" data-align=\"center\"><a href=\"https:\/\/drive.google.com\/drive\/folders\/1eo-aoXtJgbsv6AKvQRJUK8By9rc9iHCx?usp=drive_link\" target=\"_blank\" rel=\"noreferrer noopener\"><strong>Profesorado de Educaci\u00f3n Secundaria en<\/strong><br><strong>Matem\u00e1tica<\/strong><\/a><\/td><\/tr><tr><td class=\"has-text-align-center\" data-align=\"center\"><strong><a href=\"https:\/\/drive.google.com\/drive\/folders\/1dHKE0Kpu41_vHFWHQwnmoBm5BSeYsvgO?usp=drive_link\" target=\"_blank\" rel=\"noreferrer noopener\">Profesorado de Ingl\u00e9s<\/a><\/strong><\/td><td class=\"has-text-align-center\" data-align=\"center\"><\/td><\/tr><\/tbody><\/table><\/figure>\n\n\n\n<hr class=\"wp-block-separator has-alpha-channel-opacity\"\/>\n\n\n<h4 style=\"text-align: center;\"><span style=\"color: #800080;\">Planificaciones A\u00f1o 2022<\/span><\/h4>\n\n\n<figure class=\"wp-block-table aligncenter is-style-stripes\"><table><tbody><tr><td class=\"has-text-align-center\" data-align=\"center\"><strong><a href=\"https:\/\/drive.google.com\/drive\/u\/7\/folders\/1H-R3gtIalhip0Tw1x2W8wkKhHk6wiVAr\" target=\"_blank\" rel=\"noreferrer noopener\">Profesorado de Educaci\u00f3n Primaria<\/a><\/strong><\/td><td class=\"has-text-align-center\" data-align=\"center\"><strong><a href=\"https:\/\/drive.google.com\/drive\/folders\/1UfPu5CluRJZ8sUlPoo-359ho61pkz7cf?usp=share_link\">Profesorado de Educaci\u00f3n Inicial<\/a><\/strong><\/td><\/tr><tr><td class=\"has-text-align-center\" data-align=\"center\"><strong><a href=\"https:\/\/drive.google.com\/drive\/u\/7\/folders\/1-3rSlSgQUdVHsv9T2tINxzRTZBma12KN\" target=\"_blank\" rel=\"noreferrer noopener\">Profesorado de Educaci\u00f3n Secundaria en Lengua y Literatura<\/a><\/strong><\/td><td class=\"has-text-align-center\" data-align=\"center\"><strong><a href=\"https:\/\/drive.google.com\/drive\/u\/7\/folders\/1sV_KdRAywI-OvRUMgXw6eAeKTOT-4OzG\" target=\"_blank\" rel=\"noreferrer noopener\">Profesorado de Educaci\u00f3n Secundaria en Geograf\u00eda<\/a><\/strong><\/td><\/tr><tr><td class=\"has-text-align-center\" data-align=\"center\"><strong><a href=\"https:\/\/drive.google.com\/drive\/u\/7\/folders\/1zjp6EOOBfMHTbldVJCpJKwDMVakTy_oG\" target=\"_blank\" rel=\"noreferrer noopener\">Profesorado de Educaci\u00f3n Secundaria en Biolog\u00eda<\/a><\/strong><\/td><td class=\"has-text-align-center\" data-align=\"center\"><a href=\"https:\/\/drive.google.com\/drive\/u\/7\/folders\/10F1l5id5mNYC33YT7F5YI504SAqHVNuR\" target=\"_blank\" rel=\"noreferrer noopener\"><strong>Profesorado de Educaci\u00f3n Secundaria en <\/strong><br><strong>Matem\u00e1tica<\/strong><\/a><\/td><\/tr><tr><td class=\"has-text-align-center\" data-align=\"center\"><strong><a href=\"https:\/\/drive.google.com\/drive\/u\/7\/folders\/1Wso9pxewamlCAhFs3w3fZkW9YONqrpdB\" target=\"_blank\" rel=\"noreferrer noopener\">Profesorado de Ingl\u00e9s<\/a><\/strong><\/td><td class=\"has-text-align-center\" data-align=\"center\"><\/td><\/tr><\/tbody><\/table><\/figure>\n\n\n\n<hr class=\"wp-block-separator has-alpha-channel-opacity\"\/>\n\n\n<h4 style=\"text-align: center;\"><span style=\"color: #800080;\">Planificaciones A\u00f1o 2021<\/span><\/h4>\n\n\n<figure class=\"wp-block-table is-style-stripes\"><table><tbody><tr><td class=\"has-text-align-center\" data-align=\"center\"><strong><a href=\"https:\/\/drive.google.com\/drive\/u\/1\/folders\/1sKa0N3U2Os2QTE1QEV97uYdNYnTCd9DG\" target=\"_blank\" rel=\"noreferrer noopener\">Profesorado de Educaci\u00f3n Primaria<\/a><\/strong><\/td><td class=\"has-text-align-center\" data-align=\"center\"><strong><a href=\"https:\/\/drive.google.com\/drive\/u\/1\/folders\/1H1xYP7SLx58BGB3ve2jD3htNlwidhlkn\" target=\"_blank\" rel=\"noreferrer noopener\">Profesorado de Educaci\u00f3n Inicial<\/a><\/strong><\/td><\/tr><tr><td class=\"has-text-align-center\" data-align=\"center\"><strong><a href=\"https:\/\/drive.google.com\/drive\/u\/1\/folders\/1JNf_XUrVVj56zblfVVy63uGaDkgwkIyn\" target=\"_blank\" rel=\"noreferrer noopener\">Profesorado de Educaci\u00f3n Secundaria en Lengua y Literatura<\/a><\/strong><\/td><td class=\"has-text-align-center\" data-align=\"center\"><strong><a href=\"https:\/\/drive.google.com\/drive\/u\/1\/folders\/1_tevmw5meWYDRaX9atTWts4-8XWqmRF-\" target=\"_blank\" rel=\"noreferrer noopener\">Profesorado de Ingl\u00e9s<\/a><\/strong><\/td><\/tr><tr><td class=\"has-text-align-center\" data-align=\"center\"><strong><a href=\"https:\/\/drive.google.com\/drive\/u\/1\/folders\/1vWsu7l4xQbTmKrrm3VvpkCt-KOXki6IO\" target=\"_blank\" rel=\"noreferrer noopener\">Profesorado de Educaci\u00f3n Secundaria en Matem\u00e1tica<\/a><\/strong><\/td><td class=\"has-text-align-center\" data-align=\"center\"><strong><a href=\"https:\/\/drive.google.com\/drive\/u\/1\/folders\/1Pib2SaVM8hsZb8E9CS39VBC0Ekrns_Vz\" target=\"_blank\" rel=\"noreferrer noopener\">Profesorado de Educaci\u00f3n Secundaria en Biolog\u00eda<\/a><\/strong><\/td><\/tr><\/tbody><\/table><\/figure>\n\n\n\n<div class=\"wp-block-buttons is-layout-flex\"><\/div>\n","protected":false},"excerpt":{"rendered":"<p>Planificaciones de cada una de las asignaturas divididas por a\u00f1o y profesorado Planificaciones A\u00f1o 2025 Profesorado de Educaci\u00f3n Primaria Profesorado de Educaci\u00f3n Inicial Profesorado de Educaci\u00f3n Secundaria en Lengua y Literatura Profesorado de Educaci\u00f3n Secundaria en Geograf\u00eda Profesorado de Educaci\u00f3n Secundaria en Matem\u00e1tica Profesorado de Ingl\u00e9s Tecnicatura Superior en Seguridad, Higiene y Ambiente en el &#8230; <a title=\"Planificaciones\" class=\"read-more\" href=\"https:\/\/ensvillaguay-ers.infd.edu.ar\/sitio\/planificaciones-2021\/\" aria-label=\"More on Planificaciones\">[+]<\/a><\/p>\n","protected":false},"author":1046,"featured_media":0,"parent":0,"menu_order":0,"comment_status":"closed","ping_status":"closed","template":"","meta":[],"acf":[],"_links":{"self":[{"href":"https:\/\/ensvillaguay-ers.infd.edu.ar\/sitio\/wp-json\/wp\/v2\/pages\/5946"}],"collection":[{"href":"https:\/\/ensvillaguay-ers.infd.edu.ar\/sitio\/wp-json\/wp\/v2\/pages"}],"about":[{"href":"https:\/\/ensvillaguay-ers.infd.edu.ar\/sitio\/wp-json\/wp\/v2\/types\/page"}],"author":[{"embeddable":true,"href":"https:\/\/ensvillaguay-ers.infd.edu.ar\/sitio\/wp-json\/wp\/v2\/users\/1046"}],"replies":[{"embeddable":true,"href":"https:\/\/ensvillaguay-ers.infd.edu.ar\/sitio\/wp-json\/wp\/v2\/comments?post=5946"}],"version-history":[{"count":23,"href":"https:\/\/ensvillaguay-ers.infd.edu.ar\/sitio\/wp-json\/wp\/v2\/pages\/5946\/revisions"}],"predecessor-version":[{"id":11996,"href":"https:\/\/ensvillaguay-ers.infd.edu.ar\/sitio\/wp-json\/wp\/v2\/pages\/5946\/revisions\/11996"}],"wp:attachment":[{"href":"https:\/\/ensvillaguay-ers.infd.edu.ar\/sitio\/wp-json\/wp\/v2\/media?parent=5946"}],"curies":[{"name":"wp","href":"https:\/\/api.w.org\/{rel}","templated":true}]}}