{"id":6075,"date":"2022-03-07T21:16:13","date_gmt":"2022-03-08T00:16:13","guid":{"rendered":"https:\/\/ensvillaguay-ers.infd.edu.ar\/sitio\/?page_id=6075"},"modified":"2026-03-06T20:09:51","modified_gmt":"2026-03-06T23:09:51","slug":"ciclo-introductorio-2022","status":"publish","type":"page","link":"https:\/\/ensvillaguay-ers.infd.edu.ar\/sitio\/ciclo-introductorio-2022\/","title":{"rendered":"Ciclo Introductorio 2026"},"content":{"rendered":"\n<figure class=\"wp-block-image size-large\"><img decoding=\"async\" loading=\"lazy\" width=\"1900\" height=\"920\" src=\"https:\/\/ensvillaguay-ers.infd.edu.ar\/sitio\/wp-content\/uploads\/2024\/03\/Propuestas-de-Formacion-Docente-Inicial-1900x920.jpg\" alt=\"\" class=\"wp-image-10486\" srcset=\"https:\/\/ensvillaguay-ers.infd.edu.ar\/sitio\/wp-content\/uploads\/2024\/03\/Propuestas-de-Formacion-Docente-Inicial-1900x920.jpg 1900w, https:\/\/ensvillaguay-ers.infd.edu.ar\/sitio\/wp-content\/uploads\/2024\/03\/Propuestas-de-Formacion-Docente-Inicial-1000x484.jpg 1000w, https:\/\/ensvillaguay-ers.infd.edu.ar\/sitio\/wp-content\/uploads\/2024\/03\/Propuestas-de-Formacion-Docente-Inicial-768x372.jpg 768w, https:\/\/ensvillaguay-ers.infd.edu.ar\/sitio\/wp-content\/uploads\/2024\/03\/Propuestas-de-Formacion-Docente-Inicial-1536x743.jpg 1536w, https:\/\/ensvillaguay-ers.infd.edu.ar\/sitio\/wp-content\/uploads\/2024\/03\/Propuestas-de-Formacion-Docente-Inicial.jpg 1911w\" sizes=\"(max-width: 1900px) 100vw, 1900px\" \/><\/figure>\n\n\n\n<p>El Nivel Superior de la Escuela Normal Superior \u201cMartiniano Leguizam\u00f3n\u201d comunica que el inicio del Ciclo Introductorio para los estudiantes ingresantes a los primeros a\u00f1os de las carreras de Formaci\u00f3n Docente Inicial, se desarrollar\u00e1 a partir del\u00a0<strong>d\u00eda lunes 09 de marzo hasta el d\u00eda viernes 27 de marzo a partir de las 19 hs<\/strong>. Asistir seg\u00fan la agenda correspondiente a cada profesorado. <\/p>\n\n\n\n<p>El Ciclo Introductorio se organiza con el prop\u00f3sito de, por un lado, brindar informaci\u00f3n acerca de las carreras, su organizaci\u00f3n, funcionamiento y normativa del Nivel Superior, y por otro, para ofrecer dispositivos de difusi\u00f3n de los Dise\u00f1os Curriculares, modalidades de cursado, evaluaci\u00f3n, r\u00e9gimen de correlatividades y acreditaci\u00f3n. El recorrido del mismo representa un trabajo de articulaci\u00f3n y continuidad con el primer a\u00f1o de todas las carreras de Nivel Superior.<\/p>\n\n\n\n<p> El Ciclo Introductorio se organiza en Talleres Pedag\u00f3gicos, Talleres de Organizaci\u00f3n Institucional y un el Curso Autoasistido Lectura y Escritura para estudiar, en dos instancias, presencial y virtual, por carrera seg\u00fan se detalla a continuaci\u00f3n:<\/p>\n\n\n\n<figure class=\"wp-block-table is-style-stripes\"><table><tbody><tr><td class=\"has-text-align-left\" data-align=\"left\"><strong>Profesorado de Educaci\u00f3n Inicial<\/strong> <strong>&nbsp;<\/strong><\/td><td class=\"has-text-align-left\" data-align=\"left\"><strong><a href=\"https:\/\/ensvillaguay-ers.infd.edu.ar\/sitio\/profesorado-de-educacion-inicial\/\" data-type=\"URL\" data-id=\"https:\/\/ensvillaguay-ers.infd.edu.ar\/sitio\/profesorado-de-educacion-inicial\/\" target=\"_blank\" rel=\"noreferrer noopener\">Propuesta Formativa<\/a><\/strong>                              <\/td><td class=\"has-text-align-center\" data-align=\"center\"><strong>Agenda<\/strong><br><img decoding=\"async\" style=\"width: 30px;\" src=\"https:\/\/ensvillaguay-ers.infd.edu.ar\/sitio\/wp-content\/uploads\/2026\/03\/1d89c317cd40a66ad81416e40d74be02.jpg\" alt=\"\"><strong><br>               <a rel=\"noreferrer noopener\" href=\"https:\/\/drive.google.com\/file\/d\/103MH4ip0_DN_yBtuByhw22JXdD5GqvIT\/view?usp=sharing\" data-type=\"URL\" data-id=\"https:\/\/drive.google.com\/file\/d\/103MH4ip0_DN_yBtuByhw22JXdD5GqvIT\/view?usp=sharing\" target=\"_blank\">Descargar<\/a><\/strong>              <\/td><\/tr><tr><td class=\"has-text-align-left\" data-align=\"left\"><strong>Profesorado de Educaci\u00f3n Primaria<\/strong><\/td><td class=\"has-text-align-left\" data-align=\"left\"><strong><a href=\"https:\/\/ensvillaguay-ers.infd.edu.ar\/sitio\/profesorado-de-educacion-primaria\/\" data-type=\"URL\" data-id=\"https:\/\/ensvillaguay-ers.infd.edu.ar\/sitio\/profesorado-de-educacion-primaria\/\" target=\"_blank\" rel=\"noreferrer noopener\">Propuesta Formativa<\/a><\/strong><\/td><td class=\"has-text-align-center\" data-align=\"center\"><strong>Agenda<\/strong><br><img decoding=\"async\" style=\"width: 30px;\" src=\"https:\/\/ensvillaguay-ers.infd.edu.ar\/sitio\/wp-content\/uploads\/2026\/03\/1d89c317cd40a66ad81416e40d74be02.jpg\" alt=\"\"><strong><br><a href=\"https:\/\/drive.google.com\/file\/d\/1mHO1ba3qoKjiiDJbN2ZrwR_S2iyirLAh\/view?usp=sharing\" data-type=\"URL\" data-id=\"https:\/\/drive.google.com\/file\/d\/1mHO1ba3qoKjiiDJbN2ZrwR_S2iyirLAh\/view?usp=sharing\" target=\"_blank\" rel=\"noreferrer noopener\">Descargar<\/a><\/strong><\/td><\/tr><tr><td class=\"has-text-align-left\" data-align=\"left\"><strong>Profesorado de Educaci\u00f3n Secundaria en Matem\u00e1tica<\/strong><\/td><td class=\"has-text-align-left\" data-align=\"left\"><strong><a href=\"https:\/\/ensvillaguay-ers.infd.edu.ar\/sitio\/profesorado-de-educacion-secundaria-en-matematica\/\" data-type=\"URL\" data-id=\"https:\/\/ensvillaguay-ers.infd.edu.ar\/sitio\/profesorado-de-educacion-secundaria-en-matematica\/\" target=\"_blank\" rel=\"noreferrer noopener\">Propuesta Formativa<\/a><\/strong><\/td><td class=\"has-text-align-center\" data-align=\"center\"><strong>Agenda<\/strong><br><img decoding=\"async\" style=\"width: 30px;\" src=\"https:\/\/ensvillaguay-ers.infd.edu.ar\/sitio\/wp-content\/uploads\/2026\/03\/1d89c317cd40a66ad81416e40d74be02.jpg\" alt=\"\"><strong><br><a href=\"https:\/\/drive.google.com\/file\/d\/1x9igYILbxAbQeemJPTQ-scWlWX_Nf4-h\/view?usp=sharing\" data-type=\"URL\" data-id=\"https:\/\/drive.google.com\/file\/d\/1x9igYILbxAbQeemJPTQ-scWlWX_Nf4-h\/view?usp=sharing\" target=\"_blank\" rel=\"noreferrer noopener\">Descargar<\/a><\/strong><\/td><\/tr><tr><td class=\"has-text-align-left\" data-align=\"left\"><strong>Profesorado de Ingl\u00e9s<\/strong><\/td><td class=\"has-text-align-left\" data-align=\"left\"><strong><a href=\"https:\/\/ensvillaguay-ers.infd.edu.ar\/sitio\/profesorado-de-ingles\/\" data-type=\"URL\" data-id=\"https:\/\/ensvillaguay-ers.infd.edu.ar\/sitio\/profesorado-de-ingles\/\" target=\"_blank\" rel=\"noreferrer noopener\">Propuesta Formativa<\/a><\/strong><\/td><td class=\"has-text-align-center\" data-align=\"center\"><strong>Agenda<\/strong><br><img decoding=\"async\" style=\"width: 30px;\" src=\"https:\/\/ensvillaguay-ers.infd.edu.ar\/sitio\/wp-content\/uploads\/2026\/03\/1d89c317cd40a66ad81416e40d74be02.jpg\" alt=\"\"><strong><br><a href=\"https:\/\/drive.google.com\/file\/d\/1dBYtMQQ6itCZjON30wDAc4Z-lTxwimlM\/view?usp=sharing\" data-type=\"URL\" data-id=\"https:\/\/drive.google.com\/file\/d\/1dBYtMQQ6itCZjON30wDAc4Z-lTxwimlM\/view?usp=sharing\" target=\"_blank\" rel=\"noreferrer noopener\">Descargar<\/a><\/strong><\/td><\/tr><tr><td class=\"has-text-align-left\" data-align=\"left\"><strong>Profesorado de Educaci\u00f3n Secundaria en Lengua y Literatura<\/strong><\/td><td class=\"has-text-align-left\" data-align=\"left\"><strong><a href=\"https:\/\/ensvillaguay-ers.infd.edu.ar\/sitio\/profesorado-de-educacion-secundaria-en-lengua-y-literatura\/\" data-type=\"URL\" data-id=\"https:\/\/ensvillaguay-ers.infd.edu.ar\/sitio\/profesorado-de-educacion-secundaria-en-lengua-y-literatura\/\" target=\"_blank\" rel=\"noreferrer noopener\">Propuesta Formativa<\/a><\/strong><\/td><td class=\"has-text-align-center\" data-align=\"center\"><strong>Agenda<\/strong><br><img decoding=\"async\" style=\"width: 30px;\" src=\"https:\/\/ensvillaguay-ers.infd.edu.ar\/sitio\/wp-content\/uploads\/2026\/03\/1d89c317cd40a66ad81416e40d74be02.jpg\" alt=\"\"><strong><br><a href=\"https:\/\/drive.google.com\/file\/d\/1p3BBs6rIJaHp_vI4nUNExlXb_4hecMvK\/view?usp=sharing\" data-type=\"URL\" data-id=\"https:\/\/drive.google.com\/file\/d\/1p3BBs6rIJaHp_vI4nUNExlXb_4hecMvK\/view?usp=sharing\" target=\"_blank\" rel=\"noreferrer noopener\">Descargar<\/a><\/strong><\/td><\/tr><tr><td class=\"has-text-align-left\" data-align=\"left\"><strong>Profesorado de Educaci\u00f3n Superior en Ciencias de la Educaci\u00f3n<\/strong><\/td><td class=\"has-text-align-left\" data-align=\"left\"><strong><a href=\"https:\/\/ensvillaguay-ers.infd.edu.ar\/sitio\/profesorado-de-educacion-superior-en-ciencias-de-la-educacion\/\" data-type=\"URL\" data-id=\"https:\/\/ensvillaguay-ers.infd.edu.ar\/sitio\/profesorado-de-educacion-superior-en-ciencias-de-la-educacion\/\" target=\"_blank\" rel=\"noreferrer noopener\">Propuesta Formativa<\/a><\/strong><\/td><td class=\"has-text-align-center\" data-align=\"center\"><strong>Agenda<\/strong><br><img decoding=\"async\" style=\"width: 30px;\" src=\"https:\/\/ensvillaguay-ers.infd.edu.ar\/sitio\/wp-content\/uploads\/2026\/03\/1d89c317cd40a66ad81416e40d74be02.jpg\" alt=\"\"><strong><br><a href=\"https:\/\/drive.google.com\/file\/d\/1-53vWjCx6_iWsBYIgUAEN-oHpLCcp33j\/view?usp=sharing\" data-type=\"URL\" data-id=\"https:\/\/drive.google.com\/file\/d\/1-53vWjCx6_iWsBYIgUAEN-oHpLCcp33j\/view?usp=sharing\" target=\"_blank\" rel=\"noreferrer noopener\">Descargar<\/a><\/strong><\/td><\/tr><\/tbody><\/table><\/figure>\n\n\n\n<p><strong>Consideraciones respecto del Ciclo Introductorio seg\u00fan el Art\u00edculo n\u00b0 9 del R\u00e9gimen Acad\u00e9mico Marco (Resoluci\u00f3n n\u00b0 0249\/24 CGE):<\/strong><\/p>\n\n\n\n<ul>\n<li>El cursado de las instancias introductorias es de car\u00e1cter obligatorio, pero no eliminatorio, incluso para quienes ya hayan cursado otra carrera de Nivel Superior.<\/li>\n\n\n\n<li>Los ingresantes deber\u00e1n acreditar el 70% de la asistencia general a los encuentros programados. Los estudiantes que trabajan o presenten situaciones particulares deber\u00e1n acreditar el 60% de la asistencia.<\/li>\n\n\n\n<li>La acreditaci\u00f3n del Ciclo Introductorio ser\u00e1 la producci\u00f3n que se realice en cada taller propuesto.<\/li>\n<\/ul>\n","protected":false},"excerpt":{"rendered":"<p>El Nivel Superior de la Escuela Normal Superior \u201cMartiniano Leguizam\u00f3n\u201d comunica que el inicio del Ciclo Introductorio para los estudiantes ingresantes a los primeros a\u00f1os de las carreras de Formaci\u00f3n Docente Inicial, se desarrollar\u00e1 a partir del\u00a0d\u00eda lunes 09 de marzo hasta el d\u00eda viernes 27 de marzo a partir de las 19 hs. Asistir &#8230; <a title=\"Ciclo Introductorio 2026\" class=\"read-more\" href=\"https:\/\/ensvillaguay-ers.infd.edu.ar\/sitio\/ciclo-introductorio-2022\/\" aria-label=\"More on Ciclo Introductorio 2026\">[+]<\/a><\/p>\n","protected":false},"author":1128,"featured_media":0,"parent":0,"menu_order":0,"comment_status":"closed","ping_status":"closed","template":"","meta":[],"acf":[],"_links":{"self":[{"href":"https:\/\/ensvillaguay-ers.infd.edu.ar\/sitio\/wp-json\/wp\/v2\/pages\/6075"}],"collection":[{"href":"https:\/\/ensvillaguay-ers.infd.edu.ar\/sitio\/wp-json\/wp\/v2\/pages"}],"about":[{"href":"https:\/\/ensvillaguay-ers.infd.edu.ar\/sitio\/wp-json\/wp\/v2\/types\/page"}],"author":[{"embeddable":true,"href":"https:\/\/ensvillaguay-ers.infd.edu.ar\/sitio\/wp-json\/wp\/v2\/users\/1128"}],"replies":[{"embeddable":true,"href":"https:\/\/ensvillaguay-ers.infd.edu.ar\/sitio\/wp-json\/wp\/v2\/comments?post=6075"}],"version-history":[{"count":21,"href":"https:\/\/ensvillaguay-ers.infd.edu.ar\/sitio\/wp-json\/wp\/v2\/pages\/6075\/revisions"}],"predecessor-version":[{"id":12268,"href":"https:\/\/ensvillaguay-ers.infd.edu.ar\/sitio\/wp-json\/wp\/v2\/pages\/6075\/revisions\/12268"}],"wp:attachment":[{"href":"https:\/\/ensvillaguay-ers.infd.edu.ar\/sitio\/wp-json\/wp\/v2\/media?parent=6075"}],"curies":[{"name":"wp","href":"https:\/\/api.w.org\/{rel}","templated":true}]}}