{"id":6954,"date":"2022-11-24T22:06:29","date_gmt":"2022-11-25T01:06:29","guid":{"rendered":"https:\/\/ensvillaguay-ers.infd.edu.ar\/sitio\/?page_id=6954"},"modified":"2023-11-01T16:07:44","modified_gmt":"2023-11-01T19:07:44","slug":"iv-jornadas-de-debate-estudiantil-respecto-de-los-derechos-humanos-2020","status":"publish","type":"page","link":"https:\/\/ensvillaguay-ers.infd.edu.ar\/sitio\/iv-jornadas-de-debate-estudiantil-respecto-de-los-derechos-humanos-2020\/","title":{"rendered":"IV Jornadas de\u00a0debate estudiantil respecto de los Derechos Humanos &#8211; 2020"},"content":{"rendered":"<h4 style=\"text-align: center;\"><span style=\"color: #ff6600;\"><strong>Agenda<\/strong><\/span><\/h4>\n<h4 style=\"text-align: center;\"><strong><span style=\"color: #ff6600;\">Encuentro Virtual\u00a0<\/span><\/strong><\/h4>\n<p><strong><img decoding=\"async\" loading=\"lazy\" class=\"alignnone size-full wp-image-8523\" src=\"https:\/\/ensvillaguay-ers.infd.edu.ar\/sitio\/wp-content\/uploads\/2023\/08\/aceptar-3.png\" alt=\"\" width=\"16\" height=\"16\" \/> D\u00eda 30 de septiembre de 17 h a 21h<\/strong><\/p>\n<ul>\n<li>17 h &#8211; Apertura a cargo de las autoridades de la Instituci\u00f3n<\/li>\n<li>17:15 h &#8211; Presentaci\u00f3n del panel \u201cEducar en tiempos de pandemia, desde la perspectiva de los Derechos Humanos\u201d a cargo de Mg. Francisco Senegaglia miembro del Programa Educaci\u00f3n, Derechos Humanos y Memoria Colectiva del Consejo General de Educaci\u00f3n de la provincia de Entre R\u00edos. Coordina Profesora Mara Godoy.<\/li>\n<li>19 h &#8211; Presentaci\u00f3n del panel \u201cLos Espacios y Sitios de Memoria\u201d, a cargo del Director de Sitios y Espacios de Memoria Gustavo Moreno, dependiente de la Subsecretar\u00eda de Derechos Humanos, Ministerio de Justicia y Derechos Humanos de la provincia de Buenos Aires. Coordina Profesora Luciana Tourn.<\/li>\n<\/ul>\n<p><strong><img decoding=\"async\" loading=\"lazy\" class=\"alignnone size-full wp-image-8523\" src=\"https:\/\/ensvillaguay-ers.infd.edu.ar\/sitio\/wp-content\/uploads\/2023\/08\/aceptar-3.png\" alt=\"\" width=\"16\" height=\"16\" \/> D\u00eda 01 de octubre de 17 h a 21 h<\/strong><\/p>\n<ul>\n<li>17 h \u2013 Apertura a cargo de las autoridades de la Instituci\u00f3n<\/li>\n<li>17: 15 h \u2013 Presentaci\u00f3n del panel acerca del Equipo Argentino de Antropolog\u00eda Forense, a cargo del Profesor Carlos Rojas Surraco. Coordina Profesor Jos\u00e9 Garc\u00eda.<\/li>\n<li>18:30h &#8211; Presentaci\u00f3n del panel \u201cEducadorxs del S.XXI. Identidades disidentes en la comunidad educativa\u201d, a cargo de Mar\u00eda Fernanda Zaragoza y Emilce Mar\u00eda del Rosario Villa integrantes del Frente de Diversidad y G\u00e9nero de la ciudad de Villaguay, provincia de Entre R\u00edos. Coordina Profesora Leticia Perrouchoud.<\/li>\n<li>20:30hs &#8211; Cierre coordinado por H\u00e9ctor Santomil, integrante de la Escuela Popular Charr\u00faa Etriek.<\/li>\n<\/ul>\n\n\n<figure class=\"wp-block-gallery has-nested-images columns-default is-cropped wp-block-gallery-1 is-layout-flex\">\n<figure class=\"wp-block-image size-large\"><img decoding=\"async\" loading=\"lazy\" width=\"745\" height=\"427\" data-id=\"6975\"  src=\"https:\/\/ensvillaguay-ers.infd.edu.ar\/sitio\/wp-content\/uploads\/2022\/11\/1-1.png\" alt=\"\" class=\"wp-image-6975\"\/><\/figure>\n\n\n\n<figure class=\"wp-block-image size-large\"><img decoding=\"async\" loading=\"lazy\" width=\"741\" height=\"417\" data-id=\"6976\"  src=\"https:\/\/ensvillaguay-ers.infd.edu.ar\/sitio\/wp-content\/uploads\/2022\/11\/2-1.png\" alt=\"\" class=\"wp-image-6976\"\/><\/figure>\n\n\n\n<figure class=\"wp-block-image size-large\"><img decoding=\"async\" loading=\"lazy\" width=\"745\" height=\"427\" data-id=\"6977\"  src=\"https:\/\/ensvillaguay-ers.infd.edu.ar\/sitio\/wp-content\/uploads\/2022\/11\/3-1.png\" alt=\"\" class=\"wp-image-6977\"\/><\/figure>\n\n\n\n<figure class=\"wp-block-image size-large\"><img decoding=\"async\" loading=\"lazy\" width=\"960\" height=\"540\" data-id=\"6978\"  src=\"https:\/\/ensvillaguay-ers.infd.edu.ar\/sitio\/wp-content\/uploads\/2022\/11\/4-1.jpg\" alt=\"\" class=\"wp-image-6978\" srcset=\"https:\/\/ensvillaguay-ers.infd.edu.ar\/sitio\/wp-content\/uploads\/2022\/11\/4-1.jpg 960w, https:\/\/ensvillaguay-ers.infd.edu.ar\/sitio\/wp-content\/uploads\/2022\/11\/4-1-768x432.jpg 768w\" sizes=\"(max-width: 960px) 100vw, 960px\" \/><\/figure>\n\n\n\n<figure class=\"wp-block-image size-large\"><img decoding=\"async\" loading=\"lazy\" width=\"735\" height=\"415\" data-id=\"6979\"  src=\"https:\/\/ensvillaguay-ers.infd.edu.ar\/sitio\/wp-content\/uploads\/2022\/11\/5-1.png\" alt=\"\" class=\"wp-image-6979\"\/><\/figure>\n\n\n\n<figure class=\"wp-block-image size-large\"><img decoding=\"async\" loading=\"lazy\" width=\"735\" height=\"355\" data-id=\"6980\"  src=\"https:\/\/ensvillaguay-ers.infd.edu.ar\/sitio\/wp-content\/uploads\/2022\/11\/6-1.png\" alt=\"\" class=\"wp-image-6980\"\/><\/figure>\n\n\n\n<figure class=\"wp-block-image size-large\"><img decoding=\"async\" loading=\"lazy\" width=\"720\" height=\"354\" data-id=\"6981\"  src=\"https:\/\/ensvillaguay-ers.infd.edu.ar\/sitio\/wp-content\/uploads\/2022\/11\/7-1.png\" alt=\"\" class=\"wp-image-6981\"\/><\/figure>\n\n\n\n<figure class=\"wp-block-image size-large\"><img decoding=\"async\" loading=\"lazy\" width=\"725\" height=\"353\" data-id=\"6982\"  src=\"https:\/\/ensvillaguay-ers.infd.edu.ar\/sitio\/wp-content\/uploads\/2022\/11\/8-1.png\" alt=\"\" class=\"wp-image-6982\"\/><\/figure>\n\n\n\n<figure class=\"wp-block-image size-large\"><img decoding=\"async\" loading=\"lazy\" width=\"725\" height=\"337\" data-id=\"6983\"  src=\"https:\/\/ensvillaguay-ers.infd.edu.ar\/sitio\/wp-content\/uploads\/2022\/11\/9-1.png\" alt=\"\" class=\"wp-image-6983\"\/><\/figure>\n\n\n\n<figure class=\"wp-block-image size-large\"><img decoding=\"async\" loading=\"lazy\" width=\"723\" height=\"411\" data-id=\"6984\"  src=\"https:\/\/ensvillaguay-ers.infd.edu.ar\/sitio\/wp-content\/uploads\/2022\/11\/10-1.png\" alt=\"\" class=\"wp-image-6984\"\/><\/figure>\n\n\n\n<figure class=\"wp-block-image size-large\"><img decoding=\"async\" loading=\"lazy\" width=\"733\" height=\"411\" data-id=\"6985\"  src=\"https:\/\/ensvillaguay-ers.infd.edu.ar\/sitio\/wp-content\/uploads\/2022\/11\/11-1.png\" alt=\"\" class=\"wp-image-6985\"\/><\/figure>\n\n\n\n<figure class=\"wp-block-image size-large\"><img decoding=\"async\" loading=\"lazy\" width=\"731\" height=\"411\" data-id=\"6986\"  src=\"https:\/\/ensvillaguay-ers.infd.edu.ar\/sitio\/wp-content\/uploads\/2022\/11\/12-1.png\" alt=\"\" class=\"wp-image-6986\"\/><\/figure>\n\n\n\n<figure class=\"wp-block-image size-large\"><img decoding=\"async\" loading=\"lazy\" width=\"729\" height=\"413\" data-id=\"6987\"  src=\"https:\/\/ensvillaguay-ers.infd.edu.ar\/sitio\/wp-content\/uploads\/2022\/11\/13-1.png\" alt=\"\" class=\"wp-image-6987\"\/><\/figure>\n\n\n\n<figure class=\"wp-block-image size-large\"><img decoding=\"async\" loading=\"lazy\" width=\"731\" height=\"415\" data-id=\"6988\"  src=\"https:\/\/ensvillaguay-ers.infd.edu.ar\/sitio\/wp-content\/uploads\/2022\/11\/14-1.png\" alt=\"\" class=\"wp-image-6988\"\/><\/figure>\n\n\n\n<figure class=\"wp-block-image size-large\"><img decoding=\"async\" loading=\"lazy\" width=\"729\" height=\"413\" data-id=\"6989\"  src=\"https:\/\/ensvillaguay-ers.infd.edu.ar\/sitio\/wp-content\/uploads\/2022\/11\/15-1.png\" alt=\"\" class=\"wp-image-6989\"\/><\/figure>\n\n\n\n<figure class=\"wp-block-image size-large\"><img decoding=\"async\" loading=\"lazy\" width=\"729\" height=\"409\" data-id=\"6990\"  src=\"https:\/\/ensvillaguay-ers.infd.edu.ar\/sitio\/wp-content\/uploads\/2022\/11\/16-1.png\" alt=\"\" class=\"wp-image-6990\"\/><\/figure>\n\n\n\n<figure class=\"wp-block-image size-large\"><img decoding=\"async\" loading=\"lazy\" width=\"725\" height=\"419\" data-id=\"6991\"  src=\"https:\/\/ensvillaguay-ers.infd.edu.ar\/sitio\/wp-content\/uploads\/2022\/11\/17-1.png\" alt=\"\" class=\"wp-image-6991\"\/><\/figure>\n\n\n\n<figure class=\"wp-block-image size-large\"><img decoding=\"async\" loading=\"lazy\" width=\"723\" height=\"411\" data-id=\"6992\"  src=\"https:\/\/ensvillaguay-ers.infd.edu.ar\/sitio\/wp-content\/uploads\/2022\/11\/18-1.png\" alt=\"\" class=\"wp-image-6992\"\/><\/figure>\n\n\n\n<figure class=\"wp-block-image size-large\"><img decoding=\"async\" loading=\"lazy\" width=\"729\" height=\"413\" data-id=\"6993\"  src=\"https:\/\/ensvillaguay-ers.infd.edu.ar\/sitio\/wp-content\/uploads\/2022\/11\/19-1.png\" alt=\"\" class=\"wp-image-6993\"\/><\/figure>\n\n\n\n<figure class=\"wp-block-image size-large\"><img decoding=\"async\" loading=\"lazy\" width=\"731\" height=\"407\" data-id=\"6994\"  src=\"https:\/\/ensvillaguay-ers.infd.edu.ar\/sitio\/wp-content\/uploads\/2022\/11\/20-1.png\" alt=\"\" class=\"wp-image-6994\"\/><\/figure>\n<\/figure>\n\n\n<p style=\"text-align: center;\"><span style=\"color: #ff6600;\"><strong>1\u00b0 Videoconferencia realizada el 30\/09\/2020<\/strong><\/span><\/p>\n\n\n<figure class=\"wp-block-embed is-type-video is-provider-youtube wp-block-embed-youtube wp-embed-aspect-16-9 wp-has-aspect-ratio\"><div class=\"wp-block-embed__wrapper\">\n<iframe loading=\"lazy\" title=\"IV Jornadas de debate estudiantil respecto de los Derechos Humanos (30\/09\/20)\" width=\"1200\" height=\"675\" src=\"https:\/\/www.youtube.com\/embed\/vyKt0KP0v2M?feature=oembed\" frameborder=\"0\" allow=\"accelerometer; autoplay; clipboard-write; encrypted-media; gyroscope; picture-in-picture; web-share\" allowfullscreen><\/iframe>\n<\/div><\/figure>\n\n\n<p style=\"text-align: center;\"><span style=\"color: #ff6600;\"><strong>2\u00b0 Videoconferencia realizada el 01\/10\/2020<\/strong><\/span><\/p>\n\n\n<figure class=\"wp-block-embed is-type-video is-provider-youtube wp-block-embed-youtube wp-embed-aspect-16-9 wp-has-aspect-ratio\"><div class=\"wp-block-embed__wrapper\">\n<iframe loading=\"lazy\" title=\"IV Jornadas de debate estudiantil respecto de los Derechos Humanos (01\/10\/20)\" width=\"1200\" height=\"675\" src=\"https:\/\/www.youtube.com\/embed\/N51vHQSTLhw?start=6&#038;feature=oembed\" frameborder=\"0\" allow=\"accelerometer; autoplay; clipboard-write; encrypted-media; gyroscope; picture-in-picture; web-share\" allowfullscreen><\/iframe>\n<\/div><\/figure>\n","protected":false},"excerpt":{"rendered":"<p>Agenda Encuentro Virtual\u00a0 D\u00eda 30 de septiembre de 17 h a 21h 17 h &#8211; Apertura a cargo de las autoridades de la Instituci\u00f3n 17:15 h &#8211; Presentaci\u00f3n del panel \u201cEducar en tiempos de pandemia, desde la perspectiva de los Derechos Humanos\u201d a cargo de Mg. Francisco Senegaglia miembro del Programa Educaci\u00f3n, Derechos Humanos y &#8230; <a title=\"IV Jornadas de\u00a0debate estudiantil respecto de los Derechos Humanos &#8211; 2020\" class=\"read-more\" href=\"https:\/\/ensvillaguay-ers.infd.edu.ar\/sitio\/iv-jornadas-de-debate-estudiantil-respecto-de-los-derechos-humanos-2020\/\" aria-label=\"More on IV Jornadas de\u00a0debate estudiantil respecto de los Derechos Humanos &#8211; 2020\">[+]<\/a><\/p>\n","protected":false},"author":1046,"featured_media":0,"parent":0,"menu_order":0,"comment_status":"closed","ping_status":"closed","template":"","meta":[],"acf":[],"_links":{"self":[{"href":"https:\/\/ensvillaguay-ers.infd.edu.ar\/sitio\/wp-json\/wp\/v2\/pages\/6954"}],"collection":[{"href":"https:\/\/ensvillaguay-ers.infd.edu.ar\/sitio\/wp-json\/wp\/v2\/pages"}],"about":[{"href":"https:\/\/ensvillaguay-ers.infd.edu.ar\/sitio\/wp-json\/wp\/v2\/types\/page"}],"author":[{"embeddable":true,"href":"https:\/\/ensvillaguay-ers.infd.edu.ar\/sitio\/wp-json\/wp\/v2\/users\/1046"}],"replies":[{"embeddable":true,"href":"https:\/\/ensvillaguay-ers.infd.edu.ar\/sitio\/wp-json\/wp\/v2\/comments?post=6954"}],"version-history":[{"count":10,"href":"https:\/\/ensvillaguay-ers.infd.edu.ar\/sitio\/wp-json\/wp\/v2\/pages\/6954\/revisions"}],"predecessor-version":[{"id":9162,"href":"https:\/\/ensvillaguay-ers.infd.edu.ar\/sitio\/wp-json\/wp\/v2\/pages\/6954\/revisions\/9162"}],"wp:attachment":[{"href":"https:\/\/ensvillaguay-ers.infd.edu.ar\/sitio\/wp-json\/wp\/v2\/media?parent=6954"}],"curies":[{"name":"wp","href":"https:\/\/api.w.org\/{rel}","templated":true}]}}