{"id":7010,"date":"2022-11-24T22:31:10","date_gmt":"2022-11-25T01:31:10","guid":{"rendered":"https:\/\/ensvillaguay-ers.infd.edu.ar\/sitio\/?page_id=7010"},"modified":"2023-11-01T19:04:48","modified_gmt":"2023-11-01T22:04:48","slug":"v-jornadas-de-debate-estudiantil-respecto-de-los-derechos-humanos-2021","status":"publish","type":"page","link":"https:\/\/ensvillaguay-ers.infd.edu.ar\/sitio\/v-jornadas-de-debate-estudiantil-respecto-de-los-derechos-humanos-2021\/","title":{"rendered":"V Jornadas de debate estudiantil respecto de los Derechos Humanos \u2013 2021"},"content":{"rendered":"<h4 style=\"text-align: center;\"><span style=\"color: #ff6600;\">Agenda<\/span><\/h4>\n<h4 style=\"text-align: center;\"><span style=\"color: #ff6600;\">Encuentro Virtual<\/span><\/h4>\n<p><strong><img decoding=\"async\" loading=\"lazy\" class=\"alignnone size-full wp-image-8991\" src=\"https:\/\/ensvillaguay-ers.infd.edu.ar\/sitio\/wp-content\/uploads\/2023\/10\/siguiente-boton.png\" alt=\"\" width=\"16\" height=\"16\" \/> D\u00eda 16 de septiembre de 17:30 h a 20h<\/strong><\/p>\n<ul>\n<li>17:30 h &#8211; Apertura a cargo de las autoridades de la Instituci\u00f3n<\/li>\n<li>18 h &#8211; Presentaci\u00f3n del libro \u201cEl Lugar perfecto\u201d a cargo del escritor y periodista Fabi\u00e1n Magnotta. Dicha obra, es una investigaci\u00f3n sobre los vuelos de la muerte en Argentina y Uruguay en el marco del Plan C\u00f3ndor. Re\u00fane testimonios de vecinos, lancheros, docentes y obreros del monte del Delta en Entre R\u00edos, entre los r\u00edos Paran\u00e1, Uruguay y R\u00edo de la Plata, que vieron los lanzamientos desde el aire, poniendo de manifiesto la metodolog\u00eda de desaparici\u00f3n de personas arrojadas vivas tanto a los cursos de agua como a las zonas impenetrables del delta.<br \/>Coordina Prof. Mara Godoy y el ayudante de C\u00e1tedra Prof. Lucas Romero<\/li>\n<li>19 h &#8211; -Presentaci\u00f3n del Programa Nacional \u201cLa escuela va a los juicios\u201d a cargo de Diego Gui\u00f1azu. El programa tiene como objetivo brindar herramientas pedag\u00f3gicas y m\u00e9todos de trabajo en el aula sobre los juicios penales que se est\u00e1n llevando adelante en los tribunales federales contra los responsables materiales de los cr\u00edmenes de lesa humanidad cometidos durante la \u00faltima dictadura en la Argentina.<br \/>Coordina Prof. Leticia Perrouchoud y el ayudante de C\u00e1tedra Facundo G\u00f3mez<\/li>\n<\/ul>\n<p><strong><img decoding=\"async\" loading=\"lazy\" class=\"alignnone size-full wp-image-8991\" src=\"https:\/\/ensvillaguay-ers.infd.edu.ar\/sitio\/wp-content\/uploads\/2023\/10\/siguiente-boton.png\" alt=\"\" width=\"16\" height=\"16\" \/> D\u00eda 17 de septiembre de 17:30 h a 20h<\/strong><\/p>\n<ul>\n<li>17:30 h \u2013 Apertura a cargo de las autoridades de la Instituci\u00f3n<\/li>\n<li>18 h \u2013 Presentaci\u00f3n del panel a cargo de Prof. Florencia Guastavino y Mgter. Luisina Ferrante, integrantes del Programa Educaci\u00f3n y Derechos Humanos de Wikipedia Argentina. En el panel se abordar\u00e1n las l\u00edneas de trabajo desde la perspectiva de Derechos Humanos que se desarrollan en Wikimedia Argentina, haciendo \u00e9nfasis en algunos proyectos espec\u00edficos, como WikiDDHH. Tambi\u00e9n, se contextualizar\u00e1 el concurso de investigaci\u00f3n en el cual est\u00e1n participando los y las estudiantes del profesorado de Educaci\u00f3n Inicial, Educaci\u00f3n Primaria y de Educaci\u00f3n Secundaria en Lengua y Literatura.<\/li>\n<li>19 h &#8211; Presentaci\u00f3n de los primeros avances de la investigaci\u00f3n \u201cConstrucci\u00f3n virtual en Wikipedia de los Espacios para la Memoria en Argentina\u201d, a cargo de estudiantes del Profesorado de Educaci\u00f3n Inicial, Educaci\u00f3n Primaria y de Educaci\u00f3n Secundaria en Lengua y Literatura.<br \/>Coordina Lic. Luciana Tourn y el ayudante de C\u00e1tedra Facundo G\u00f3mez.<\/li>\n<\/ul>\n\n\n<figure class=\"wp-block-gallery has-nested-images columns-default is-cropped wp-block-gallery-1 is-layout-flex\">\n<figure class=\"wp-block-image size-large\"><img decoding=\"async\" loading=\"lazy\" width=\"723\" height=\"411\" data-id=\"7011\"  src=\"https:\/\/ensvillaguay-ers.infd.edu.ar\/sitio\/wp-content\/uploads\/2022\/11\/1-2.png\" alt=\"\" class=\"wp-image-7011\"\/><\/figure>\n\n\n\n<figure class=\"wp-block-image size-large\"><img decoding=\"async\" loading=\"lazy\" width=\"731\" height=\"397\" data-id=\"7012\"  src=\"https:\/\/ensvillaguay-ers.infd.edu.ar\/sitio\/wp-content\/uploads\/2022\/11\/2-2.png\" alt=\"\" class=\"wp-image-7012\"\/><\/figure>\n\n\n\n<figure class=\"wp-block-image size-large\"><img decoding=\"async\" loading=\"lazy\" width=\"727\" height=\"407\" data-id=\"7013\"  src=\"https:\/\/ensvillaguay-ers.infd.edu.ar\/sitio\/wp-content\/uploads\/2022\/11\/3-2.png\" alt=\"\" class=\"wp-image-7013\"\/><\/figure>\n\n\n\n<figure class=\"wp-block-image size-large\"><img decoding=\"async\" loading=\"lazy\" width=\"731\" height=\"411\" data-id=\"7014\"  src=\"https:\/\/ensvillaguay-ers.infd.edu.ar\/sitio\/wp-content\/uploads\/2022\/11\/4.png\" alt=\"\" class=\"wp-image-7014\"\/><\/figure>\n\n\n\n<figure class=\"wp-block-image size-large\"><img decoding=\"async\" loading=\"lazy\" width=\"727\" height=\"411\" data-id=\"7015\"  src=\"https:\/\/ensvillaguay-ers.infd.edu.ar\/sitio\/wp-content\/uploads\/2022\/11\/5-2.png\" alt=\"\" class=\"wp-image-7015\"\/><\/figure>\n\n\n\n<figure class=\"wp-block-image size-large\"><img decoding=\"async\" loading=\"lazy\" width=\"719\" height=\"415\" data-id=\"7016\"  src=\"https:\/\/ensvillaguay-ers.infd.edu.ar\/sitio\/wp-content\/uploads\/2022\/11\/6-2.png\" alt=\"\" class=\"wp-image-7016\"\/><\/figure>\n\n\n\n<figure class=\"wp-block-image size-large\"><img decoding=\"async\" loading=\"lazy\" width=\"739\" height=\"409\" data-id=\"7017\"  src=\"https:\/\/ensvillaguay-ers.infd.edu.ar\/sitio\/wp-content\/uploads\/2022\/11\/7-2.png\" alt=\"\" class=\"wp-image-7017\"\/><\/figure>\n\n\n\n<figure class=\"wp-block-image size-large\"><img decoding=\"async\" loading=\"lazy\" width=\"735\" height=\"411\" data-id=\"7018\"  src=\"https:\/\/ensvillaguay-ers.infd.edu.ar\/sitio\/wp-content\/uploads\/2022\/11\/8-2.png\" alt=\"\" class=\"wp-image-7018\"\/><\/figure>\n\n\n\n<figure class=\"wp-block-image size-large\"><img decoding=\"async\" loading=\"lazy\" width=\"723\" height=\"409\" data-id=\"7019\"  src=\"https:\/\/ensvillaguay-ers.infd.edu.ar\/sitio\/wp-content\/uploads\/2022\/11\/9-2.png\" alt=\"\" class=\"wp-image-7019\"\/><\/figure>\n\n\n\n<figure class=\"wp-block-image size-large\"><img decoding=\"async\" loading=\"lazy\" width=\"725\" height=\"413\" data-id=\"7020\"  src=\"https:\/\/ensvillaguay-ers.infd.edu.ar\/sitio\/wp-content\/uploads\/2022\/11\/10-2.png\" alt=\"\" class=\"wp-image-7020\"\/><\/figure>\n\n\n\n<figure class=\"wp-block-image size-large\"><img decoding=\"async\" loading=\"lazy\" width=\"731\" height=\"415\" data-id=\"7021\"  src=\"https:\/\/ensvillaguay-ers.infd.edu.ar\/sitio\/wp-content\/uploads\/2022\/11\/11-2.png\" alt=\"\" class=\"wp-image-7021\"\/><\/figure>\n\n\n\n<figure class=\"wp-block-image size-large\"><img decoding=\"async\" loading=\"lazy\" width=\"737\" height=\"417\" data-id=\"7022\"  src=\"https:\/\/ensvillaguay-ers.infd.edu.ar\/sitio\/wp-content\/uploads\/2022\/11\/12-2.png\" alt=\"\" class=\"wp-image-7022\"\/><\/figure>\n\n\n\n<figure class=\"wp-block-image size-large\"><img decoding=\"async\" loading=\"lazy\" width=\"727\" height=\"405\" data-id=\"7023\"  src=\"https:\/\/ensvillaguay-ers.infd.edu.ar\/sitio\/wp-content\/uploads\/2022\/11\/13-2.png\" alt=\"\" class=\"wp-image-7023\"\/><\/figure>\n\n\n\n<figure class=\"wp-block-image size-large\"><img decoding=\"async\" loading=\"lazy\" width=\"735\" height=\"409\" data-id=\"7024\"  src=\"https:\/\/ensvillaguay-ers.infd.edu.ar\/sitio\/wp-content\/uploads\/2022\/11\/14-2.png\" alt=\"\" class=\"wp-image-7024\"\/><\/figure>\n\n\n\n<figure class=\"wp-block-image size-large\"><img decoding=\"async\" loading=\"lazy\" width=\"725\" height=\"411\" data-id=\"7025\"  src=\"https:\/\/ensvillaguay-ers.infd.edu.ar\/sitio\/wp-content\/uploads\/2022\/11\/15-2.png\" alt=\"\" class=\"wp-image-7025\"\/><\/figure>\n\n\n\n<figure class=\"wp-block-image size-large\"><img decoding=\"async\" loading=\"lazy\" width=\"729\" height=\"413\" data-id=\"7026\"  src=\"https:\/\/ensvillaguay-ers.infd.edu.ar\/sitio\/wp-content\/uploads\/2022\/11\/16-2.png\" alt=\"\" class=\"wp-image-7026\"\/><\/figure>\n\n\n\n<figure class=\"wp-block-image size-large\"><img decoding=\"async\" loading=\"lazy\" width=\"723\" height=\"413\" data-id=\"7027\"  src=\"https:\/\/ensvillaguay-ers.infd.edu.ar\/sitio\/wp-content\/uploads\/2022\/11\/17-2.png\" alt=\"\" class=\"wp-image-7027\"\/><\/figure>\n\n\n\n<figure class=\"wp-block-image size-large\"><img decoding=\"async\" loading=\"lazy\" width=\"729\" height=\"403\" data-id=\"7028\"  src=\"https:\/\/ensvillaguay-ers.infd.edu.ar\/sitio\/wp-content\/uploads\/2022\/11\/18-2.png\" alt=\"\" class=\"wp-image-7028\"\/><\/figure>\n\n\n\n<figure class=\"wp-block-image size-large\"><img decoding=\"async\" loading=\"lazy\" width=\"731\" height=\"409\" data-id=\"7029\"  src=\"https:\/\/ensvillaguay-ers.infd.edu.ar\/sitio\/wp-content\/uploads\/2022\/11\/19-2.png\" alt=\"\" class=\"wp-image-7029\"\/><\/figure>\n\n\n\n<figure class=\"wp-block-image size-large\"><img decoding=\"async\" loading=\"lazy\" width=\"727\" height=\"415\" data-id=\"7030\"  src=\"https:\/\/ensvillaguay-ers.infd.edu.ar\/sitio\/wp-content\/uploads\/2022\/11\/20-2.png\" alt=\"\" class=\"wp-image-7030\"\/><\/figure>\n\n\n\n<figure class=\"wp-block-image size-large\"><img decoding=\"async\" loading=\"lazy\" width=\"723\" height=\"413\" data-id=\"7031\"  src=\"https:\/\/ensvillaguay-ers.infd.edu.ar\/sitio\/wp-content\/uploads\/2022\/11\/21.png\" alt=\"\" class=\"wp-image-7031\"\/><\/figure>\n\n\n\n<figure class=\"wp-block-image size-large\"><img decoding=\"async\" loading=\"lazy\" width=\"737\" height=\"407\" data-id=\"7032\"  src=\"https:\/\/ensvillaguay-ers.infd.edu.ar\/sitio\/wp-content\/uploads\/2022\/11\/22.png\" alt=\"\" class=\"wp-image-7032\"\/><\/figure>\n\n\n\n<figure class=\"wp-block-image size-large\"><img decoding=\"async\" loading=\"lazy\" width=\"727\" height=\"407\" data-id=\"7033\"  src=\"https:\/\/ensvillaguay-ers.infd.edu.ar\/sitio\/wp-content\/uploads\/2022\/11\/23.png\" alt=\"\" class=\"wp-image-7033\"\/><\/figure>\n\n\n\n<figure class=\"wp-block-image size-large\"><img decoding=\"async\" loading=\"lazy\" width=\"727\" height=\"417\" data-id=\"7034\"  src=\"https:\/\/ensvillaguay-ers.infd.edu.ar\/sitio\/wp-content\/uploads\/2022\/11\/24.png\" alt=\"\" class=\"wp-image-7034\"\/><\/figure>\n<\/figure>\n\n\n<p style=\"text-align: center;\"><span style=\"color: #ff6600;\"><strong>1\u00b0 Videoconferencia realizada el 16\/09\/2021<\/strong><\/span><\/p>\n\n\n<figure class=\"wp-block-embed is-type-video is-provider-youtube wp-block-embed-youtube wp-embed-aspect-16-9 wp-has-aspect-ratio\"><div class=\"wp-block-embed__wrapper\">\n<iframe loading=\"lazy\" title=\"V Jornadas de debate estudiantil respecto de los DDHH\" width=\"1200\" height=\"675\" src=\"https:\/\/www.youtube.com\/embed\/3EJ9f9U8LAE?feature=oembed\" frameborder=\"0\" allow=\"accelerometer; autoplay; clipboard-write; encrypted-media; gyroscope; picture-in-picture; web-share\" allowfullscreen><\/iframe>\n<\/div><\/figure>\n\n\n<p style=\"text-align: center;\"><span style=\"color: #ff6600;\"><strong>2\u00b0 Videoconferencia realizada el 17\/09\/2021<\/strong><\/span><\/p>\n\n\n<figure class=\"wp-block-embed is-type-video is-provider-youtube wp-block-embed-youtube wp-embed-aspect-16-9 wp-has-aspect-ratio\"><div class=\"wp-block-embed__wrapper\">\n<iframe loading=\"lazy\" title=\"V Jornadas de debate estudiantil respecto de los DDHH\" width=\"1200\" height=\"675\" src=\"https:\/\/www.youtube.com\/embed\/5dK_jYwgSvk?feature=oembed\" frameborder=\"0\" allow=\"accelerometer; autoplay; clipboard-write; encrypted-media; gyroscope; picture-in-picture; web-share\" allowfullscreen><\/iframe>\n<\/div><\/figure>\n","protected":false},"excerpt":{"rendered":"<p>Agenda Encuentro Virtual D\u00eda 16 de septiembre de 17:30 h a 20h 17:30 h &#8211; Apertura a cargo de las autoridades de la Instituci\u00f3n 18 h &#8211; Presentaci\u00f3n del libro \u201cEl Lugar perfecto\u201d a cargo del escritor y periodista Fabi\u00e1n Magnotta. Dicha obra, es una investigaci\u00f3n sobre los vuelos de la muerte en Argentina y &#8230; <a title=\"V Jornadas de debate estudiantil respecto de los Derechos Humanos \u2013 2021\" class=\"read-more\" href=\"https:\/\/ensvillaguay-ers.infd.edu.ar\/sitio\/v-jornadas-de-debate-estudiantil-respecto-de-los-derechos-humanos-2021\/\" aria-label=\"More on V Jornadas de debate estudiantil respecto de los Derechos Humanos \u2013 2021\">[+]<\/a><\/p>\n","protected":false},"author":1046,"featured_media":0,"parent":0,"menu_order":0,"comment_status":"closed","ping_status":"closed","template":"","meta":[],"acf":[],"_links":{"self":[{"href":"https:\/\/ensvillaguay-ers.infd.edu.ar\/sitio\/wp-json\/wp\/v2\/pages\/7010"}],"collection":[{"href":"https:\/\/ensvillaguay-ers.infd.edu.ar\/sitio\/wp-json\/wp\/v2\/pages"}],"about":[{"href":"https:\/\/ensvillaguay-ers.infd.edu.ar\/sitio\/wp-json\/wp\/v2\/types\/page"}],"author":[{"embeddable":true,"href":"https:\/\/ensvillaguay-ers.infd.edu.ar\/sitio\/wp-json\/wp\/v2\/users\/1046"}],"replies":[{"embeddable":true,"href":"https:\/\/ensvillaguay-ers.infd.edu.ar\/sitio\/wp-json\/wp\/v2\/comments?post=7010"}],"version-history":[{"count":2,"href":"https:\/\/ensvillaguay-ers.infd.edu.ar\/sitio\/wp-json\/wp\/v2\/pages\/7010\/revisions"}],"predecessor-version":[{"id":9164,"href":"https:\/\/ensvillaguay-ers.infd.edu.ar\/sitio\/wp-json\/wp\/v2\/pages\/7010\/revisions\/9164"}],"wp:attachment":[{"href":"https:\/\/ensvillaguay-ers.infd.edu.ar\/sitio\/wp-json\/wp\/v2\/media?parent=7010"}],"curies":[{"name":"wp","href":"https:\/\/api.w.org\/{rel}","templated":true}]}}