{"id":7179,"date":"2022-11-25T22:12:36","date_gmt":"2022-11-26T01:12:36","guid":{"rendered":"https:\/\/ensvillaguay-ers.infd.edu.ar\/sitio\/?page_id=7179"},"modified":"2025-03-20T11:03:59","modified_gmt":"2025-03-20T14:03:59","slug":"tutoriales","status":"publish","type":"page","link":"https:\/\/ensvillaguay-ers.infd.edu.ar\/sitio\/tutoriales\/","title":{"rendered":"Tutoriales"},"content":{"rendered":"\n<figure class=\"wp-block-image size-large\"><img decoding=\"async\" loading=\"lazy\" width=\"1911\" height=\"953\" src=\"https:\/\/ensvillaguay-ers.infd.edu.ar\/sitio\/wp-content\/uploads\/2023\/03\/8-1900x948.jpg\" alt=\"\" class=\"wp-image-7815\" srcset=\"https:\/\/ensvillaguay-ers.infd.edu.ar\/sitio\/wp-content\/uploads\/2023\/03\/8-1900x948.jpg 1900w, https:\/\/ensvillaguay-ers.infd.edu.ar\/sitio\/wp-content\/uploads\/2023\/03\/8-1000x499.jpg 1000w, https:\/\/ensvillaguay-ers.infd.edu.ar\/sitio\/wp-content\/uploads\/2023\/03\/8-768x383.jpg 768w, https:\/\/ensvillaguay-ers.infd.edu.ar\/sitio\/wp-content\/uploads\/2023\/03\/8-1536x766.jpg 1536w, https:\/\/ensvillaguay-ers.infd.edu.ar\/sitio\/wp-content\/uploads\/2023\/03\/8.jpg 1911w\" sizes=\"(max-width: 1911px) 100vw, 1911px\" \/><\/figure>\n\n\n\n<figure class=\"wp-block-table is-style-stripes\"><table><tbody><tr><td class=\"has-text-align-center\" data-align=\"center\">                              <img decoding=\"async\" loading=\"lazy\" width=\"904\" height=\"1280\" class=\"wp-image-8546\" style=\"width: 150px;\" src=\"https:\/\/ensvillaguay-ers.infd.edu.ar\/sitio\/wp-content\/uploads\/2023\/08\/Tapa.jpeg\" alt=\"\" srcset=\"https:\/\/ensvillaguay-ers.infd.edu.ar\/sitio\/wp-content\/uploads\/2023\/08\/Tapa.jpeg 904w, https:\/\/ensvillaguay-ers.infd.edu.ar\/sitio\/wp-content\/uploads\/2023\/08\/Tapa-706x1000.jpeg 706w, https:\/\/ensvillaguay-ers.infd.edu.ar\/sitio\/wp-content\/uploads\/2023\/08\/Tapa-768x1087.jpeg 768w\" sizes=\"(max-width: 904px) 100vw, 904px\" \/><\/td><td class=\"has-text-align-center\" data-align=\"center\"><strong>Manual para el Campus Virtual<\/strong><br>Manejo de Aulas Virtuales para Estudiantes<br><a rel=\"noreferrer noopener\" href=\"https:\/\/drive.google.com\/file\/d\/1YBF8ll3D1J7Ggljros1_RasMnTQeHWxH\/view?usp=share_link\" target=\"_blank\"><strong>Descargar<\/strong><\/a> &#8211; <a rel=\"noreferrer noopener\" href=\"https:\/\/youtu.be\/Lz7E0UhInes\" target=\"_blank\"><strong>Video Instructivo<\/strong><\/a> <\/td><\/tr><tr><td class=\"has-text-align-center\" data-align=\"center\">                              <img decoding=\"async\" loading=\"lazy\" width=\"904\" height=\"1280\" class=\"wp-image-8547\" style=\"width: 150px;\" src=\"https:\/\/ensvillaguay-ers.infd.edu.ar\/sitio\/wp-content\/uploads\/2023\/08\/Tapa-1.jpeg\" alt=\"\" srcset=\"https:\/\/ensvillaguay-ers.infd.edu.ar\/sitio\/wp-content\/uploads\/2023\/08\/Tapa-1.jpeg 904w, https:\/\/ensvillaguay-ers.infd.edu.ar\/sitio\/wp-content\/uploads\/2023\/08\/Tapa-1-706x1000.jpeg 706w, https:\/\/ensvillaguay-ers.infd.edu.ar\/sitio\/wp-content\/uploads\/2023\/08\/Tapa-1-768x1087.jpeg 768w\" sizes=\"(max-width: 904px) 100vw, 904px\" \/><\/td><td class=\"has-text-align-center\" data-align=\"center\"><strong>Ecualdat Sistema de Gesti\u00f3n Acad\u00e9mica<\/strong><br>Manual del Docente<br><strong><a rel=\"noreferrer noopener\" href=\"https:\/\/drive.google.com\/file\/d\/1clE4r-xhGY72MeaVDg3SbW1OForfPJaA\/view?usp=sharing\" target=\"_blank\">Descargar<\/a><\/strong><\/td><\/tr><tr><td class=\"has-text-align-center\" data-align=\"center\">                              <img decoding=\"async\" loading=\"lazy\" width=\"1131\" height=\"1600\" class=\"wp-image-8548\" style=\"width: 150px;\" src=\"https:\/\/ensvillaguay-ers.infd.edu.ar\/sitio\/wp-content\/uploads\/2023\/08\/Tapa-2.jpeg\" alt=\"\" srcset=\"https:\/\/ensvillaguay-ers.infd.edu.ar\/sitio\/wp-content\/uploads\/2023\/08\/Tapa-2.jpeg 1131w, https:\/\/ensvillaguay-ers.infd.edu.ar\/sitio\/wp-content\/uploads\/2023\/08\/Tapa-2-707x1000.jpeg 707w, https:\/\/ensvillaguay-ers.infd.edu.ar\/sitio\/wp-content\/uploads\/2023\/08\/Tapa-2-768x1086.jpeg 768w, https:\/\/ensvillaguay-ers.infd.edu.ar\/sitio\/wp-content\/uploads\/2023\/08\/Tapa-2-1086x1536.jpeg 1086w\" sizes=\"(max-width: 1131px) 100vw, 1131px\" \/><\/td><td class=\"has-text-align-center\" data-align=\"center\"><strong>Ecualdat Sistema de Gesti\u00f3n Acad\u00e9mica<\/strong><br>Manual del Estudiante<br><strong><a rel=\"noreferrer noopener\" href=\"https:\/\/drive.google.com\/file\/d\/1KWnFVPTOjQM7KQCbJQP4F08ejaxZwenB\/view?usp=share_link\" target=\"_blank\">Descargar<\/a><\/strong><\/td><\/tr><tr><td class=\"has-text-align-center\" data-align=\"center\">                               <img decoding=\"async\" loading=\"lazy\" width=\"1414\" height=\"2000\" class=\"wp-image-11394\" style=\"width: 150px;\" src=\"https:\/\/ensvillaguay-ers.infd.edu.ar\/sitio\/wp-content\/uploads\/2025\/03\/Inscripcion-Anual-Obligatoria.png\" alt=\"\" srcset=\"https:\/\/ensvillaguay-ers.infd.edu.ar\/sitio\/wp-content\/uploads\/2025\/03\/Inscripcion-Anual-Obligatoria.png 1414w, https:\/\/ensvillaguay-ers.infd.edu.ar\/sitio\/wp-content\/uploads\/2025\/03\/Inscripcion-Anual-Obligatoria-707x1000.png 707w, https:\/\/ensvillaguay-ers.infd.edu.ar\/sitio\/wp-content\/uploads\/2025\/03\/Inscripcion-Anual-Obligatoria-1343x1900.png 1343w, https:\/\/ensvillaguay-ers.infd.edu.ar\/sitio\/wp-content\/uploads\/2025\/03\/Inscripcion-Anual-Obligatoria-768x1086.png 768w, https:\/\/ensvillaguay-ers.infd.edu.ar\/sitio\/wp-content\/uploads\/2025\/03\/Inscripcion-Anual-Obligatoria-1086x1536.png 1086w\" sizes=\"(max-width: 1414px) 100vw, 1414px\" \/><\/td><td class=\"has-text-align-center\" data-align=\"center\"><strong>Inscripci\u00f3n Anual Obligatoria de Nivel Superior <\/strong><br>de Segundo a Cuarto a\u00f1o<br>Sistema de Administraci\u00f3n de Gesti\u00f3n Educativa (SAGE)<br><strong><a href=\"https:\/\/drive.google.com\/file\/d\/1cfAQnh8vMKOOTPJjjZCK9b0OTyY0tJCQ\/view?usp=sharing\" data-type=\"URL\" data-id=\"https:\/\/drive.google.com\/file\/d\/1cfAQnh8vMKOOTPJjjZCK9b0OTyY0tJCQ\/view?usp=sharing\" target=\"_blank\" rel=\"noreferrer noopener\">Descargar <\/a><\/strong><\/td><\/tr><\/tbody><\/table><\/figure>\n\n\n\n<p><\/p>\n","protected":false},"excerpt":{"rendered":"<p>Manual para el Campus VirtualManejo de Aulas Virtuales para EstudiantesDescargar &#8211; Video Instructivo Ecualdat Sistema de Gesti\u00f3n Acad\u00e9micaManual del DocenteDescargar Ecualdat Sistema de Gesti\u00f3n Acad\u00e9micaManual del EstudianteDescargar Inscripci\u00f3n Anual Obligatoria de Nivel Superior de Segundo a Cuarto a\u00f1oSistema de Administraci\u00f3n de Gesti\u00f3n Educativa (SAGE)Descargar<\/p>\n","protected":false},"author":1046,"featured_media":0,"parent":0,"menu_order":0,"comment_status":"closed","ping_status":"closed","template":"","meta":[],"acf":[],"_links":{"self":[{"href":"https:\/\/ensvillaguay-ers.infd.edu.ar\/sitio\/wp-json\/wp\/v2\/pages\/7179"}],"collection":[{"href":"https:\/\/ensvillaguay-ers.infd.edu.ar\/sitio\/wp-json\/wp\/v2\/pages"}],"about":[{"href":"https:\/\/ensvillaguay-ers.infd.edu.ar\/sitio\/wp-json\/wp\/v2\/types\/page"}],"author":[{"embeddable":true,"href":"https:\/\/ensvillaguay-ers.infd.edu.ar\/sitio\/wp-json\/wp\/v2\/users\/1046"}],"replies":[{"embeddable":true,"href":"https:\/\/ensvillaguay-ers.infd.edu.ar\/sitio\/wp-json\/wp\/v2\/comments?post=7179"}],"version-history":[{"count":15,"href":"https:\/\/ensvillaguay-ers.infd.edu.ar\/sitio\/wp-json\/wp\/v2\/pages\/7179\/revisions"}],"predecessor-version":[{"id":11396,"href":"https:\/\/ensvillaguay-ers.infd.edu.ar\/sitio\/wp-json\/wp\/v2\/pages\/7179\/revisions\/11396"}],"wp:attachment":[{"href":"https:\/\/ensvillaguay-ers.infd.edu.ar\/sitio\/wp-json\/wp\/v2\/media?parent=7179"}],"curies":[{"name":"wp","href":"https:\/\/api.w.org\/{rel}","templated":true}]}}