{"id":7724,"date":"2023-02-23T22:01:52","date_gmt":"2023-02-24T01:01:52","guid":{"rendered":"https:\/\/ensvillaguay-ers.infd.edu.ar\/sitio\/?page_id=7724"},"modified":"2024-03-18T15:00:19","modified_gmt":"2024-03-18T18:00:19","slug":"concursos-nivel-superior-2","status":"publish","type":"page","link":"https:\/\/ensvillaguay-ers.infd.edu.ar\/sitio\/concursos-nivel-superior-2\/","title":{"rendered":"Concursos Nivel Superior"},"content":{"rendered":"\n<figure class=\"wp-block-image size-large\"><img decoding=\"async\" loading=\"lazy\" width=\"1900\" height=\"900\" src=\"https:\/\/ensvillaguay-ers.infd.edu.ar\/sitio\/wp-content\/uploads\/2023\/08\/Propuestas-de-Formacion-Docente-Inicial-1-1-1900x900.jpg\" alt=\"\" class=\"wp-image-8513\" srcset=\"https:\/\/ensvillaguay-ers.infd.edu.ar\/sitio\/wp-content\/uploads\/2023\/08\/Propuestas-de-Formacion-Docente-Inicial-1-1-1900x900.jpg 1900w, https:\/\/ensvillaguay-ers.infd.edu.ar\/sitio\/wp-content\/uploads\/2023\/08\/Propuestas-de-Formacion-Docente-Inicial-1-1-1000x474.jpg 1000w, https:\/\/ensvillaguay-ers.infd.edu.ar\/sitio\/wp-content\/uploads\/2023\/08\/Propuestas-de-Formacion-Docente-Inicial-1-1-768x364.jpg 768w, https:\/\/ensvillaguay-ers.infd.edu.ar\/sitio\/wp-content\/uploads\/2023\/08\/Propuestas-de-Formacion-Docente-Inicial-1-1-1536x728.jpg 1536w, https:\/\/ensvillaguay-ers.infd.edu.ar\/sitio\/wp-content\/uploads\/2023\/08\/Propuestas-de-Formacion-Docente-Inicial-1-1.jpg 1919w\" sizes=\"(max-width: 1900px) 100vw, 1900px\" \/><\/figure>\n\n\n\n<hr class=\"wp-block-separator has-alpha-channel-opacity\"\/>\n\n\n\n<h1 class=\"wp-block-heading has-text-align-center\">MARZO<\/h1>\n\n\n\n<p class=\"has-base-background-color has-background has-medium-font-size\"><em><a rel=\"noreferrer noopener\" href=\"https:\/\/ensvillaguay-ers.infd.edu.ar\/sitio\/wp-content\/uploads\/2024\/03\/Concurso-03-24.pdf\" target=\"_blank\"><strong>14-03-2024 &#8211;&nbsp;La Rector\u00eda de la Escuela Normal Superior \u201cMartiniano Leguizam\u00f3n\u201d, de la ciudad de Villaguay, llama a concurso para la cobertura de Horas C\u00e1tedra de Nivel Superior. Las horas c\u00e1tedras a concursar corresponden al Profesorado de Educaci\u00f3n Inicial y Profesorado de Educaci\u00f3n Secundaria en Geograf\u00eda, por el t\u00e9rmino de 03 (tres) d\u00edas h\u00e1biles de acuerdo a la reglamentaci\u00f3n vigente, Resoluci\u00f3n 2300\/12 CGE y su modificatoria Resoluci\u00f3n 1471\/16 CGE; Resoluci\u00f3n 1500\/22 CGE\u00b8 Resoluci\u00f3n 836\/17 CGE y su modificatoria Res. 0258\/24 CGE\u00b8 Circular 17\/18 JC ratificada por Circular 7\/19 JC\u00b8 Circular 14\/21 JC, Circular 2\/22 JC CGE para ser evaluado por el Consejo Evaluador Institucional. Los interesados deber\u00e1n presentar carpeta de antecedentes DEBIDAMENTE AUTENTICADA, FOLIADA y COMPLETA, CURRICULUM VITAE, (Resoluci\u00f3n N\u00b0 111\/18 J.C., Res. 0258\/24 CGE. Circular N\u00b0 17\/18 ratificada por Circular N\u00b0 07\/19 J.C. \u2013 Circular N\u00b0 14\/21 J.C. Circular N\u00b0 2\/22 J.C. Nivel Superior), en la Rector\u00eda de la Escuela Normal Superior Martiniano Leguizam\u00f3n, Avenida Tom\u00e1s de Rocamora N\u00ba 72, Villaguay Entre R\u00edos, desde el d\u00eda Jueves 14 de Marzo hasta el Lunes 18 de marzo de 2024 inclusive, en el horario de 08:00 a 22:00 hs.<\/strong><\/a><\/em><\/p>\n\n\n\n<p><\/p>\n\n\n\n<hr class=\"wp-block-separator has-alpha-channel-opacity\"\/>\n\n\n\n<h1 class=\"wp-block-heading has-text-align-center\"><strong>FEBRERO<\/strong><\/h1>\n\n\n\n<p class=\"has-contrast-color has-base-background-color has-text-color has-background has-medium-font-size\"><em><strong>23-02-2024 &#8211;&nbsp;<\/strong><\/em><a rel=\"noreferrer noopener\" href=\"https:\/\/ensvillaguay-ers.infd.edu.ar\/sitio\/wp-content\/uploads\/2023\/02\/Concurso-Superior-23-02-23.pdf\" target=\"_blank\"><strong><em>La Rector\u00eda de la Escuela Normal Superior \u201cMartiniano Leguizam\u00f3n\u201d, de la ciudad de Villaguay, llama a concurso para cubrir las siguientes horas c\u00e1tedras pertenecientes al Profesorado de Educaci\u00f3n Primaria, &nbsp;Profesorado de Nivel Inicial y Profesorado de Educaci\u00f3n&nbsp; Secundaria en Biolog\u00eda por el t\u00e9rmino de&nbsp;05 (cinco) d\u00edas h\u00e1biles Resoluciones N\u00b0 2300\/12 CGE (art. 6\u00b0 y 7\u00b0), N\u00b0 1471\/16 CGE, Resoluci\u00f3n 1500\/22 CGE y Resoluci\u00f3n 0836\/17 C.G.E,&nbsp; para ser evaluado por el Consejo Evaluador Institucional Los interesados deber\u00e1n presentar carpeta de antecedentes&nbsp;DEBIDAMENTE AUTENTICADA, FOLIADA&nbsp;y COMPLETA, CURRICULUM VITAE, (Resoluci\u00f3n N\u00b0 111\/18 J.C., Circular N\u00b0 17\/18 ratificada por Circular N\u00b0 07\/19 J.C. \u2013 Circular N\u00b0 14\/21 J.C. Circular N\u00b0 2\/22 J.C. Nivel Superior),&nbsp;en la Rector\u00eda de la Escuela Normal Superior Martiniano Leguizam\u00f3n, Avenida Tom\u00e1s de Rocamora N\u00ba 72, Villaguay Entre R\u00edos, desde el d\u00eda&nbsp;Jueves 23 de Febrero &nbsp;&nbsp;hasta el Mi\u00e9rcoles &nbsp;01 de Marzo de 2023 inclusive, en el horario de 08:00 a 22:00 hs.<\/em><\/strong><\/a><\/p>\n","protected":false},"excerpt":{"rendered":"<p>MARZO 14-03-2024 &#8211;&nbsp;La Rector\u00eda de la Escuela Normal Superior \u201cMartiniano Leguizam\u00f3n\u201d, de la ciudad de Villaguay, llama a concurso para la cobertura de Horas C\u00e1tedra de Nivel Superior. Las horas c\u00e1tedras a concursar corresponden al Profesorado de Educaci\u00f3n Inicial y Profesorado de Educaci\u00f3n Secundaria en Geograf\u00eda, por el t\u00e9rmino de 03 (tres) d\u00edas h\u00e1biles de &#8230; <a title=\"Concursos Nivel Superior\" class=\"read-more\" href=\"https:\/\/ensvillaguay-ers.infd.edu.ar\/sitio\/concursos-nivel-superior-2\/\" aria-label=\"More on Concursos Nivel Superior\">[+]<\/a><\/p>\n","protected":false},"author":1046,"featured_media":0,"parent":0,"menu_order":0,"comment_status":"closed","ping_status":"closed","template":"","meta":[],"acf":[],"_links":{"self":[{"href":"https:\/\/ensvillaguay-ers.infd.edu.ar\/sitio\/wp-json\/wp\/v2\/pages\/7724"}],"collection":[{"href":"https:\/\/ensvillaguay-ers.infd.edu.ar\/sitio\/wp-json\/wp\/v2\/pages"}],"about":[{"href":"https:\/\/ensvillaguay-ers.infd.edu.ar\/sitio\/wp-json\/wp\/v2\/types\/page"}],"author":[{"embeddable":true,"href":"https:\/\/ensvillaguay-ers.infd.edu.ar\/sitio\/wp-json\/wp\/v2\/users\/1046"}],"replies":[{"embeddable":true,"href":"https:\/\/ensvillaguay-ers.infd.edu.ar\/sitio\/wp-json\/wp\/v2\/comments?post=7724"}],"version-history":[{"count":43,"href":"https:\/\/ensvillaguay-ers.infd.edu.ar\/sitio\/wp-json\/wp\/v2\/pages\/7724\/revisions"}],"predecessor-version":[{"id":10537,"href":"https:\/\/ensvillaguay-ers.infd.edu.ar\/sitio\/wp-json\/wp\/v2\/pages\/7724\/revisions\/10537"}],"wp:attachment":[{"href":"https:\/\/ensvillaguay-ers.infd.edu.ar\/sitio\/wp-json\/wp\/v2\/media?parent=7724"}],"curies":[{"name":"wp","href":"https:\/\/api.w.org\/{rel}","templated":true}]}}