{"id":7811,"date":"2023-03-06T20:01:15","date_gmt":"2023-03-06T23:01:15","guid":{"rendered":"https:\/\/ensvillaguay-ers.infd.edu.ar\/sitio\/?page_id=7811"},"modified":"2026-02-05T18:04:20","modified_gmt":"2026-02-05T21:04:20","slug":"profesorado-de-educacion-secundaria-en-geografia","status":"publish","type":"page","link":"https:\/\/ensvillaguay-ers.infd.edu.ar\/sitio\/profesorado-de-educacion-secundaria-en-geografia\/","title":{"rendered":"Profesorado de Educaci\u00f3n Secundaria en Geograf\u00eda"},"content":{"rendered":"\n<p><\/p>\n\n\n\n<h2 class=\"wp-block-heading has-contrast-color has-text-color\" style=\"font-size:30px\"><strong>T\u00edtulo que otorga:&nbsp;<em>Profesor\/a de Educaci\u00f3n Secundaria en Geograf\u00eda<\/em><\/strong><\/h2>\n\n\n\n<hr class=\"wp-block-separator has-alpha-channel-opacity\"\/>\n\n\n\n<div class=\"wp-block-columns is-layout-flex wp-container-3\">\n<div class=\"wp-block-column is-layout-flow\" style=\"flex-basis:33.33%\">\n<figure class=\"wp-block-image size-full is-resized\"><img decoding=\"async\" loading=\"lazy\" src=\"https:\/\/ensvillaguay-ers.infd.edu.ar\/sitio\/wp-content\/uploads\/2023\/02\/GEOGRAFIA.jpeg\" alt=\"\" class=\"wp-image-7467\" width=\"311\" height=\"439\"\/><\/figure>\n<\/div>\n\n\n\n<div class=\"wp-block-column is-layout-flow\" style=\"flex-basis:66.66%\">\n<figure class=\"wp-block-table is-style-stripes\"><table><tbody><tr><td><strong>Campo Profesional:<\/strong> El\/la profesional que egresa de este profesorado est\u00e1 habilitado para trabajar en escuelas secundarias de gesti\u00f3n estatal y\/o privada.<\/td><\/tr><tr><td><strong>Campos de Formaci\u00f3n:<\/strong><br><strong>Formaci\u00f3n General: <\/strong>Did\u00e1ctica General; Pedagog\u00eda<strong>; <\/strong>Historia de la Educaci\u00f3n Argentina; Psicolog\u00eda Educacional; Instituciones Educativas; entre otras.<br><strong>Formaci\u00f3n Espec\u00edfica: <\/strong>T\u00e9cnicas de Representaci\u00f3n Cartogr\u00e1fica; Naturaleza y Sociedad; Paisajes Geogr\u00e1ficos Mundiales; Organizaci\u00f3n del Espacio Geogr\u00e1fico Americano y Argentino; Geograf\u00eda de Entre R\u00edos; Did\u00e1ctica de las Ciencias Sociales; Epistemolog\u00eda de la Geograf\u00eda; Geotecnolog\u00eda; entre otras.<br><strong>Formaci\u00f3n del Campo de la Pr\u00e1ctica Docente: <\/strong>Pr\u00e1ctica Docente I; II; III y IV.<\/td><\/tr><tr><td><strong>Duraci\u00f3n 4 a\u00f1os<\/strong><\/td><\/tr><tr><td><strong>Plan de Estudio<\/strong><\/td><\/tr><tr><td><strong><a href=\"https:\/\/ensvillaguay-ers.infd.edu.ar\/sitio\/wp-content\/uploads\/2022\/03\/0766-14_CGE_Diseno_Curricular_Profesorado_de_Educ_optimized.pdf\">Res. N\u00b0 0766\/14 CGE<\/a>, <a href=\"https:\/\/ensvillaguay-ers.infd.edu.ar\/sitio\/wp-content\/uploads\/2022\/03\/0159-15_CGE_Rectificacion_Carrera_Prof_Educ_Sec_en_Geografia.pdf\">Rectificatoria Res. N\u00b0 0159\/15 CGE<\/a>.<\/strong><\/td><\/tr><\/tbody><\/table><\/figure>\n<\/div>\n<\/div>\n\n\n\n<figure class=\"wp-block-table is-style-stripes\"><table><tbody><tr><td><strong>Perfil del egresado:<\/strong> La construcci\u00f3n de un dise\u00f1o curricular para la formaci\u00f3n docente inicial, nos posibilita resignificar la profesi\u00f3n docente, de manera tal de pensarla y concebirla como una pr\u00e1ctica reflexiva y cr\u00edtica. En este sentido pretendemos que el egresado del Profesorado de Educaci\u00f3n Secundaria sea un docente comprometido \u00e9tico y pol\u00edticamente con los procesos culturales, sociales, est\u00e9ticos, de la sociedad en que vive. <br>Por lo expuesto se aspira a formar un docente para la educaci\u00f3n secundaria con capacidad de: <br>&#8211; Asumir un sujeto aut\u00f3nomo, creativo, con responsabilidad profesional para la toma de decisiones.<br>&#8211; Contextualizar las intervenciones de ense\u00f1anza en pos de encontrar diferentes y mejores formas de posibilitar los aprendizajes de los alumnos\/as y apoyar procesos democr\u00e1ticos al interior de las instituciones educativas y de las aulas.<br>&#8211; Posicionarse comprometidamente en la configuraci\u00f3n y consolidaci\u00f3n de su identidad como\u00a0 profesional docente.<br>&#8211; Construir espacios de trabajo compartido y colaborativo en las instituciones educativas.<br>&#8211; Comprender determinados marcos conceptuales que lo habiliten para seguir profundizando en la disciplina, transformando esos conocimientos en contenidos a ser ense\u00f1ados.<br>&#8211; Seleccionar, dise\u00f1ar, y utilizar diversos recursos did\u00e1cticos, como elementos de laboratorio, las TIC, entre otros, en situaciones de ense\u00f1anza formal y no formal.<br>&#8211; Interactuar en diferentes contextos, roles y funciones.<br>&#8211; Implementar reflexivamente los dise\u00f1os curriculares del nivel secundario vigentes en sus diferentes modalidades.<br>&#8211; Construir y desarrollar diferentes dispositivos pedag\u00f3gicos-disciplinares para atender a la diversidad y la integraci\u00f3n de los sujetos, desde la confianza en sus posibilidades de aprender y la comprensi\u00f3n de su comunidad.<br>&#8211; Comprometerse con una concepci\u00f3n de evaluaci\u00f3n multidimensional y multireferencial tanto de los aprendizajes como de la ense\u00f1anza.<\/td><\/tr><\/tbody><\/table><\/figure>\n\n\n\n<p class=\"has-medium-font-size\"><\/p>\n","protected":false},"excerpt":{"rendered":"<p>T\u00edtulo que otorga:&nbsp;Profesor\/a de Educaci\u00f3n Secundaria en Geograf\u00eda Campo Profesional: El\/la profesional que egresa de este profesorado est\u00e1 habilitado para trabajar en escuelas secundarias de gesti\u00f3n estatal y\/o privada. Campos de Formaci\u00f3n:Formaci\u00f3n General: Did\u00e1ctica General; Pedagog\u00eda; Historia de la Educaci\u00f3n Argentina; Psicolog\u00eda Educacional; Instituciones Educativas; entre otras.Formaci\u00f3n Espec\u00edfica: T\u00e9cnicas de Representaci\u00f3n Cartogr\u00e1fica; Naturaleza y Sociedad; &#8230; <a title=\"Profesorado de Educaci\u00f3n Secundaria en Geograf\u00eda\" class=\"read-more\" href=\"https:\/\/ensvillaguay-ers.infd.edu.ar\/sitio\/profesorado-de-educacion-secundaria-en-geografia\/\" aria-label=\"More on Profesorado de Educaci\u00f3n Secundaria en Geograf\u00eda\">[+]<\/a><\/p>\n","protected":false},"author":1046,"featured_media":0,"parent":0,"menu_order":0,"comment_status":"closed","ping_status":"closed","template":"","meta":[],"acf":[],"_links":{"self":[{"href":"https:\/\/ensvillaguay-ers.infd.edu.ar\/sitio\/wp-json\/wp\/v2\/pages\/7811"}],"collection":[{"href":"https:\/\/ensvillaguay-ers.infd.edu.ar\/sitio\/wp-json\/wp\/v2\/pages"}],"about":[{"href":"https:\/\/ensvillaguay-ers.infd.edu.ar\/sitio\/wp-json\/wp\/v2\/types\/page"}],"author":[{"embeddable":true,"href":"https:\/\/ensvillaguay-ers.infd.edu.ar\/sitio\/wp-json\/wp\/v2\/users\/1046"}],"replies":[{"embeddable":true,"href":"https:\/\/ensvillaguay-ers.infd.edu.ar\/sitio\/wp-json\/wp\/v2\/comments?post=7811"}],"version-history":[{"count":9,"href":"https:\/\/ensvillaguay-ers.infd.edu.ar\/sitio\/wp-json\/wp\/v2\/pages\/7811\/revisions"}],"predecessor-version":[{"id":12129,"href":"https:\/\/ensvillaguay-ers.infd.edu.ar\/sitio\/wp-json\/wp\/v2\/pages\/7811\/revisions\/12129"}],"wp:attachment":[{"href":"https:\/\/ensvillaguay-ers.infd.edu.ar\/sitio\/wp-json\/wp\/v2\/media?parent=7811"}],"curies":[{"name":"wp","href":"https:\/\/api.w.org\/{rel}","templated":true}]}}