{"id":7963,"date":"2023-03-14T11:21:48","date_gmt":"2023-03-14T14:21:48","guid":{"rendered":"https:\/\/ensvillaguay-ers.infd.edu.ar\/sitio\/?page_id=7963"},"modified":"2025-04-11T22:30:33","modified_gmt":"2025-04-12T01:30:33","slug":"plan-escolar-de-emergencia-y-evacuacion","status":"publish","type":"page","link":"https:\/\/ensvillaguay-ers.infd.edu.ar\/sitio\/plan-escolar-de-emergencia-y-evacuacion\/","title":{"rendered":"Plan Escolar de Emergencia y Evacuaci\u00f3n"},"content":{"rendered":"\n<figure class=\"wp-block-image size-large\"><img decoding=\"async\" loading=\"lazy\" width=\"1900\" height=\"848\" src=\"https:\/\/ensvillaguay-ers.infd.edu.ar\/sitio\/wp-content\/uploads\/2023\/03\/Propuestas-de-Formacion-Docente-Inicial-5-1900x848.jpg\" alt=\"\" class=\"wp-image-7966\" srcset=\"https:\/\/ensvillaguay-ers.infd.edu.ar\/sitio\/wp-content\/uploads\/2023\/03\/Propuestas-de-Formacion-Docente-Inicial-5-1900x848.jpg 1900w, https:\/\/ensvillaguay-ers.infd.edu.ar\/sitio\/wp-content\/uploads\/2023\/03\/Propuestas-de-Formacion-Docente-Inicial-5-1000x446.jpg 1000w, https:\/\/ensvillaguay-ers.infd.edu.ar\/sitio\/wp-content\/uploads\/2023\/03\/Propuestas-de-Formacion-Docente-Inicial-5-768x343.jpg 768w, https:\/\/ensvillaguay-ers.infd.edu.ar\/sitio\/wp-content\/uploads\/2023\/03\/Propuestas-de-Formacion-Docente-Inicial-5-1536x686.jpg 1536w, https:\/\/ensvillaguay-ers.infd.edu.ar\/sitio\/wp-content\/uploads\/2023\/03\/Propuestas-de-Formacion-Docente-Inicial-5.jpg 1915w\" sizes=\"(max-width: 1900px) 100vw, 1900px\" \/><\/figure>\n\n\n<p>El presente Plan consta de dos partes: un documento base que presenta las generalidades y el procedimiento general de evacuaci\u00f3n.<br>La Escuela Normal Superior \u201cMartiniano Leguizam\u00f3n\u201d constituye una unidad acad\u00e9mica integrada por los niveles de Educaci\u00f3n Inicial, Primaria, Secundaria y Superior. Los cuatro niveles de ense\u00f1anza concentran aproximadamente dos mil estudiantes y una cantidad de personal docente, directivo y no docente de alrededor de trescientos.<br>Las actividades de la instituci\u00f3n se desarrollan en tres turnos: ma\u00f1ana, tarde y vespertino-noche. En cada uno de los cuales se cuenta con una poblaci\u00f3n aproximada de seiscientos cincuenta (650) estudiantes y cincuenta (50) docentes, administrativos y personal de maestranza en el turno ma\u00f1ana (Niveles Inicial y Secundario), seiscientos (600) estudiantes y cuarenta y cinco (45) docentes, administrativos y personal de maestranza en el turno tarde (Niveles Inicial, Primario y Secundario) y setecientos (700) estudiantes y cuarenta (40) docentes, administrativos y personal de maestranza en el turno vespertino-noche (Nivel Superior).<\/p>\n<p><strong>GENERALIDADES<\/strong><br><strong>1. Finalidad<\/strong><br>El procedimiento general de evacuaci\u00f3n tiene como prop\u00f3sito consolidar la informaci\u00f3n sobre los procesos de desalojo de todas y cada una de las secciones o \u00e1reas que se ver\u00edan comprometidas en caso de materializarse una emergencia mayor. Explosi\u00f3n Incendio- Escape de Gas- Actos y\/o atentados provocados por terceros- etc.<br><strong>2. Alcance<\/strong><br>El procedimiento general de Evacuaci\u00f3n, s\u00f3lo se activar\u00e1 al registrase una eventualidad que afecte o amenace seriamente la integridad de la comunidad escolar demandando el desalojo de las instalaciones.<br><strong>3. Alarma<\/strong><br>A trav\u00e9s del Sistema de Alarma, se implementar\u00e1 la codificaci\u00f3n de un TOQUE de TIMBRE CONTINUO de UN (01) MINUTO (preferentemente el timbre de planta baja, ubicado en preceptor\u00eda), cuando la situaci\u00f3n de emergencia requiera el desalojo general de las instalaciones. Esta alarma la accionara el directivo de turno o la persona que el designe en el momento.<\/p>\n\n\n<div class=\"wp-block-columns is-layout-flex wp-container-3\">\n<div class=\"wp-block-column is-layout-flow\" style=\"flex-basis:100%\">\n<div class=\"wp-block-cover is-light\"><span aria-hidden=\"true\" class=\"wp-block-cover__background has-background-dim\"><\/span><div class=\"wp-block-cover__inner-container\">\n<div class=\"wp-block-group has-contrast-color has-base-3-background-color has-text-color has-background is-layout-constrained\"><div class=\"wp-block-group__inner-container\">\n<figure class=\"wp-block-table is-style-stripes\"><table><tbody><tr><td class=\"has-text-align-center\" data-align=\"center\">          <img decoding=\"async\" loading=\"lazy\" width=\"994\" height=\"1407\" class=\"wp-image-7965\" style=\"width: 150px;\" src=\"https:\/\/ensvillaguay-ers.infd.edu.ar\/sitio\/wp-content\/uploads\/2023\/03\/WhatsApp-Image-2023-03-08-at-19.48.49.jpeg\" alt=\"\" srcset=\"https:\/\/ensvillaguay-ers.infd.edu.ar\/sitio\/wp-content\/uploads\/2023\/03\/WhatsApp-Image-2023-03-08-at-19.48.49.jpeg 994w, https:\/\/ensvillaguay-ers.infd.edu.ar\/sitio\/wp-content\/uploads\/2023\/03\/WhatsApp-Image-2023-03-08-at-19.48.49-706x1000.jpeg 706w, https:\/\/ensvillaguay-ers.infd.edu.ar\/sitio\/wp-content\/uploads\/2023\/03\/WhatsApp-Image-2023-03-08-at-19.48.49-768x1087.jpeg 768w\" sizes=\"(max-width: 994px) 100vw, 994px\" \/>                                <\/td><td class=\"has-text-align-center\" data-align=\"center\"><strong>Plan Escolar de Emergencia y Evacuaci\u00f3n<\/strong><br>                                       <a href=\"https:\/\/drive.google.com\/file\/d\/1ybim3x02JbBdaxJRIZMhvOM3nSrNGqEF\/view?usp=sharing\" data-type=\"URL\" data-id=\"https:\/\/drive.google.com\/file\/d\/1ybim3x02JbBdaxJRIZMhvOM3nSrNGqEF\/view?usp=sharing\" target=\"_blank\" rel=\"noreferrer noopener\"><strong>Descargar<\/strong>                                <\/a><\/td><\/tr><\/tbody><\/table><\/figure>\n<\/div><\/div>\n<\/div><\/div>\n<\/div>\n<\/div>\n","protected":false},"excerpt":{"rendered":"<p>El presente Plan consta de dos partes: un documento base que presenta las generalidades y el procedimiento general de evacuaci\u00f3n.La Escuela Normal Superior \u201cMartiniano Leguizam\u00f3n\u201d constituye una unidad acad\u00e9mica integrada por los niveles de Educaci\u00f3n Inicial, Primaria, Secundaria y Superior. Los cuatro niveles de ense\u00f1anza concentran aproximadamente dos mil estudiantes y una cantidad de personal &#8230; <a title=\"Plan Escolar de Emergencia y Evacuaci\u00f3n\" class=\"read-more\" href=\"https:\/\/ensvillaguay-ers.infd.edu.ar\/sitio\/plan-escolar-de-emergencia-y-evacuacion\/\" aria-label=\"More on Plan Escolar de Emergencia y Evacuaci\u00f3n\">[+]<\/a><\/p>\n","protected":false},"author":1427,"featured_media":0,"parent":0,"menu_order":0,"comment_status":"closed","ping_status":"closed","template":"","meta":[],"acf":[],"_links":{"self":[{"href":"https:\/\/ensvillaguay-ers.infd.edu.ar\/sitio\/wp-json\/wp\/v2\/pages\/7963"}],"collection":[{"href":"https:\/\/ensvillaguay-ers.infd.edu.ar\/sitio\/wp-json\/wp\/v2\/pages"}],"about":[{"href":"https:\/\/ensvillaguay-ers.infd.edu.ar\/sitio\/wp-json\/wp\/v2\/types\/page"}],"author":[{"embeddable":true,"href":"https:\/\/ensvillaguay-ers.infd.edu.ar\/sitio\/wp-json\/wp\/v2\/users\/1427"}],"replies":[{"embeddable":true,"href":"https:\/\/ensvillaguay-ers.infd.edu.ar\/sitio\/wp-json\/wp\/v2\/comments?post=7963"}],"version-history":[{"count":8,"href":"https:\/\/ensvillaguay-ers.infd.edu.ar\/sitio\/wp-json\/wp\/v2\/pages\/7963\/revisions"}],"predecessor-version":[{"id":11460,"href":"https:\/\/ensvillaguay-ers.infd.edu.ar\/sitio\/wp-json\/wp\/v2\/pages\/7963\/revisions\/11460"}],"wp:attachment":[{"href":"https:\/\/ensvillaguay-ers.infd.edu.ar\/sitio\/wp-json\/wp\/v2\/media?parent=7963"}],"curies":[{"name":"wp","href":"https:\/\/api.w.org\/{rel}","templated":true}]}}