{"id":7974,"date":"2023-03-14T13:25:59","date_gmt":"2023-03-14T16:25:59","guid":{"rendered":"https:\/\/ensvillaguay-ers.infd.edu.ar\/sitio\/?page_id=7974"},"modified":"2023-08-29T14:42:06","modified_gmt":"2023-08-29T17:42:06","slug":"concursos-docentes","status":"publish","type":"page","link":"https:\/\/ensvillaguay-ers.infd.edu.ar\/sitio\/concursos-docentes\/","title":{"rendered":"Proyecto AcontecER 2023"},"content":{"rendered":"\n<figure class=\"wp-block-image size-large\"><img decoding=\"async\" loading=\"lazy\" width=\"1900\" height=\"823\" src=\"https:\/\/ensvillaguay-ers.infd.edu.ar\/sitio\/wp-content\/uploads\/2023\/08\/Propuestas-de-Formacion-Docente-Inicial-9-1900x823.jpg\" alt=\"\" class=\"wp-image-8600\" srcset=\"https:\/\/ensvillaguay-ers.infd.edu.ar\/sitio\/wp-content\/uploads\/2023\/08\/Propuestas-de-Formacion-Docente-Inicial-9-1900x823.jpg 1900w, https:\/\/ensvillaguay-ers.infd.edu.ar\/sitio\/wp-content\/uploads\/2023\/08\/Propuestas-de-Formacion-Docente-Inicial-9-1000x433.jpg 1000w, https:\/\/ensvillaguay-ers.infd.edu.ar\/sitio\/wp-content\/uploads\/2023\/08\/Propuestas-de-Formacion-Docente-Inicial-9-768x333.jpg 768w, https:\/\/ensvillaguay-ers.infd.edu.ar\/sitio\/wp-content\/uploads\/2023\/08\/Propuestas-de-Formacion-Docente-Inicial-9-1536x665.jpg 1536w, https:\/\/ensvillaguay-ers.infd.edu.ar\/sitio\/wp-content\/uploads\/2023\/08\/Propuestas-de-Formacion-Docente-Inicial-9.jpg 1919w\" sizes=\"(max-width: 1900px) 100vw, 1900px\" \/><\/figure>\n\n\n\n<p>El programa AcontecER plantea, desde la centralidad pedag\u00f3gica de las pr\u00e1cticas de ense\u00f1anza y la actualizaci\u00f3n e innovaci\u00f3n presentes en los dise\u00f1os curriculares, brindar orientaciones para el desarrollo de propuestas institucionales y de aula que favorezcan otras significaciones para la escuela secundaria, ofreciendo tambi\u00e9n posibilidades para la organizaci\u00f3n de otros espacios, agrupamientos y tiempos que garanticen oportunidades de aprendizaje para trayectorias educativas heterog\u00e9neas (CGE, 2022).<br>Entre los prop\u00f3sitos del Programa, se destaca el fortalecimiento de la autonom\u00eda institucional a partir del trabajo colectivo de los equipos de gesti\u00f3n institucional y supervisores zonales, para que las escuelas lideren los procesos de mejora y transformaci\u00f3n de la educaci\u00f3n secundaria. La promoci\u00f3n de nuevas opciones que favorezcan la ense\u00f1anza desde propuestas complementarias, alternativas e innovadoras, a partir de problem\u00e1ticas transversales, pluri, inter y multidisciplinares, areales y por ciclo. De este modo favorecer el aprendizaje de contenidos con estrategias metodol\u00f3gicas que propicien variadas formas de construcci\u00f3n del conocimiento y la flexibilizaci\u00f3n e innovaci\u00f3n de los tiempos y espacios. <\/p>\n\n\n\n<figure class=\"wp-block-table is-style-stripes\"><table><tbody><tr><td class=\"has-text-align-center\" data-align=\"center\"><strong>Proyecto Institucional<\/strong><br><em>\u00abDesde lo disciplinar y lo interdisciplinar <br>a la transdisciplinariedad en la ense\u00f1anza y el aprendizaje: <br>la alternativa del Sistema Modular\u00bb<\/em><br><img decoding=\"async\" loading=\"lazy\" width=\"1048\" height=\"1252\" class=\"wp-image-8601\" style=\"width: 150px;\" src=\"https:\/\/ensvillaguay-ers.infd.edu.ar\/sitio\/wp-content\/uploads\/2023\/08\/AcontecER-2022-ENCUADRE-INSTITUCIONAL_page-0001.jpg\" alt=\"\" srcset=\"https:\/\/ensvillaguay-ers.infd.edu.ar\/sitio\/wp-content\/uploads\/2023\/08\/AcontecER-2022-ENCUADRE-INSTITUCIONAL_page-0001.jpg 1048w, https:\/\/ensvillaguay-ers.infd.edu.ar\/sitio\/wp-content\/uploads\/2023\/08\/AcontecER-2022-ENCUADRE-INSTITUCIONAL_page-0001-837x1000.jpg 837w, https:\/\/ensvillaguay-ers.infd.edu.ar\/sitio\/wp-content\/uploads\/2023\/08\/AcontecER-2022-ENCUADRE-INSTITUCIONAL_page-0001-768x917.jpg 768w\" sizes=\"(max-width: 1048px) 100vw, 1048px\" \/><\/td><td class=\"has-text-align-center\" data-align=\"center\"><strong><a href=\"https:\/\/ensvillaguay-ers.infd.edu.ar\/sitio\/wp-content\/uploads\/2023\/03\/AcontecER-2022-ENCUADRE-INSTITUCIONAL.pdf\" data-type=\"URL\" data-id=\"https:\/\/ensvillaguay-ers.infd.edu.ar\/sitio\/wp-content\/uploads\/2023\/03\/AcontecER-2022-ENCUADRE-INSTITUCIONAL.pdf\" target=\"_blank\" rel=\"noreferrer noopener\">Descargar<\/a><\/strong><br><img decoding=\"async\" loading=\"lazy\" width=\"32\" height=\"32\" class=\"wp-image-8542\" style=\"width: 32px;\" src=\"https:\/\/ensvillaguay-ers.infd.edu.ar\/sitio\/wp-content\/uploads\/2023\/08\/tocar.png\" alt=\"\"><\/td><\/tr><\/tbody><\/table><\/figure>\n","protected":false},"excerpt":{"rendered":"<p>El programa AcontecER plantea, desde la centralidad pedag\u00f3gica de las pr\u00e1cticas de ense\u00f1anza y la actualizaci\u00f3n e innovaci\u00f3n presentes en los dise\u00f1os curriculares, brindar orientaciones para el desarrollo de propuestas institucionales y de aula que favorezcan otras significaciones para la escuela secundaria, ofreciendo tambi\u00e9n posibilidades para la organizaci\u00f3n de otros espacios, agrupamientos y tiempos que &#8230; <a title=\"Proyecto AcontecER 2023\" class=\"read-more\" href=\"https:\/\/ensvillaguay-ers.infd.edu.ar\/sitio\/concursos-docentes\/\" aria-label=\"More on Proyecto AcontecER 2023\">[+]<\/a><\/p>\n","protected":false},"author":1427,"featured_media":0,"parent":0,"menu_order":0,"comment_status":"closed","ping_status":"closed","template":"","meta":[],"acf":[],"_links":{"self":[{"href":"https:\/\/ensvillaguay-ers.infd.edu.ar\/sitio\/wp-json\/wp\/v2\/pages\/7974"}],"collection":[{"href":"https:\/\/ensvillaguay-ers.infd.edu.ar\/sitio\/wp-json\/wp\/v2\/pages"}],"about":[{"href":"https:\/\/ensvillaguay-ers.infd.edu.ar\/sitio\/wp-json\/wp\/v2\/types\/page"}],"author":[{"embeddable":true,"href":"https:\/\/ensvillaguay-ers.infd.edu.ar\/sitio\/wp-json\/wp\/v2\/users\/1427"}],"replies":[{"embeddable":true,"href":"https:\/\/ensvillaguay-ers.infd.edu.ar\/sitio\/wp-json\/wp\/v2\/comments?post=7974"}],"version-history":[{"count":5,"href":"https:\/\/ensvillaguay-ers.infd.edu.ar\/sitio\/wp-json\/wp\/v2\/pages\/7974\/revisions"}],"predecessor-version":[{"id":8603,"href":"https:\/\/ensvillaguay-ers.infd.edu.ar\/sitio\/wp-json\/wp\/v2\/pages\/7974\/revisions\/8603"}],"wp:attachment":[{"href":"https:\/\/ensvillaguay-ers.infd.edu.ar\/sitio\/wp-json\/wp\/v2\/media?parent=7974"}],"curies":[{"name":"wp","href":"https:\/\/api.w.org\/{rel}","templated":true}]}}