{"id":8085,"date":"2023-03-28T22:59:28","date_gmt":"2023-03-29T01:59:28","guid":{"rendered":"https:\/\/ensvillaguay-ers.infd.edu.ar\/sitio\/?page_id=8085"},"modified":"2023-04-03T10:43:30","modified_gmt":"2023-04-03T13:43:30","slug":"novedades","status":"publish","type":"page","link":"https:\/\/ensvillaguay-ers.infd.edu.ar\/sitio\/novedades\/","title":{"rendered":"Novedades"},"content":{"rendered":"\n<figure class=\"wp-block-image size-large\"><img decoding=\"async\" loading=\"lazy\" width=\"1900\" height=\"875\" src=\"https:\/\/ensvillaguay-ers.infd.edu.ar\/sitio\/wp-content\/uploads\/2023\/03\/Propuestas-de-Formacion-Docente-Inicial-3-1-1900x875.jpg\" alt=\"\" class=\"wp-image-8062\" srcset=\"https:\/\/ensvillaguay-ers.infd.edu.ar\/sitio\/wp-content\/uploads\/2023\/03\/Propuestas-de-Formacion-Docente-Inicial-3-1-1900x875.jpg 1900w, https:\/\/ensvillaguay-ers.infd.edu.ar\/sitio\/wp-content\/uploads\/2023\/03\/Propuestas-de-Formacion-Docente-Inicial-3-1-1000x461.jpg 1000w, https:\/\/ensvillaguay-ers.infd.edu.ar\/sitio\/wp-content\/uploads\/2023\/03\/Propuestas-de-Formacion-Docente-Inicial-3-1-768x354.jpg 768w, https:\/\/ensvillaguay-ers.infd.edu.ar\/sitio\/wp-content\/uploads\/2023\/03\/Propuestas-de-Formacion-Docente-Inicial-3-1-1536x707.jpg 1536w, https:\/\/ensvillaguay-ers.infd.edu.ar\/sitio\/wp-content\/uploads\/2023\/03\/Propuestas-de-Formacion-Docente-Inicial-3-1.jpg 1913w\" sizes=\"(max-width: 1900px) 100vw, 1900px\" \/><\/figure>\n\n\n\n<p><\/p>\n\n\n\n<h2 class=\"wp-block-heading\"><strong>Material sobre Malvinas: Literatura. Historia, Afich<\/strong>es.<\/h2>\n\n\n\n<figure class=\"wp-block-image size-full\"><img decoding=\"async\" loading=\"lazy\" width=\"1038\" height=\"1280\" src=\"https:\/\/ensvillaguay-ers.infd.edu.ar\/sitio\/wp-content\/uploads\/2023\/04\/WhatsApp-Image-2023-03-30-at-09.39.17-1.jpeg\" alt=\"\" class=\"wp-image-8100\" srcset=\"https:\/\/ensvillaguay-ers.infd.edu.ar\/sitio\/wp-content\/uploads\/2023\/04\/WhatsApp-Image-2023-03-30-at-09.39.17-1.jpeg 1038w, https:\/\/ensvillaguay-ers.infd.edu.ar\/sitio\/wp-content\/uploads\/2023\/04\/WhatsApp-Image-2023-03-30-at-09.39.17-1-811x1000.jpeg 811w, https:\/\/ensvillaguay-ers.infd.edu.ar\/sitio\/wp-content\/uploads\/2023\/04\/WhatsApp-Image-2023-03-30-at-09.39.17-1-768x947.jpeg 768w\" sizes=\"(max-width: 1038px) 100vw, 1038px\" \/><\/figure>\n\n\n<div class=\"wp-block-image\">\n<figure class=\"aligncenter size-full\"><img decoding=\"async\" loading=\"lazy\" width=\"746\" height=\"1280\" src=\"https:\/\/ensvillaguay-ers.infd.edu.ar\/sitio\/wp-content\/uploads\/2023\/04\/WhatsApp-Image-2023-03-30-at-09.39.16.jpeg\" alt=\"\" class=\"wp-image-8101\" srcset=\"https:\/\/ensvillaguay-ers.infd.edu.ar\/sitio\/wp-content\/uploads\/2023\/04\/WhatsApp-Image-2023-03-30-at-09.39.16.jpeg 746w, https:\/\/ensvillaguay-ers.infd.edu.ar\/sitio\/wp-content\/uploads\/2023\/04\/WhatsApp-Image-2023-03-30-at-09.39.16-583x1000.jpeg 583w\" sizes=\"(max-width: 746px) 100vw, 746px\" \/><\/figure><\/div>\n\n<div class=\"wp-block-image\">\n<figure class=\"aligncenter size-full\"><img decoding=\"async\" loading=\"lazy\" width=\"488\" height=\"1032\" src=\"https:\/\/ensvillaguay-ers.infd.edu.ar\/sitio\/wp-content\/uploads\/2023\/04\/WhatsApp-Image-2023-03-30-at-09.44.15.jpeg\" alt=\"\" class=\"wp-image-8102\" srcset=\"https:\/\/ensvillaguay-ers.infd.edu.ar\/sitio\/wp-content\/uploads\/2023\/04\/WhatsApp-Image-2023-03-30-at-09.44.15.jpeg 488w, https:\/\/ensvillaguay-ers.infd.edu.ar\/sitio\/wp-content\/uploads\/2023\/04\/WhatsApp-Image-2023-03-30-at-09.44.15-473x1000.jpeg 473w\" sizes=\"(max-width: 488px) 100vw, 488px\" \/><\/figure><\/div>\n\n\n<h3 class=\"wp-block-heading\">Nuevos libros en la Biblioteca<\/h3>\n\n\n\n<h4 class=\"wp-block-heading\"><strong><em><u>Libro donado por estudiantes de&nbsp;3\u00b0 A\u00f1o de los Profesorados de Ed.&nbsp;<\/u><\/em><\/strong><strong><em><u>Primaria y Ed. Inicial<\/u><\/em><\/strong><\/h4>\n\n\n\n<p>Agradecemos a los estudiantes de 3\u00b0 A\u00f1o de los Profesorados de Educaci\u00f3n Primaria y Educaci\u00f3n Inicial as\u00ed como tambi\u00e9n a la profesora Tourn Luciana, la donaci\u00f3n del libro,&nbsp;<strong>\u00abLa mochila de Iripina\u00bb<\/strong>. El mismo, es un cuento con fines terap\u00e9uticos y preventivos para ni\u00f1os\/as y adolescentes para el abordaje del abuso sexual. Escrito por la licenciada&nbsp;Paula&nbsp;Vessoni.<\/p>\n\n\n\n<figure class=\"wp-block-image\"><img decoding=\"async\" loading=\"lazy\" width=\"1000\" height=\"772\" src=\"https:\/\/ensvillaguay-ers.infd.edu.ar\/sitio\/wp-content\/uploads\/2019\/10\/iripina-1000x772.jpg\" alt=\"\" class=\"wp-image-3112\" srcset=\"https:\/\/ensvillaguay-ers.infd.edu.ar\/sitio\/wp-content\/uploads\/2019\/10\/iripina-1000x772.jpg 1000w, https:\/\/ensvillaguay-ers.infd.edu.ar\/sitio\/wp-content\/uploads\/2019\/10\/iripina-768x593.jpg 768w, https:\/\/ensvillaguay-ers.infd.edu.ar\/sitio\/wp-content\/uploads\/2019\/10\/iripina-1900x1467.jpg 1900w\" sizes=\"(max-width: 1000px) 100vw, 1000px\" \/><\/figure>\n\n\n\n<h4 class=\"wp-block-heading\"><strong><em><u>Libros adquiridos en la biblioteca<\/u><\/em><\/strong><\/h4>\n\n\n\n<ul>\n<li>Bianchi, Roberto (2019). C\u00edrculo de poes\u00eda 10. Montevideo- abrace editora<\/li>\n<\/ul>\n\n\n\n<h4 class=\"wp-block-heading\"><strong><em><u>Libros donados por Nora Corti\u00f1a<\/u><\/em><\/strong><\/h4>\n\n\n\n<ul>\n<li>Corti\u00f1a, Nora (2017). Norita Corti\u00f1as para chic@s \u2013Loma de Zamora: Sudestada<\/li>\n\n\n\n<li>Scarafia, Daniela (2019). Educaci\u00f3n Sexual Integral \u2013 ESI \u2013 para chicos. Loma de Zamora: Sudestada<\/li>\n\n\n\n<li>Melicchio, Pablo (2019). El lado Norita. Conversaciones de Nora Corti\u00f1a con el psic\u00f3logo Pablo Melicchio- Ciudad Aut\u00f3noma de Buenos Aires: Marea.<\/li>\n\n\n\n<li>Szalkowicz, Gerardo (2019). Norita la madre de todas las batallas: Biograf\u00eda de Nora Corti\u00f1a \u2013 Loma de Zamora: Sudestada.<\/li>\n<\/ul>\n\n\n\n<h4 class=\"wp-block-heading\"><strong><em><u>Libro donado por Anal\u00eda Kalinec<\/u><\/em><\/strong><\/h4>\n\n\n\n<ul>\n<li>Bartalini, Carolina (2019). Escritos desobedientes. Historias de hijas, hijos y familiares de genocidas por la memoria, la verdad y la justicia. Ciudad Aut\u00f3noma de Buenos Aires: Marea.<\/li>\n<\/ul>\n\n\n\n<h4 class=\"wp-block-heading\"><strong><em><u>Libros donados por la biblioteca de la Provincia de Entre R\u00edos.<\/u><\/em><\/strong><\/h4>\n\n\n\n<ul>\n<li>Ursini de Leiva, Nadia (2001). Bibliograf\u00eda Entrerriana: 1820- 1995Entre R\u00edos. Ministerio de Gobierno, Justicia y Educaci\u00f3n Subsecretaria de Cultura Biblioteca Provincial de Entre R\u00edos.<\/li>\n\n\n\n<li>Erpen, Laura, Baucis, Mar\u00eda (2011). \u201cMujeres con historia\u201d. Concurso literario. Entre R\u00edos- Talleres Gr\u00e1ficos de la Imprenta Oficial de la Provincia de Entre r\u00edos.<\/li>\n\n\n\n<li>Serur, Elsa y Osman, Eise (2001). Carlos Mastronardi. Entre R\u00edos- Editorial Entre R\u00edos.<\/li>\n\n\n\n<li>Manauta, Juan Jos\u00e9 (1993). Colinas de Octubre. Entre R\u00edos- Editorial Entre R\u00edos<\/li>\n\n\n\n<li>Von Fehleisen, Elsa Elida (1995). Fundaciones en el tiempo. Santa Fe-Editorial Amalevi.<\/li>\n\n\n\n<li>Sola Gozalez, Alfonso (1992). Eleg\u00edas de San Miguel. Entre R\u00edos- Editorial de Entre R\u00edos.<\/li>\n\n\n\n<li>Gim\u00e9nez, Albano Lucio (2017). Poemas. Concepci\u00f3n del Uruguay- Ediciones del Cl\u00e9.<\/li>\n\n\n\n<li>Salvarezza, Luis Alberto (2018). Felipe Aldama: Serie Artista Pl\u00e1sticos Entrerrianos. Concepci\u00f3n del Uruguay- Ediciones del Cl\u00e9.<\/li>\n<\/ul>\n\n\n\n<hr class=\"wp-block-separator has-alpha-channel-opacity\"\/>\n\n\n\n<h1 class=\"wp-block-heading\">Listado de t\u00edtulos de pel\u00edculas<\/h1>\n\n\n\n<p>A continuaci\u00f3n, les dejamos el link a un listado de t\u00edtulos de pel\u00edculas, que ha sido confeccionado por el Profesor Ren\u00e9 Escudero, en conjunto con la Ayudante de la c\u00e1tedra de Filosof\u00eda, Celina Vila quien es&nbsp;estudiante del 4\u00b0 a\u00f1o del PES en Matem\u00e1tica.<\/p>\n\n\n\n<p>Dicho listado consta de 57 t\u00edtulos y trailers de pel\u00edculas recomendadas y siendo, varias de ellas, utilizadas en las asignaturas que dicta el Prof. Escudero en el nivel superior del Instituto Superior de Formaci\u00f3n Docente de la Escuela Normal Superior \u00abMartiniano Leguizam\u00f3n\u00bb y de la carrera Tecnicatura en Turismo de la Facultad de Ciencias de la Gesti\u00f3n, de la Universidad Aut\u00f3noma de Entre R\u00edos.<\/p>\n\n\n\n<h2 class=\"wp-block-heading\"><a href=\"https:\/\/ensvillaguay-ers.infd.edu.ar\/sitio\/wp-content\/uploads\/2019\/10\/Lista-de-pel%C3%ADculas-recomendadas.pdf\" target=\"_blank\" rel=\"noreferrer noopener\">Lista de t\u00edtulos de pel\u00edculas recomendadas<\/a><\/h2>\n\n\n\n<hr class=\"wp-block-separator has-alpha-channel-opacity\"\/>\n\n\n\n<h1 class=\"wp-block-heading\">Indice de Revistas de Educaci\u00f3n Superior e Investigaci\u00f3n Educativa<\/h1>\n\n\n\n<p>A continuaci\u00f3n les dejamos un link a un listado editado por el IRESIE.<\/p>\n\n\n\n<p>El iresie (Indice de Revistas de Educaci\u00f3n Superior e Investigaci\u00f3n Educativa) es un sistema de informaci\u00f3n especializado en educaci\u00f3n iberoamericana. Viene desarroll\u00e1ndose desde 1979 en la Universidad Nacional Aut\u00f3noma de M\u00e9xico (UNAM) con el fin de detectar, recuperar, sistematizar, preservar, almacenar, organizar y difundir los resultados de la investigaci\u00f3n, docencia o planeaci\u00f3n que se generan en el campo educativo en la regi\u00f3n iberoamericana.<\/p>\n\n\n\n<p>Su producto principal es la base de datos que contiene m\u00e1s de 90 mil registros bibliogr\u00e1ficos de reportes de investigaci\u00f3n, art\u00edculos te\u00f3ricos o de revisi\u00f3n, ensayos, informes institucionales, biograf\u00edas, entrevistas, estad\u00edsticas, rese\u00f1as de libros y otros documentos educativos publicados en m\u00e1s de mil t\u00edtulos de revistas especializadas en educaci\u00f3n y disciplinas complementarias editadas en M\u00e9xico, Am\u00e9rica Latina, el Caribe, Espa\u00f1a y Portugal.<\/p>\n\n\n\n<p>Las revistas analizadas son seleccionadas con base en criterios de calidad de contenido, normalizaci\u00f3n y caracter\u00edsticas editoriales internacionales. En un 80% proceden de Universidades e Institutos y Centros de Investigaci\u00f3n, un 70% est\u00e1n en formato electr\u00f3nico. Los art\u00edculos abordan aspectos diversos del \u00e1rea educativa: curr\u00edculo, innovaci\u00f3n, evaluaci\u00f3n, pol\u00edticas educativas, perfil profesional, competencias, caracter\u00edsticas de los estudiantes, actitudes, did\u00e1ctica de las diferentes disciplinas, estrategias de aprendizaje, de ense\u00f1anza, filosof\u00eda, sociolog\u00eda de la educaci\u00f3n etc. Comprende todos los niveles educativos: b\u00e1sico (inicial, preescolar, primaria, secundaria), bachillerato, (preparatoria, vocacional, media-superior) superior (licenciatura, postgrado) en sus diversas modalidades: presencial, abierta, a distancia, en l\u00ednea, continua, formal, informal.<\/p>\n\n\n\n<h2 class=\"wp-block-heading\"><a href=\"https:\/\/ensvillaguay-ers.infd.edu.ar\/sitio\/wp-content\/uploads\/2019\/10\/Lista_Revistas_IRESIE_2016.pdf\" target=\"_blank\" rel=\"noreferrer noopener\">Listado de Revistas IRESIE<\/a><\/h2>\n\n\n\n<hr class=\"wp-block-separator has-alpha-channel-opacity\"\/>\n\n\n\n<h1 class=\"wp-block-heading\">Aula Digital M\u00f3vil<\/h1>\n\n\n\n<p>La Biblioteca&nbsp;<strong>\u00abHebe Morosini\u00bb<\/strong>&nbsp;cuenta con el&nbsp;<strong>Aula Digital M\u00f3vil<\/strong>&nbsp;de&nbsp;<strong>Aprender Conectados<\/strong>, con 30 netbooks para el uso de estudiantes y docentes de todos los niveles.<\/p>\n\n\n\n<figure class=\"wp-block-image\"><img decoding=\"async\" loading=\"lazy\" width=\"1000\" height=\"750\" src=\"https:\/\/ensvillaguay-ers.infd.edu.ar\/sitio\/wp-content\/uploads\/2019\/06\/IMG-20190604-WA0029-1000x750.jpg\" alt=\"\" class=\"wp-image-2503\" srcset=\"https:\/\/ensvillaguay-ers.infd.edu.ar\/sitio\/wp-content\/uploads\/2019\/06\/IMG-20190604-WA0029-1000x750.jpg 1000w, https:\/\/ensvillaguay-ers.infd.edu.ar\/sitio\/wp-content\/uploads\/2019\/06\/IMG-20190604-WA0029-768x576.jpg 768w, https:\/\/ensvillaguay-ers.infd.edu.ar\/sitio\/wp-content\/uploads\/2019\/06\/IMG-20190604-WA0029.jpg 1280w\" sizes=\"(max-width: 1000px) 100vw, 1000px\" \/><\/figure>\n\n\n\n<figure class=\"wp-block-image\"><img decoding=\"async\" loading=\"lazy\" width=\"1000\" height=\"750\" src=\"https:\/\/ensvillaguay-ers.infd.edu.ar\/sitio\/wp-content\/uploads\/2019\/06\/IMG-20190604-WA0028-1000x750.jpg\" alt=\"\" class=\"wp-image-2502\" srcset=\"https:\/\/ensvillaguay-ers.infd.edu.ar\/sitio\/wp-content\/uploads\/2019\/06\/IMG-20190604-WA0028-1000x750.jpg 1000w, https:\/\/ensvillaguay-ers.infd.edu.ar\/sitio\/wp-content\/uploads\/2019\/06\/IMG-20190604-WA0028-768x576.jpg 768w, https:\/\/ensvillaguay-ers.infd.edu.ar\/sitio\/wp-content\/uploads\/2019\/06\/IMG-20190604-WA0028.jpg 1280w\" sizes=\"(max-width: 1000px) 100vw, 1000px\" \/><\/figure>\n\n\n\n<hr class=\"wp-block-separator has-alpha-channel-opacity\"\/>\n\n\n\n<h1 class=\"wp-block-heading\">Acuerdo para el uso de las Netbooks<\/h1>\n\n\n\n<h1 class=\"wp-block-heading\">del Aula Digital M\u00f3vil<\/h1>\n\n\n\n<ul>\n<li><strong>Las netbooks son de uso exclusivo para biblioteca. No se permitir\u00e1 el retiro de las mismas a las aulas.<\/strong><\/li>\n\n\n\n<li><strong>Se usar\u00e1n s\u00f3lo para realizar trabajos pr\u00e1cticos y b\u00fasqueda de informaci\u00f3n.<\/strong><\/li>\n\n\n\n<li><strong>Se proh\u00edbe el uso de las redes sociales.<\/strong><\/li>\n\n\n\n<li><strong>Se firmar\u00e1 una planilla cuando se les entregue la netbook y cuando sea devuelta.<\/strong><\/li>\n\n\n\n<li><strong>Al momento de ser entregada a docentes o alumnos queda bajo responsabilidad absoluta de los mismos, debiendo ser devueltas en iguales condiciones.<\/strong><\/li>\n<\/ul>\n\n\n\n<p><strong><a href=\"https:\/\/ensvillaguay-ers.infd.edu.ar\/sitio\/8061-2\/upload\/Reglamento_de_la_Biblioteca_Hebe_Morisini.pdf\">Descargar el Reglamento de la Biblioteca<\/a>&nbsp;<\/strong><\/p>\n\n\n\n<hr class=\"wp-block-separator has-alpha-channel-opacity\"\/>\n\n\n\n<h1 class=\"wp-block-heading\">Noticias<\/h1>\n\n\n\n<h3 class=\"wp-block-heading\">Listado de nuevos libros recibidos desde INFoD<\/h3>\n\n\n\n<h4 class=\"wp-block-heading\"><strong><u>Colecci\u00f3n&nbsp; \u201cIdeas que ense\u00f1ar\u201d<\/u><\/strong><\/h4>\n\n\n\n<ul>\n<li>Morelli, Silvia (Coordinadora). N\u00facleo interdisciplinario de contenidos. La educaci\u00f3n en acontecimientos- Rosario: Homo Sapiens, 2018<\/li>\n\n\n\n<li>Dubet, Fran\u00e7ois. Represar la justicia social: contra el mito de la igualdad de oportunidades- Buenos Aires: Siglo veintiuno, 2018<\/li>\n\n\n\n<li>Maggio, Mariana. Enriquecer la ense\u00f1anza: los ambientes con alta disposici\u00f3n tecnol\u00f3gica como oportunidad- Buenos Aires: Paidos,2018<\/li>\n\n\n\n<li>Bas, Alcira\u2026 et. al. Escribir: apuntes sobre una pr\u00e1ctica- Buenos Aires: Eudeba, 2018<\/li>\n\n\n\n<li>Meirieu, Philippe. Recuperar la pedagog\u00eda: de lugares comunes a conceptos claves- Buenos Aires: Paid\u00f3s, 2018<\/li>\n\n\n\n<li>Perrenoud, Philippe. Desarrollar la practica reflexiva en el oficio de ense\u00f1ar- Buenos Aires: Novedades Educativas, 2018<\/li>\n\n\n\n<li>Armstrong, Tomas. Inteligencia m\u00faltiple en el aula- Buenos Aires: Paid\u00f3s, 2018<\/li>\n\n\n\n<li>Zabala Berza, Miguel A., Zabalza, Cerdeiri\u00f1a, Ainoha. Entre el ser y el estar- Buenos Aires: Narcea, 2018<\/li>\n\n\n\n<li>Blaythe, Tina. La ense\u00f1anza para la comprensi\u00f3n: gu\u00eda para el docente- Buenos Aires: Paid\u00f3s, 2018<\/li>\n\n\n\n<li>Bruner, Jerome. La educaci\u00f3n, la puerta de la cultura- Buenos Aires: Continente, 2018<\/li>\n\n\n\n<li>Buckinghan, David. Mas all\u00e1 de la tecnolog\u00eda: aprendizaje infantil en la cultura digital- Buenos Aires: Manantial, 2018<\/li>\n\n\n\n<li>Fisher, Robert. Dialogo creativo: hablar para pensar en el aula- Buenos Aires: Morata, 2018<\/li>\n\n\n\n<li>Ainnscow, Mel. Desarrollo de las escuelas inclusivas: Ideas, propuestas y experiencias para mejorar las instituciones escolares- Buenos Aires: Narcea, 2018<\/li>\n\n\n\n<li>Perrenoud, Philippe. Diez nuevas competencias para ense\u00f1ar: invitaci\u00f3n al amor- Buenos Ares: Novedad Educativa, 2018<\/li>\n\n\n\n<li>Hargreaves, Andy. Profesorado, cultura y posmodernidad- Buenos Aires: Morata, 2018<\/li>\n\n\n\n<li>Montessori, Mar\u00eda. El m\u00e9todo de pedagog\u00eda cient\u00edfica: aplicado a la educaci\u00f3n de la infancia- Buenos Aires: Biblioteca Nueva, 2018<\/li>\n\n\n\n<li>Litwin, Edith. El oficio de ense\u00f1ar: condiciones y contexto- Buenos Aires: Paid\u00f3s, 2018<\/li>\n\n\n\n<li>Perkins, David. El aprendizaje pleno: principios de la ense\u00f1anza para formar la educaci\u00f3n- Buenos Aires: Paid\u00f3s, 2018<\/li>\n\n\n\n<li>Piaget, Jean. La psicolog\u00eda de la inteligencia-Buenos Aires: Siglo veintiuno,2018<\/li>\n\n\n\n<li>Pozo, Juan Ignacio. Aprender en los tiempos revueltos- Buenos Aires: Alianza, 2018<\/li>\n\n\n\n<li>Ritchhart, Ron, Church, Mark, Morri\u00f3n, Karin. Hacer visible el pensamiento- Buenos Aires: Paid\u00f3s, 2018<\/li>\n\n\n\n<li>Davini, Mar\u00eda Cristina. M\u00e9todos de ense\u00f1anza- Buenos Aires: Santillana,2018<\/li>\n\n\n\n<li>Sanjurjo, Liliana\u2026 et. al. . Los dispositivos para la formaci\u00f3n en las pr\u00e1cticas profesionales- Rosario : Homo Sapiens, 2018<\/li>\n\n\n\n<li>Chevallard, Yves. La transposici\u00f3n did\u00e1ctica- Buenos Aires: Aique, 2018<\/li>\n\n\n\n<li>Dewey, John. Experiencia y educaci\u00f3n- Buenos Aires: Losada, 2018<\/li>\n\n\n\n<li>Dubrovsky, Silvia\u2026et. al. . la integraci\u00f3n escolar como problem\u00e1tica profesional- Buenos Aires: Novedad Educativa, 2018<\/li>\n\n\n\n<li>Eisner, Elliot W. Cognici\u00f3n y curriculum- Buenos Aires: Amarrortu, 2018<\/li>\n\n\n\n<li>Escribano, Alicia. El aprendizaje basado en problemas- Buenos Aires: Narcea, 2018<\/li>\n\n\n\n<li>Vigotski, Lev. Pensamiento y habla- Buenos Aires: Colihue, 2018<\/li>\n\n\n\n<li>Freire, Paulo. Pedagog\u00eda del oprimido- Buenos Aires: Siglo Veintiuno, 2018<\/li>\n\n\n\n<li>Fullan, Michael, Hargreaves, Andy. La escuela que queremos- Buenos Aires: Amarrortu, 2018<\/li>\n\n\n\n<li>Camilloni, Alicia R. W. El saber did\u00e1ctico- Buenos Aires: Paid\u00f3s, 2018<\/li>\n\n\n\n<li>Gardener, Howard. La educaci\u00f3n de la mente y el conocimiento de las disciplinas- Buenos Aires: Paid\u00f3s, 2018<\/li>\n\n\n\n<li>Castorina, Jos\u00e9 A., Carretero, Mario. Desarrollo cognitivo y educaci\u00f3n- Buenos Aires: Paid\u00f3s, 2018<\/li>\n\n\n\n<li>Siede, Isabelino. Entre familia y escuela- Buenos Aires: Paid\u00f3s, 2018<\/li>\n\n\n\n<li>Finkel, Don. Dar clase con la boca cerrada- Buenos Aires: Waldhuter, 2018<\/li>\n\n\n\n<li>Stigliano, Daniel, Gentile, Daniel. Ense\u00f1ar y aprender en grupo cooperativos- Buenos Aires: Novedad Educativa,2018<\/li>\n\n\n\n<li>Anijovich, Rebeca. Gestionar una escuela con aulas heterog\u00e9neas- Buenos Aires: Paid\u00f3s, 2018<\/li>\n\n\n\n<li>Anijovich, Rebeca, Cappelleti, Graciela. La evaluaci\u00f3n como oportunidad- Buenos Aires: Paid\u00f3s, 2018<\/li>\n\n\n\n<li>Anijovich, Rebeca\u2026 et. al. Transitar la formaci\u00f3n pedag\u00f3gica- Buenos Aires: Paid\u00f3s, 2018<\/li>\n<\/ul>\n\n\n\n<hr class=\"wp-block-separator has-alpha-channel-opacity\"\/>\n\n\n\n<h2 class=\"wp-block-heading\"><strong>PROYECTO DE ARTICULACI\u00d3N PARA 6\u00ba GRADO DE NIVEL PRIMARIO Y 1\u00ba A\u00d1O DE NIVEL SECUNDARIO<\/strong><\/h2>\n\n\n\n<p><strong><em>Es un proyecto de lectura interdisciplinario, basado en el cuento \u00abMil grullas\u00bb de Elsa Bornema e incluye las siguientes materias: Lengua, Formaci\u00f3n \u00c9tica y Ciudadana, Geograf\u00eda, Historia y Biolog\u00eda.<\/em><\/strong><\/p>\n\n\n\n<figure class=\"wp-block-image\"><img decoding=\"async\" src=\"https:\/\/ensvillaguay-ers.infd.edu.ar\/sitio\/wp-content\/uploads\/2018\/06\/Portada_Grulla_2.png\" alt=\"Portada Grulla 2\" title=\"Portada Grulla 2\"\/><\/figure>\n\n\n\n<figure class=\"wp-block-image\"><img decoding=\"async\" src=\"https:\/\/ensvillaguay-ers.infd.edu.ar\/sitio\/wp-content\/uploads\/2018\/06\/Grulla_3.jpg\" alt=\"Grulla 3\" title=\"Grulla 3\"\/><\/figure>\n\n\n\n<figure class=\"wp-block-image\"><img decoding=\"async\" src=\"https:\/\/ensvillaguay-ers.infd.edu.ar\/sitio\/wp-content\/uploads\/2018\/06\/Grulla_2.jpg\" alt=\"Grulla 2\" title=\"Grulla 2\"\/><\/figure>\n\n\n\n<figure class=\"wp-block-image\"><img decoding=\"async\" src=\"https:\/\/ensvillaguay-ers.infd.edu.ar\/sitio\/wp-content\/uploads\/2018\/06\/Grulla_4.jpg\" alt=\"Grulla 4\" title=\"Grulla 4\"\/><\/figure>\n\n\n\n<h2 class=\"wp-block-heading\"><strong>PASANT\u00cdAS DE ESTUDIANTES DEL NIVEL SUPERIOR<\/strong><\/h2>\n\n\n\n<p><em><strong>Desde hace un tiempo los estudiantes de los Profesorados de Educaci\u00f3n Secundaria en Lengua y Literatura, Biolog\u00eda e Ingl\u00e9s vienen realizando pasant\u00edas en la Biblioteca, en el turno ma\u00f1ana y tarde.&nbsp;<\/strong><\/em><\/p>\n\n\n\n<figure class=\"wp-block-image\"><img decoding=\"async\" src=\"https:\/\/ensvillaguay-ers.infd.edu.ar\/sitio\/wp-content\/uploads\/2018\/06\/estudiantes_lengua.jpg\" alt=\"Estudiantes Lengua\" title=\"Estudiantes Lengua\"\/><\/figure>\n\n\n\n<p><strong>Facundo y Emilce del Profesorado de Educaci\u00f3n Secundaria en Lengua y Literatura<\/strong><\/p>\n\n\n\n<hr class=\"wp-block-separator has-alpha-channel-opacity\"\/>\n\n\n\n<h2 class=\"wp-block-heading\"><strong>EQUIPAMIENTO Y MATERIALES RECIBIDOS<\/strong><\/h2>\n\n\n\n<ul>\n<li><em><strong>30 ejemplares de libros sobre ENERG\u00cdA, donados por la Fundaci\u00f3n YPF<\/strong><\/em><\/li>\n<\/ul>\n\n\n\n<figure class=\"wp-block-image\"><img decoding=\"async\" src=\"https:\/\/ensvillaguay-ers.infd.edu.ar\/sitio\/wp-content\/uploads\/2018\/06\/LIBROS_YPF.jpg\" alt=\"LIBROS YPF\" title=\"LIBROS YPF\"\/><\/figure>\n\n\n\n<ul>\n<li><strong><em>5 libros de MATEM\u00c1TICA, donados por la Profesora Sandra Figueroa<\/em><\/strong><\/li>\n<\/ul>\n\n\n\n<figure class=\"wp-block-image\"><img decoding=\"async\" src=\"https:\/\/ensvillaguay-ers.infd.edu.ar\/sitio\/wp-content\/uploads\/2018\/06\/LIBROS_1.jpg\" alt=\"LIBROS 1\" title=\"LIBROS 1\"\/><\/figure>\n\n\n\n<figure class=\"wp-block-image\"><img decoding=\"async\" src=\"https:\/\/ensvillaguay-ers.infd.edu.ar\/sitio\/wp-content\/uploads\/2018\/06\/LIBROS_2.jpg\" alt=\"LIBROS 2\" title=\"LIBROS 2\"\/><\/figure>\n\n\n\n<figure class=\"wp-block-image\"><img decoding=\"async\" src=\"https:\/\/ensvillaguay-ers.infd.edu.ar\/sitio\/wp-content\/uploads\/2018\/06\/LIBROS_3.jpg\" alt=\"LIBROS 3\" title=\"LIBROS 3\"\/><\/figure>\n\n\n\n<ul>\n<li><strong><em>3 Reproductores de DVD&nbsp;que ser\u00e1n incorporados a los recursos audiovisuales ya existentes.&nbsp;Los mismos fueron entregados por los directivos y constituyen un valioso aporte para el proceso de ense\u00f1anza y aprendizaje de nuestros alumnos<\/em><\/strong><\/li>\n<\/ul>\n","protected":false},"excerpt":{"rendered":"<p>Material sobre Malvinas: Literatura. Historia, Afiches. Nuevos libros en la Biblioteca Libro donado por estudiantes de&nbsp;3\u00b0 A\u00f1o de los Profesorados de Ed.&nbsp;Primaria y Ed. Inicial Agradecemos a los estudiantes de 3\u00b0 A\u00f1o de los Profesorados de Educaci\u00f3n Primaria y Educaci\u00f3n Inicial as\u00ed como tambi\u00e9n a la profesora Tourn Luciana, la donaci\u00f3n del libro,&nbsp;\u00abLa mochila de &#8230; <a title=\"Novedades\" class=\"read-more\" href=\"https:\/\/ensvillaguay-ers.infd.edu.ar\/sitio\/novedades\/\" aria-label=\"More on Novedades\">[+]<\/a><\/p>\n","protected":false},"author":1046,"featured_media":0,"parent":0,"menu_order":0,"comment_status":"closed","ping_status":"closed","template":"","meta":[],"acf":[],"_links":{"self":[{"href":"https:\/\/ensvillaguay-ers.infd.edu.ar\/sitio\/wp-json\/wp\/v2\/pages\/8085"}],"collection":[{"href":"https:\/\/ensvillaguay-ers.infd.edu.ar\/sitio\/wp-json\/wp\/v2\/pages"}],"about":[{"href":"https:\/\/ensvillaguay-ers.infd.edu.ar\/sitio\/wp-json\/wp\/v2\/types\/page"}],"author":[{"embeddable":true,"href":"https:\/\/ensvillaguay-ers.infd.edu.ar\/sitio\/wp-json\/wp\/v2\/users\/1046"}],"replies":[{"embeddable":true,"href":"https:\/\/ensvillaguay-ers.infd.edu.ar\/sitio\/wp-json\/wp\/v2\/comments?post=8085"}],"version-history":[{"count":2,"href":"https:\/\/ensvillaguay-ers.infd.edu.ar\/sitio\/wp-json\/wp\/v2\/pages\/8085\/revisions"}],"predecessor-version":[{"id":8103,"href":"https:\/\/ensvillaguay-ers.infd.edu.ar\/sitio\/wp-json\/wp\/v2\/pages\/8085\/revisions\/8103"}],"wp:attachment":[{"href":"https:\/\/ensvillaguay-ers.infd.edu.ar\/sitio\/wp-json\/wp\/v2\/media?parent=8085"}],"curies":[{"name":"wp","href":"https:\/\/api.w.org\/{rel}","templated":true}]}}