{"id":8175,"date":"2023-05-05T18:05:29","date_gmt":"2023-05-05T21:05:29","guid":{"rendered":"https:\/\/ensvillaguay-ers.infd.edu.ar\/sitio\/?page_id=8175"},"modified":"2025-06-04T11:15:36","modified_gmt":"2025-06-04T14:15:36","slug":"ayudante-de-catedra","status":"publish","type":"page","link":"https:\/\/ensvillaguay-ers.infd.edu.ar\/sitio\/ayudante-de-catedra\/","title":{"rendered":"Ayudante de C\u00e1tedra"},"content":{"rendered":"\n<figure class=\"wp-block-image size-large\"><img decoding=\"async\" loading=\"lazy\" width=\"1900\" height=\"878\" src=\"https:\/\/ensvillaguay-ers.infd.edu.ar\/sitio\/wp-content\/uploads\/2023\/05\/Propuestas-de-Formacion-Docente-Inicial-4-1900x878.jpg\" alt=\"\" class=\"wp-image-8176\" srcset=\"https:\/\/ensvillaguay-ers.infd.edu.ar\/sitio\/wp-content\/uploads\/2023\/05\/Propuestas-de-Formacion-Docente-Inicial-4-1900x878.jpg 1900w, https:\/\/ensvillaguay-ers.infd.edu.ar\/sitio\/wp-content\/uploads\/2023\/05\/Propuestas-de-Formacion-Docente-Inicial-4-1000x462.jpg 1000w, https:\/\/ensvillaguay-ers.infd.edu.ar\/sitio\/wp-content\/uploads\/2023\/05\/Propuestas-de-Formacion-Docente-Inicial-4-768x355.jpg 768w, https:\/\/ensvillaguay-ers.infd.edu.ar\/sitio\/wp-content\/uploads\/2023\/05\/Propuestas-de-Formacion-Docente-Inicial-4-1536x710.jpg 1536w, https:\/\/ensvillaguay-ers.infd.edu.ar\/sitio\/wp-content\/uploads\/2023\/05\/Propuestas-de-Formacion-Docente-Inicial-4.jpg 1915w\" sizes=\"(max-width: 1900px) 100vw, 1900px\" \/><\/figure>\n\n\n\n<p>La incorporaci\u00f3n la figura del \u201cAyudante de C\u00e1tedra\u201d en los Institutos de Formaci\u00f3n Docente, tiene como prop\u00f3sitos promover el acercamiento entre las actividades de los docentes que dictan sus c\u00e1tedras en los Institutos de Formaci\u00f3n Docente, los egresados y\/o alumnos avanzados de las carreras que forman parte de la vida acad\u00e9mica de los Institutos de Formaci\u00f3n Superior de la Provincia.<\/p>\n\n\n\n<p>La formaci\u00f3n del \u201cAyudante de c\u00e1tedra\u201d es una instancia de capacitaci\u00f3n, perfeccionamiento y de enriquecimiento mutuo, constituy\u00e9ndose en un v\u00ednculo de formaci\u00f3n continua entre los Institutos de Formaci\u00f3n Docentes, egresados y alumnos. A trav\u00e9s de la misma, se fomenta la integraci\u00f3n acad\u00e9mica, profesional y cient\u00edfica entre los docentes, alumnos, egresados y comunidad educativa. (Resoluci\u00f3n N\u00b0 1888\/07, Consejo General de Educaci\u00f3n).<\/p>\n\n\n\n<div class=\"wp-block-group is-layout-constrained\"><div class=\"wp-block-group__inner-container\">\n<figure class=\"wp-block-table is-style-stripes\"><table><tbody><tr><td class=\"has-text-align-center\" data-align=\"center\"><strong>Resoluci\u00f3n N\u00b0 1888\/07 CGE<\/strong><\/td><td class=\"has-text-align-center\" data-align=\"center\"><strong><a rel=\"noreferrer noopener\" href=\"https:\/\/drive.google.com\/file\/d\/1B9G_1aJObOcGxq9cb4vIII7_Ah_XwzVp\/view?usp=share_link\" data-type=\"URL\" data-id=\"https:\/\/drive.google.com\/file\/d\/1B9G_1aJObOcGxq9cb4vIII7_Ah_XwzVp\/view?usp=share_link\" target=\"_blank\">Descargar<\/a><\/strong><br><img decoding=\"async\" loading=\"lazy\" width=\"32\" height=\"32\" class=\"wp-image-8542\" style=\"width: 32px;\" src=\"https:\/\/ensvillaguay-ers.infd.edu.ar\/sitio\/wp-content\/uploads\/2023\/08\/tocar.png\" alt=\"\"><\/td><\/tr><tr><td class=\"has-text-align-center\" data-align=\"center\"><strong>Convocatoria 2025<\/strong><\/td><td class=\"has-text-align-center\" data-align=\"center\"><strong><a href=\"https:\/\/drive.google.com\/file\/d\/1mYkaeGumRg4EpM_TkgDC4TiXje8xXp7q\/view?usp=sharing\" data-type=\"URL\" data-id=\"https:\/\/drive.google.com\/file\/d\/1mYkaeGumRg4EpM_TkgDC4TiXje8xXp7q\/view?usp=sharing\" target=\"_blank\" rel=\"noreferrer noopener\">Descargar<\/a><\/strong><br><img decoding=\"async\" loading=\"lazy\" width=\"32\" height=\"32\" class=\"wp-image-8542\" style=\"width: 32px;\" src=\"https:\/\/ensvillaguay-ers.infd.edu.ar\/sitio\/wp-content\/uploads\/2023\/08\/tocar.png\" alt=\"\"><\/td><\/tr><tr><td class=\"has-text-align-center\" data-align=\"center\"><strong>Resoluci\u00f3n n\u00b0 10 Rector\u00eda<br>Designaci\u00f3n Ayudantes de C\u00e1tedra 2025<\/strong><\/td><td class=\"has-text-align-center\" data-align=\"center\"><strong><a href=\"https:\/\/drive.google.com\/file\/d\/17-4PFI7F_4QV9JiTvmt8cNG8_kX4Jb7U\/view?usp=sharing\" data-type=\"URL\" data-id=\"https:\/\/drive.google.com\/file\/d\/17-4PFI7F_4QV9JiTvmt8cNG8_kX4Jb7U\/view?usp=sharing\" target=\"_blank\" rel=\"noreferrer noopener\">Descargar<\/a><\/strong><br><img decoding=\"async\" loading=\"lazy\" width=\"32\" height=\"32\" class=\"wp-image-8542\" style=\"width: 32px;\" src=\"https:\/\/ensvillaguay-ers.infd.edu.ar\/sitio\/wp-content\/uploads\/2023\/08\/tocar.png\" alt=\"\"><\/td><\/tr><tr><td class=\"has-text-align-center\" data-align=\"center\"><img decoding=\"async\" loading=\"lazy\" width=\"1131\" height=\"1600\" class=\"wp-image-8177\" style=\"width: 150px;\" src=\"https:\/\/ensvillaguay-ers.infd.edu.ar\/sitio\/wp-content\/uploads\/2023\/05\/Tapa.jpeg\" alt=\"\" srcset=\"https:\/\/ensvillaguay-ers.infd.edu.ar\/sitio\/wp-content\/uploads\/2023\/05\/Tapa.jpeg 1131w, https:\/\/ensvillaguay-ers.infd.edu.ar\/sitio\/wp-content\/uploads\/2023\/05\/Tapa-707x1000.jpeg 707w, https:\/\/ensvillaguay-ers.infd.edu.ar\/sitio\/wp-content\/uploads\/2023\/05\/Tapa-768x1086.jpeg 768w, https:\/\/ensvillaguay-ers.infd.edu.ar\/sitio\/wp-content\/uploads\/2023\/05\/Tapa-1086x1536.jpeg 1086w\" sizes=\"(max-width: 1131px) 100vw, 1131px\" \/><br><strong>Documento Marco <\/strong><br><strong>para la Funci\u00f3n del Ayudante de C\u00e1tedra de Nivel Superior<\/strong><\/td><td class=\"has-text-align-center\" data-align=\"center\"><strong><a rel=\"noreferrer noopener\" href=\"https:\/\/drive.google.com\/file\/d\/1z_G_bW2WgJYiAWYG8774sXz-68EdTCVp\/view?usp=share_link\" data-type=\"URL\" data-id=\"https:\/\/drive.google.com\/file\/d\/1z_G_bW2WgJYiAWYG8774sXz-68EdTCVp\/view?usp=share_link\" target=\"_blank\">Descargar<\/a><\/strong><br><img decoding=\"async\" loading=\"lazy\" width=\"32\" height=\"32\" class=\"wp-image-8542\" style=\"width: 32px;\" src=\"https:\/\/ensvillaguay-ers.infd.edu.ar\/sitio\/wp-content\/uploads\/2023\/08\/tocar.png\" alt=\"\"><\/td><\/tr><\/tbody><\/table><\/figure>\n<\/div><\/div>\n","protected":false},"excerpt":{"rendered":"<p>La incorporaci\u00f3n la figura del \u201cAyudante de C\u00e1tedra\u201d en los Institutos de Formaci\u00f3n Docente, tiene como prop\u00f3sitos promover el acercamiento entre las actividades de los docentes que dictan sus c\u00e1tedras en los Institutos de Formaci\u00f3n Docente, los egresados y\/o alumnos avanzados de las carreras que forman parte de la vida acad\u00e9mica de los Institutos de &#8230; <a title=\"Ayudante de C\u00e1tedra\" class=\"read-more\" href=\"https:\/\/ensvillaguay-ers.infd.edu.ar\/sitio\/ayudante-de-catedra\/\" aria-label=\"More on Ayudante de C\u00e1tedra\">[+]<\/a><\/p>\n","protected":false},"author":1427,"featured_media":0,"parent":0,"menu_order":0,"comment_status":"closed","ping_status":"closed","template":"","meta":[],"acf":[],"_links":{"self":[{"href":"https:\/\/ensvillaguay-ers.infd.edu.ar\/sitio\/wp-json\/wp\/v2\/pages\/8175"}],"collection":[{"href":"https:\/\/ensvillaguay-ers.infd.edu.ar\/sitio\/wp-json\/wp\/v2\/pages"}],"about":[{"href":"https:\/\/ensvillaguay-ers.infd.edu.ar\/sitio\/wp-json\/wp\/v2\/types\/page"}],"author":[{"embeddable":true,"href":"https:\/\/ensvillaguay-ers.infd.edu.ar\/sitio\/wp-json\/wp\/v2\/users\/1427"}],"replies":[{"embeddable":true,"href":"https:\/\/ensvillaguay-ers.infd.edu.ar\/sitio\/wp-json\/wp\/v2\/comments?post=8175"}],"version-history":[{"count":8,"href":"https:\/\/ensvillaguay-ers.infd.edu.ar\/sitio\/wp-json\/wp\/v2\/pages\/8175\/revisions"}],"predecessor-version":[{"id":11650,"href":"https:\/\/ensvillaguay-ers.infd.edu.ar\/sitio\/wp-json\/wp\/v2\/pages\/8175\/revisions\/11650"}],"wp:attachment":[{"href":"https:\/\/ensvillaguay-ers.infd.edu.ar\/sitio\/wp-json\/wp\/v2\/media?parent=8175"}],"curies":[{"name":"wp","href":"https:\/\/api.w.org\/{rel}","templated":true}]}}