{"id":8303,"date":"2023-06-06T14:05:17","date_gmt":"2023-06-06T17:05:17","guid":{"rendered":"https:\/\/ensvillaguay-ers.infd.edu.ar\/sitio\/?page_id=8303"},"modified":"2026-02-05T19:22:27","modified_gmt":"2026-02-05T22:22:27","slug":"agenda-y-registro-de-evaluaciones-y-propuestas-educativas","status":"publish","type":"page","link":"https:\/\/ensvillaguay-ers.infd.edu.ar\/sitio\/agenda-y-registro-de-evaluaciones-y-propuestas-educativas\/","title":{"rendered":"Agenda y registro de evaluaciones y propuestas educativas"},"content":{"rendered":"\n<figure class=\"wp-block-image size-large\"><img decoding=\"async\" loading=\"lazy\" width=\"1900\" height=\"901\" src=\"https:\/\/ensvillaguay-ers.infd.edu.ar\/sitio\/wp-content\/uploads\/2023\/06\/Propuestas-de-Formacion-Docente-Inicial-1900x901.jpg\" alt=\"\" class=\"wp-image-8304\" srcset=\"https:\/\/ensvillaguay-ers.infd.edu.ar\/sitio\/wp-content\/uploads\/2023\/06\/Propuestas-de-Formacion-Docente-Inicial-1900x901.jpg 1900w, https:\/\/ensvillaguay-ers.infd.edu.ar\/sitio\/wp-content\/uploads\/2023\/06\/Propuestas-de-Formacion-Docente-Inicial-1000x474.jpg 1000w, https:\/\/ensvillaguay-ers.infd.edu.ar\/sitio\/wp-content\/uploads\/2023\/06\/Propuestas-de-Formacion-Docente-Inicial-768x364.jpg 768w, https:\/\/ensvillaguay-ers.infd.edu.ar\/sitio\/wp-content\/uploads\/2023\/06\/Propuestas-de-Formacion-Docente-Inicial-1536x728.jpg 1536w, https:\/\/ensvillaguay-ers.infd.edu.ar\/sitio\/wp-content\/uploads\/2023\/06\/Propuestas-de-Formacion-Docente-Inicial.jpg 1913w\" sizes=\"(max-width: 1900px) 100vw, 1900px\" \/><\/figure>\n\n\n<p>Seg\u00fan se establece en el Art\u00edculo N\u00b0 24 del R\u00e9gimen Acad\u00e9mico Marco (Resoluci\u00f3n N\u00b0 0249\/24 CGE), el proceso evaluativo consta de instancias acreditables parciales con sus correspondientes recuperatorios. Las mismas, no podr\u00e1n superar las dos (02) evaluaciones de car\u00e1cter parcial por d\u00eda.<\/p>\n<p>&nbsp;A tal fin, en car\u00e1cter de comunicaci\u00f3n y organizaci\u00f3n, desde el \u00c1rea de Estudiantes en articulaci\u00f3n con Secretar\u00eda Acad\u00e9mica, se dispone de un calendario en l\u00ednea para agendar tanto las evaluaciones en sus diversos formatos, las actividades propuestas por las distintas unidades curriculares como as\u00ed tambi\u00e9n los actos escolares.<\/p>\n\n\n<figure class=\"wp-block-table is-style-stripes\"><table><tbody><tr><td class=\"has-text-align-center\" data-align=\"center\"><img decoding=\"async\" loading=\"lazy\" width=\"24\" height=\"24\" class=\"wp-image-10463\" style=\"width: 24px;\" src=\"https:\/\/ensvillaguay-ers.infd.edu.ar\/sitio\/wp-content\/uploads\/2024\/02\/calendario.png\" alt=\"\">     <strong>Agenda y Registro de evaluaciones y propuestas educativas<\/strong><\/td><\/tr><tr><td class=\"has-text-align-center\" data-align=\"center\"><strong><a href=\"https:\/\/docs.google.com\/document\/d\/1enJ3Tj6rja64hnqekRU9X8d64iH6YDBA\/edit?usp=sharing&amp;ouid=103596383969249348830&amp;rtpof=true&amp;sd=true\" data-type=\"URL\" data-id=\"https:\/\/docs.google.com\/document\/d\/1enJ3Tj6rja64hnqekRU9X8d64iH6YDBA\/edit?usp=sharing&amp;ouid=103596383969249348830&amp;rtpof=true&amp;sd=true\" target=\"_blank\" rel=\"noreferrer noopener\">Agenda Institucional 2026<\/a><\/strong><\/td><\/tr><tr><td class=\"has-text-align-center\" data-align=\"center\"><strong><a href=\"https:\/\/docs.google.com\/document\/d\/1u7cm1FyyxsGpVyOVHnGBPa5w-p0DBMnE\/edit?usp=sharing&amp;ouid=103596383969249348830&amp;rtpof=true&amp;sd=true\" target=\"_blank\" rel=\"noreferrer noopener\">Agenda Institucional 2025<\/a><\/strong><\/td><\/tr><tr><td class=\"has-text-align-center\" data-align=\"center\"><strong><a href=\"https:\/\/docs.google.com\/document\/d\/1wbqnZvmwk2NZFJyoSLw5BitQXbmFv3uT\/edit?usp=sharing&amp;ouid=103596383969249348830&amp;rtpof=true&amp;sd=true\" target=\"_blank\" rel=\"noreferrer noopener\">Agenda Institucional 2024<\/a><\/strong><\/td><\/tr><tr><td class=\"has-text-align-center\" data-align=\"center\"><strong><a href=\"https:\/\/docs.google.com\/document\/d\/1aWo_Jopms0C3pL6UB7btG32ChF7DF0zK\/edit?usp=sharing&amp;ouid=103596383969249348830&amp;rtpof=true&amp;sd=true\" target=\"_blank\" rel=\"noreferrer noopener\">Agenda Institucional 2023<\/a><\/strong><\/td><\/tr><\/tbody><\/table><\/figure>\n","protected":false},"excerpt":{"rendered":"<p>Seg\u00fan se establece en el Art\u00edculo N\u00b0 24 del R\u00e9gimen Acad\u00e9mico Marco (Resoluci\u00f3n N\u00b0 0249\/24 CGE), el proceso evaluativo consta de instancias acreditables parciales con sus correspondientes recuperatorios. Las mismas, no podr\u00e1n superar las dos (02) evaluaciones de car\u00e1cter parcial por d\u00eda. &nbsp;A tal fin, en car\u00e1cter de comunicaci\u00f3n y organizaci\u00f3n, desde el \u00c1rea de &#8230; <a title=\"Agenda y registro de evaluaciones y propuestas educativas\" class=\"read-more\" href=\"https:\/\/ensvillaguay-ers.infd.edu.ar\/sitio\/agenda-y-registro-de-evaluaciones-y-propuestas-educativas\/\" aria-label=\"More on Agenda y registro de evaluaciones y propuestas educativas\">[+]<\/a><\/p>\n","protected":false},"author":1427,"featured_media":0,"parent":0,"menu_order":0,"comment_status":"closed","ping_status":"closed","template":"","meta":[],"acf":[],"_links":{"self":[{"href":"https:\/\/ensvillaguay-ers.infd.edu.ar\/sitio\/wp-json\/wp\/v2\/pages\/8303"}],"collection":[{"href":"https:\/\/ensvillaguay-ers.infd.edu.ar\/sitio\/wp-json\/wp\/v2\/pages"}],"about":[{"href":"https:\/\/ensvillaguay-ers.infd.edu.ar\/sitio\/wp-json\/wp\/v2\/types\/page"}],"author":[{"embeddable":true,"href":"https:\/\/ensvillaguay-ers.infd.edu.ar\/sitio\/wp-json\/wp\/v2\/users\/1427"}],"replies":[{"embeddable":true,"href":"https:\/\/ensvillaguay-ers.infd.edu.ar\/sitio\/wp-json\/wp\/v2\/comments?post=8303"}],"version-history":[{"count":10,"href":"https:\/\/ensvillaguay-ers.infd.edu.ar\/sitio\/wp-json\/wp\/v2\/pages\/8303\/revisions"}],"predecessor-version":[{"id":12137,"href":"https:\/\/ensvillaguay-ers.infd.edu.ar\/sitio\/wp-json\/wp\/v2\/pages\/8303\/revisions\/12137"}],"wp:attachment":[{"href":"https:\/\/ensvillaguay-ers.infd.edu.ar\/sitio\/wp-json\/wp\/v2\/media?parent=8303"}],"curies":[{"name":"wp","href":"https:\/\/api.w.org\/{rel}","templated":true}]}}